{"id":37574,"date":"2025-06-04T12:27:09","date_gmt":"2025-06-04T09:27:09","guid":{"rendered":"https:\/\/tatd.org.tr\/urun\/cocuk-travma-hastasinin-bakimi-kursu\/"},"modified":"2025-06-11T18:16:59","modified_gmt":"2025-06-11T15:16:59","slug":"cocuk-travma-hastasinin-bakimi-kursu","status":"publish","type":"product","link":"https:\/\/tatd.org.tr\/en\/urun\/cocuk-travma-hastasinin-bakimi-kursu\/","title":{"rendered":"\u00c7ocuk Travma Hastas\u0131n\u0131n Bak\u0131m\u0131 Kursu"},"content":{"rendered":"<ul>\n<li>Bu kursta acil servise ba\u015fvuran \u00e7ocuk travma hastas\u0131n\u0131n sistematik de\u011ferlendirilmesi ve y\u00f6netimi ile kafa, g\u00f6\u011f\u00fcs ve bat\u0131n travmal\u0131 \u00e7ocuk hastalara yakla\u015f\u0131m ilkeleri ve \u00e7ocuk hastada g\u00fcvenli giri\u015fimsel sedasyon ve analjezi uygulanmas\u0131 uygulamal\u0131 ve interaktif bir \u015fekilde tart\u0131\u015f\u0131lacakt\u0131r.<\/li>\n<li>Kursa kay\u0131t yapt\u0131ran kat\u0131l\u0131mc\u0131lar\u0131n, kongre ba\u015flamadan \u00f6nce kendilerine iletilecek linkteki sunum videolar\u0131n\u0131 izlemeleri istenmektedir.<\/li>\n<li>Bu \u015fekilde kat\u0131l\u0131mc\u0131lar en fazla 12 ki\u015filik 3 grup halinde kurs s\u0131ras\u0131nda 40\u2019ar dakikal\u0131k 3 istasyonda e\u011fitim maketleri \u00fczerinde sim\u00fclasyon uygulamalar\u0131 yapacakt\u0131r. T\u00fcm kat\u0131l\u0131mc\u0131lar 1 konuyu senaryo \u00fczerinden interaktif olgu tart\u0131\u015fmas\u0131 \u015feklinde tart\u0131\u015facakt\u0131r.<\/li>\n<\/ul>\n","protected":false},"excerpt":{"rendered":"<p>Bu kursta acil servise ba\u015fvuran \u00e7ocuk travma hastas\u0131n\u0131n sistematik de\u011ferlendirilmesi ve y\u00f6netimi ile kafa, g\u00f6\u011f\u00fcs ve bat\u0131n travmal\u0131 \u00e7ocuk hastalara yakla\u015f\u0131m ilkeleri ve \u00e7ocuk hastada g\u00fcvenli giri\u015fimsel sedasyon ve analjezi&hellip;<\/p>\n","protected":false},"featured_media":37581,"template":"","meta":{"_acf_changed":false,"inline_featured_image":false,"_lmt_disableupdate":"","_lmt_disable":""},"product_brand":[],"product_cat":[13352],"product_tag":[],"class_list":{"0":"post-37574","1":"product","2":"type-product","3":"status-publish","4":"has-post-thumbnail","6":"product_cat-hibrit-egitimler-teorik-online-pratik-yuz-yuze-5","8":"first","9":"instock","10":"virtual","11":"sold-individually","12":"taxable","13":"product-type-simple"},"acf":[],"_links":{"self":[{"href":"https:\/\/tatd.org.tr\/en\/wp-json\/wp\/v2\/product\/37574","targetHints":{"allow":["GET"]}}],"collection":[{"href":"https:\/\/tatd.org.tr\/en\/wp-json\/wp\/v2\/product"}],"about":[{"href":"https:\/\/tatd.org.tr\/en\/wp-json\/wp\/v2\/types\/product"}],"wp:featuredmedia":[{"embeddable":true,"href":"https:\/\/tatd.org.tr\/en\/wp-json\/wp\/v2\/media\/37581"}],"wp:attachment":[{"href":"https:\/\/tatd.org.tr\/en\/wp-json\/wp\/v2\/media?parent=37574"}],"wp:term":[{"taxonomy":"product_brand","embeddable":true,"href":"https:\/\/tatd.org.tr\/en\/wp-json\/wp\/v2\/product_brand?post=37574"},{"taxonomy":"product_cat","embeddable":true,"href":"https:\/\/tatd.org.tr\/en\/wp-json\/wp\/v2\/product_cat?post=37574"},{"taxonomy":"product_tag","embeddable":true,"href":"https:\/\/tatd.org.tr\/en\/wp-json\/wp\/v2\/product_tag?post=37574"}],"curies":[{"name":"wp","href":"https:\/\/api.w.org\/{rel}","templated":true}]}}