{"id":37573,"date":"2025-06-04T12:27:07","date_gmt":"2025-06-04T09:27:07","guid":{"rendered":"https:\/\/tatd.org.tr\/urun\/tatd-kurs-gunleri-coklu-travma-yonetimi-kursu\/"},"modified":"2025-06-11T18:16:57","modified_gmt":"2025-06-11T15:16:57","slug":"tatd-kurs-gunleri-coklu-travma-yonetimi-kursu","status":"publish","type":"product","link":"https:\/\/tatd.org.tr\/en\/urun\/tatd-kurs-gunleri-coklu-travma-yonetimi-kursu\/","title":{"rendered":"TATD Kurs G\u00fcnleri \u2013 \u00c7oklu Travma Y\u00f6netimi Kursu"},"content":{"rendered":"<p dir=\"ltr\"><strong>TATD Kurs G\u00fcnleri \u2013 \u00c7oklu Travma Y\u00f6netimi Kursu&#8217;na Ho\u015f Geldiniz!\u00a0<\/strong><\/p>\n<p dir=\"ltr\">Sevgili Kat\u0131l\u0131mc\u0131lar,<\/p>\n<p dir=\"ltr\">\u00d6ncelikle, T\u00fcrkiye Acil T\u0131p Derne\u011fi taraf\u0131ndan d\u00fczenlenen \u00c7oklu Travma Hastas\u0131n\u0131n Y\u00f6netimi Kursuna g\u00f6sterdi\u011finiz ilgi ve kat\u0131l\u0131m i\u00e7in sizleri tebrik ediyor, aram\u0131za ho\u015f geldiniz diyoruz!\u00a0<\/p>\n<p dir=\"ltr\">Bu kurs, yaln\u0131zca bilgi aktaran bir e\u011fitim de\u011fil \u2014 ayn\u0131 zamanda ger\u00e7ek hayat\u0131n i\u00e7inden senaryolarla klinik karar verme becerilerinizi geli\u015ftirece\u011finiz, ekip \u00e7al\u0131\u015fmas\u0131n\u0131 deneyimleyece\u011finiz ve travma y\u00f6netiminde fark yaratacak kazan\u0131mlar elde edece\u011finiz bir deneyim olarak tasarland\u0131.<\/p>\n<p dir=\"ltr\">\u015eimdi s\u0131ra sizde!<\/p>\n<p dir=\"ltr\">E\u011fitiminizi en verimli \u015fekilde tamamlayabilmeniz i\u00e7in, kurs \u00f6ncesinde sizler i\u00e7in \u00f6zel olarak haz\u0131rlad\u0131\u011f\u0131m\u0131z video e\u011fitim i\u00e7eriklerini izlemenizi \u00f6nemle rica ediyoruz. Bu videolar, y\u00fcz y\u00fcze ger\u00e7ekle\u015fecek e\u011fitime haz\u0131r, donan\u0131ml\u0131 ve aktif bir \u015fekilde kat\u0131lman\u0131z\u0131 sa\u011flayacak. B\u00f6ylece pratik uygulamalarda hem kendinize hem ekibinize katk\u0131n\u0131z \u00e7ok daha b\u00fcy\u00fck olacak.<\/p>\n<p dir=\"ltr\">Videolarda sizi neler bekliyor?<\/p>\n<ul>\n<li dir=\"ltr\">\n<p dir=\"ltr\">Travma hastas\u0131na yakla\u015f\u0131m\u0131n temel ilkeleri<\/p>\n<\/li>\n<li dir=\"ltr\">\n<p dir=\"ltr\">Acil m\u00fcdahalede \u00f6nceliklendirme stratejileri<\/p>\n<\/li>\n<li dir=\"ltr\">\n<p dir=\"ltr\">Kritik karar anlar\u0131nda nas\u0131l hareket edilmesi gerekti\u011fine dair p\u00fcf noktalar\u0131<\/p>\n<\/li>\n<li dir=\"ltr\">\n<p dir=\"ltr\">Ger\u00e7ek vaka \u00f6rnekleriyle klinik ak\u0131\u015flar\u0131n canland\u0131r\u0131lmas\u0131<\/p>\n<\/li>\n<\/ul>\n<p dir=\"ltr\">Hedefimiz Travma y\u00f6netiminde daha g\u00fc\u00e7l\u00fc, daha etkili ve daha g\u00fcvenli ekip \u00fcyeleri olman\u0131z\u0131 sa\u011flamak!<\/p>\n<p dir=\"ltr\">L\u00fctfen \u015fimdi sistemde sizin i\u00e7in y\u00fcklenmi\u015f olan videolar\u0131 izlemeye ba\u015flay\u0131n. Unutmay\u0131n, her bir video sizi y\u00fcz y\u00fcze e\u011fitimin bir ad\u0131m daha yak\u0131n\u0131na getirecek.<\/p>\n<p dir=\"ltr\">Hep birlikte \u00f6\u011frenerek b\u00fcy\u00fcyece\u011fimiz bu yolculukta sizi aram\u0131zda g\u00f6rmekten b\u00fcy\u00fck mutluluk duyuyoruz.<\/p>\n<p><strong id=\"docs-internal-guid-af6f2770-7fff-db05-2fb0-52ac0054ee2a\">Ba\u015far\u0131lar ve kolayl\u0131klar diliyoruz!<br \/>TATD Travma \u00c7al\u0131\u015fma Grubu &amp; ACSTREEM Ekibi<br \/><\/strong><\/p>\n","protected":false},"excerpt":{"rendered":"<p>TATD Kurs G\u00fcnleri \u2013 \u00c7oklu Travma Y\u00f6netimi Kursu&#8217;na Ho\u015f Geldiniz!\u00a0 Sevgili Kat\u0131l\u0131mc\u0131lar, \u00d6ncelikle, T\u00fcrkiye Acil T\u0131p Derne\u011fi taraf\u0131ndan d\u00fczenlenen \u00c7oklu Travma Hastas\u0131n\u0131n Y\u00f6netimi Kursuna g\u00f6sterdi\u011finiz ilgi ve kat\u0131l\u0131m i\u00e7in sizleri&hellip;<\/p>\n","protected":false},"featured_media":37580,"template":"","meta":{"_acf_changed":false,"inline_featured_image":false,"_lmt_disableupdate":"","_lmt_disable":""},"product_brand":[],"product_cat":[13352],"product_tag":[],"class_list":{"0":"post-37573","1":"product","2":"type-product","3":"status-publish","4":"has-post-thumbnail","6":"product_cat-hibrit-egitimler-teorik-online-pratik-yuz-yuze-5","8":"first","9":"instock","10":"virtual","11":"sold-individually","12":"taxable","13":"product-type-simple"},"acf":[],"_links":{"self":[{"href":"https:\/\/tatd.org.tr\/en\/wp-json\/wp\/v2\/product\/37573","targetHints":{"allow":["GET"]}}],"collection":[{"href":"https:\/\/tatd.org.tr\/en\/wp-json\/wp\/v2\/product"}],"about":[{"href":"https:\/\/tatd.org.tr\/en\/wp-json\/wp\/v2\/types\/product"}],"wp:featuredmedia":[{"embeddable":true,"href":"https:\/\/tatd.org.tr\/en\/wp-json\/wp\/v2\/media\/37580"}],"wp:attachment":[{"href":"https:\/\/tatd.org.tr\/en\/wp-json\/wp\/v2\/media?parent=37573"}],"wp:term":[{"taxonomy":"product_brand","embeddable":true,"href":"https:\/\/tatd.org.tr\/en\/wp-json\/wp\/v2\/product_brand?post=37573"},{"taxonomy":"product_cat","embeddable":true,"href":"https:\/\/tatd.org.tr\/en\/wp-json\/wp\/v2\/product_cat?post=37573"},{"taxonomy":"product_tag","embeddable":true,"href":"https:\/\/tatd.org.tr\/en\/wp-json\/wp\/v2\/product_tag?post=37573"}],"curies":[{"name":"wp","href":"https:\/\/api.w.org\/{rel}","templated":true}]}}