{"id":37572,"date":"2025-06-04T12:27:05","date_gmt":"2025-06-04T09:27:05","guid":{"rendered":"https:\/\/tatd.org.tr\/urun\/kritik-hasta-bakim-kursu\/"},"modified":"2025-06-11T18:16:57","modified_gmt":"2025-06-11T15:16:57","slug":"kritik-hasta-bakim-kursu","status":"publish","type":"product","link":"https:\/\/tatd.org.tr\/en\/urun\/kritik-hasta-bakim-kursu\/","title":{"rendered":"Kritik Hasta Bak\u0131m Kursu"},"content":{"rendered":"<p>Kritik Hasta Bak\u0131m \u00c7al\u0131\u015fma Grubu taraf\u0131ndan d\u00fczenlenecek olan Kritik Hasta Bak\u0131m Kursu kritik hasta ve \u00f6zellikli hasta grubunda tan\u0131 ve tedavi s\u00fcrecinde yol g\u00f6sterecek hasta y\u00f6netiminde gerekli olan teorik bilgi ve becerilerini kazand\u0131rmak amac\u0131 ile planlanm\u0131\u015ft\u0131r. Acil servise ba\u015fvuran kritik hastan\u0131n tan\u0131nmas\u0131 s\u00fcrecinden ba\u015flayarak hastan\u0131n tan\u0131, tetkik, tedavi uygulamalar\u0131 a\u015famas\u0131nda bir\u00e7ok kritik uygulamaya k\u0131lavuzluk edecek algoritmalar\u0131n \u00f6\u011fretilmesi hedeflenmi\u015ftir.<\/p>\n","protected":false},"excerpt":{"rendered":"<p>Kritik Hasta Bak\u0131m \u00c7al\u0131\u015fma Grubu taraf\u0131ndan d\u00fczenlenecek olan Kritik Hasta Bak\u0131m Kursu kritik hasta ve \u00f6zellikli hasta grubunda tan\u0131 ve tedavi s\u00fcrecinde yol g\u00f6sterecek hasta y\u00f6netiminde gerekli olan teorik bilgi&hellip;<\/p>\n","protected":false},"featured_media":37579,"template":"","meta":{"_acf_changed":false,"inline_featured_image":false,"_lmt_disableupdate":"","_lmt_disable":""},"product_brand":[],"product_cat":[13353],"product_tag":[],"class_list":{"0":"post-37572","1":"product","2":"type-product","3":"status-publish","4":"has-post-thumbnail","6":"product_cat-yuz-yuze-egitimler-uygulamali-saha-egitimleri-4","8":"first","9":"instock","10":"virtual","11":"sold-individually","12":"taxable","13":"product-type-simple"},"acf":[],"_links":{"self":[{"href":"https:\/\/tatd.org.tr\/en\/wp-json\/wp\/v2\/product\/37572","targetHints":{"allow":["GET"]}}],"collection":[{"href":"https:\/\/tatd.org.tr\/en\/wp-json\/wp\/v2\/product"}],"about":[{"href":"https:\/\/tatd.org.tr\/en\/wp-json\/wp\/v2\/types\/product"}],"wp:featuredmedia":[{"embeddable":true,"href":"https:\/\/tatd.org.tr\/en\/wp-json\/wp\/v2\/media\/37579"}],"wp:attachment":[{"href":"https:\/\/tatd.org.tr\/en\/wp-json\/wp\/v2\/media?parent=37572"}],"wp:term":[{"taxonomy":"product_brand","embeddable":true,"href":"https:\/\/tatd.org.tr\/en\/wp-json\/wp\/v2\/product_brand?post=37572"},{"taxonomy":"product_cat","embeddable":true,"href":"https:\/\/tatd.org.tr\/en\/wp-json\/wp\/v2\/product_cat?post=37572"},{"taxonomy":"product_tag","embeddable":true,"href":"https:\/\/tatd.org.tr\/en\/wp-json\/wp\/v2\/product_tag?post=37572"}],"curies":[{"name":"wp","href":"https:\/\/api.w.org\/{rel}","templated":true}]}}