{"id":213,"date":"2021-04-18T19:55:24","date_gmt":"2021-04-18T16:55:24","guid":{"rendered":"https:\/\/tatd.org.tr\/?post_type=product&#038;p=213"},"modified":"2026-01-19T09:54:12","modified_gmt":"2026-01-19T06:54:12","slug":"aidat-odemesi","status":"publish","type":"product","link":"https:\/\/tatd.org.tr\/en\/urun\/aidat-odemesi\/","title":{"rendered":"Membership Fee Payment"},"content":{"rendered":"","protected":false},"excerpt":{"rendered":"<p>L\u00fctfen aidat\u0131n\u0131 \u00f6demek istedi\u011finiz y\u0131l\u0131 se\u00e7in.<\/p>\n","protected":false},"featured_media":0,"template":"","meta":{"_acf_changed":false,"inline_featured_image":false,"_lmt_disableupdate":"no","_lmt_disable":""},"product_brand":[],"product_cat":[12896],"product_tag":[],"class_list":{"0":"post-213","1":"product","2":"type-product","3":"status-publish","5":"product_cat-kayittan-izlenebilir-egitimler-asenkron-egitimler-1","7":"first","8":"instock","9":"sold-individually","10":"taxable","11":"shipping-taxable","12":"purchasable","13":"product-type-variable","14":"has-default-attributes"},"acf":[],"_links":{"self":[{"href":"https:\/\/tatd.org.tr\/en\/wp-json\/wp\/v2\/product\/213","targetHints":{"allow":["GET"]}}],"collection":[{"href":"https:\/\/tatd.org.tr\/en\/wp-json\/wp\/v2\/product"}],"about":[{"href":"https:\/\/tatd.org.tr\/en\/wp-json\/wp\/v2\/types\/product"}],"wp:attachment":[{"href":"https:\/\/tatd.org.tr\/en\/wp-json\/wp\/v2\/media?parent=213"}],"wp:term":[{"taxonomy":"product_brand","embeddable":true,"href":"https:\/\/tatd.org.tr\/en\/wp-json\/wp\/v2\/product_brand?post=213"},{"taxonomy":"product_cat","embeddable":true,"href":"https:\/\/tatd.org.tr\/en\/wp-json\/wp\/v2\/product_cat?post=213"},{"taxonomy":"product_tag","embeddable":true,"href":"https:\/\/tatd.org.tr\/en\/wp-json\/wp\/v2\/product_tag?post=213"}],"curies":[{"name":"wp","href":"https:\/\/api.w.org\/{rel}","templated":true}]}}