{"id":9675,"date":"2021-10-17T01:06:49","date_gmt":"2021-10-16T22:06:49","guid":{"rendered":"https:\/\/tatd.org.tr\/?page_id=9675"},"modified":"2025-10-10T16:23:07","modified_gmt":"2025-10-10T13:23:07","slug":"iletisim","status":"publish","type":"page","link":"https:\/\/tatd.org.tr\/en\/iletisim\/","title":{"rendered":"Contact"},"content":{"rendered":"\t\t<div data-elementor-type=\"wp-page\" data-elementor-id=\"9675\" class=\"elementor elementor-9675\" data-elementor-post-type=\"page\">\n\t\t\t\t<div class=\"elementor-element elementor-element-d06ed27 e-flex e-con-boxed e-con e-parent\" data-id=\"d06ed27\" data-element_type=\"container\" data-e-type=\"container\">\n\t\t\t\t\t<div class=\"e-con-inner\">\n\t\t<div class=\"elementor-element elementor-element-e456fed e-con-full e-flex e-con e-child\" data-id=\"e456fed\" data-element_type=\"container\" data-e-type=\"container\">\n\t\t\t\t<div class=\"elementor-element elementor-element-d80283b elementor-widget elementor-widget-text-editor\" data-id=\"d80283b\" data-element_type=\"widget\" data-e-type=\"widget\" data-widget_type=\"text-editor.default\">\n\t\t\t\t<div class=\"elementor-widget-container\">\n\t\t\t\t\t\t\t\t\t<p><\/span><strong style=\"color: inherit; font-family: inherit; font-size: inherit; text-align: inherit; background-color: var(--pcbg-cl);\">Phone:<\/strong><span style=\"color: inherit; font-family: inherit; font-size: inherit; font-weight: inherit; text-align: inherit; background-color: var(--pcbg-cl);\">\u00a0<\/span><a style=\"font-family: inherit; font-size: inherit; font-weight: inherit; text-align: inherit; background-color: var(--pcbg-cl);\" title=\"TATD | Telefon\" href=\"tel:0 (312) 438 12 66\">0 (312) 438 12 66<\/a><\/p><p><strong>E-mail:<\/strong>\u00a0<a title=\"TATD | E-Posta\" href=\"mailto:bilgi@tatd.org.tr\">bilgi@tatd.org.tr<\/a> \/ <a href=\"mailto:info@tatd.org.tr\">info@tatd.org.tr<\/a><\/p><p>Use our e-mail above for all your general communications and correspondence.<\/p><p>For your correspondence with private groups, boards and commissions, please use our E-mail Directory.<\/p><p><strong>Administrative Director:<\/strong> Ayt\u00fcl Ku\u015fcu &#8211;\u00a0 0 (312) 438 12 66<\/p><p><strong>Corporate Communications: <\/strong>Emrah Kale &#8211; GSM: 0 (531) 783 12 65<span style=\"background-color: var(--pcbg-cl); color: inherit; font-family: inherit; font-size: inherit; font-weight: inherit; text-align: inherit;\">\u00a0<\/span><\/p>\t\t\t\t\t\t\t\t<\/div>\n\t\t\t\t<\/div>\n\t\t\t\t<\/div>\n\t\t<div class=\"elementor-element elementor-element-2c75543 e-con-full e-flex e-con e-child\" data-id=\"2c75543\" data-element_type=\"container\" data-e-type=\"container\">\n\t\t\t\t<div class=\"elementor-element elementor-element-3a1d232 elementor-widget elementor-widget-shortcode\" data-id=\"3a1d232\" data-element_type=\"widget\" data-e-type=\"widget\" data-widget_type=\"shortcode.default\">\n\t\t\t\t<div class=\"elementor-widget-container\">\n\t\t\t\t\t\t\t<div class=\"elementor-shortcode\">\n<div class=\"wpcf7 no-js\" id=\"wpcf7-f35113-o1\" lang=\"tr-TR\" dir=\"ltr\" data-wpcf7-id=\"35113\">\n<div class=\"screen-reader-response\"><p role=\"status\" aria-live=\"polite\" aria-atomic=\"true\"><\/p> <ul><\/ul><\/div>\n<form action=\"\/en\/wp-json\/wp\/v2\/pages\/9675#wpcf7-f35113-o1\" method=\"post\" class=\"wpcf7-form init\" aria-label=\"\u0130leti\u015fim Formu\" novalidate=\"novalidate\" data-status=\"init\">\n<fieldset class=\"hidden-fields-container\"><input type=\"hidden\" name=\"_wpcf7\" value=\"35113\" \/><input type=\"hidden\" name=\"_wpcf7_version\" value=\"6.1.5\" \/><input type=\"hidden\" name=\"_wpcf7_locale\" value=\"tr_TR\" \/><input type=\"hidden\" name=\"_wpcf7_unit_tag\" value=\"wpcf7-f35113-o1\" \/><input type=\"hidden\" name=\"_wpcf7_container_post\" value=\"0\" \/><input type=\"hidden\" name=\"_wpcf7_posted_data_hash\" value=\"\" \/>\n<\/fieldset>\n<p><label>Ad\u0131n\u0131z<\/label><br \/>\n<span class=\"wpcf7-form-control-wrap\" data-name=\"sender_name\"><input size=\"40\" maxlength=\"400\" class=\"wpcf7-form-control wpcf7-text wpcf7-validates-as-required form-control text-white\" aria-required=\"true\" aria-invalid=\"false\" value=\"\" type=\"text\" name=\"sender_name\" \/><\/span><br \/>\n<label>E-posta Adresiniz<\/label><br \/>\n<span class=\"wpcf7-form-control-wrap\" data-name=\"sender_email\"><input size=\"40\" maxlength=\"400\" class=\"wpcf7-form-control wpcf7-email wpcf7-validates-as-required wpcf7-text wpcf7-validates-as-email form-control text-white\" aria-required=\"true\" aria-invalid=\"false\" value=\"\" type=\"email\" name=\"sender_email\" \/><\/span><br \/>\n<label>Konu<\/label><br \/>\n<span class=\"wpcf7-form-control-wrap\" data-name=\"sender_subject\"><input size=\"40\" maxlength=\"400\" class=\"wpcf7-form-control wpcf7-text wpcf7-validates-as-required form-control text-white\" aria-required=\"true\" aria-invalid=\"false\" value=\"\" type=\"text\" name=\"sender_subject\" \/><\/span><br \/>\n<label>Mesaj\u0131n\u0131z<\/label><br \/>\n<span class=\"wpcf7-form-control-wrap\" data-name=\"sender_message\"><textarea cols=\"40\" rows=\"10\" maxlength=\"2000\" class=\"wpcf7-form-control wpcf7-textarea wpcf7-validates-as-required form-control text-white\" id=\"footer-contact-message\" aria-required=\"true\" aria-invalid=\"false\" name=\"sender_message\"><\/textarea><\/span><br \/>\n<div class=\"cf7-cf-turnstile\" style=\"margin-top: 0px; margin-bottom: -15px;\"> <div id=\"cf-turnstile-cf7-3255387484\" class=\"cf-turnstile\" data-sitekey=\"0x4AAAAAAADgERcYGvRHQ3f-\" data-theme=\"light\" data-language=\"auto\" data-size=\"normal\" data-retry=\"auto\" data-retry-interval=\"1000\" data-refresh-expired=\"auto\" data-refresh-timeout=\"auto\" data-action=\"contact-form-7\" data-callback=\"turnstileCF7Callback\" data-error-callback=\"cfturnstileErrorCallback\" data-appearance=\"always\"><\/div> <div class=\"cf-turnstile-failed-text cf-turnstile-failed-text-cf7-3255387484\"><\/div> <script> function cfturnstileErrorCallback() { var cfTurnstileFailedText = document.querySelector('.cf-turnstile-failed-text-cf7-3255387484'); cfTurnstileFailedText.innerHTML = '<p><i>\u0130nsan oldu\u011funuz do\u011frulanamad\u0131. Sorun ya\u015f\u0131yorsan\u0131z l\u00fctfen bizimle ileti\u015fime ge\u00e7in.<\/i><\/p>'; } function cfturnstileCallback() { var cfTurnstileFailedText = document.querySelector('.cf-turnstile-failed-text-cf7-3255387484'); cfTurnstileFailedText.innerHTML = ''; } <\/script> <script>document.addEventListener(\"DOMContentLoaded\", function() { setTimeout(function(){ var e=document.getElementById(\"cf-turnstile-cf7-3255387484\"); if(e&&!e.innerHTML.trim()){turnstile.render(e, {sitekey:\"0x4AAAAAAADgERcYGvRHQ3f-\"});} }, 200); });<\/script> <br class=\"cf-turnstile-br cf-turnstile-br-cf7-3255387484\"> <style>#cf-turnstile-cf7-3255387484 { margin-left: -15px; }<\/style> <script>document.addEventListener(\"DOMContentLoaded\",function(){document.querySelectorAll('.wpcf7-form').forEach(function(e){e.addEventListener('submit',function(){if(document.getElementById('cf-turnstile-cf7-3255387484')){setTimeout(function(){turnstile.reset('#cf-turnstile-cf7-3255387484');},1000)}})})});<\/script> <\/div><br\/><input class=\"wpcf7-form-control wpcf7-submit has-spinner btn btn-primary text-uppercase\" type=\"submit\" value=\"G\u00d6NDER\" \/>\n<\/p><p style=\"display: none !important;\" class=\"akismet-fields-container\" data-prefix=\"_wpcf7_ak_\"><label>&#916;<textarea name=\"_wpcf7_ak_hp_textarea\" cols=\"45\" rows=\"8\" maxlength=\"100\"><\/textarea><\/label><input type=\"hidden\" id=\"ak_js_1\" name=\"_wpcf7_ak_js\" value=\"192\"\/><script>document.getElementById( \"ak_js_1\" ).setAttribute( \"value\", ( new Date() ).getTime() );<\/script><\/p><div class=\"wpcf7-response-output\" aria-hidden=\"true\"><\/div>\n<\/form>\n<\/div>\n<\/div>\n\t\t\t\t\t\t<\/div>\n\t\t\t\t<\/div>\n\t\t\t\t<\/div>\n\t\t\t\t\t<\/div>\n\t\t\t\t<\/div>\n\t\t\t\t<\/div>\n\t\t","protected":false},"excerpt":{"rendered":"<p>Phone:\u00a00 (312) 438 12 66 E-mail:\u00a0bilgi@tatd.org.tr \/ info@tatd.org.tr Use our e-mail above for all your general communications and correspondence. For your correspondence with private groups, boards and commissions, please use&hellip;<\/p>\n","protected":false},"author":1599,"featured_media":0,"parent":0,"menu_order":99,"comment_status":"closed","ping_status":"closed","template":"","meta":{"_acf_changed":false,"inline_featured_image":false,"_lmt_disableupdate":"","_lmt_disable":"","footnotes":""},"class_list":["post-9675","page","type-page","status-publish","hentry"],"acf":[],"_links":{"self":[{"href":"https:\/\/tatd.org.tr\/en\/wp-json\/wp\/v2\/pages\/9675","targetHints":{"allow":["GET"]}}],"collection":[{"href":"https:\/\/tatd.org.tr\/en\/wp-json\/wp\/v2\/pages"}],"about":[{"href":"https:\/\/tatd.org.tr\/en\/wp-json\/wp\/v2\/types\/page"}],"author":[{"embeddable":true,"href":"https:\/\/tatd.org.tr\/en\/wp-json\/wp\/v2\/users\/1599"}],"replies":[{"embeddable":true,"href":"https:\/\/tatd.org.tr\/en\/wp-json\/wp\/v2\/comments?post=9675"}],"version-history":[{"count":0,"href":"https:\/\/tatd.org.tr\/en\/wp-json\/wp\/v2\/pages\/9675\/revisions"}],"wp:attachment":[{"href":"https:\/\/tatd.org.tr\/en\/wp-json\/wp\/v2\/media?parent=9675"}],"curies":[{"name":"wp","href":"https:\/\/api.w.org\/{rel}","templated":true}]}}