{"id":9625,"date":"2021-10-14T02:07:42","date_gmt":"2021-10-13T23:07:42","guid":{"rendered":"https:\/\/tatd.org.tr\/?page_id=9625"},"modified":"2021-12-11T22:44:08","modified_gmt":"2021-12-11T19:44:08","slug":"kilavuz-ve-rehberler","status":"publish","type":"page","link":"https:\/\/tatd.org.tr\/en\/belgeler\/dernek-belgeleri\/kilavuz-ve-rehberler\/","title":{"rendered":"Guidebooks and Directories"},"content":{"rendered":"<h3>Klinik Uygulama Rehberleri<\/h3>\n<h4>2021<\/h4>\n<p><a class=\"btn btn-outline-primary fw-bold text-start\" href=\"https:\/\/tatd.org.tr\/wp-content\/uploads\/2021\/10\/2021-TATD-TTD-KOAH-Alevlenmesi-Yo\u0308netimi-Klinik-Uygulama-Rehberi-4.pdf\" target=\"_blank\" rel=\"noopener\"><i class=\"fas fa-file-pdf me-2\"><\/i>2021 TATD-TTD KOAH Alevlenmesi Yo\u0308netimi Klinik Uygulama Rehberi (12,29 MB)<\/a><\/p>\n<h4>2016<\/h4>\n<p><a class=\"btn btn-outline-primary fw-bold text-start\" href=\"https:\/\/tatd.org.tr\/wp-content\/uploads\/2021\/10\/2016-TATD-Sicak-Hastaliklari-Klinik-Uygulama-Rehberi-4.pdf\" target=\"_blank\" rel=\"noopener\"><i class=\"fas fa-file-pdf me-2\"><\/i>2016 TATD S\u0131cak Hastal\u0131klar\u0131 Klinik Uygulama Rehberi (160,97 KB)<\/a><\/p>\n<h3>K\u0131lavuzlar<\/h3>\n<h4>2018<\/h4>\n<p><a class=\"btn btn-outline-primary fw-bold text-start\" href=\"https:\/\/tatd.org.tr\/wp-content\/uploads\/2021\/10\/2018-Sepsis-Tani-ve-Tedavi-Kilavuzu-TATD-Kritik-Bakim-C\u0327alis\u0327ma-Grubu-4.pdf\" target=\"_blank\" rel=\"noopener\"><i class=\"fas fa-file-pdf me-2\"><\/i>2018 Sepsis Tan\u0131 ve Tedavi K\u0131lavuzu \u2013 TATD Kritik Bak\u0131m C\u0327al\u0131s\u0327ma Grubu (516,22 KB)<\/a><\/p>\n","protected":false},"excerpt":{"rendered":"<p>Klinik Uygulama Rehberleri 2021 2021 TATD-TTD KOAH Alevlenmesi Yo\u0308netimi Klinik Uygulama Rehberi (12,29 MB) 2016 2016 TATD S\u0131cak Hastal\u0131klar\u0131 Klinik Uygulama Rehberi (160,97 KB) K\u0131lavuzlar 2018 2018 Sepsis Tan\u0131 ve&hellip;<\/p>\n","protected":false},"author":1599,"featured_media":0,"parent":9651,"menu_order":2,"comment_status":"closed","ping_status":"closed","template":"","meta":{"_acf_changed":false,"inline_featured_image":false,"_lmt_disableupdate":"","_lmt_disable":"","footnotes":""},"class_list":["post-9625","page","type-page","status-publish","hentry"],"acf":[],"_links":{"self":[{"href":"https:\/\/tatd.org.tr\/en\/wp-json\/wp\/v2\/pages\/9625","targetHints":{"allow":["GET"]}}],"collection":[{"href":"https:\/\/tatd.org.tr\/en\/wp-json\/wp\/v2\/pages"}],"about":[{"href":"https:\/\/tatd.org.tr\/en\/wp-json\/wp\/v2\/types\/page"}],"author":[{"embeddable":true,"href":"https:\/\/tatd.org.tr\/en\/wp-json\/wp\/v2\/users\/1599"}],"replies":[{"embeddable":true,"href":"https:\/\/tatd.org.tr\/en\/wp-json\/wp\/v2\/comments?post=9625"}],"version-history":[{"count":0,"href":"https:\/\/tatd.org.tr\/en\/wp-json\/wp\/v2\/pages\/9625\/revisions"}],"up":[{"embeddable":true,"href":"https:\/\/tatd.org.tr\/en\/wp-json\/wp\/v2\/pages\/9651"}],"wp:attachment":[{"href":"https:\/\/tatd.org.tr\/en\/wp-json\/wp\/v2\/media?parent=9625"}],"curies":[{"name":"wp","href":"https:\/\/api.w.org\/{rel}","templated":true}]}}