{"id":9568,"date":"2021-10-14T00:45:04","date_gmt":"2021-10-13T21:45:04","guid":{"rendered":"https:\/\/tatd.org.tr\/?page_id=9568"},"modified":"2021-10-14T00:45:04","modified_gmt":"2021-10-13T21:45:04","slug":"acil-tip-online-oryantasyon-egitimi","status":"publish","type":"page","link":"https:\/\/tatd.org.tr\/en\/etkinlikler\/kurslar\/acil-tip-online-oryantasyon-egitimi\/","title":{"rendered":"Acil T\u0131p Online Oryantasyon E\u011fitimi"},"content":{"rendered":"<p>Acil T\u0131p Online Oryantasyon E\u011fitimi 2021 y\u0131l\u0131 Mart ay\u0131 i\u00e7erisinde ilk defa d\u00fczenlenmi\u015f olan ve y\u0131llrd\u0131r devam eden b\u00f6lgesel oryantasyon e\u011fitimlerimizin dijital hale d\u00f6n\u00fc\u015ft\u00fcr\u00fclm\u00fc\u015f bir \u015feklidir. Zoom \u00fczerinden yay\u0131nlanan bir g\u00fcnl\u00fck bir webinar\u0131n ard\u0131ndan \u00f6\u011frencilerin e\u011fitim y\u00f6netim sistemi \u00fczerinden izledikleri e\u011fitim videolar\u0131 ve son de\u011ferlendirme s\u0131nav\u0131 sonras\u0131nda kat\u0131l\u0131m belgesi verilen bir e\u011fitimdir.<br \/>\n2021 Kas\u0131m ay\u0131nda program online olarak tekrarlanacak olup haz\u0131rl\u0131klara ba\u015flanm\u0131\u015ft\u0131r.<br \/>\n<strong>\u0130lk kursun webinar videolar\u0131n\u0131 <a href=\"http:\/\/vimeo.com\/showcase\/oryantasyon\">E\u011fitimin Video Kanal\u0131ndan izlemek i\u00e7in t\u0131klay\u0131n<\/a>.<\/strong><\/p>\n<h3>\u0130lk E\u011fitim ile ilgili baz\u0131 bilgiler<\/h3>\n<p>14 Mart ve 5 May\u0131s 2021 tarihleri aras\u0131nda ilk kez d\u00fczenlenmi\u015ftir. Toplam 65 klinikten 347 asistan online olarak e\u011fitimlerimize kat\u0131lm\u0131\u015ft\u0131r. Kat\u0131lan asistanlar\u0131m\u0131z\u0131n medyan k\u0131demi 8 ay olup %93&#8217;\u00fc e\u011fitim program\u0131n\u0131 tamamlam\u0131\u015ft\u0131r. En fazla kat\u0131l\u0131m g\u00f6stere klini\u011fimiz toplam 41 asistan kayd\u0131 ve 37 tamamlayan ile Ankara \u015eehir Hastanesi olmu\u015ftur.<\/p>\n<div class=\"pcrstb-wrap\"><table style=\"border-collapse: collapse;width: 100%\" border=\"1\">\n<tbody>\n<tr>\n<td style=\"width: 67.4541%\"><img fetchpriority=\"high\" decoding=\"async\" class=\"aligncenter wp-image-9570 \" src=\"https:\/\/tatd.org.tr\/wp-content\/uploads\/2021\/10\/Screen-Shot-2021-10-14-at-00.38.53-4-1024x640.png\" alt=\"\" width=\"938\" height=\"586\" srcset=\"https:\/\/tatd.org.tr\/wp-content\/uploads\/2021\/10\/Screen-Shot-2021-10-14-at-00.38.53-4-1024x640.png 1024w, https:\/\/tatd.org.tr\/wp-content\/uploads\/2021\/10\/Screen-Shot-2021-10-14-at-00.38.53-4-300x187.png 300w, https:\/\/tatd.org.tr\/wp-content\/uploads\/2021\/10\/Screen-Shot-2021-10-14-at-00.38.53-4-768x480.png 768w, https:\/\/tatd.org.tr\/wp-content\/uploads\/2021\/10\/Screen-Shot-2021-10-14-at-00.38.53-4-100x62.png 100w, https:\/\/tatd.org.tr\/wp-content\/uploads\/2021\/10\/Screen-Shot-2021-10-14-at-00.38.53-4-1008x630.png 1008w, https:\/\/tatd.org.tr\/wp-content\/uploads\/2021\/10\/Screen-Shot-2021-10-14-at-00.38.53-4-600x375.png 600w, https:\/\/tatd.org.tr\/wp-content\/uploads\/2021\/10\/Screen-Shot-2021-10-14-at-00.38.53-4.png 1226w\" sizes=\"(max-width: 938px) 100vw, 938px\" \/><\/td>\n<td style=\"width: 32.5459%\">\n<div id=\"attachment_9571\" style=\"width: 532px\" class=\"wp-caption aligncenter\"><img decoding=\"async\" aria-describedby=\"caption-attachment-9571\" class=\"wp-image-9571 \" src=\"https:\/\/tatd.org.tr\/wp-content\/uploads\/2021\/10\/Screen-Shot-2021-10-14-at-00.41.19-4-731x1024.png\" alt=\"\" width=\"522\" height=\"731\" srcset=\"https:\/\/tatd.org.tr\/wp-content\/uploads\/2021\/10\/Screen-Shot-2021-10-14-at-00.41.19-4-731x1024.png 731w, https:\/\/tatd.org.tr\/wp-content\/uploads\/2021\/10\/Screen-Shot-2021-10-14-at-00.41.19-4-214x300.png 214w, https:\/\/tatd.org.tr\/wp-content\/uploads\/2021\/10\/Screen-Shot-2021-10-14-at-00.41.19-4-768x1075.png 768w, https:\/\/tatd.org.tr\/wp-content\/uploads\/2021\/10\/Screen-Shot-2021-10-14-at-00.41.19-4-71x100.png 71w, https:\/\/tatd.org.tr\/wp-content\/uploads\/2021\/10\/Screen-Shot-2021-10-14-at-00.41.19-4-450x630.png 450w, https:\/\/tatd.org.tr\/wp-content\/uploads\/2021\/10\/Screen-Shot-2021-10-14-at-00.41.19-4-600x840.png 600w, https:\/\/tatd.org.tr\/wp-content\/uploads\/2021\/10\/Screen-Shot-2021-10-14-at-00.41.19-4.png 900w\" sizes=\"(max-width: 522px) 100vw, 522px\" \/><p id=\"caption-attachment-9571\" class=\"wp-caption-text\">En az 5 asistan\u0131n kat\u0131l\u0131m g\u00f6sterdi\u011fi kliniklerimizin listesi<\/p><\/div><\/td>\n<\/tr>\n<\/tbody>\n<\/table><\/div>\n<p>&nbsp;<\/p>\n<h3><strong>Bu program kimler i\u00e7in uygun?<\/strong><\/h3>\n<p>E\u011fitim program\u0131m\u0131z Acil T\u0131p ailemize yeni kat\u0131lan asistan hekimlerimizin ihtiya\u00e7lar\u0131 d\u00fc\u015f\u00fcn\u00fclerek haz\u0131rland\u0131. Oryantasyon program\u0131n\u0131n hedef kitlesi ilk 1 senesi i\u00e7erisinde yer alan Acil T\u0131p asistanlar\u0131d\u0131r.<br \/>\nKonular TUKMOS, EUSEM ve ACEP gibi ulusal ve uluslararas\u0131 kurumlarca haz\u0131rlanan Acil T\u0131p ihtisas m\u00fcfredat\u0131nda ilk sene i\u00e7erisinde i\u015flenmesi gereken konular aras\u0131ndan, \u00fclkemiz \u015fartlar\u0131ndaki ihtiya\u00e7lar da d\u00fc\u015f\u00fcn\u00fclerek planlanlanm\u0131\u015ft\u0131r. Elbette m\u00fcfredat\u0131n i\u00e7erisinde hem i\u00e7erik hem de kapsam \u00e7ok daha geni\u015ftir. Ancak ama\u00e7 yeni ba\u015flayan acil t\u0131p asistan\u0131n\u0131 s\u0131nav bilinciyle ge\u00e7irilen y\u0131llardan sonra hasta ve hastal\u0131k\u00a0 temelli, tedavi uygulamalar\u0131n\u0131n ayr\u0131nt\u0131lar\u0131n\u0131 vererek alanda birebir uygulayabilece\u011fi temel bilgilerle donatmakt\u0131r. Bu bilgilerin alanda uygulanmas\u0131 esnas\u0131nda e\u011fitim sorumlusu ve g\u00f6revlileri ile acil t\u0131p alan\u0131nda \u00f6nemli bir bilgi ve pratik kayna\u011f\u0131 olan akranlardan ve onlar\u0131n uygulamalar\u0131ndan da mutlaka ilham al\u0131nmal\u0131d\u0131r.<\/p>\n<h3><strong>Nas\u0131l kay\u0131t yapt\u0131rabilirim?<\/strong><\/h3>\n<p><strong>14 Mart 2021\u2019den \u00f6nce<\/strong>\u00a0a\u015fa\u011f\u0131daki basamaklar\u0131 tamamlaman\u0131z gerekiyor:<\/p>\n<ul>\n<li><strong>Bu paragaraf\u0131n alt\u0131nda yer alan\u00a0linki kullanarak (raklet.com\/tatd adresinden) dernek \u00fcyelik ba\u015fvurunuzu yap\u0131n\u0131z.<\/strong><\/li>\n<li>\u00dcyelik ba\u015fvurusu esnas\u0131nda doldurdu\u011funuz \u00fcye formunun \u00e7\u0131kt\u0131s\u0131n\u0131 \u0131slak imzal\u0131\u00a0 \u015fekilde ve 1 vesikal\u0131k foto\u011fraf\u0131n\u0131z ile dernek merkezimize kargo ile g\u00f6nderiniz. Adres \u00fcyelik formu sayfas\u0131nda ve dernek sayfam\u0131zda yer al\u0131yor.<\/li>\n<li>Kay\u0131t olurken belirledi\u011finiz kullan\u0131c\u0131 ad\u0131 ve \u015fifrenizle sisteme giri\u015f yaparak\u00a0<strong>bu\u00a0sayfan\u0131n sonunda yer alan\u00a0kay\u0131t ol butonuna t\u0131klayarak\u00a0Online Oryantasyon E\u011fitimine \u00fccretsiz kayd\u0131n\u0131z\u0131 yap\u0131n\u0131z.\u00a0<\/strong><\/li>\n<li><strong>tatd.org.tr\/canli<\/strong>\u00a0adresinden\u00a0program\u0131n 1.basama\u011f\u0131 olan 14 Mart Canl\u0131 Webinar\u0131na kay\u0131t olunuz, size kat\u0131l\u0131m linki\u00a0g\u00f6nderilecek.<\/li>\n<\/ul>\n<h3><strong>Program\u0131n ayr\u0131nt\u0131lar\u0131 ve basamaklar\u0131 neler?<\/strong><\/h3>\n<p>Program\u0131m\u0131z 14 Mart 2021\u2019de yap\u0131lacak Canl\u0131 bir Webinar ile ba\u015flayacak, \u00e7evrimd\u0131\u015f\u0131 derslerin izlenmesi ile ge\u00e7ecek 1,5 ay\u0131n sonunda bir son test ile tamamlanacak.<\/p>\n<h4><strong>Canl\u0131 Webinar: 14 Mart 2021 saat 12:00<\/strong><\/h4>\n<ul>\n<li>Webinar 14 Mart saat 12:00&#8217;da ba\u015flayacak ve ak\u015fam 6\u2019ya kadar 3 mod\u00fcl ile s\u00fcrecek.<\/li>\n<li>Webinar dernek \u00fcyesi olmayanlar da dahil olmak \u00fczere t\u00fcm sa\u011fl\u0131k \u00e7al\u0131\u015fanlar\u0131na a\u00e7\u0131k olacak. TATD sosyal medya hesaplar\u0131 ve dernek sitesinden yay\u0131nlanacak Zoom Webinar linkinden kay\u0131t olanlara kat\u0131l\u0131m linki g\u00f6nderilecek.<\/li>\n<li>\u0130nteraktif ger\u00e7ekle\u015fecek webinarda,\n<ul>\n<li>\u0130htisas alan\u0131m\u0131z\u0131n i\u00e7inden ge\u00e7ti\u011fi \u00f6nemli s\u00fcre\u00e7ler,<\/li>\n<li>Acil serviste ileti\u015fim,<\/li>\n<li>\u0130\u015f ile hayat dengenizi nas\u0131l sa\u011flaman\u0131z gerekti\u011fi,<\/li>\n<li>Acilde adli vakalarla ilgili sorumluluklar\u0131n\u0131z ve yapman\u0131z gerekenler,<\/li>\n<li>Acil servise ba\u015fvuran ayr\u0131\u015ft\u0131r\u0131lmam\u0131\u015f hastada dikkat etmeniz gereken olmazsa olmazlar,<\/li>\n<li>Acil T\u0131p Asistan Birli\u011fi, \u00c7al\u0131\u015fma Gruplar\u0131 ve derne\u011fimizin komisyonlar\u0131 ile tan\u0131\u015fma<\/li>\n<\/ul>\n<\/li>\n<li>gibi konular yer alacak. Yo\u011fun t\u0131bbi i\u00e7eriklerden ziyade acil t\u0131p ihtisas\u0131nda ve prati\u011finde ya\u015fayacaklar\u0131n\u0131z\u0131, tecr\u00fcbeli isimlerden dinleyecek ve p\u00fcf noktalar\u0131 \u00f6\u011freneceksiniz.<\/li>\n<\/ul>\n<p>&nbsp;<\/p>\n<h4><strong>\u00c7evrimd\u0131\u015f\u0131 E\u011fitimler: 14 Mart\u2019tan sonra<\/strong><\/h4>\n<ul>\n<li>Webinar\u0131n tamamlanmas\u0131n\u0131n ard\u0131ndan dernek \u00fcyelik sisteminde \u00f6nceden programa kay\u0131t yapm\u0131\u015f olanlar Google Classroom i\u00e7erisinde haz\u0131rlanan \u00f6zel bir s\u0131n\u0131fa al\u0131nacak. \u00dcyelik e-postan\u0131za bir Google Classroom s\u0131n\u0131f daveti alacaks\u0131n\u0131z.<\/li>\n<li>Bu s\u0131n\u0131fta \u00e7evrimd\u0131\u015f\u0131 dersler, pdf slayt setleri ile e\u011fitmen ve ders de\u011ferlendirme formlar\u0131 yer al\u0131yor. Ayr\u0131ca s\u00fcre\u00e7 i\u00e7erisinde ihtiya\u00e7 ve isteklerin yaz\u0131labilece\u011fi bir forum, tart\u0131\u015fma platformu ve t\u00fcm e\u011fitmenlerle etkile\u015fim imkan\u0131 mevcut olacak.<\/li>\n<li>\u0130lk etapta toplam 30 e\u011fitmen taraf\u0131ndan \u00e7ekimleri tamamlanan 20 saatlik 40\u2019a yak\u0131n dersimiz mevcut.<\/li>\n<li>Burada size sunulan dersleri izlemek i\u00e7in 1,5 ayl\u0131k s\u00fcreniz var.<\/li>\n<li>E\u011fitimlerin ayr\u0131nt\u0131l\u0131 listesi d\u00f6k\u00fcman\u0131n sonunda yer al\u0131yor.<\/li>\n<\/ul>\n<p>&nbsp;<\/p>\n<h4><strong>Test: Nisan ay\u0131 sonunda\u00a0<\/strong><\/h4>\n<ul>\n<li>Google Classroom s\u0131n\u0131f\u0131nda yer alan kursiyerlerimize bir online test linki g\u00f6nderilecek.<\/li>\n<li>Test bilginizi s\u0131naman\u0131z i\u00e7in haz\u0131rlanm\u0131\u015f \u00f6\u011fretici sorular i\u00e7eriyor olacak.<\/li>\n<li>Bireysel ya da klinikler aras\u0131 bir yar\u0131\u015fma, sonu\u00e7lar\u0131n toplu olarak ilan edilmesi ya da yanl\u0131\u015flar\u0131n do\u011frular\u0131 g\u00f6t\u00fcrmesi s\u00f6z konusu de\u011fil. Kitap a\u00e7mak ve sunumlara yeniden bakmak serbest. Elbette istedi\u011finiz sorudan ba\u015flayabilirsiniz.<\/li>\n<li>Testin tamamlanmas\u0131yla belirli bir ba\u015far\u0131 d\u00fczeyi \u00fczerindeki t\u00fcm kursiyerlerimize kat\u0131l\u0131m sertifikalar\u0131n\u0131 ve s\u0131nav sonu\u00e7lar\u0131n\u0131 g\u00f6nderece\u011fiz<\/li>\n<li>Test sonucunuz sadece size ve Anabilim Dal\u0131 ba\u015fkan\u0131n\u0131z \/ Klinik E\u011fitim sorumlunuza e-posta ile g\u00f6nderilecek.<\/li>\n<\/ul>\n<p>&nbsp;<\/p>\n<h3><strong>S\u0131k Sorulan Sorular<\/strong><\/h3>\n<h4><strong>Acil T\u0131p asistan\u0131 olmayan t\u0131p \u00f6\u011frencisi ve hekimler de programa kat\u0131labilir mi?<\/strong><\/h4>\n<p>Bu programa ne yaz\u0131k ki kendilerini alam\u0131yoruz. Ancak ilerleyen zamanlarda bu i\u00e7eriklerde onlar\u0131n da faydalanabilece\u011fi ayr\u0131 bir set haz\u0131rlamay\u0131 planl\u0131yoruz.<\/p>\n<h4><strong>K\u0131demim ilerledi \/ uzman oldum \/ bir s\u00fcredir \u00e7al\u0131\u015fm\u0131yordum mesle\u011fime geri d\u00f6nd\u00fcm. Ben de kat\u0131l\u0131p kendimi yenilemek g\u00fcncellemek istiyorum. Kat\u0131labilir miyim?<\/strong><\/h4>\n<p>Programa kat\u0131l\u0131m i\u00e7in tek \u00f6n \u015fart TATD \u00fcyesi bir Acil T\u0131p hekimi olmak. Hi\u00e7bir ya\u015f, k\u0131dem k\u0131s\u0131tlamam\u0131z, \u00f6n kayd\u0131m\u0131z, kotam\u0131z ya da kat\u0131l\u0131mc\u0131 s\u0131n\u0131r\u0131m\u0131z yok. Tek ricam\u0131z kay\u0131t esnas\u0131ndaki formda k\u0131dem durumunuzu belirtmeniz, bu sayede geri bildirimleri bizler de k\u0131demlere g\u00f6re ay\u0131rarak kendimizi geli\u015ftirebilece\u011fiz.<\/p>\n<h4><strong>Program\u0131n \u00fccreti ne kadar?<\/strong><\/h4>\n<p>Program\u0131m\u0131z dernek \u00fcyelerimize her zaman oldu\u011fu gibi tamamen \u00fccretsiz.<\/p>\n<h4><strong>Sertifika alacak m\u0131y\u0131m?<\/strong><\/h4>\n<p>Her 3 etkinli\u011fi de tamamlayanlar bir Sertifika ve Ba\u015far\u0131 belgesi ile \u00f6d\u00fcllendirilecek.<\/p>\n<h4><strong>T\u00fcm programa kat\u0131lamayaca\u011f\u0131m ama birka\u00e7 dersi ben de izlemek isterim. \u0130\u00e7eriklere nas\u0131l ula\u015faca\u011f\u0131m.<\/strong><\/h4>\n<p>Webinar ve \u00e7evrimi\u00e7i dersler program akabinde yenilecek websitemizde t\u00fcm \u00fcyelerimize s\u00fcrekli olarak a\u00e7\u0131k ve ula\u015fabilir olacak.<br \/>\n&nbsp;<\/p>\n<h3><strong>TATD E\u011fitim<\/strong><\/h3>\n<h4><strong>Oryantasyon E\u011fitim Koordinat\u00f6rleri<\/strong><\/h4>\n<p><a href=\"mailto:oryantasyon@tatd.org.tr\">oryantasyon@tatd.org.tr<\/a><br \/>\nProf. Dr. Haldun Ako\u011flu<br \/>\nDo\u00e7. Dr. M\u00fcge G\u00fcnalp Eneyli (Ankara)<br \/>\nDo\u00e7. Dr. Tuba Cimilli \u00d6zt\u00fcrk (\u0130stanbul)<br \/>\nDr. \u00d6\u011fretim \u00dcyesi Yusuf Ali Altunc\u0131 (\u0130zmir)<br \/>\n&nbsp;<\/p>\n<h4><strong>TATD E\u011fitim Sekreteryas\u0131<\/strong><\/h4>\n<p><a href=\"mailto:egitim@tatd.org.tr\">egitim@tatd.org.tr<\/a><br \/>\nDo\u00e7. Dr. \u00d6zlem Dikme<br \/>\nDo\u00e7. Dr. Sinan Karacabey<br \/>\nDr. \u00d6\u011fretim \u00dcyesi Sercan Yal\u00e7\u0131nl\u0131<br \/>\nDr. \u00d6\u011fretim \u00dcyesi Alp \u015eener<\/p>\n","protected":false},"excerpt":{"rendered":"<p>Acil T\u0131p Online Oryantasyon E\u011fitimi 2021 y\u0131l\u0131 Mart ay\u0131 i\u00e7erisinde ilk defa d\u00fczenlenmi\u015f olan ve y\u0131llrd\u0131r devam eden b\u00f6lgesel oryantasyon e\u011fitimlerimizin dijital hale d\u00f6n\u00fc\u015ft\u00fcr\u00fclm\u00fc\u015f bir \u015feklidir. Zoom \u00fczerinden yay\u0131nlanan bir&hellip;<\/p>\n","protected":false},"author":1599,"featured_media":0,"parent":9573,"menu_order":0,"comment_status":"closed","ping_status":"closed","template":"","meta":{"_acf_changed":false,"inline_featured_image":false,"_lmt_disableupdate":"","_lmt_disable":"","footnotes":""},"class_list":["post-9568","page","type-page","status-publish","hentry"],"acf":[],"_links":{"self":[{"href":"https:\/\/tatd.org.tr\/en\/wp-json\/wp\/v2\/pages\/9568","targetHints":{"allow":["GET"]}}],"collection":[{"href":"https:\/\/tatd.org.tr\/en\/wp-json\/wp\/v2\/pages"}],"about":[{"href":"https:\/\/tatd.org.tr\/en\/wp-json\/wp\/v2\/types\/page"}],"author":[{"embeddable":true,"href":"https:\/\/tatd.org.tr\/en\/wp-json\/wp\/v2\/users\/1599"}],"replies":[{"embeddable":true,"href":"https:\/\/tatd.org.tr\/en\/wp-json\/wp\/v2\/comments?post=9568"}],"version-history":[{"count":0,"href":"https:\/\/tatd.org.tr\/en\/wp-json\/wp\/v2\/pages\/9568\/revisions"}],"up":[{"embeddable":true,"href":"https:\/\/tatd.org.tr\/en\/wp-json\/wp\/v2\/pages\/9573"}],"wp:attachment":[{"href":"https:\/\/tatd.org.tr\/en\/wp-json\/wp\/v2\/media?parent=9568"}],"curies":[{"name":"wp","href":"https:\/\/api.w.org\/{rel}","templated":true}]}}