{"id":9552,"date":"2021-10-13T23:58:56","date_gmt":"2021-10-13T20:58:56","guid":{"rendered":"https:\/\/tatd.org.tr\/?page_id=9552"},"modified":"2021-12-11T18:00:53","modified_gmt":"2021-12-11T15:00:53","slug":"instagram-canli-yayinlari-saat22toplantilari","status":"publish","type":"page","link":"https:\/\/tatd.org.tr\/en\/etkinlikler\/sosyal-etkinlikler\/instagram-canli-yayinlari-saat22toplantilari\/","title":{"rendered":"Instagram Canl\u0131 Yay\u0131nlar\u0131 #saat22toplant\u0131lar\u0131"},"content":{"rendered":"<p class=\"has-vivid-red-color has-text-color\">T\u00fcrkiye Acil T\u0131p Derne\u011fi \u00e7al\u0131\u015fma gruplar\u0131 pandeminin zor ko\u015fullar\u0131nda tam kapanma d\u00f6nemlerinde her ak\u015fam bir \u00e7al\u0131\u015fma grubunun e\u011fitmenleriyle \u00fcyelerini bulu\u015fturdu.\u00a0Covid-19 ile etkin m\u00fccadele kapsam\u0131nda pek \u00e7ok kurum ve kurulu\u015f evden \u00e7al\u0131\u015fma karar\u0131 al\u0131rken, okullar da uzaktan e\u011fitim d\u00f6nemine ge\u00e7ilmi\u015fti. Bu s\u00fcre\u00e7te hepimizin al\u0131\u015fmas\u0131 gereken en \u00f6nemli yenilik uzaktan e\u011fitim ve toplant\u0131 planlamalar\u0131 oldu.\u00a0TATD \u00e7al\u0131\u015fma gruplar\u0131 ve komisyonlar\u0131 etkin ve dinamik e\u011fitimlerini internet \u00fczerinden canl\u0131 yay\u0131n, online toplant\u0131 ve sempozyumlarla s\u00fcrd\u00fcrd\u00fc.<\/p>\n<p><strong>Bu kapsamda toplam 43 gece yay\u0131n yap\u0131ld\u0131. T\u00fcm yay\u0131nlar\u0131n video kay\u0131tlar\u0131n\u0131 <a href=\"http:\/\/vimeo.com\/showcase\/tatd-instagram-22-toplantilari\">TATD Instagram 22 Toplant\u0131lar\u0131 sitesi<\/a>nden ve a\u015fa\u011f\u0131daki Video Listesinden izleyebilirsiniz.<\/strong><\/p>\n<h4>T\u00fcm Instagram Canl\u0131 Yay\u0131nlar\u0131<\/h4>\n<p><img fetchpriority=\"high\" decoding=\"async\" class=\"alignnone wp-image-9553 size-large\" src=\"https:\/\/tatd.org.tr\/wp-content\/uploads\/2021\/10\/instagram-canli-4-1024x1024.jpeg\" alt=\"\" width=\"1024\" height=\"1024\" srcset=\"https:\/\/tatd.org.tr\/wp-content\/uploads\/2021\/10\/instagram-canli-4-1024x1024.jpeg 1024w, https:\/\/tatd.org.tr\/wp-content\/uploads\/2021\/10\/instagram-canli-4-300x300.jpeg 300w, https:\/\/tatd.org.tr\/wp-content\/uploads\/2021\/10\/instagram-canli-4-150x150.jpeg 150w, https:\/\/tatd.org.tr\/wp-content\/uploads\/2021\/10\/instagram-canli-4-768x768.jpeg 768w, https:\/\/tatd.org.tr\/wp-content\/uploads\/2021\/10\/instagram-canli-4-100x100.jpeg 100w, https:\/\/tatd.org.tr\/wp-content\/uploads\/2021\/10\/instagram-canli-4.jpeg 1536w, https:\/\/tatd.org.tr\/wp-content\/uploads\/2021\/10\/instagram-canli-4-630x630.jpeg 630w, https:\/\/tatd.org.tr\/wp-content\/uploads\/2021\/10\/instagram-canli-4-600x600.jpeg 600w\" sizes=\"(max-width: 1024px) 100vw, 1024px\" \/><\/p>\n","protected":false},"excerpt":{"rendered":"<p>T\u00fcrkiye Acil T\u0131p Derne\u011fi \u00e7al\u0131\u015fma gruplar\u0131 pandeminin zor ko\u015fullar\u0131nda tam kapanma d\u00f6nemlerinde her ak\u015fam bir \u00e7al\u0131\u015fma grubunun e\u011fitmenleriyle \u00fcyelerini bulu\u015fturdu.\u00a0Covid-19 ile etkin m\u00fccadele kapsam\u0131nda pek \u00e7ok kurum ve kurulu\u015f evden&hellip;<\/p>\n","protected":false},"author":1599,"featured_media":9553,"parent":9540,"menu_order":2,"comment_status":"closed","ping_status":"closed","template":"","meta":{"_acf_changed":false,"inline_featured_image":false,"_lmt_disableupdate":"","_lmt_disable":"","footnotes":""},"class_list":["post-9552","page","type-page","status-publish","has-post-thumbnail","hentry"],"acf":[],"_links":{"self":[{"href":"https:\/\/tatd.org.tr\/en\/wp-json\/wp\/v2\/pages\/9552","targetHints":{"allow":["GET"]}}],"collection":[{"href":"https:\/\/tatd.org.tr\/en\/wp-json\/wp\/v2\/pages"}],"about":[{"href":"https:\/\/tatd.org.tr\/en\/wp-json\/wp\/v2\/types\/page"}],"author":[{"embeddable":true,"href":"https:\/\/tatd.org.tr\/en\/wp-json\/wp\/v2\/users\/1599"}],"replies":[{"embeddable":true,"href":"https:\/\/tatd.org.tr\/en\/wp-json\/wp\/v2\/comments?post=9552"}],"version-history":[{"count":0,"href":"https:\/\/tatd.org.tr\/en\/wp-json\/wp\/v2\/pages\/9552\/revisions"}],"up":[{"embeddable":true,"href":"https:\/\/tatd.org.tr\/en\/wp-json\/wp\/v2\/pages\/9540"}],"wp:featuredmedia":[{"embeddable":true,"href":"https:\/\/tatd.org.tr\/en\/wp-json\/wp\/v2\/media\/9553"}],"wp:attachment":[{"href":"https:\/\/tatd.org.tr\/en\/wp-json\/wp\/v2\/media?parent=9552"}],"curies":[{"name":"wp","href":"https:\/\/api.w.org\/{rel}","templated":true}]}}