{"id":9544,"date":"2021-10-13T23:45:43","date_gmt":"2021-10-13T20:45:43","guid":{"rendered":"https:\/\/tatd.org.tr\/?page_id=9544"},"modified":"2021-12-11T18:00:43","modified_gmt":"2021-12-11T15:00:43","slug":"innovem","status":"publish","type":"page","link":"https:\/\/tatd.org.tr\/en\/etkinlikler\/sosyal-etkinlikler\/innovem\/","title":{"rendered":"InnovEM"},"content":{"rendered":"<p>\u0130lki EACEM-2018 kongresinde d\u00fczenlenen ve \u00fclkemizde ilk kez ger\u00e7ekle\u015ftirilen \u201cINNOVEM\u201d sim\u00fclasyon etkinli\u011finde teknolojinin acil t\u0131p prati\u011fine yans\u0131malar\u0131 sim\u00fcle hasta senaryolar\u0131 \u00fczerinde uygulamal\u0131 olarak g\u00f6sterilmektedir.<br \/>\nTATD Proje Geli\u015ftirme ve \u0130novasyon \u00c7al\u0131\u015fma Grubu (TATD-AT\u0130) taraf\u0131ndan organize edilen etkinlik stand alan\u0131 i\u00e7inde ileri teknoloji bir res\u00fcsitasyon odas\u0131 donan\u0131m\u0131na sahip \u201cInnovEM Uygulama Alan\u0131\u2019 i\u00e7inde ger\u00e7ekle\u015ftirilmektedir. Kardiyak arrest, multitravma, nefes darl\u0131\u011f\u0131, sava\u015f yaral\u0131s\u0131 konulu senaryolara uygulama alan\u0131 i\u00e7inde Acil T\u0131p Uzman ve Asistanlar\u0131ndan olu\u015fan \u2018InnovEM Tak\u0131m\u0131\u2019 taraf\u0131ndan m\u00fcdahale edilmektedir.T\u00fcm etkinlik kameralarla kay\u0131t alt\u0131na al\u0131nacak fuaye alan\u0131ndaki ekranlardan ve EACEM mobil uygulamadan canl\u0131 olarak izlenmektedir.<\/p>\n<h3>Ekip<\/h3>\n<ul>\n<li>Genel Koordinat\u00f6r: Do\u00e7. Dr. Orhan \u00c7INAR<\/li>\n<li>Alan Koordinat\u00f6r\u00fc: Do\u00e7. Dr. Erdem \u00c7EV\u0130K<\/li>\n<li>Sim\u00fclasyon Direkt\u00f6r\u00fc: Dr. \u00d6\u011fr. \u00dcyesi Yahya Ayhan Acar<\/li>\n<li>Teknoloji Moderat\u00f6r\u00fc: Uzm. Dr. G\u00f6ksu Bozdereli Berikol<\/li>\n<li>Ekip Lideri: Uzm. Dr. Ramazan Sab\u0131rl\u0131<\/li>\n<li>Ekip \u00dcyesi: Dr.Burcu YILMAZ<\/li>\n<li>Ekip \u00dcyesi: Dr.B\u00fc\u015fra SAPMAZ<\/li>\n<li>Ekip \u00dcyesi: Dr.\u00c7a\u011flar KUAS<\/li>\n<li>Ekip \u00dcyesi: Dr.Altu\u011f KANBAKAN<\/li>\n<li>Ekip \u00dcyesi: Dr.Mehmet Furkan YALDIZKAYA<\/li>\n<li>Ekip \u00dcyesi: Dr.Hakan \u00d6ZEROL<\/li>\n<li>Ekip \u00dcyesi: Dr.Emre KUDU<\/li>\n<\/ul>\n<h3>Videolar<\/h3>\n<p><strong>InnovEM videolar\u0131n\u0131n tamam\u0131 i\u00e7in <a href=\"http:\/\/vimeo.com\/showcase\/tatd-innovem\">Etkinlikler<\/a> ve <a href=\"http:\/\/vimeo.com\/showcase\/tatd-innovem-roportajlar\">R\u00f6portajlar<\/a> video kanallar\u0131m\u0131z\u0131 ziyaret edebilir ya da a\u015fa\u011f\u0131daki listelerden izleyebilirsiniz.<\/strong><\/p>\n<h3><\/h3>\n<h3>Sponsorlar\u0131m\u0131z<\/h3>\n<p><img fetchpriority=\"high\" decoding=\"async\" class=\"alignnone wp-image-9549 size-large\" src=\"https:\/\/tatd.org.tr\/wp-content\/uploads\/2021\/10\/Screen-Shot-2021-10-13-at-23.48.47-4-1024x869.png\" alt=\"\" width=\"1024\" height=\"869\" srcset=\"https:\/\/tatd.org.tr\/wp-content\/uploads\/2021\/10\/Screen-Shot-2021-10-13-at-23.48.47-4-1024x869.png 1024w, https:\/\/tatd.org.tr\/wp-content\/uploads\/2021\/10\/Screen-Shot-2021-10-13-at-23.48.47-4-300x255.png 300w, https:\/\/tatd.org.tr\/wp-content\/uploads\/2021\/10\/Screen-Shot-2021-10-13-at-23.48.47-4-768x652.png 768w, https:\/\/tatd.org.tr\/wp-content\/uploads\/2021\/10\/Screen-Shot-2021-10-13-at-23.48.47-4-100x85.png 100w, https:\/\/tatd.org.tr\/wp-content\/uploads\/2021\/10\/Screen-Shot-2021-10-13-at-23.48.47-4-1536x1303.png 1536w, https:\/\/tatd.org.tr\/wp-content\/uploads\/2021\/10\/Screen-Shot-2021-10-13-at-23.48.47-4-743x630.png 743w, https:\/\/tatd.org.tr\/wp-content\/uploads\/2021\/10\/Screen-Shot-2021-10-13-at-23.48.47-4-600x509.png 600w, https:\/\/tatd.org.tr\/wp-content\/uploads\/2021\/10\/Screen-Shot-2021-10-13-at-23.48.47-4.png 1794w\" sizes=\"(max-width: 1024px) 100vw, 1024px\" \/><\/p>","protected":false},"excerpt":{"rendered":"<p>\u0130lki EACEM-2018 kongresinde d\u00fczenlenen ve \u00fclkemizde ilk kez ger\u00e7ekle\u015ftirilen \u201cINNOVEM\u201d sim\u00fclasyon etkinli\u011finde teknolojinin acil t\u0131p prati\u011fine yans\u0131malar\u0131 sim\u00fcle hasta senaryolar\u0131 \u00fczerinde uygulamal\u0131 olarak g\u00f6sterilmektedir. TATD Proje Geli\u015ftirme ve \u0130novasyon \u00c7al\u0131\u015fma&hellip;<\/p>\n","protected":false},"author":1599,"featured_media":0,"parent":9540,"menu_order":2,"comment_status":"closed","ping_status":"closed","template":"","meta":{"_acf_changed":false,"inline_featured_image":false,"_lmt_disableupdate":"","_lmt_disable":"","footnotes":""},"class_list":["post-9544","page","type-page","status-publish","hentry"],"acf":[],"_links":{"self":[{"href":"https:\/\/tatd.org.tr\/en\/wp-json\/wp\/v2\/pages\/9544","targetHints":{"allow":["GET"]}}],"collection":[{"href":"https:\/\/tatd.org.tr\/en\/wp-json\/wp\/v2\/pages"}],"about":[{"href":"https:\/\/tatd.org.tr\/en\/wp-json\/wp\/v2\/types\/page"}],"author":[{"embeddable":true,"href":"https:\/\/tatd.org.tr\/en\/wp-json\/wp\/v2\/users\/1599"}],"replies":[{"embeddable":true,"href":"https:\/\/tatd.org.tr\/en\/wp-json\/wp\/v2\/comments?post=9544"}],"version-history":[{"count":0,"href":"https:\/\/tatd.org.tr\/en\/wp-json\/wp\/v2\/pages\/9544\/revisions"}],"up":[{"embeddable":true,"href":"https:\/\/tatd.org.tr\/en\/wp-json\/wp\/v2\/pages\/9540"}],"wp:attachment":[{"href":"https:\/\/tatd.org.tr\/en\/wp-json\/wp\/v2\/media?parent=9544"}],"curies":[{"name":"wp","href":"https:\/\/api.w.org\/{rel}","templated":true}]}}