{"id":9538,"date":"2021-10-13T23:30:40","date_gmt":"2021-10-13T20:30:40","guid":{"rendered":"https:\/\/tatd.org.tr\/?page_id=9538"},"modified":"2021-10-13T23:30:40","modified_gmt":"2021-10-13T20:30:40","slug":"basketbol-acil-ligi-bal","status":"publish","type":"page","link":"https:\/\/tatd.org.tr\/en\/etkinlikler\/sosyal-etkinlikler\/basketbol-acil-ligi-bal\/","title":{"rendered":"Basketbol Acil Ligi (BAL)"},"content":{"rendered":"<p>28.08.2018 tarihinde T.C. Gen\u00e7lik ve Spor Bakanl\u0131\u011f\u0131, \u0130stanbul Gen\u00e7lik ve Spor \u0130l M\u00fcd\u00fcrl\u00fc\u011f\u00fc ile T\u00fcrkiye Acil T\u0131p Derne\u011fi aras\u0131nda imzalanan i\u015fbirli\u011fi protokol\u00fc sayesinde ilk kez bir Meslek Grubu&#8217;nun Resmi Basketbol Ligi Kurulmu\u015ftur. TATD \u0130stanbul BAL &#8211; Basketbol Acil Ligi olarak tan\u0131mlanan Resmi Basketbol Ligi b\u00fcnyesindeki ma\u00e7lar, \u0130stanbul ili i\u00e7inde Gen\u00e7lik ve Spor M\u00fcd\u00fcrl\u00fc\u011f\u00fc&#8217;ne ba\u011fl\u0131 ve h\u00e2lihaz\u0131rda Spor Kul\u00fcplerince kullan\u0131lan Kapal\u0131 Spor Salonlar\u0131nda oynanmaktad\u0131r. TATD &#8211; Sa\u011fl\u0131kl\u0131 Ya\u015fam \u00c7al\u0131\u015fma Grubu etkinli\u011fi olarak kabul etti\u011fimiz bu organizasyonun y\u00f6netimi ise EMPACT \u0130stanbul taraf\u0131ndan y\u00fcr\u00fct\u00fclmektedir.<br \/>\n<strong>BAL ligine ait t\u00fcm ma\u00e7lar ve r\u00f6portajlar\u0131n kay\u0131tlar\u0131n\u0131 <a href=\"http:\/\/vimeo.com\/showcase\/tatd-bal-ligi\">TATD BAL ligi kanal\u0131ndan<\/a> ve a\u015fa\u011f\u0131da yer alan Video Listesinden izleyebilirsiniz.<\/strong><\/p>\n<h4>Ma\u00e7lar ve R\u00f6portajlar<\/h4>\n","protected":false},"excerpt":{"rendered":"<p>28.08.2018 tarihinde T.C. Gen\u00e7lik ve Spor Bakanl\u0131\u011f\u0131, \u0130stanbul Gen\u00e7lik ve Spor \u0130l M\u00fcd\u00fcrl\u00fc\u011f\u00fc ile T\u00fcrkiye Acil T\u0131p Derne\u011fi aras\u0131nda imzalanan i\u015fbirli\u011fi protokol\u00fc sayesinde ilk kez bir Meslek Grubu&#8217;nun Resmi Basketbol&hellip;<\/p>\n","protected":false},"author":1599,"featured_media":0,"parent":9540,"menu_order":5,"comment_status":"closed","ping_status":"closed","template":"","meta":{"_acf_changed":false,"inline_featured_image":false,"_lmt_disableupdate":"","_lmt_disable":"","footnotes":""},"class_list":["post-9538","page","type-page","status-publish","hentry"],"acf":[],"_links":{"self":[{"href":"https:\/\/tatd.org.tr\/en\/wp-json\/wp\/v2\/pages\/9538","targetHints":{"allow":["GET"]}}],"collection":[{"href":"https:\/\/tatd.org.tr\/en\/wp-json\/wp\/v2\/pages"}],"about":[{"href":"https:\/\/tatd.org.tr\/en\/wp-json\/wp\/v2\/types\/page"}],"author":[{"embeddable":true,"href":"https:\/\/tatd.org.tr\/en\/wp-json\/wp\/v2\/users\/1599"}],"replies":[{"embeddable":true,"href":"https:\/\/tatd.org.tr\/en\/wp-json\/wp\/v2\/comments?post=9538"}],"version-history":[{"count":0,"href":"https:\/\/tatd.org.tr\/en\/wp-json\/wp\/v2\/pages\/9538\/revisions"}],"up":[{"embeddable":true,"href":"https:\/\/tatd.org.tr\/en\/wp-json\/wp\/v2\/pages\/9540"}],"wp:attachment":[{"href":"https:\/\/tatd.org.tr\/en\/wp-json\/wp\/v2\/media?parent=9538"}],"curies":[{"name":"wp","href":"https:\/\/api.w.org\/{rel}","templated":true}]}}