{"id":9516,"date":"2021-10-13T23:16:09","date_gmt":"2021-10-13T20:16:09","guid":{"rendered":"https:\/\/tatd.org.tr\/?page_id=9516"},"modified":"2021-12-11T17:46:59","modified_gmt":"2021-12-11T14:46:59","slug":"cukurova-acil-tip-gunleri","status":"publish","type":"page","link":"https:\/\/tatd.org.tr\/en\/etkinlikler\/sempozyumlar\/cukurova-acil-tip-gunleri\/","title":{"rendered":"\u00c7ukurova Emergency Medicine Days"},"content":{"rendered":"<p>\u00c7ukurova Emergency Medicine Days, which is held by Emergency Medicine Association of Turkey and \u00c7ukurova University Department of Emergency Medicine traditionally, brings the emergency physicians together in the region every year under a different theme.<\/p>","protected":false},"excerpt":{"rendered":"<p>\u00c7ukurova Emergency Medicine Days, which is held by Emergency Medicine Association of Turkey and \u00c7ukurova University Department of Emergency Medicine traditionally, brings the emergency physicians together in the region every&hellip;<\/p>\n","protected":false},"author":1599,"featured_media":0,"parent":9508,"menu_order":4,"comment_status":"closed","ping_status":"closed","template":"course_promo.php","meta":{"_acf_changed":false,"inline_featured_image":false,"_lmt_disableupdate":"","_lmt_disable":"","footnotes":""},"class_list":["post-9516","page","type-page","status-publish","hentry"],"acf":[],"_links":{"self":[{"href":"https:\/\/tatd.org.tr\/en\/wp-json\/wp\/v2\/pages\/9516","targetHints":{"allow":["GET"]}}],"collection":[{"href":"https:\/\/tatd.org.tr\/en\/wp-json\/wp\/v2\/pages"}],"about":[{"href":"https:\/\/tatd.org.tr\/en\/wp-json\/wp\/v2\/types\/page"}],"author":[{"embeddable":true,"href":"https:\/\/tatd.org.tr\/en\/wp-json\/wp\/v2\/users\/1599"}],"replies":[{"embeddable":true,"href":"https:\/\/tatd.org.tr\/en\/wp-json\/wp\/v2\/comments?post=9516"}],"version-history":[{"count":0,"href":"https:\/\/tatd.org.tr\/en\/wp-json\/wp\/v2\/pages\/9516\/revisions"}],"up":[{"embeddable":true,"href":"https:\/\/tatd.org.tr\/en\/wp-json\/wp\/v2\/pages\/9508"}],"wp:attachment":[{"href":"https:\/\/tatd.org.tr\/en\/wp-json\/wp\/v2\/media?parent=9516"}],"curies":[{"name":"wp","href":"https:\/\/api.w.org\/{rel}","templated":true}]}}