{"id":9431,"date":"2021-10-13T16:31:39","date_gmt":"2021-10-13T13:31:39","guid":{"rendered":"https:\/\/tatd.org.tr\/?page_id=9431"},"modified":"2021-12-11T17:45:10","modified_gmt":"2021-12-11T14:45:10","slug":"acil-tip-sempozyumu","status":"publish","type":"page","link":"https:\/\/tatd.org.tr\/en\/etkinlikler\/sempozyumlar\/acil-tip-sempozyumu\/","title":{"rendered":"Emergency Medicine Symposium"},"content":{"rendered":"<p>\u00dclkemizde Acil T\u0131p ad\u0131na yap\u0131lan ilk toplant\u0131lar olup 1998 y\u0131l\u0131nda \u0130zmir&#8217;de ba\u015flam\u0131\u015ft\u0131r. 7. Sempozyum ile beraber T\u00fcrkiye Acil T\u0131p Kongresi&#8217;nin ilki ile birle\u015ftirilmi\u015ftir. 2005 y\u0131l\u0131nda 8.&#8217;si yap\u0131ld\u0131ktan sonra yap\u0131lan toplant\u0131lar art\u0131k TATKON b\u00fcnyesinde ger\u00e7ekle\u015ftirilmi\u015f olup hala da ayn\u0131 isimle devam etmektedir.<\/p>\n<div class=\"pcrstb-wrap\"><table style=\"border-collapse: collapse; width: 100%;\" border=\"1\">\n<tbody>\n<tr style=\"height: 24px;\">\n<td style=\"width: 42.9878%; height: 24px;\"><strong>Toplant\u0131n\u0131n Ad\u0131<\/strong><\/td>\n<td style=\"width: 44.5783%; height: 24px;\"><strong>Tarihi ve Yeri<\/strong><\/td>\n<\/tr>\n<tr>\n<td style=\"width: 42.9878%;\">1. Acil T\u0131p Sempozyumu<\/td>\n<td style=\"width: 44.5783%;\">18-20 Eyl\u00fcl 1998, \u0130zmir<\/td>\n<\/tr>\n<tr>\n<td style=\"width: 42.9878%;\">2. Acil T\u0131p Sempozyumu MEDITECH &#8217;99<\/td>\n<td style=\"width: 44.5783%;\">30 Eyl\u00fcl-3 Ekim 1999, \u0130zmir<\/td>\n<\/tr>\n<tr>\n<td style=\"width: 42.9878%;\">3. Acil T\u0131p Sempozyumu<\/td>\n<td style=\"width: 44.5783%;\">6-8 Ekim 2000, Antalya<\/td>\n<\/tr>\n<tr>\n<td style=\"width: 42.9878%;\">4. Acil T\u0131p Sempozyumu<\/td>\n<td style=\"width: 44.5783%;\">23-25 May\u0131s 2002, Kayseri<\/td>\n<\/tr>\n<tr>\n<td style=\"width: 42.9878%;\">5. Acil T\u0131p Sempozyumu<\/td>\n<td style=\"width: 44.5783%;\">19-22 Aral\u0131k 2002, \u0130zmir<\/td>\n<\/tr>\n<tr>\n<td style=\"width: 42.9878%;\">6. Acil T\u0131p Sempozyumu<\/td>\n<td style=\"width: 44.5783%;\">27-30 May\u0131s 2003, \u0130zmir<\/td>\n<\/tr>\n<tr>\n<td style=\"width: 42.9878%;\">7. Acil T\u0131p Sempozyumu ve 1. TATKON<\/td>\n<td style=\"width: 44.5783%;\">24-27 Kas\u0131m 2004, Gaziantep<\/td>\n<\/tr>\n<tr>\n<td style=\"width: 42.9878%;\">8. Acil T\u0131p Sempozyumu<\/td>\n<td style=\"width: 44.5783%;\">26-28 May\u0131s 2005, \u0130zmir<\/td>\n<\/tr>\n<\/tbody>\n<\/table><\/div>\n","protected":false},"excerpt":{"rendered":"<p>\u00dclkemizde Acil T\u0131p ad\u0131na yap\u0131lan ilk toplant\u0131lar olup 1998 y\u0131l\u0131nda \u0130zmir&#8217;de ba\u015flam\u0131\u015ft\u0131r. 7. Sempozyum ile beraber T\u00fcrkiye Acil T\u0131p Kongresi&#8217;nin ilki ile birle\u015ftirilmi\u015ftir. 2005 y\u0131l\u0131nda 8.&#8217;si yap\u0131ld\u0131ktan sonra yap\u0131lan toplant\u0131lar&hellip;<\/p>\n","protected":false},"author":1599,"featured_media":0,"parent":9508,"menu_order":0,"comment_status":"closed","ping_status":"closed","template":"","meta":{"_acf_changed":false,"inline_featured_image":false,"_lmt_disableupdate":"","_lmt_disable":"","footnotes":""},"class_list":["post-9431","page","type-page","status-publish","hentry"],"acf":[],"_links":{"self":[{"href":"https:\/\/tatd.org.tr\/en\/wp-json\/wp\/v2\/pages\/9431","targetHints":{"allow":["GET"]}}],"collection":[{"href":"https:\/\/tatd.org.tr\/en\/wp-json\/wp\/v2\/pages"}],"about":[{"href":"https:\/\/tatd.org.tr\/en\/wp-json\/wp\/v2\/types\/page"}],"author":[{"embeddable":true,"href":"https:\/\/tatd.org.tr\/en\/wp-json\/wp\/v2\/users\/1599"}],"replies":[{"embeddable":true,"href":"https:\/\/tatd.org.tr\/en\/wp-json\/wp\/v2\/comments?post=9431"}],"version-history":[{"count":0,"href":"https:\/\/tatd.org.tr\/en\/wp-json\/wp\/v2\/pages\/9431\/revisions"}],"up":[{"embeddable":true,"href":"https:\/\/tatd.org.tr\/en\/wp-json\/wp\/v2\/pages\/9508"}],"wp:attachment":[{"href":"https:\/\/tatd.org.tr\/en\/wp-json\/wp\/v2\/media?parent=9431"}],"curies":[{"name":"wp","href":"https:\/\/api.w.org\/{rel}","templated":true}]}}