{"id":9410,"date":"2021-10-13T15:52:55","date_gmt":"2021-10-13T12:52:55","guid":{"rendered":"https:\/\/tatd.org.tr\/?page_id=9410"},"modified":"2026-03-10T16:42:28","modified_gmt":"2026-03-10T13:42:28","slug":"bildiri-kitaplari","status":"publish","type":"page","link":"https:\/\/tatd.org.tr\/en\/etkinlikler\/bildiri-kitaplari\/","title":{"rendered":"Proceedings"},"content":{"rendered":"<div class=\"pcrstb-wrap\"><table style=\"border-collapse: collapse; width: 100%;\" border=\"1\">\r\n<tbody>\r\n<tr style=\"height: 24px;\">\r\n<td style=\"width: 28.7037%; height: 24px;\"><strong>Toplant\u0131n\u0131n Ad\u0131<\/strong><\/td>\r\n<td style=\"width: 25.9259%; height: 24px;\"><strong>Tarihi ve Yeri<\/strong><\/td>\r\n<td style=\"width: 20.3704%; height: 24px;\"><strong>Kongre Ba\u015fkan\u0131 ve Sekreterleri<\/strong><\/td>\r\n<td style=\"width: 12.5%; height: 24px;\"><strong>Bildiri Kitab\u0131<\/strong><\/td>\r\n<td style=\"width: 12.5%; height: 24px;\"><strong>Sunum Videolar\u0131<\/strong><\/td>\r\n<\/tr>\r\n<tr style=\"height: 24px;\">\r\n<td style=\"width: 28.7037%; height: 24px;\">1. Acil T\u0131p Sempozyumu<\/td>\r\n<td style=\"width: 25.9259%; height: 24px;\">18-20 Eyl\u00fcl 1998, \u0130zmir<\/td>\r\n<td style=\"width: 20.3704%; height: 24px;\"><\/td>\r\n<td style=\"width: 12.5%; height: 24px;\">Bas\u0131l\u0131<\/td>\r\n<td style=\"width: 12.5%; height: 24px;\"><\/td>\r\n<\/tr>\r\n<tr style=\"height: 48px;\">\r\n<td style=\"width: 28.7037%; height: 48px;\">2. Acil T\u0131p Sempozyumu MEDITECH &#8217;99<\/td>\r\n<td style=\"width: 25.9259%; height: 48px;\">30 Eyl\u00fcl-3 Ekim 1999, \u0130zmir<\/td>\r\n<td style=\"width: 20.3704%; height: 48px;\"><\/td>\r\n<td style=\"width: 12.5%; height: 48px;\">Bas\u0131l\u0131<\/td>\r\n<td style=\"width: 12.5%; height: 48px;\"><\/td>\r\n<\/tr>\r\n<tr style=\"height: 24px;\">\r\n<td style=\"width: 28.7037%; height: 24px;\">3. Acil T\u0131p Sempozyumu<\/td>\r\n<td style=\"width: 25.9259%; height: 24px;\">6-8 Ekim 2000, Antalya<\/td>\r\n<td style=\"width: 20.3704%; height: 24px;\"><\/td>\r\n<td style=\"width: 12.5%; height: 24px;\">Bas\u0131l\u0131<\/td>\r\n<td style=\"width: 12.5%; height: 24px;\"><\/td>\r\n<\/tr>\r\n<tr style=\"height: 48px;\">\r\n<td style=\"width: 28.7037%; height: 48px;\">4. Acil T\u0131p Sempozyumu<\/td>\r\n<td style=\"width: 25.9259%; height: 48px;\">23-25 May\u0131s 2002, Kayseri<\/td>\r\n<td style=\"width: 20.3704%; height: 48px;\"><\/td>\r\n<td style=\"width: 12.5%; height: 48px;\">Bas\u0131l\u0131<\/td>\r\n<td style=\"width: 12.5%; height: 48px;\"><\/td>\r\n<\/tr>\r\n<tr style=\"height: 24px;\">\r\n<td style=\"width: 28.7037%; height: 24px;\">5. Acil T\u0131p Sempozyumu<\/td>\r\n<td style=\"width: 25.9259%; height: 24px;\">19-22 Aral\u0131k 2002, \u0130zmir<\/td>\r\n<td style=\"width: 20.3704%; height: 24px;\"><\/td>\r\n<td style=\"width: 12.5%; height: 24px;\">Bas\u0131l\u0131<\/td>\r\n<td style=\"width: 12.5%; height: 24px;\"><\/td>\r\n<\/tr>\r\n<tr style=\"height: 24px;\">\r\n<td style=\"width: 28.7037%; height: 24px;\">6. Acil T\u0131p Sempozyumu<\/td>\r\n<td style=\"width: 25.9259%; height: 24px;\">27-30 May\u0131s 2003, \u0130zmir<\/td>\r\n<td style=\"width: 20.3704%; height: 24px;\"><\/td>\r\n<td style=\"width: 12.5%; height: 24px;\">Bas\u0131l\u0131<\/td>\r\n<td style=\"width: 12.5%; height: 24px;\"><\/td>\r\n<\/tr>\r\n<tr style=\"height: 48px;\">\r\n<td style=\"width: 28.7037%; height: 48px;\">7. Acil T\u0131p Sempozyumu ve 1. Acil T\u0131p Kongresi<\/td>\r\n<td style=\"width: 25.9259%; height: 48px;\">24-27 Kas\u0131m 2004, Gaziantep<\/td>\r\n<td style=\"width: 20.3704%; height: 48px;\"><\/td>\r\n<td style=\"width: 12.5%; height: 48px;\">Bas\u0131l\u0131<\/td>\r\n<td style=\"width: 12.5%; height: 48px;\"><\/td>\r\n<\/tr>\r\n<tr style=\"height: 24px;\">\r\n<td style=\"width: 28.7037%; height: 24px;\">8. Acil T\u0131p Sempozyumu<\/td>\r\n<td style=\"width: 25.9259%; height: 24px;\">26-28 May\u0131s 2005, \u0130zmir<\/td>\r\n<td style=\"width: 20.3704%; height: 24px;\"><\/td>\r\n<td style=\"width: 12.5%; height: 24px;\">Bas\u0131l\u0131<\/td>\r\n<td style=\"width: 12.5%; height: 24px;\"><\/td>\r\n<\/tr>\r\n<tr style=\"height: 24px;\">\r\n<td style=\"width: 28.7037%; height: 24px;\">2. Acil T\u0131p Kongresi<\/td>\r\n<td style=\"width: 25.9259%; height: 24px;\">6-9 Eyl\u00fcl 2006, \u0130stanbul<\/td>\r\n<td style=\"width: 20.3704%; height: 24px;\"><\/td>\r\n<td style=\"width: 12.5%; height: 24px;\"><a class=\"btn btn-outline-primary fw-bold text-start\" href=\"https:\/\/tatd.org.tr\/wp-content\/uploads\/2021\/10\/ATK-2006-4.pdf\" target=\"_blank\" rel=\"noopener\"><i class=\"fas fa-file-pdf me-2\"><\/i>\u0130ndir<\/a><\/td>\r\n<td style=\"width: 12.5%; height: 24px;\"><\/td>\r\n<\/tr>\r\n<tr style=\"height: 24px;\">\r\n<td style=\"width: 28.7037%; height: 24px;\">3. TATKON<\/td>\r\n<td style=\"width: 25.9259%; height: 24px;\">7-10 A\u011fustos 2007, \u0130zmir<\/td>\r\n<td style=\"width: 20.3704%; height: 24px;\"><\/td>\r\n<td style=\"width: 12.5%; height: 24px;\">Bas\u0131l\u0131<\/td>\r\n<td style=\"width: 12.5%; height: 24px;\"><\/td>\r\n<\/tr>\r\n<tr style=\"height: 24px;\">\r\n<td style=\"width: 28.7037%; height: 24px;\">1. EACEM ve 4. TATKON<\/td>\r\n<td style=\"width: 25.9259%; height: 24px;\">5-9 Kas\u0131m 2008, Antalya<\/td>\r\n<td style=\"width: 20.3704%; height: 24px;\"><\/td>\r\n<td style=\"width: 12.5%; height: 24px;\">Bas\u0131l\u0131<\/td>\r\n<td style=\"width: 12.5%; height: 24px;\"><\/td>\r\n<\/tr>\r\n<tr style=\"height: 48px;\">\r\n<td style=\"width: 28.7037%; height: 48px;\">5. TATKON<\/td>\r\n<td style=\"width: 25.9259%; height: 48px;\">29 Ekim-1 Kas\u0131m 2009, Antalya<\/td>\r\n<td style=\"width: 20.3704%; height: 48px;\"><\/td>\r\n<td style=\"width: 12.5%; height: 48px;\">Bas\u0131l\u0131<\/td>\r\n<td style=\"width: 12.5%; height: 48px;\"><\/td>\r\n<\/tr>\r\n<tr style=\"height: 24px;\">\r\n<td style=\"width: 28.7037%; height: 24px;\">2. EACEM ve 6. TATKON<\/td>\r\n<td style=\"width: 25.9259%; height: 24px;\">28-31 Ekim 2010, Antalya<\/td>\r\n<td style=\"width: 20.3704%; height: 24px;\">Levent AV\u015eARO\u011eULLARI, Arif Alper \u00c7EV\u0130K, Stephan RINNERT<\/td>\r\n<td style=\"width: 12.5%; height: 24px;\">Bas\u0131l\u0131<\/td>\r\n<td style=\"width: 12.5%; height: 24px;\"><\/td>\r\n<\/tr>\r\n<tr style=\"height: 120px;\">\r\n<td style=\"width: 28.7037%; height: 120px;\">7. TATKON<\/td>\r\n<td style=\"width: 25.9259%; height: 120px;\">12-15 Ekim 2011, Trabzon<\/td>\r\n<td style=\"width: 20.3704%; height: 120px;\">Levent AV\u015eARO\u011eULLARI, Abd\u00fclkadir G\u00dcND\u00dcZ, S\u00fcleyman T\u00dcRED\u0130, S\u00fcha T\u00dcRKMEN<\/td>\r\n<td style=\"width: 12.5%; height: 120px;\">Bas\u0131l\u0131<\/td>\r\n<td style=\"width: 12.5%; height: 120px;\"><\/td>\r\n<\/tr>\r\n<tr style=\"height: 24px;\">\r\n<td style=\"width: 28.7037%; height: 24px;\">3. EACEM ve 8. TATKON<\/td>\r\n<td style=\"width: 25.9259%; height: 24px;\">18-22 Eyl\u00fcl 2012, Antalya<\/td>\r\n<td style=\"width: 20.3704%; height: 24px;\">Levent AV\u015eARO\u011eULLARI, Cem OKTAY, Stephan RINNERT, Lit-Sin QUEK, Terry MULLIGAN, Haldun AKO\u011eLU, G\u00fcl PAMUK\u00c7U, Christina BLOEM<\/td>\r\n<td style=\"width: 12.5%; height: 24px;\"><a class=\"btn btn-outline-primary fw-bold text-start\" href=\"https:\/\/tatd.org.tr\/wp-content\/uploads\/2021\/10\/3rd-EACEM-2012-4.pdf\" target=\"_blank\" rel=\"noopener\"><i class=\"fas fa-file-pdf me-2\"><\/i>\u0130ndir<\/a><\/td>\r\n<td style=\"width: 12.5%; height: 24px;\"><\/td>\r\n<\/tr>\r\n<tr style=\"height: 120px;\">\r\n<td style=\"width: 28.7037%; height: 120px;\">9.TATKON<\/td>\r\n<td style=\"width: 25.9259%; height: 120px;\">2-6 Ekim 2013, Eski\u015fehir<\/td>\r\n<td style=\"width: 20.3704%; height: 120px;\">Levent AV\u015eARO\u011eULLARI, Arif Alper \u00c7EV\u0130K, Haldun AKO\u011eLU, Nurettin \u00d6zg\u00fcr DO\u011eAN<\/td>\r\n<td style=\"width: 12.5%; height: 120px;\"><a class=\"btn btn-outline-primary fw-bold text-start\" href=\"https:\/\/tatd.org.tr\/wp-content\/uploads\/2021\/10\/TATKON-2013-4.pdf\" target=\"_blank\" rel=\"noopener\"><i class=\"fas fa-file-pdf me-2\"><\/i>\u0130ndir<\/a><\/td>\r\n<td style=\"width: 12.5%; height: 120px;\"><\/td>\r\n<\/tr>\r\n<tr style=\"height: 24px;\">\r\n<td style=\"width: 28.7037%; height: 24px;\">4. EACEM ve 10. TATKON<\/td>\r\n<td style=\"width: 25.9259%; height: 24px;\">13-16 Kas\u0131m 2014, Antalya<\/td>\r\n<td style=\"width: 20.3704%; height: 24px;\">Y\u0131ld\u0131ray \u00c7ETE, Murat ERSEL, Erkan G\u00d6KSU, Stephan RINNERT, Terry MULLIGAN, Lit-Sin QUEK<\/td>\r\n<td style=\"width: 12.5%; height: 24px;\"><a class=\"btn btn-outline-primary fw-bold text-start\" href=\"https:\/\/tatd.org.tr\/wp-content\/uploads\/2021\/10\/TATKON-2014-4.pdf\" target=\"_blank\" rel=\"noopener\"><i class=\"fas fa-file-pdf me-2\"><\/i>\u0130ndir<\/a><\/td>\r\n<td style=\"width: 12.5%; height: 24px;\"><\/td>\r\n<\/tr>\r\n<tr style=\"height: 72px;\">\r\n<td style=\"width: 28.7037%; height: 72px;\">11. TATKON<\/td>\r\n<td style=\"width: 25.9259%; height: 72px;\">26-29 Ekim 2015, KKTC<\/td>\r\n<td style=\"width: 20.3704%; height: 72px;\">Y\u0131ld\u0131ray \u00c7ETE, Mutlu KARTAL, Serkan Emre ERO\u011eLU<\/td>\r\n<td style=\"width: 12.5%; height: 72px;\"><a class=\"btn btn-outline-primary fw-bold text-start\" href=\"https:\/\/tatd.org.tr\/wp-content\/uploads\/2021\/10\/TATKON-2015-4.pdf\" target=\"_blank\" rel=\"noopener\"><i class=\"fas fa-file-pdf me-2\"><\/i>\u0130ndir<\/a><\/td>\r\n<td style=\"width: 12.5%; height: 72px;\"><a href=\"http:\/\/tatdsunumlar.com\/\">\u0130zle<\/a><\/td>\r\n<\/tr>\r\n<tr style=\"height: 48px;\">\r\n<td style=\"width: 28.7037%; height: 48px;\">4. Yaz Sempozyumu<\/td>\r\n<td style=\"width: 25.9259%; height: 48px;\">6-8 May\u0131s 2016, Antalya<\/td>\r\n<td style=\"width: 20.3704%; height: 48px;\">Y\u0131ld\u0131ray \u00c7ETE, Cem OKTAY, Ersin AKSAY, \u00d6zlem K\u00d6KSAL, Murat \u00c7ET\u0130N<\/td>\r\n<td style=\"width: 12.5%; height: 48px;\"><a class=\"btn btn-outline-primary fw-bold text-start\" href=\"https:\/\/tatd.org.tr\/wp-content\/uploads\/2021\/10\/TATD-4.-Yaz-Sempozyumu-4.pdf\" target=\"_blank\" rel=\"noopener\"><i class=\"fas fa-file-pdf me-2\"><\/i>\u0130ndir<\/a><\/td>\r\n<td style=\"width: 12.5%; height: 48px;\"><\/td>\r\n<\/tr>\r\n<tr style=\"height: 24px;\">\r\n<td style=\"width: 28.7037%; height: 24px;\">5. EACEM ve 12. TATKON<\/td>\r\n<td style=\"width: 25.9259%; height: 24px;\">10-13 Kas\u0131m 2016, Antalya<\/td>\r\n<td style=\"width: 20.3704%; height: 24px;\">Hakan TOPA\u00c7O\u011eLU, Erkan G\u00d6KSU, Stephan RINNERT, Terry MULLIGAN<\/td>\r\n<td style=\"width: 12.5%; height: 24px;\"><a class=\"btn btn-outline-primary fw-bold text-start\" href=\"https:\/\/tatd.org.tr\/wp-content\/uploads\/2021\/10\/EACEM-2016-4.pdf\" target=\"_blank\" rel=\"noopener\"><i class=\"fas fa-file-pdf me-2\"><\/i>\u0130ndir<\/a><\/td>\r\n<td style=\"width: 12.5%; height: 24px;\"><a href=\"http:\/\/tatdsunumlar.com\/\">\u0130zle<\/a><\/td>\r\n<\/tr>\r\n<tr>\r\n<td style=\"width: 28.7037%;\"><a href=\"https:\/\/tatd.org.tr\/etkinlikler\/1-trakya-acil-tip-gunleri-tekirdag\/\">1. Trakya Acil T\u0131p G\u00fcnleri<\/a><\/td>\r\n<td style=\"width: 25.9259%;\">15-16 Aral\u0131k 2016, Tekirda\u011f<\/td>\r\n<td style=\"width: 20.3704%;\">H\u00fcseyin \u015eAH\u0130N, Murat \u00c7ET\u0130N<\/td>\r\n<td style=\"width: 12.5%;\">Bildiri Al\u0131nmam\u0131\u015ft\u0131r<\/td>\r\n<td style=\"width: 12.5%;\"><\/td>\r\n<\/tr>\r\n<tr style=\"height: 24px;\">\r\n<td style=\"width: 28.7037%; height: 24px;\">1. Kurs G\u00fcnleri<\/td>\r\n<td style=\"width: 25.9259%; height: 24px;\">30 Mart &#8211; 2 Nisan 2017, Antalya<\/td>\r\n<td style=\"width: 20.3704%; height: 24px;\">Y\u0131ld\u0131ray \u00c7ETE, Ersin AKSAY<\/td>\r\n<td style=\"width: 12.5%; height: 24px;\"><a class=\"btn btn-outline-primary fw-bold text-start\" href=\"https:\/\/tatd.org.tr\/wp-content\/uploads\/2021\/10\/TATD-Kurs-Gu\u0308nleri-Kongresi-2017-4.pdf\" target=\"_blank\" rel=\"noopener\"><i class=\"fas fa-file-pdf me-2\"><\/i>\u0130ndir<\/a><\/td>\r\n<td style=\"width: 12.5%; height: 24px;\"><\/td>\r\n<\/tr>\r\n<tr style=\"height: 24px;\">\r\n<td style=\"width: 28.7037%; height: 24px;\"><a href=\"https:\/\/tatd.org.tr\/etkinlikler\/2-trakya-acil-tip-gunleri-edirne\/\">2. Trakya Acil T\u0131p G\u00fcnleri<\/a><\/td>\r\n<td style=\"width: 25.9259%; height: 24px;\">8-9 Eyl\u00fcl 2017, Edirne<\/td>\r\n<td style=\"width: 20.3704%; height: 24px;\">Mustafa Burak SAYHAN<\/td>\r\n<td style=\"width: 12.5%; height: 24px;\">Bildiri Al\u0131nmam\u0131\u015ft\u0131r<\/td>\r\n<td style=\"width: 12.5%; height: 24px;\"><\/td>\r\n<\/tr>\r\n<tr style=\"height: 72px;\">\r\n<td style=\"width: 28.7037%; height: 72px;\">9. ACEM ve 13. TATKON<\/td>\r\n<td style=\"width: 25.9259%; height: 72px;\">22-25 Kas\u0131m 2017, Antalya<\/td>\r\n<td style=\"width: 20.3704%; height: 72px;\">Y\u0131ld\u0131ray \u00c7ETE, Erkan G\u00d6KSU, Serkan Emre ERO\u011eLU, Axel SIU<\/td>\r\n<td style=\"width: 12.5%; height: 72px;\"><a class=\"btn btn-outline-primary fw-bold text-start\" href=\"https:\/\/tatd.org.tr\/wp-content\/uploads\/2021\/10\/ACEM-2017-4.pdf\" target=\"_blank\" rel=\"noopener\"><i class=\"fas fa-file-pdf me-2\"><\/i>\u0130ndir<\/a><\/td>\r\n<td style=\"width: 12.5%; height: 72px;\"><a href=\"http:\/\/tatdsunumlar.com\/\">\u0130zle<\/a><\/td>\r\n<\/tr>\r\n<tr style=\"height: 24px;\">\r\n<td style=\"width: 28.7037%; height: 24px;\">2. Kurs G\u00fcnleri<\/td>\r\n<td style=\"width: 25.9259%; height: 24px;\">5-8 Nisan 2018, Antalya<\/td>\r\n<td style=\"width: 20.3704%; height: 24px;\">Ersin AKSAY, Ne\u015fe \u00c7OLAK<\/td>\r\n<td style=\"width: 12.5%; height: 24px;\"><a class=\"btn btn-outline-primary fw-bold text-start\" href=\"https:\/\/tatd.org.tr\/wp-content\/uploads\/2021\/10\/TATD-Kurs-Gu\u0308nleri-Kongresi-2018-4.pdf\" target=\"_blank\" rel=\"noopener\"><i class=\"fas fa-file-pdf me-2\"><\/i>\u0130ndir<\/a><\/td>\r\n<td style=\"width: 12.5%; height: 24px;\"><\/td>\r\n<\/tr>\r\n<tr style=\"height: 24px;\">\r\n<td style=\"width: 28.7037%; height: 24px;\">3. Trakya Acil T\u0131p G\u00fcnleri<\/td>\r\n<td style=\"width: 25.9259%; height: 24px;\">21-23 Eyl\u00fcl 2018, \u00c7anakkale<\/td>\r\n<td style=\"width: 20.3704%; height: 24px;\">Okhan AKDUR, Ersin AKSAY<\/td>\r\n<td style=\"width: 12.5%; height: 24px;\"><a class=\"btn btn-outline-primary fw-bold text-start\" href=\"https:\/\/tatd.org.tr\/wp-content\/uploads\/2021\/10\/Trakya-Acil-Tip-Gu\u0308nleri-4.pdf\" target=\"_blank\" rel=\"noopener\"><i class=\"fas fa-file-pdf me-2\"><\/i>\u0130ndir<\/a><\/td>\r\n<td style=\"width: 12.5%; height: 24px;\"><\/td>\r\n<\/tr>\r\n<tr style=\"height: 24px;\">\r\n<td style=\"width: 28.7037%; height: 24px;\">6. EACEM ve 14. TATKON<\/td>\r\n<td style=\"width: 25.9259%; height: 24px;\">8-11 Kas\u0131m 2018, Antalya<\/td>\r\n<td style=\"width: 20.3704%; height: 24px;\">Ersin AKSAY, Ba\u015fak BAYRAM, Murat \u00c7ET\u0130N, Terry MULLIGAN, Ayhan \u00d6ZHASENEKLER, Hakan TOPA\u00c7O\u011eLU<\/td>\r\n<td style=\"width: 12.5%; height: 24px;\"><a class=\"btn btn-outline-primary fw-bold text-start\" href=\"https:\/\/tatd.org.tr\/wp-content\/uploads\/2021\/10\/EACEM-2018-4.pdf\" target=\"_blank\" rel=\"noopener\"><i class=\"fas fa-file-pdf me-2\"><\/i>\u0130ndir<\/a><\/td>\r\n<td style=\"width: 12.5%; height: 24px;\"><a href=\"http:\/\/tatdsunumlar.com\/\">\u0130zle<\/a><\/td>\r\n<\/tr>\r\n<tr style=\"height: 72px;\">\r\n<td style=\"width: 28.7037%; height: 72px;\">Acil T\u0131pta Toksikoloji Sempozyumu<\/td>\r\n<td style=\"width: 25.9259%; height: 72px;\">14-15 Aral\u0131k 2018, \u0130stanbul<\/td>\r\n<td style=\"width: 20.3704%; height: 72px;\">Arzu DEN\u0130ZBA\u015eI, Ersin AKSAY, Sinan KARACABEY, Bulut DEM\u0130REL<\/td>\r\n<td style=\"width: 12.5%; height: 72px;\"><a class=\"btn btn-outline-primary fw-bold text-start\" href=\"https:\/\/tatd.org.tr\/wp-content\/uploads\/2021\/10\/TATD-Ulusal-Acil-Tipta-Toksikoloji-Sempozyumu-4.pdf\" target=\"_blank\" rel=\"noopener\"><i class=\"fas fa-file-pdf me-2\"><\/i>\u0130ndir<\/a><\/td>\r\n<td style=\"width: 12.5%; height: 72px;\"><\/td>\r\n<\/tr>\r\n<tr style=\"height: 48px;\">\r\n<td style=\"width: 28.7037%; height: 48px;\">Acil ve Kritik Hastada Ultrasonografi Sempozyumu<\/td>\r\n<td style=\"width: 25.9259%; height: 48px;\">22-24 \u015eubat 2019, Antalya<\/td>\r\n<td style=\"width: 20.3704%; height: 48px;\">Funda K. AKARCA, Volkan ASLAN, Murat YE\u015e\u0130LARAS<\/td>\r\n<td style=\"width: 12.5%; height: 48px;\"><a class=\"btn btn-outline-primary fw-bold text-start\" href=\"https:\/\/tatd.org.tr\/wp-content\/uploads\/2021\/10\/USG-Sempozyumu-2019-4.pdf\" target=\"_blank\" rel=\"noopener\"><i class=\"fas fa-file-pdf me-2\"><\/i>\u0130ndir<\/a><\/td>\r\n<td style=\"width: 12.5%; height: 48px;\"><\/td>\r\n<\/tr>\r\n<tr style=\"height: 48px;\">\r\n<td style=\"width: 28.7037%; height: 48px;\">3. Kurs G\u00fcnleri<\/td>\r\n<td style=\"width: 25.9259%; height: 48px;\">27-30 Mart 2019, Antalya<\/td>\r\n<td style=\"width: 20.3704%; height: 48px;\">Ersin AKSAY, Orhan \u00c7INAR, Ne\u015fe \u00c7OLAK, S\u00fcleyman T\u00dcRED\u0130<\/td>\r\n<td style=\"width: 12.5%; height: 48px;\"><a class=\"btn btn-outline-primary fw-bold text-start\" href=\"https:\/\/tatd.org.tr\/wp-content\/uploads\/2021\/10\/TATD-Kurs-Gu\u0308nleri-Kongresi-2019-4.pdf\" target=\"_blank\" rel=\"noopener\"><i class=\"fas fa-file-pdf me-2\"><\/i>\u0130ndir<\/a><\/td>\r\n<td style=\"width: 12.5%; height: 48px;\"><\/td>\r\n<\/tr>\r\n<tr style=\"height: 72px;\">\r\n<td style=\"width: 28.7037%; height: 72px;\">15. TATKON<\/td>\r\n<td style=\"width: 25.9259%; height: 72px;\">21-24 Kas\u0131m 2019, Antalya<\/td>\r\n<td style=\"width: 20.3704%; height: 72px;\">Ersin AKSAY, Nurettin \u00d6zg\u00fcr DO\u011eAN, Bar\u0131\u015f Murat AYVACI<\/td>\r\n<td style=\"width: 12.5%; height: 72px;\"><a class=\"btn btn-outline-primary fw-bold text-start\" href=\"https:\/\/tatd.org.tr\/wp-content\/uploads\/2021\/10\/TATKON-2019-4.pdf\" target=\"_blank\" rel=\"noopener\"><i class=\"fas fa-file-pdf me-2\"><\/i>\u0130ndir<\/a><\/td>\r\n<td style=\"width: 12.5%; height: 72px;\"><\/td>\r\n<\/tr>\r\n<tr style=\"height: 24px;\">\r\n<td style=\"width: 28.7037%; height: 24px;\">4. Trakya Acil T\u0131p G\u00fcnleri<\/td>\r\n<td style=\"width: 25.9259%; height: 24px;\">20-22 Aral\u0131k 2019, \u0130stanbul<\/td>\r\n<td style=\"width: 20.3704%; height: 24px;\">Ersin AKSAY, \u00d6zlem D\u0130KME<\/td>\r\n<td style=\"width: 12.5%; height: 24px;\"><a class=\"btn btn-outline-primary fw-bold text-start\" href=\"https:\/\/tatd.org.tr\/wp-content\/uploads\/2021\/10\/4.-Trakya-Acil-Tip-Gu\u0308nleri-4.pdf\" target=\"_blank\" rel=\"noopener\"><i class=\"fas fa-file-pdf me-2\"><\/i>\u0130ndir<\/a><\/td>\r\n<td style=\"width: 12.5%; height: 24px;\"><\/td>\r\n<\/tr>\r\n<tr style=\"height: 48px;\">\r\n<td style=\"width: 28.7037%; height: 48px;\">4. Kurs G\u00fcnleri<\/td>\r\n<td style=\"width: 25.9259%; height: 48px;\">12-15 Mart 2020, Antalya<\/td>\r\n<td style=\"width: 20.3704%; height: 48px;\">S\u00fcleyman T\u00dcRED\u0130, \u00d6zlem D\u0130KME, Serkan Emre ERO\u011eLU<\/td>\r\n<td style=\"width: 12.5%; height: 48px;\"><a class=\"btn btn-outline-primary fw-bold text-start\" href=\"https:\/\/tatd.org.tr\/wp-content\/uploads\/2021\/10\/TATD-Kurs-Gu\u0308nleri-Kongresi-2020-4.pdf\" target=\"_blank\" rel=\"noopener\"><i class=\"fas fa-file-pdf me-2\"><\/i>\u0130ndir<\/a><\/td>\r\n<td style=\"width: 12.5%; height: 48px;\"><\/td>\r\n<\/tr>\r\n<tr style=\"height: 72px;\">\r\n<td style=\"width: 28.7037%; height: 72px;\">16. TATKONline<\/td>\r\n<td style=\"width: 25.9259%; height: 72px;\">20-22 Kas\u0131m 2020, Online<\/td>\r\n<td style=\"width: 20.3704%; height: 72px;\">S\u00fcleyman T\u00dcRED\u0130, Cem OKTAY, Erkman SANRI,\u00a0 Murat \u00c7ETN<\/td>\r\n<td style=\"width: 12.5%; height: 72px;\"><a class=\"btn btn-outline-primary fw-bold text-start\" href=\"https:\/\/tatd.org.tr\/wp-content\/uploads\/2021\/10\/TATKON-2020-4.pdf\" target=\"_blank\" rel=\"noopener\"><i class=\"fas fa-file-pdf me-2\"><\/i>\u0130ndir<\/a><\/td>\r\n<td style=\"width: 12.5%; height: 72px;\"><\/td>\r\n<\/tr>\r\n<tr style=\"height: 24px;\">\r\n<td style=\"width: 28.7037%; height: 24px;\">7. EACEM ve 17. TATKON<\/td>\r\n<td style=\"width: 25.9259%; height: 24px;\">25-27 Kas\u0131m 2021, Antalya<\/td>\r\n<td style=\"width: 20.3704%; height: 24px;\">S\u00fcleyman T\u00dcRED\u0130, R\u0131dvan AT\u0130LLA, Tamorish KOLE, Onur KARAKAYALI, M\u00fcge G\u00dcNALP ENEYL\u0130, Murat \u00c7ET\u0130N<\/td>\r\n<td style=\"width: 12.5%; height: 24px;\"><a href=\"https:\/\/eacem.org\/\">https:\/\/eacem.org\/<\/a><\/td>\r\n<td style=\"width: 12.5%; height: 24px;\"><\/td>\r\n<\/tr>\r\n<\/tbody>\r\n<\/table><\/div>","protected":false},"excerpt":{"rendered":"<p>Toplant\u0131n\u0131n Ad\u0131 Tarihi ve Yeri Kongre Ba\u015fkan\u0131 ve Sekreterleri Bildiri Kitab\u0131 Sunum Videolar\u0131 1. Acil T\u0131p Sempozyumu 18-20 Eyl\u00fcl 1998, \u0130zmir Bas\u0131l\u0131 2. Acil T\u0131p Sempozyumu MEDITECH &#8217;99 30 Eyl\u00fcl-3&hellip;<\/p>\n","protected":false},"author":1561,"featured_media":0,"parent":9324,"menu_order":0,"comment_status":"closed","ping_status":"closed","template":"","meta":{"_acf_changed":false,"inline_featured_image":false,"_lmt_disableupdate":"","_lmt_disable":"","footnotes":""},"class_list":["post-9410","page","type-page","status-publish","hentry"],"acf":[],"_links":{"self":[{"href":"https:\/\/tatd.org.tr\/en\/wp-json\/wp\/v2\/pages\/9410","targetHints":{"allow":["GET"]}}],"collection":[{"href":"https:\/\/tatd.org.tr\/en\/wp-json\/wp\/v2\/pages"}],"about":[{"href":"https:\/\/tatd.org.tr\/en\/wp-json\/wp\/v2\/types\/page"}],"author":[{"embeddable":true,"href":"https:\/\/tatd.org.tr\/en\/wp-json\/wp\/v2\/users\/1561"}],"replies":[{"embeddable":true,"href":"https:\/\/tatd.org.tr\/en\/wp-json\/wp\/v2\/comments?post=9410"}],"version-history":[{"count":0,"href":"https:\/\/tatd.org.tr\/en\/wp-json\/wp\/v2\/pages\/9410\/revisions"}],"up":[{"embeddable":true,"href":"https:\/\/tatd.org.tr\/en\/wp-json\/wp\/v2\/pages\/9324"}],"wp:attachment":[{"href":"https:\/\/tatd.org.tr\/en\/wp-json\/wp\/v2\/media?parent=9410"}],"curies":[{"name":"wp","href":"https:\/\/api.w.org\/{rel}","templated":true}]}}