{"id":9321,"date":"2021-10-06T15:01:17","date_gmt":"2021-10-06T12:01:17","guid":{"rendered":"https:\/\/tatd.org.tr\/?page_id=9321"},"modified":"2022-06-08T13:08:39","modified_gmt":"2022-06-08T10:08:39","slug":"sosyal-medya-hesaplari","status":"publish","type":"page","link":"https:\/\/tatd.org.tr\/en\/anasayfa\/sosyal-medya-hesaplari\/","title":{"rendered":"Social Media Accounts"},"content":{"rendered":"<p><\/p>\n<h3>EMERGENCY MEDICINE ASSOCIATION OF T\u00dcRK\u0130YE OFFICIAL SOCIAL MEDIA ACCOUNTS<\/h3>\n<p>Instagram: <a href=\"https:\/\/www.instagram.com\/turkiyeaciltipdernegi\" target=\"_blank\" rel=\"noopener\">@turkiyeaciltipdernegi<\/a><br \/>\nTwitter: <a href=\"https:\/\/www.twitter.com\/TrTATD\" target=\"_blank\" rel=\"noopener\">@TrTATD<\/a><\/p>\n<h3>EMERGENCY MEDICINE ASSOCIATION OF T\u00dcRK\u0130YE CONGRESSES OFFICIAL SOCIAL MEDIA ACCOUNTS<\/h3>\n<p>Instagram: <a href=\"https:\/\/www.instagram.com\/tatdkongre\" target=\"_blank\" rel=\"noopener\">@tatdkongre<\/a><br \/>\nTwitter: <a href=\"https:\/\/www.twitter.com\/tatdkongre\" target=\"_blank\" rel=\"noopener\">@tatdkongre<\/a><\/p>","protected":false},"excerpt":{"rendered":"<p>EMERGENCY MEDICINE ASSOCIATION OF T\u00dcRK\u0130YE OFFICIAL SOCIAL MEDIA ACCOUNTS Instagram: @turkiyeaciltipdernegi Twitter: @TrTATD EMERGENCY MEDICINE ASSOCIATION OF T\u00dcRK\u0130YE CONGRESSES OFFICIAL SOCIAL MEDIA ACCOUNTS Instagram: @tatdkongre Twitter: @tatdkongre<\/p>\n","protected":false},"author":1599,"featured_media":0,"parent":16357,"menu_order":3,"comment_status":"closed","ping_status":"closed","template":"","meta":{"_acf_changed":false,"inline_featured_image":false,"_lmt_disableupdate":"","_lmt_disable":"","footnotes":""},"class_list":["post-9321","page","type-page","status-publish","hentry"],"acf":[],"_links":{"self":[{"href":"https:\/\/tatd.org.tr\/en\/wp-json\/wp\/v2\/pages\/9321","targetHints":{"allow":["GET"]}}],"collection":[{"href":"https:\/\/tatd.org.tr\/en\/wp-json\/wp\/v2\/pages"}],"about":[{"href":"https:\/\/tatd.org.tr\/en\/wp-json\/wp\/v2\/types\/page"}],"author":[{"embeddable":true,"href":"https:\/\/tatd.org.tr\/en\/wp-json\/wp\/v2\/users\/1599"}],"replies":[{"embeddable":true,"href":"https:\/\/tatd.org.tr\/en\/wp-json\/wp\/v2\/comments?post=9321"}],"version-history":[{"count":0,"href":"https:\/\/tatd.org.tr\/en\/wp-json\/wp\/v2\/pages\/9321\/revisions"}],"up":[{"embeddable":true,"href":"https:\/\/tatd.org.tr\/en\/wp-json\/wp\/v2\/pages\/16357"}],"wp:attachment":[{"href":"https:\/\/tatd.org.tr\/en\/wp-json\/wp\/v2\/media?parent=9321"}],"curies":[{"name":"wp","href":"https:\/\/api.w.org\/{rel}","templated":true}]}}