{"id":9304,"date":"2021-10-06T14:45:08","date_gmt":"2021-10-06T11:45:08","guid":{"rendered":"https:\/\/tatd.org.tr\/?page_id=9304"},"modified":"2022-08-26T09:26:10","modified_gmt":"2022-08-26T06:26:10","slug":"adres","status":"publish","type":"page","link":"https:\/\/tatd.org.tr\/en\/anasayfa\/adres\/","title":{"rendered":"Address"},"content":{"rendered":"<p>Mustafa Kemal Mah. Dumlup\u0131nar Bulvar\u0131. No: 274<br \/>\nMahall Ankara, F Blok, Daire No: 8<br \/>\n\u00c7ankaya\/ANKARA\/T\u00dcRK\u0130YE<\/p>","protected":false},"excerpt":{"rendered":"<p>Mustafa Kemal Mah. Dumlup\u0131nar Bulvar\u0131. No: 274 Mahall Ankara, F Blok, Daire No: 8 \u00c7ankaya\/ANKARA\/T\u00dcRK\u0130YE<\/p>\n","protected":false},"author":1599,"featured_media":0,"parent":16357,"menu_order":2,"comment_status":"closed","ping_status":"closed","template":"","meta":{"_acf_changed":false,"inline_featured_image":false,"_lmt_disableupdate":"","_lmt_disable":"","footnotes":""},"class_list":["post-9304","page","type-page","status-publish","hentry"],"acf":[],"_links":{"self":[{"href":"https:\/\/tatd.org.tr\/en\/wp-json\/wp\/v2\/pages\/9304","targetHints":{"allow":["GET"]}}],"collection":[{"href":"https:\/\/tatd.org.tr\/en\/wp-json\/wp\/v2\/pages"}],"about":[{"href":"https:\/\/tatd.org.tr\/en\/wp-json\/wp\/v2\/types\/page"}],"author":[{"embeddable":true,"href":"https:\/\/tatd.org.tr\/en\/wp-json\/wp\/v2\/users\/1599"}],"replies":[{"embeddable":true,"href":"https:\/\/tatd.org.tr\/en\/wp-json\/wp\/v2\/comments?post=9304"}],"version-history":[{"count":0,"href":"https:\/\/tatd.org.tr\/en\/wp-json\/wp\/v2\/pages\/9304\/revisions"}],"up":[{"embeddable":true,"href":"https:\/\/tatd.org.tr\/en\/wp-json\/wp\/v2\/pages\/16357"}],"wp:attachment":[{"href":"https:\/\/tatd.org.tr\/en\/wp-json\/wp\/v2\/media?parent=9304"}],"curies":[{"name":"wp","href":"https:\/\/api.w.org\/{rel}","templated":true}]}}