{"id":9300,"date":"2021-10-06T14:42:00","date_gmt":"2021-10-06T11:42:00","guid":{"rendered":"https:\/\/tatd.org.tr\/?page_id=9300"},"modified":"2021-12-11T17:29:08","modified_gmt":"2021-12-11T14:29:08","slug":"banka-hesap-bilgileri","status":"publish","type":"page","link":"https:\/\/tatd.org.tr\/en\/anasayfa\/banka-hesap-bilgileri\/","title":{"rendered":"Bank Accounts"},"content":{"rendered":"<p>T\u00dcRK\u0130YE AC\u0130L TIP DERNE\u011e\u0130 (Membership Fees)<br \/>\nF\u0130NANSBANK &#8211; \u00c7AYYOLU \u015eUBES\u0130<br \/>\nIBAN: TR43 0011 1000 0000 0001 9509 86<\/p>\n<hr \/>\n<p>T\u00dcRK\u0130YE AC\u0130L TIP DERNE\u011e\u0130 \u0130KT\u0130SAD\u0130 \u0130\u015eLETMES\u0130 (Event Payments)<br \/>\nTEB &#8211; NATO YOLU \u015eUBES\u0130<br \/>\nIBAN: TR02 0003 2000 0000 0061 3753 74<\/p>","protected":false},"excerpt":{"rendered":"<p>T\u00dcRK\u0130YE AC\u0130L TIP DERNE\u011e\u0130 (Membership Fees) F\u0130NANSBANK &#8211; \u00c7AYYOLU \u015eUBES\u0130 IBAN: TR43 0011 1000 0000 0001 9509 86 T\u00dcRK\u0130YE AC\u0130L TIP DERNE\u011e\u0130 \u0130KT\u0130SAD\u0130 \u0130\u015eLETMES\u0130 (Event Payments) TEB &#8211; NATO YOLU&hellip;<\/p>\n","protected":false},"author":1599,"featured_media":0,"parent":16357,"menu_order":1,"comment_status":"closed","ping_status":"closed","template":"","meta":{"_acf_changed":false,"inline_featured_image":false,"_lmt_disableupdate":"","_lmt_disable":"","footnotes":""},"class_list":["post-9300","page","type-page","status-publish","hentry"],"acf":[],"_links":{"self":[{"href":"https:\/\/tatd.org.tr\/en\/wp-json\/wp\/v2\/pages\/9300","targetHints":{"allow":["GET"]}}],"collection":[{"href":"https:\/\/tatd.org.tr\/en\/wp-json\/wp\/v2\/pages"}],"about":[{"href":"https:\/\/tatd.org.tr\/en\/wp-json\/wp\/v2\/types\/page"}],"author":[{"embeddable":true,"href":"https:\/\/tatd.org.tr\/en\/wp-json\/wp\/v2\/users\/1599"}],"replies":[{"embeddable":true,"href":"https:\/\/tatd.org.tr\/en\/wp-json\/wp\/v2\/comments?post=9300"}],"version-history":[{"count":0,"href":"https:\/\/tatd.org.tr\/en\/wp-json\/wp\/v2\/pages\/9300\/revisions"}],"up":[{"embeddable":true,"href":"https:\/\/tatd.org.tr\/en\/wp-json\/wp\/v2\/pages\/16357"}],"wp:attachment":[{"href":"https:\/\/tatd.org.tr\/en\/wp-json\/wp\/v2\/media?parent=9300"}],"curies":[{"name":"wp","href":"https:\/\/api.w.org\/{rel}","templated":true}]}}