{"id":9292,"date":"2021-10-06T14:18:24","date_gmt":"2021-10-06T11:18:24","guid":{"rendered":"https:\/\/tatd.org.tr\/?page_id=9292"},"modified":"2024-06-22T13:58:47","modified_gmt":"2024-06-22T10:58:47","slug":"e-posta-rehberi","status":"publish","type":"page","link":"https:\/\/tatd.org.tr\/en\/e-posta-rehberi\/","title":{"rendered":"E-mail Directory"},"content":{"rendered":"<p><\/p>\n<div class=\"pcrstb-wrap\"><table style=\"width: 100%; border-collapse: collapse; border-style: solid; border-color: #000000;\" border=\"1\">\n<tbody>\n<tr style=\"height: 24px;\">\n<td style=\"width: 33.3333%; height: 24px;\"><strong>Alan<\/strong><\/td>\n<td style=\"width: 33.3333%; height: 24px;\"><strong>Grup E-postas\u0131<\/strong><\/td>\n<td style=\"width: 33.3333%; height: 24px;\"><strong>E-posta @tatd.org.tr<\/strong><\/td>\n<\/tr>\n<tr style=\"height: 24px;\">\n<td style=\"width: 33.3333%; height: 24px;\"><strong>Kurumsal \u0130leti\u015fim\u00a0<\/strong><\/td>\n<td style=\"width: 33.3333%; height: 24px;\"><strong>Kurumsal \u0130leti\u015fim Sorumlusu<\/strong><\/td>\n<td style=\"width: 33.3333%; height: 24px;\"><strong><a href=\"mailto:bilgi@tatd.org.tr\">bilgi@tatd.org.tr<\/a><\/strong><\/td>\n<\/tr>\n<tr style=\"height: 24px;\">\n<td style=\"width: 99.9999%; height: 24px;\" colspan=\"3\"><em>T\u00fcm genel ileti\u015fim ve talepleriniz i\u00e7in yukar\u0131da e-postay\u0131 kullan\u0131n\u0131z!<\/em><\/td>\n<\/tr>\n<tr style=\"height: 24px;\">\n<td style=\"width: 33.3333%; height: 24px;\"><strong>Kurullar<\/strong><\/td>\n<td style=\"width: 33.3333%; height: 24px;\">14. Y\u00f6netim Kurulu<\/td>\n<td style=\"width: 33.3333%; height: 24px;\" data-sheets-value=\"{&quot;1&quot;:2,&quot;2&quot;:&quot;14yk@tatd.org.tr&quot;}\"><a href=\"mailto:14yk@tatd.org.tr\">14yk@tatd.org.tr<\/a><\/td>\n<\/tr>\n<tr style=\"height: 24px;\">\n<td style=\"width: 33.3333%; height: 24px;\"><\/td>\n<td style=\"width: 33.3333%; height: 24px;\">TATD Ba\u015fkanl\u0131\u011f\u0131<\/td>\n<td style=\"width: 33.3333%; height: 24px;\" data-sheets-value=\"{&quot;1&quot;:2,&quot;2&quot;:&quot;baskan@tatd.org.tr&quot;}\"><a href=\"mailto:baskan@tatd.org.tr\">baskan@tatd.org.tr<\/a><\/td>\n<\/tr>\n<tr style=\"height: 24px;\">\n<td style=\"width: 33.3333%; height: 24px;\"><\/td>\n<td style=\"width: 33.3333%; height: 24px;\">Denetleme Kurulu<\/td>\n<td style=\"width: 33.3333%; height: 24px;\" data-sheets-value=\"{&quot;1&quot;:2,&quot;2&quot;:&quot;denetlemekurulu@tatd.org.tr&quot;}\"><a href=\"mailto:denetlemekurulu@tatd.org.tr\">denetlemekurulu@tatd.org.tr<\/a><\/td>\n<\/tr>\n<tr style=\"height: 24px;\">\n<td style=\"width: 33.3333%; height: 24px;\"><\/td>\n<td style=\"width: 33.3333%; height: 24px;\">Onur Kurulu<\/td>\n<td style=\"width: 33.3333%; height: 24px;\" data-sheets-value=\"{&quot;1&quot;:2,&quot;2&quot;:&quot;onurkurulu@tatd.org.tr&quot;}\"><a href=\"mailto:onurkurulu@tatd.org.tr\">onurkurulu@tatd.org.tr<\/a><\/td>\n<\/tr>\n<tr style=\"height: 24px;\">\n<td style=\"width: 33.3333%; height: 24px;\"><strong>Komisyonlar<\/strong><\/td>\n<td style=\"width: 33.3333%; height: 24px;\" data-sheets-value=\"{&quot;1&quot;:2,&quot;2&quot;:&quot;Ara\u015ft\u0131rma&quot;}\">Ara\u015ft\u0131rma<\/td>\n<td style=\"width: 33.3333%; height: 24px;\" data-sheets-value=\"{&quot;1&quot;:2,&quot;2&quot;:&quot;arastirma@tatd.org.tr&quot;}\"><a href=\"mailto:arastirma@tatd.org.tr\">arastirma@tatd.org.tr<\/a><\/td>\n<\/tr>\n<tr style=\"height: 24px;\">\n<td style=\"width: 33.3333%; height: 24px;\"><\/td>\n<td style=\"width: 33.3333%; height: 24px;\">&#8211; Klinik Politika Rehberleri<\/td>\n<td style=\"width: 33.3333%; height: 24px;\"><a href=\"mailto:rehber@tatd.org.tr\">rehber@tatd.org.tr<\/a><\/td>\n<\/tr>\n<tr style=\"height: 24px;\">\n<td style=\"width: 33.3333%; height: 24px;\"><\/td>\n<td style=\"width: 33.3333%; height: 24px;\" data-sheets-value=\"{&quot;1&quot;:2,&quot;2&quot;:&quot;Etik ve Hukuk&quot;}\">Etik ve Hukuk<\/td>\n<td style=\"width: 33.3333%; height: 24px;\" data-sheets-value=\"{&quot;1&quot;:2,&quot;2&quot;:&quot;etik@tatd.org.tr&quot;}\"><a href=\"mailto:etik@tatd.org.tr\">etik@tatd.org.tr<\/a><\/td>\n<\/tr>\n<tr style=\"height: 24px;\">\n<td style=\"width: 33.3333%; height: 24px;\"><\/td>\n<td style=\"width: 33.3333%; height: 24px;\" data-sheets-value=\"{&quot;1&quot;:2,&quot;2&quot;:&quot;E\u011fitim&quot;}\">E\u011fitim<\/td>\n<td style=\"width: 33.3333%; height: 24px;\" data-sheets-value=\"{&quot;1&quot;:2,&quot;2&quot;:&quot;egitim@tatd.org.tr&quot;}\"><a href=\"mailto:egitim@tatd.org.tr\">egitim@tatd.org.tr<\/a><\/td>\n<\/tr>\n<tr style=\"height: 24px;\">\n<td style=\"width: 33.3333%; height: 24px;\"><\/td>\n<td style=\"width: 33.3333%; height: 24px;\" data-sheets-value=\"{&quot;1&quot;:2,&quot;2&quot;:&quot;Hastane \u00d6ncesi&quot;}\">Hastane \u00d6ncesi<\/td>\n<td style=\"width: 33.3333%; height: 24px;\" data-sheets-value=\"{&quot;1&quot;:2,&quot;2&quot;:&quot;hastaneoncesi@tatd.org.tr&quot;}\"><a href=\"mailto:hastaneoncesi@tatd.org.tr\">hastaneoncesi@tatd.org.tr<\/a><\/td>\n<\/tr>\n<tr style=\"height: 24px;\">\n<td style=\"width: 33.3333%; height: 24px;\"><\/td>\n<td style=\"width: 33.3333%; height: 24px;\" data-sheets-value=\"{&quot;1&quot;:2,&quot;2&quot;:&quot;Medya&quot;}\">Medya<\/td>\n<td style=\"width: 33.3333%; height: 24px;\" data-sheets-value=\"{&quot;1&quot;:2,&quot;2&quot;:&quot;medya@tatd.org.tr&quot;}\"><a href=\"mailto:medya@tatd.org.tr\">medya@tatd.org.tr<\/a><\/td>\n<\/tr>\n<tr style=\"height: 24px;\">\n<td style=\"width: 33.3333%; height: 24px;\"><\/td>\n<td style=\"width: 33.3333%; height: 24px;\" data-sheets-value=\"{&quot;1&quot;:2,&quot;2&quot;:&quot;Uluslararas\u0131&quot;}\">Uluslararas\u0131<\/td>\n<td style=\"width: 33.3333%; height: 24px;\" data-sheets-value=\"{&quot;1&quot;:2,&quot;2&quot;:&quot;international@tatd.org.tr&quot;}\"><a href=\"mailto:international@tatd.org.tr\">international@tatd.org.tr<\/a><\/td>\n<\/tr>\n<tr style=\"height: 24px;\">\n<td style=\"width: 33.3333%; height: 24px;\"><\/td>\n<td style=\"width: 33.3333%; height: 24px;\" data-sheets-value=\"{&quot;1&quot;:2,&quot;2&quot;:&quot;Uzmanl\u0131k&quot;}\">Uzmanl\u0131k<\/td>\n<td style=\"width: 33.3333%; height: 24px;\" data-sheets-value=\"{&quot;1&quot;:2,&quot;2&quot;:&quot;uzmanlik@tatd.org.tr&quot;}\"><a href=\"mailto:uzmanlik@tatd.org.tr\">uzmanlik@tatd.org.tr<\/a><\/td>\n<\/tr>\n<tr style=\"height: 24px;\">\n<td style=\"width: 33.3333%; height: 24px;\"><\/td>\n<td style=\"width: 33.3333%; height: 24px;\" data-sheets-value=\"{&quot;1&quot;:2,&quot;2&quot;:&quot;-- Kad\u0131n&quot;}\">&#8211; Kad\u0131n<\/td>\n<td style=\"width: 33.3333%; height: 24px;\" data-sheets-value=\"{&quot;1&quot;:2,&quot;2&quot;:&quot;kadin@tatd.org.tr&quot;}\"><a href=\"mailto:kadin@tatd.org.tr\">kadin@tatd.org.tr<\/a><\/td>\n<\/tr>\n<tr style=\"height: 24px;\">\n<td style=\"width: 33.3333%; height: 24px;\"><\/td>\n<td style=\"width: 33.3333%; height: 24px;\" data-sheets-value=\"{&quot;1&quot;:2,&quot;2&quot;:&quot;-- ATAB&quot;}\">&#8211; Acil T\u0131p Asistan Birli\u011fi (ATAB)<\/td>\n<td style=\"width: 33.3333%; height: 24px;\" data-sheets-value=\"{&quot;1&quot;:2,&quot;2&quot;:&quot;atab@tatd.org.tr&quot;}\"><a href=\"mailto:atab@tatd.org.tr\">atab@tatd.org.tr<\/a><\/td>\n<\/tr>\n<tr style=\"height: 24px;\">\n<td style=\"width: 33.3333%; height: 24px;\"><\/td>\n<td style=\"width: 33.3333%; height: 24px;\" data-sheets-value=\"{&quot;1&quot;:2,&quot;2&quot;:&quot;Yay\u0131n&quot;}\">Yay\u0131n<\/td>\n<td style=\"width: 33.3333%; height: 24px;\" data-sheets-value=\"{&quot;1&quot;:2,&quot;2&quot;:&quot;yayin@tatd.org.tr&quot;}\"><a href=\"mailto:yayin@tatd.org.tr\">yayin@tatd.org.tr<\/a><\/td>\n<\/tr>\n<tr style=\"height: 24px;\">\n<td style=\"width: 33.3333%; height: 24px;\"><strong>Dergiler<\/strong><\/td>\n<td style=\"width: 33.3333%; height: 24px;\">Anadolu Acil T\u0131p Dergisi<\/td>\n<td style=\"width: 33.3333%; height: 24px;\" data-sheets-value=\"{&quot;1&quot;:2,&quot;2&quot;:&quot;anatolianjem@tatd.org.tr&quot;}\"><a href=\"mailto:anatolianjem@tatd.org.tr\">anatolianjem@tatd.org.tr<\/a><\/td>\n<\/tr>\n<tr style=\"height: 24px;\">\n<td style=\"width: 33.3333%; height: 24px;\"><\/td>\n<td style=\"width: 33.3333%; height: 24px;\">T\u00fcrkiye Acil T\u0131p Dergisi<\/td>\n<td style=\"width: 33.3333%; height: 24px;\" data-sheets-value=\"{&quot;1&quot;:2,&quot;2&quot;:&quot;turkjem@tatd.org.tr&quot;}\"><a href=\"mailto:turkjem@tatd.org.tr\">turkjem@tatd.org.tr<\/a><\/td>\n<\/tr>\n<tr style=\"height: 24px;\">\n<td style=\"width: 33.3333%; height: 24px;\"><\/td>\n<td style=\"width: 33.3333%; height: 24px;\">Acil T\u0131p B\u00fclteni<\/td>\n<td style=\"width: 33.3333%; height: 24px;\"><a href=\"mailto:bulten@tatd.org.tr\">bulten@tatd.org.tr<\/a><\/td>\n<\/tr>\n<tr style=\"height: 24px;\">\n<td style=\"width: 33.3333%; height: 24px;\"><strong>\u00c7al\u0131\u015fma Gruplar\u0131<\/strong><\/td>\n<td style=\"width: 33.3333%; height: 24px;\">Afet<\/td>\n<td style=\"width: 33.3333%; height: 24px;\" data-sheets-value=\"{&quot;1&quot;:2,&quot;2&quot;:&quot;afet@tatd.org.tr&quot;}\"><a href=\"mailto:afet@tatd.org.tr\">afet@tatd.org.tr<\/a><\/td>\n<\/tr>\n<tr style=\"height: 24px;\">\n<td style=\"width: 33.3333%; height: 24px;\"><\/td>\n<td style=\"width: 33.3333%; height: 24px;\">Acil T\u0131p Akademisi (ATAK)<\/td>\n<td style=\"width: 33.3333%; height: 24px;\" data-sheets-value=\"{&quot;1&quot;:2,&quot;2&quot;:&quot;atak@tatd.org.tr&quot;}\"><a href=\"mailto:atak@tatd.org.tr\">atak@tatd.org.tr<\/a><\/td>\n<\/tr>\n<tr style=\"height: 24px;\">\n<td style=\"width: 33.3333%; height: 24px;\"><\/td>\n<td style=\"width: 33.3333%; height: 24px;\">\u00c7ocuk Acil T\u0131p<\/td>\n<td style=\"width: 33.3333%; height: 24px;\" data-sheets-value=\"{&quot;1&quot;:2,&quot;2&quot;:&quot;cocuk@tatd.org.tr&quot;}\"><a href=\"mailto:cocuk@tatd.org.tr\">cocuk@tatd.org.tr<\/a><\/td>\n<\/tr>\n<tr style=\"height: 24px;\">\n<td style=\"width: 33.3333%; height: 24px;\"><\/td>\n<td style=\"width: 33.3333%; height: 24px;\">Do\u011fa T\u0131bb\u0131 (TATDo\u011fa)<\/td>\n<td style=\"width: 33.3333%; height: 24px;\" data-sheets-value=\"{&quot;1&quot;:2,&quot;2&quot;:&quot;doga@tatd.org.tr&quot;}\"><a href=\"mailto:doga@tatd.org.tr\">doga@tatd.org.tr<\/a><\/td>\n<\/tr>\n<tr style=\"height: 24px;\">\n<td style=\"width: 33.3333%; height: 24px;\"><\/td>\n<td style=\"width: 33.3333%; height: 24px;\">EMPACT<\/td>\n<td style=\"width: 33.3333%; height: 24px;\" data-sheets-value=\"{&quot;1&quot;:2,&quot;2&quot;:&quot;empact@tatd.org.tr&quot;}\"><a href=\"mailto:empact@tatd.org.tr\">empact@tatd.org.tr<\/a><\/td>\n<\/tr>\n<tr style=\"height: 24px;\">\n<td style=\"width: 33.3333%; height: 24px;\"><\/td>\n<td style=\"width: 33.3333%; height: 24px;\">Geriyatrik Acil T\u0131p<\/td>\n<td style=\"width: 33.3333%; height: 24px;\" data-sheets-value=\"{&quot;1&quot;:2,&quot;2&quot;:&quot;geriatri@tatd.org.tr&quot;}\"><a href=\"mailto:geriatri@tatd.org.tr\">geriatri@tatd.org.tr<\/a><\/td>\n<\/tr>\n<tr style=\"height: 24px;\">\n<td style=\"width: 33.3333%; height: 24px;\"><\/td>\n<td style=\"width: 33.3333%; height: 24px;\">Havadan T\u0131bbi Nakil<\/td>\n<td style=\"width: 33.3333%; height: 24px;\" data-sheets-value=\"{&quot;1&quot;:2,&quot;2&quot;:&quot;htn@tatd.org.tr&quot;}\"><a href=\"mailto:htn@tatd.org.tr\">htn@tatd.org.tr<\/a><\/td>\n<\/tr>\n<tr style=\"height: 24px;\">\n<td style=\"width: 33.3333%; height: 24px;\"><\/td>\n<td style=\"width: 33.3333%; height: 24px;\">Havayolu<\/td>\n<td style=\"width: 33.3333%; height: 24px;\" data-sheets-value=\"{&quot;1&quot;:2,&quot;2&quot;:&quot;havayolu@tatd.org.tr&quot;}\"><a href=\"mailto:havayolu@tatd.org.tr\">havayolu@tatd.org.tr<\/a><\/td>\n<\/tr>\n<tr style=\"height: 24px;\">\n<td style=\"width: 33.3333%; height: 24px;\"><\/td>\n<td style=\"width: 33.3333%; height: 24px;\">Kritik Bak\u0131m<\/td>\n<td style=\"width: 33.3333%; height: 24px;\" data-sheets-value=\"{&quot;1&quot;:2,&quot;2&quot;:&quot;kritikbakim@tatd.org.tr&quot;}\"><a href=\"mailto:kritikbakim@tatd.org.tr\">kritikbakim@tatd.org.tr<\/a><\/td>\n<\/tr>\n<tr style=\"height: 24px;\">\n<td style=\"width: 33.3333%; height: 24px;\"><\/td>\n<td style=\"width: 33.3333%; height: 24px;\">Proje ve \u0130novasyon (AT\u0130)<\/td>\n<td style=\"width: 33.3333%; height: 24px;\" data-sheets-value=\"{&quot;1&quot;:2,&quot;2&quot;:&quot;proje@tatd.org.tr&quot;}\"><a href=\"mailto:proje@tatd.org.tr\">proje@tatd.org.tr<\/a><\/td>\n<\/tr>\n<tr style=\"height: 24px;\">\n<td style=\"width: 33.3333%; height: 24px;\"><\/td>\n<td style=\"width: 33.3333%; height: 24px;\">Res\u00fcsitasyon<\/td>\n<td style=\"width: 33.3333%; height: 24px;\" data-sheets-value=\"{&quot;1&quot;:2,&quot;2&quot;:&quot;resusitasyon@tatd.org.tr&quot;}\"><a href=\"mailto:resusitasyon@tatd.org.tr\">resusitasyon@tatd.org.tr<\/a><\/td>\n<\/tr>\n<tr style=\"height: 24px;\">\n<td style=\"width: 33.3333%; height: 24px;\"><\/td>\n<td style=\"width: 33.3333%; height: 24px;\">Sa\u011fl\u0131kl\u0131 Ya\u015fam (TATDHayat)<\/td>\n<td style=\"width: 33.3333%; height: 24px;\" data-sheets-value=\"{&quot;1&quot;:2,&quot;2&quot;:&quot;tatdhayat@tatd.org.tr&quot;}\"><a href=\"mailto:tatdhayat@tatd.org.tr\">tatdhayat@tatd.org.tr<\/a><\/td>\n<\/tr>\n<tr style=\"height: 24px;\">\n<td style=\"width: 33.3333%; height: 24px;\"><\/td>\n<td style=\"width: 33.3333%; height: 24px;\">Taktik T\u0131bbi<\/td>\n<td style=\"width: 33.3333%; height: 24px;\" data-sheets-value=\"{&quot;1&quot;:2,&quot;2&quot;:&quot;taktik@tatd.org.tr&quot;}\"><a href=\"mailto:taktik@tatd.org.tr\">taktik@tatd.org.tr<\/a><\/td>\n<\/tr>\n<tr style=\"height: 24px;\">\n<td style=\"width: 33.3333%; height: 24px;\"><\/td>\n<td style=\"width: 33.3333%; height: 24px;\">Ultrasonografi (TATDUS)<\/td>\n<td style=\"width: 33.3333%; height: 24px;\" data-sheets-value=\"{&quot;1&quot;:2,&quot;2&quot;:&quot;tatdus@tatd.org.tr&quot;}\"><a href=\"mailto:tatdus@tatd.org.tr\">tatdus@tatd.org.tr<\/a><\/td>\n<\/tr>\n<tr style=\"height: 24px;\">\n<td style=\"width: 33.3333%; height: 24px;\"><\/td>\n<td style=\"width: 33.3333%; height: 24px;\">Toksikoloji (TATDToks)<\/td>\n<td style=\"width: 33.3333%; height: 24px;\" data-sheets-value=\"{&quot;1&quot;:2,&quot;2&quot;:&quot;toksikoloji@tatd.org.tr&quot;}\"><a href=\"mailto:toksikoloji@tatd.org.tr\">toksikoloji@tatd.org.tr<\/a><\/td>\n<\/tr>\n<tr style=\"height: 24px;\">\n<td style=\"width: 33.3333%; height: 24px;\"><\/td>\n<td style=\"width: 33.3333%; height: 24px;\">Travma<\/td>\n<td style=\"width: 33.3333%; height: 24px;\" data-sheets-value=\"{&quot;1&quot;:2,&quot;2&quot;:&quot;travma@tatd.org.tr&quot;}\"><a href=\"mailto:travma@tatd.org.tr\">travma@tatd.org.tr<\/a><\/td>\n<\/tr>\n<tr style=\"height: 24px;\">\n<td style=\"width: 33.3333%; height: 24px;\"><\/td>\n<td style=\"width: 33.3333%; height: 24px;\">Medikal Sim\u00fclasyon<\/td>\n<td style=\"width: 33.3333%; height: 24px;\" data-sheets-value=\"{&quot;1&quot;:2,&quot;2&quot;:&quot;medsim@tatd.org.tr&quot;}\"><a href=\"mailto:medsim@tatd.org.tr\">medsim@tatd.org.tr<\/a><\/td>\n<\/tr>\n<tr style=\"height: 24px;\">\n<td style=\"width: 33.3333%; height: 24px;\"><\/td>\n<td style=\"width: 33.3333%; height: 24px;\">Telet\u0131p ve T\u0131bbi Bili\u015fim<\/td>\n<td style=\"width: 33.3333%; height: 24px;\" data-sheets-value=\"{&quot;1&quot;:2,&quot;2&quot;:&quot;teletip@tatd.org.tr&quot;}\"><a href=\"mailto:teletip@tatd.org.tr\">teletip@tatd.org.tr<\/a><\/td>\n<\/tr>\n<tr>\n<td style=\"width: 33.3333%;\"><strong>Teknik Destek<\/strong><\/td>\n<td style=\"width: 33.3333%;\">E-posta ve Kurumsal Bulut Sistemi<\/td>\n<td style=\"width: 33.3333%;\"><a href=\"mailto:destek@tatd.org.tr\">destek@tatd.org.tr<\/a><\/td>\n<\/tr>\n<\/tbody>\n<\/table><\/div>\n<p><\/p>","protected":false},"excerpt":{"rendered":"<p>Alan Grup E-postas\u0131 E-posta @tatd.org.tr Kurumsal \u0130leti\u015fim\u00a0 Kurumsal \u0130leti\u015fim Sorumlusu bilgi@tatd.org.tr T\u00fcm genel ileti\u015fim ve talepleriniz i\u00e7in yukar\u0131da e-postay\u0131 kullan\u0131n\u0131z! Kurullar 14. Y\u00f6netim Kurulu 14yk@tatd.org.tr TATD Ba\u015fkanl\u0131\u011f\u0131 baskan@tatd.org.tr Denetleme Kurulu&hellip;<\/p>\n","protected":false},"author":1599,"featured_media":0,"parent":0,"menu_order":8,"comment_status":"closed","ping_status":"closed","template":"","meta":{"_acf_changed":false,"inline_featured_image":false,"_lmt_disableupdate":"","_lmt_disable":"","footnotes":""},"class_list":["post-9292","page","type-page","status-publish","hentry"],"acf":[],"_links":{"self":[{"href":"https:\/\/tatd.org.tr\/en\/wp-json\/wp\/v2\/pages\/9292","targetHints":{"allow":["GET"]}}],"collection":[{"href":"https:\/\/tatd.org.tr\/en\/wp-json\/wp\/v2\/pages"}],"about":[{"href":"https:\/\/tatd.org.tr\/en\/wp-json\/wp\/v2\/types\/page"}],"author":[{"embeddable":true,"href":"https:\/\/tatd.org.tr\/en\/wp-json\/wp\/v2\/users\/1599"}],"replies":[{"embeddable":true,"href":"https:\/\/tatd.org.tr\/en\/wp-json\/wp\/v2\/comments?post=9292"}],"version-history":[{"count":0,"href":"https:\/\/tatd.org.tr\/en\/wp-json\/wp\/v2\/pages\/9292\/revisions"}],"wp:attachment":[{"href":"https:\/\/tatd.org.tr\/en\/wp-json\/wp\/v2\/media?parent=9292"}],"curies":[{"name":"wp","href":"https:\/\/api.w.org\/{rel}","templated":true}]}}