{"id":9266,"date":"2021-10-06T13:17:26","date_gmt":"2021-10-06T10:17:26","guid":{"rendered":"https:\/\/tatd.org.tr\/?page_id=9266"},"modified":"2021-10-06T13:17:26","modified_gmt":"2021-10-06T10:17:26","slug":"tukmos-belgeleri","status":"publish","type":"page","link":"https:\/\/tatd.org.tr\/en\/belgeler\/resmi-belgeler\/tukmos-belgeleri\/","title":{"rendered":"TUKMOS Belgeleri"},"content":{"rendered":"<p><a class=\"btn btn-outline-primary fw-bold text-start\" href=\"https:\/\/tatd.org.tr\/wp-content\/uploads\/2021\/06\/ACI\u0307L-TIP-Uzmanlik-Eg\u0306itimi-C\u0327ekirdek-Mu\u0308fredati-4.pdf\" target=\"_blank\" rel=\"noopener\">Acil T\u0131p Uzmanl\u0131k E\u011fitimi \u00c7ekirdek M\u00fcfredat (3,96 MB)<\/a><\/p>\n","protected":false},"excerpt":{"rendered":"<p>Acil T\u0131p Uzmanl\u0131k E\u011fitimi \u00c7ekirdek M\u00fcfredat (3,96 MB)<\/p>\n","protected":false},"author":1599,"featured_media":0,"parent":239,"menu_order":2,"comment_status":"closed","ping_status":"closed","template":"","meta":{"_acf_changed":false,"inline_featured_image":false,"_lmt_disableupdate":"","_lmt_disable":"","footnotes":""},"class_list":["post-9266","page","type-page","status-publish","hentry"],"acf":[],"_links":{"self":[{"href":"https:\/\/tatd.org.tr\/en\/wp-json\/wp\/v2\/pages\/9266","targetHints":{"allow":["GET"]}}],"collection":[{"href":"https:\/\/tatd.org.tr\/en\/wp-json\/wp\/v2\/pages"}],"about":[{"href":"https:\/\/tatd.org.tr\/en\/wp-json\/wp\/v2\/types\/page"}],"author":[{"embeddable":true,"href":"https:\/\/tatd.org.tr\/en\/wp-json\/wp\/v2\/users\/1599"}],"replies":[{"embeddable":true,"href":"https:\/\/tatd.org.tr\/en\/wp-json\/wp\/v2\/comments?post=9266"}],"version-history":[{"count":0,"href":"https:\/\/tatd.org.tr\/en\/wp-json\/wp\/v2\/pages\/9266\/revisions"}],"up":[{"embeddable":true,"href":"https:\/\/tatd.org.tr\/en\/wp-json\/wp\/v2\/pages\/239"}],"wp:attachment":[{"href":"https:\/\/tatd.org.tr\/en\/wp-json\/wp\/v2\/media?parent=9266"}],"curies":[{"name":"wp","href":"https:\/\/api.w.org\/{rel}","templated":true}]}}