{"id":9264,"date":"2021-10-06T13:17:13","date_gmt":"2021-10-06T10:17:13","guid":{"rendered":"https:\/\/tatd.org.tr\/?page_id=9264"},"modified":"2021-10-06T13:17:13","modified_gmt":"2021-10-06T10:17:13","slug":"acil-tip-yeterlik-kurulu-belgeleri","status":"publish","type":"page","link":"https:\/\/tatd.org.tr\/en\/belgeler\/resmi-belgeler\/acil-tip-yeterlik-kurulu-belgeleri\/","title":{"rendered":"Acil T\u0131p Yeterlik Kurulu Belgeleri"},"content":{"rendered":"<p><a class=\"btn btn-outline-primary fw-bold text-start\" href=\"https:\/\/tatd.org.tr\/wp-content\/uploads\/2021\/10\/ATYK_Yo\u0308nerge_210703-4.pdf\" target=\"_blank\" rel=\"noopener\">Acil T\u0131p Yeterlik Kurulu Y\u00f6nergesi (Kabul Tarihi: 03 May\u0131s 2004, De\u011fi\u015fiklik: 03.07.2021) (203,81 KB)<\/a><\/p>\n","protected":false},"excerpt":{"rendered":"<p>Acil T\u0131p Yeterlik Kurulu Y\u00f6nergesi (Kabul Tarihi: 03 May\u0131s 2004, De\u011fi\u015fiklik: 03.07.2021) (203,81 KB)<\/p>\n","protected":false},"author":1599,"featured_media":0,"parent":239,"menu_order":1,"comment_status":"closed","ping_status":"closed","template":"","meta":{"_acf_changed":false,"inline_featured_image":false,"_lmt_disableupdate":"","_lmt_disable":"","footnotes":""},"class_list":["post-9264","page","type-page","status-publish","hentry"],"acf":[],"_links":{"self":[{"href":"https:\/\/tatd.org.tr\/en\/wp-json\/wp\/v2\/pages\/9264","targetHints":{"allow":["GET"]}}],"collection":[{"href":"https:\/\/tatd.org.tr\/en\/wp-json\/wp\/v2\/pages"}],"about":[{"href":"https:\/\/tatd.org.tr\/en\/wp-json\/wp\/v2\/types\/page"}],"author":[{"embeddable":true,"href":"https:\/\/tatd.org.tr\/en\/wp-json\/wp\/v2\/users\/1599"}],"replies":[{"embeddable":true,"href":"https:\/\/tatd.org.tr\/en\/wp-json\/wp\/v2\/comments?post=9264"}],"version-history":[{"count":0,"href":"https:\/\/tatd.org.tr\/en\/wp-json\/wp\/v2\/pages\/9264\/revisions"}],"up":[{"embeddable":true,"href":"https:\/\/tatd.org.tr\/en\/wp-json\/wp\/v2\/pages\/239"}],"wp:attachment":[{"href":"https:\/\/tatd.org.tr\/en\/wp-json\/wp\/v2\/media?parent=9264"}],"curies":[{"name":"wp","href":"https:\/\/api.w.org\/{rel}","templated":true}]}}