{"id":61,"date":"2021-04-08T09:44:35","date_gmt":"2021-04-08T06:44:35","guid":{"rendered":"https:\/\/tatd.org.tr\/?page_id=61"},"modified":"2021-12-11T16:56:09","modified_gmt":"2021-12-11T13:56:09","slug":"odullerimiz","status":"publish","type":"page","link":"https:\/\/tatd.org.tr\/en\/anasayfa\/hakkimizda\/odullerimiz\/","title":{"rendered":"Awards"},"content":{"rendered":"<p><\/p>\n<div class=\"pcrstb-wrap\"><table style=\"border-collapse: collapse; width: 100%;\" border=\"1\">\n<tbody>\n<tr style=\"height: 114px;\">\n<td style=\"width: 10.6299%; height: 114px;\"><img decoding=\"async\" src=\"https:\/\/www.tatd.org.tr\/uploads\/tbl_odullerimiz\/5bd0716440e77_odul1.jpg\" alt=\"TATD | 2005-2008 Mazhar ZORLU Bilim-K\u00fclt\u00fcr-Spor-\u0130mar ve \u0130zmir e Katk\u0131 \u00d6d\u00fcl\u00fc\" \/><\/td>\n<td style=\"width: 89.3701%; height: 114px;\"><strong>2005-2008 Mazhar Zorlu Science-Culture-Sports and Contribution to the city of Izmir Award<\/strong><br \/>\nPlatform of Izmir Lovers<\/td>\n<\/tr>\n<tr style=\"height: 131px;\">\n<td style=\"width: 10.6299%; height: 131px;\"><img decoding=\"async\" src=\"https:\/\/www.tatd.org.tr\/uploads\/tbl_odullerimiz\/5bd0717380f8e_odul2.jpg\" alt=\"TATD | 2002 \u201cJury Special Award\u201d\" \/><\/td>\n<td style=\"width: 89.3701%; height: 131px;\"><strong>2002 \u201cJury Special Prize\u201d<\/strong><br \/>\nT\u00fclay Akta\u015f Volunteer Associations Coalition<\/td>\n<\/tr>\n<tr style=\"height: 48px;\">\n<td style=\"width: 10.6299%; height: 48px;\"><img decoding=\"async\" src=\"https:\/\/www.tatd.org.tr\/uploads\/tbl_odullerimiz\/5bd071842fd9e_odul3.jpg\" alt=\"TATD | 2001 \u201cJ\u00fcri \u00d6zel \u00d6d\u00fcl\u00fc\u201d\" \/><\/td>\n<td style=\"width: 89.3701%; height: 48px;\"><strong>2001 \u201cJury Special Award\u201d<\/strong><br \/>\nT\u00fclay Akta\u015f Volunteer Associations Coalition<\/td>\n<\/tr>\n<tr style=\"height: 48px;\">\n<td style=\"width: 10.6299%; height: 48px;\"><img decoding=\"async\" src=\"https:\/\/www.tatd.org.tr\/uploads\/tbl_odullerimiz\/5bd07196ee6f0_odul4.jpg\" alt=\"TATD | 2000 \u201cAward of Excellence\u201d\" \/><\/td>\n<td style=\"width: 89.3701%; height: 48px;\"><strong>2000 \u201cAward of Excellence\u201d<br \/>\n<\/strong>Global Med-Net Dr. Rolf Peter Maeder<\/td>\n<\/tr>\n<tr style=\"height: 24px;\">\n<td style=\"width: 10.6299%; height: 24px;\"><img decoding=\"async\" src=\"https:\/\/www.tatd.org.tr\/uploads\/tbl_odullerimiz\/5bd071a435086_odul5.jpg\" alt=\"TATD | 2000 \u201cTe\u015fvik \u00d6d\u00fcl\u00fc\u201d\" \/><\/td>\n<td style=\"width: 89.3701%; height: 24px;\"><strong>2000 \u201cEncouragement Award\u201d<br \/>\n<\/strong>XII. World Congress on Disaster and Emergency Medicine<\/td>\n<\/tr>\n<tr style=\"height: 24px;\">\n<td style=\"width: 10.6299%; height: 24px;\"><img decoding=\"async\" src=\"https:\/\/www.tatd.org.tr\/uploads\/tbl_odullerimiz\/5bd071bd2566a_odul6.jpg\" alt=\"TATD | 1999 \u201cKar\u015filiksiz Hizmet \u00d6d\u00fcl\u00fc\u201d\" \/><\/td>\n<td style=\"width: 89.3701%; height: 24px;\"><strong>1999 \u201cOutstanding Public Service Award\u201d<br \/>\n<\/strong>T\u00fclay Akta\u015f Volunteer Associations Coalition<\/td>\n<\/tr>\n<\/tbody>\n<\/table><\/div>\n<p>&nbsp;<\/p>","protected":false},"excerpt":{"rendered":"<p>2005-2008 Mazhar Zorlu Science-Culture-Sports and Contribution to the city of Izmir Award Platform of Izmir Lovers 2002 \u201cJury Special Prize\u201d T\u00fclay Akta\u015f Volunteer Associations Coalition 2001 \u201cJury Special Award\u201d T\u00fclay&hellip;<\/p>\n","protected":false},"author":1599,"featured_media":0,"parent":16372,"menu_order":8,"comment_status":"closed","ping_status":"closed","template":"","meta":{"_acf_changed":false,"inline_featured_image":false,"_lmt_disableupdate":"","_lmt_disable":"","footnotes":""},"class_list":["post-61","page","type-page","status-publish","hentry"],"acf":[],"_links":{"self":[{"href":"https:\/\/tatd.org.tr\/en\/wp-json\/wp\/v2\/pages\/61","targetHints":{"allow":["GET"]}}],"collection":[{"href":"https:\/\/tatd.org.tr\/en\/wp-json\/wp\/v2\/pages"}],"about":[{"href":"https:\/\/tatd.org.tr\/en\/wp-json\/wp\/v2\/types\/page"}],"author":[{"embeddable":true,"href":"https:\/\/tatd.org.tr\/en\/wp-json\/wp\/v2\/users\/1599"}],"replies":[{"embeddable":true,"href":"https:\/\/tatd.org.tr\/en\/wp-json\/wp\/v2\/comments?post=61"}],"version-history":[{"count":0,"href":"https:\/\/tatd.org.tr\/en\/wp-json\/wp\/v2\/pages\/61\/revisions"}],"up":[{"embeddable":true,"href":"https:\/\/tatd.org.tr\/en\/wp-json\/wp\/v2\/pages\/16372"}],"wp:attachment":[{"href":"https:\/\/tatd.org.tr\/en\/wp-json\/wp\/v2\/media?parent=61"}],"curies":[{"name":"wp","href":"https:\/\/api.w.org\/{rel}","templated":true}]}}