{"id":30353,"date":"2021-12-22T22:14:46","date_gmt":"2021-12-22T19:14:46","guid":{"rendered":"https:\/\/tatd.org.tr\/?page_id=30353"},"modified":"2021-12-22T22:27:15","modified_gmt":"2021-12-22T19:27:15","slug":"nasil-tatd-uyesi-olurum-videolu-anlatim","status":"publish","type":"page","link":"https:\/\/tatd.org.tr\/en\/anasayfa\/tatdweb-egitim-videolari\/nasil-tatd-uyesi-olurum-videolu-anlatim\/","title":{"rendered":"Nas\u0131l TATD \u00dcyesi Olurum? (Videolu Anlat\u0131m)"},"content":{"rendered":"<p class=\"qtranxs-available-languages-message qtranxs-available-languages-message-en\">Sorry, this entry is only available in <a href=\"https:\/\/tatd.org.tr\/tr\/wp-json\/wp\/v2\/pages\/30353\" class=\"qtranxs-available-language-link qtranxs-available-language-link-tr\" title=\"Turkish\">Turkish<\/a>.<\/p>","protected":false},"excerpt":{"rendered":"<p>Sorry, this entry is only available in Turkish.<\/p>\n","protected":false},"author":1561,"featured_media":30298,"parent":30359,"menu_order":1,"comment_status":"closed","ping_status":"closed","template":"","meta":{"_acf_changed":false,"inline_featured_image":false,"_lmt_disableupdate":"","_lmt_disable":"","footnotes":""},"class_list":["post-30353","page","type-page","status-publish","has-post-thumbnail","hentry"],"acf":[],"_links":{"self":[{"href":"https:\/\/tatd.org.tr\/en\/wp-json\/wp\/v2\/pages\/30353","targetHints":{"allow":["GET"]}}],"collection":[{"href":"https:\/\/tatd.org.tr\/en\/wp-json\/wp\/v2\/pages"}],"about":[{"href":"https:\/\/tatd.org.tr\/en\/wp-json\/wp\/v2\/types\/page"}],"author":[{"embeddable":true,"href":"https:\/\/tatd.org.tr\/en\/wp-json\/wp\/v2\/users\/1561"}],"replies":[{"embeddable":true,"href":"https:\/\/tatd.org.tr\/en\/wp-json\/wp\/v2\/comments?post=30353"}],"version-history":[{"count":0,"href":"https:\/\/tatd.org.tr\/en\/wp-json\/wp\/v2\/pages\/30353\/revisions"}],"up":[{"embeddable":true,"href":"https:\/\/tatd.org.tr\/en\/wp-json\/wp\/v2\/pages\/30359"}],"wp:featuredmedia":[{"embeddable":true,"href":"https:\/\/tatd.org.tr\/en\/wp-json\/wp\/v2\/media\/30298"}],"wp:attachment":[{"href":"https:\/\/tatd.org.tr\/en\/wp-json\/wp\/v2\/media?parent=30353"}],"curies":[{"name":"wp","href":"https:\/\/api.w.org\/{rel}","templated":true}]}}