{"id":29968,"date":"2021-11-28T23:06:25","date_gmt":"2021-11-28T20:06:25","guid":{"rendered":"https:\/\/tatd.org.tr\/?page_id=29968"},"modified":"2021-12-11T17:14:01","modified_gmt":"2021-12-11T14:14:01","slug":"gecmis-denetleme-kurullarimiz","status":"publish","type":"page","link":"https:\/\/tatd.org.tr\/en\/anasayfa\/yonetim\/gecmis-denetleme-kurullarimiz\/","title":{"rendered":"Past Supervisory Boards"},"content":{"rendered":"<p><\/p>\n<h2>14th Supervisory Board<\/h2>\n<div class=\"pcrstb-wrap\"><table style=\"border-collapse: collapse; width: 100%;\" border=\"1\">\n<tbody>\n<tr style=\"height: 23px;\">\n<td style=\"width: 50%; height: 23px;\">Member<\/td>\n<td style=\"width: 50%; height: 23px;\">Prof. Dr. Ersin Aksay<\/td>\n<\/tr>\n<tr style=\"height: 23px;\">\n<td style=\"width: 50%; height: 23px;\">Member<\/td>\n<td style=\"width: 50%; height: 23px;\">Prof. Dr. Mutlu Kartal<\/td>\n<\/tr>\n<tr style=\"height: 23px;\">\n<td style=\"width: 50%; height: 23px;\">Member<\/td>\n<td style=\"width: 50%; height: 23px;\">Do\u00e7. Dr. M\u00fcge G\u00fcnalp Eneyli<\/td>\n<\/tr>\n<\/tbody>\n<\/table><\/div>\n<p><\/p>","protected":false},"excerpt":{"rendered":"<p>14th Supervisory Board Member Prof. Dr. Ersin Aksay Member Prof. Dr. Mutlu Kartal Member Do\u00e7. Dr. M\u00fcge G\u00fcnalp Eneyli<\/p>\n","protected":false},"author":1561,"featured_media":0,"parent":222,"menu_order":20,"comment_status":"closed","ping_status":"closed","template":"","meta":{"_acf_changed":false,"inline_featured_image":false,"_lmt_disableupdate":"","_lmt_disable":"","footnotes":""},"class_list":["post-29968","page","type-page","status-publish","hentry"],"acf":[],"_links":{"self":[{"href":"https:\/\/tatd.org.tr\/en\/wp-json\/wp\/v2\/pages\/29968","targetHints":{"allow":["GET"]}}],"collection":[{"href":"https:\/\/tatd.org.tr\/en\/wp-json\/wp\/v2\/pages"}],"about":[{"href":"https:\/\/tatd.org.tr\/en\/wp-json\/wp\/v2\/types\/page"}],"author":[{"embeddable":true,"href":"https:\/\/tatd.org.tr\/en\/wp-json\/wp\/v2\/users\/1561"}],"replies":[{"embeddable":true,"href":"https:\/\/tatd.org.tr\/en\/wp-json\/wp\/v2\/comments?post=29968"}],"version-history":[{"count":0,"href":"https:\/\/tatd.org.tr\/en\/wp-json\/wp\/v2\/pages\/29968\/revisions"}],"up":[{"embeddable":true,"href":"https:\/\/tatd.org.tr\/en\/wp-json\/wp\/v2\/pages\/222"}],"wp:attachment":[{"href":"https:\/\/tatd.org.tr\/en\/wp-json\/wp\/v2\/media?parent=29968"}],"curies":[{"name":"wp","href":"https:\/\/api.w.org\/{rel}","templated":true}]}}