{"id":29962,"date":"2021-11-28T22:53:50","date_gmt":"2021-11-28T19:53:50","guid":{"rendered":"https:\/\/tatd.org.tr\/?page_id=29962"},"modified":"2026-04-16T16:49:28","modified_gmt":"2026-04-16T13:49:28","slug":"gecmis-yonetim-kurullarimiz","status":"publish","type":"page","link":"https:\/\/tatd.org.tr\/en\/anasayfa\/yonetim\/gecmis-yonetim-kurullarimiz\/","title":{"rendered":"Past Board of Directors"},"content":{"rendered":"<h2>14. Board of Directors (2019-2021)<\/h2>\r\n<div class=\"pcrstb-wrap\"><table style=\"border-collapse: collapse; width: 100%;\" border=\"1\">\r\n<tbody>\r\n<tr>\r\n<td style=\"width: 50%;\">President<\/td>\r\n<td style=\"width: 50%;\">Prof. Dr. S\u00fcleyman T\u00fcredi<\/td>\r\n<\/tr>\r\n<tr>\r\n<td style=\"width: 50%;\">Vice President<\/td>\r\n<td style=\"width: 50%;\">Prof. Dr. Orhan \u00c7\u0131nar<\/td>\r\n<\/tr>\r\n<tr>\r\n<td style=\"width: 50%;\">General Secretary<\/td>\r\n<td style=\"width: 50%;\">Do\u00e7. Dr. B\u00fclent Erbil<\/td>\r\n<\/tr>\r\n<tr>\r\n<td style=\"width: 50%;\">Treasurer<\/td>\r\n<td style=\"width: 50%;\">Prof. Dr. Serkan Y\u0131lmaz<\/td>\r\n<\/tr>\r\n<tr>\r\n<td style=\"width: 50%;\">Board Member<\/td>\r\n<td style=\"width: 50%;\">Prof. Dr. Murat Orak<\/td>\r\n<\/tr>\r\n<tr>\r\n<td style=\"width: 50%;\">Board Member<\/td>\r\n<td style=\"width: 50%;\">Prof. Dr. Ayhan \u00d6zhasenekler<\/td>\r\n<\/tr>\r\n<tr>\r\n<td style=\"width: 50%;\">Board Member<\/td>\r\n<td style=\"width: 50%;\">Prof. Dr. Haldun Ako\u011flu<\/td>\r\n<\/tr>\r\n<tr>\r\n<td style=\"width: 50%;\">Board Member<\/td>\r\n<td style=\"width: 50%;\">Do\u00e7. Dr. \u00d6zge Duman Atilla<\/td>\r\n<\/tr>\r\n<tr>\r\n<td style=\"width: 50%;\">Board Member<\/td>\r\n<td style=\"width: 50%;\">Do\u00e7. Dr. Serkan Emre Ero\u011flu<\/td>\r\n<\/tr>\r\n<tr>\r\n<td style=\"width: 50%;\">Board Member<\/td>\r\n<td style=\"width: 50%;\">Uzm. Dr. Sevilay Sema Mert \u00dcnver<\/td>\r\n<\/tr>\r\n<tr>\r\n<td style=\"width: 50%;\">Board Member<\/td>\r\n<td style=\"width: 50%;\">Uzm. Dr. Murat \u00c7etin<\/td>\r\n<\/tr>\r\n<\/tbody>\r\n<\/table><\/div>","protected":false},"excerpt":{"rendered":"<p>14. Board of Directors (2019-2021) President Prof. Dr. S\u00fcleyman T\u00fcredi Vice President Prof. Dr. Orhan \u00c7\u0131nar General Secretary Do\u00e7. Dr. B\u00fclent Erbil Treasurer Prof. Dr. Serkan Y\u0131lmaz Board Member Prof.&hellip;<\/p>\n","protected":false},"author":1561,"featured_media":0,"parent":222,"menu_order":12,"comment_status":"closed","ping_status":"closed","template":"","meta":{"_acf_changed":false,"inline_featured_image":false,"_lmt_disableupdate":"","_lmt_disable":"","footnotes":""},"class_list":["post-29962","page","type-page","status-publish","hentry"],"acf":[],"_links":{"self":[{"href":"https:\/\/tatd.org.tr\/en\/wp-json\/wp\/v2\/pages\/29962","targetHints":{"allow":["GET"]}}],"collection":[{"href":"https:\/\/tatd.org.tr\/en\/wp-json\/wp\/v2\/pages"}],"about":[{"href":"https:\/\/tatd.org.tr\/en\/wp-json\/wp\/v2\/types\/page"}],"author":[{"embeddable":true,"href":"https:\/\/tatd.org.tr\/en\/wp-json\/wp\/v2\/users\/1561"}],"replies":[{"embeddable":true,"href":"https:\/\/tatd.org.tr\/en\/wp-json\/wp\/v2\/comments?post=29962"}],"version-history":[{"count":0,"href":"https:\/\/tatd.org.tr\/en\/wp-json\/wp\/v2\/pages\/29962\/revisions"}],"up":[{"embeddable":true,"href":"https:\/\/tatd.org.tr\/en\/wp-json\/wp\/v2\/pages\/222"}],"wp:attachment":[{"href":"https:\/\/tatd.org.tr\/en\/wp-json\/wp\/v2\/media?parent=29962"}],"curies":[{"name":"wp","href":"https:\/\/api.w.org\/{rel}","templated":true}]}}