{"id":254,"date":"2021-04-25T12:45:28","date_gmt":"2021-04-25T09:45:28","guid":{"rendered":"https:\/\/tatd.org.tr\/?page_id=254"},"modified":"2022-08-09T11:52:21","modified_gmt":"2022-08-09T08:52:21","slug":"formlar","status":"publish","type":"page","link":"https:\/\/tatd.org.tr\/en\/belgeler\/dernek-belgeleri\/formlar\/","title":{"rendered":"Forms"},"content":{"rendered":"<p><a class=\"btn btn-outline-primary fw-bold text-start\" href=\"https:\/\/tatd.org.tr\/wp-content\/uploads\/2021\/06\/TATD-U\u0308yelik-Formu-4.pdf\" target=\"_blank\" rel=\"noopener\"><i class=\"fas fa-file-pdf me-2\"><\/i>TATD \u2013 U\u0308yelik Formu (91,40 KB)<\/a><br \/>\n<a class=\"btn btn-outline-primary fw-bold text-start\" href=\"https:\/\/tatd.org.tr\/wp-content\/uploads\/2021\/09\/TATD-Akademi-Uyeligi-Ornek-Basvuru-Dilekcesi-4.pdf\" target=\"_blank\" rel=\"noopener\"><i class=\"fas fa-file-pdf me-2\"><\/i>TATD Akademi \u00dcyeli\u011fi \u00d6rnek Ba\u015fvuru Dilek\u00e7esi (124,66 KB)<\/a><\/p>","protected":false},"excerpt":{"rendered":"<p>TATD \u2013 U\u0308yelik Formu (91,40 KB) TATD Akademi \u00dcyeli\u011fi \u00d6rnek Ba\u015fvuru Dilek\u00e7esi (124,66 KB)<\/p>\n","protected":false},"author":1599,"featured_media":0,"parent":9651,"menu_order":3,"comment_status":"closed","ping_status":"closed","template":"","meta":{"_acf_changed":false,"inline_featured_image":false,"_lmt_disableupdate":"","_lmt_disable":"","footnotes":""},"class_list":["post-254","page","type-page","status-publish","hentry"],"acf":[],"_links":{"self":[{"href":"https:\/\/tatd.org.tr\/en\/wp-json\/wp\/v2\/pages\/254","targetHints":{"allow":["GET"]}}],"collection":[{"href":"https:\/\/tatd.org.tr\/en\/wp-json\/wp\/v2\/pages"}],"about":[{"href":"https:\/\/tatd.org.tr\/en\/wp-json\/wp\/v2\/types\/page"}],"author":[{"embeddable":true,"href":"https:\/\/tatd.org.tr\/en\/wp-json\/wp\/v2\/users\/1599"}],"replies":[{"embeddable":true,"href":"https:\/\/tatd.org.tr\/en\/wp-json\/wp\/v2\/comments?post=254"}],"version-history":[{"count":0,"href":"https:\/\/tatd.org.tr\/en\/wp-json\/wp\/v2\/pages\/254\/revisions"}],"up":[{"embeddable":true,"href":"https:\/\/tatd.org.tr\/en\/wp-json\/wp\/v2\/pages\/9651"}],"wp:attachment":[{"href":"https:\/\/tatd.org.tr\/en\/wp-json\/wp\/v2\/media?parent=254"}],"curies":[{"name":"wp","href":"https:\/\/api.w.org\/{rel}","templated":true}]}}