{"id":218,"date":"2021-04-25T09:46:01","date_gmt":"2021-04-25T06:46:01","guid":{"rendered":"https:\/\/tatd.org.tr\/?page_id=218"},"modified":"2022-06-08T13:03:35","modified_gmt":"2022-06-08T10:03:35","slug":"tarihce","status":"publish","type":"page","link":"https:\/\/tatd.org.tr\/en\/anasayfa\/hakkimizda\/tarihce\/","title":{"rendered":"Our History"},"content":{"rendered":"<p>Emergency Medicine Association of T\u00fcrkiye (EMAT) was established on May 25th in 1995 in the city of Izmir, T\u00fcrkiye. After understanding the importance of emergency care services during the late 1980s, a series of meeting was held at the Ministry of Health in the early 1990s. As the result of these meetings, Emergency Medicine field was included into the \u201cprofession of medicine bylaws\u201d as an independent medical specialty after being published at official newspaper of T\u00fcrkiye on April 30th in 1993 initially under the name of \u201cFirst Aid and Emergency Care.\u201d With the great support of Namik Cevik, MD, Prof. who was the rector of Dokuz Eylul University at that time and with the great effort of John Fowler, MD, who started to work at Dokuz Eylul University Hospital, emergency room after 1990, the first emergency department was established in April 1994. After a specialty examination in medicine, the very first residents began training at Dokuz Eylul Univesity Hospital. Later, Emergency Medicine Association was founded by the group of medical doctors who was interested in emergency medicine. The founder president of the association was Dr. John Fowler, MD. The founder members were \u00dclk\u00fcmen Rodoplu, MD, G\u00fcrkan Ersoy, MD, Yal\u00e7\u0131n Enginba\u015f, MD, \u00dclk\u00fc Ergene, MD, Ne\u015fe Nur User,MD and \u00d6zg\u00fcr Karc\u0131o\u011flu, MD. The first general assembly was held in the city of Izmir on October 18th in 1995. Dr. Fowler was assigned as the chair of the executive board and Dr. Rodoplu were assigned as the secretary-general. Through contributing to a lot of national and international scientific events, it was approved to add \u201cT\u00fcrkiye\u201d to our organization\u2019s name with the cabinet decree of 2003\/5660 on May 23rd in 2003. Since 1996, we have been the member of Turkish Medical Association, Medical Specialty Associations Coordination council.<\/p>","protected":false},"excerpt":{"rendered":"<p>Emergency Medicine Association of T\u00fcrkiye (EMAT) was established on May 25th in 1995 in the city of Izmir, T\u00fcrkiye. After understanding the importance of emergency care services during the late&hellip;<\/p>\n","protected":false},"author":1599,"featured_media":0,"parent":16372,"menu_order":0,"comment_status":"closed","ping_status":"closed","template":"","meta":{"_acf_changed":false,"inline_featured_image":false,"_lmt_disableupdate":"","_lmt_disable":"","footnotes":""},"class_list":["post-218","page","type-page","status-publish","hentry"],"acf":[],"_links":{"self":[{"href":"https:\/\/tatd.org.tr\/en\/wp-json\/wp\/v2\/pages\/218","targetHints":{"allow":["GET"]}}],"collection":[{"href":"https:\/\/tatd.org.tr\/en\/wp-json\/wp\/v2\/pages"}],"about":[{"href":"https:\/\/tatd.org.tr\/en\/wp-json\/wp\/v2\/types\/page"}],"author":[{"embeddable":true,"href":"https:\/\/tatd.org.tr\/en\/wp-json\/wp\/v2\/users\/1599"}],"replies":[{"embeddable":true,"href":"https:\/\/tatd.org.tr\/en\/wp-json\/wp\/v2\/comments?post=218"}],"version-history":[{"count":0,"href":"https:\/\/tatd.org.tr\/en\/wp-json\/wp\/v2\/pages\/218\/revisions"}],"up":[{"embeddable":true,"href":"https:\/\/tatd.org.tr\/en\/wp-json\/wp\/v2\/pages\/16372"}],"wp:attachment":[{"href":"https:\/\/tatd.org.tr\/en\/wp-json\/wp\/v2\/media?parent=218"}],"curies":[{"name":"wp","href":"https:\/\/api.w.org\/{rel}","templated":true}]}}