{"id":18296,"date":"2021-11-14T19:15:53","date_gmt":"2021-11-14T16:15:53","guid":{"rendered":"https:\/\/tatd.org.tr\/?page_id=18296"},"modified":"2026-04-16T16:39:56","modified_gmt":"2026-04-16T13:39:56","slug":"gecmis-baskanlar","status":"publish","type":"page","link":"https:\/\/tatd.org.tr\/en\/anasayfa\/yonetim\/gecmis-baskanlar\/","title":{"rendered":"Past Presidents"},"content":{"rendered":"\t\t<div data-elementor-type=\"wp-page\" data-elementor-id=\"18296\" class=\"elementor elementor-18296\" data-elementor-post-type=\"page\">\n\t\t\t\t<div class=\"elementor-element elementor-element-f81640a e-flex e-con-boxed e-con e-parent\" data-id=\"f81640a\" data-element_type=\"container\" data-e-type=\"container\">\n\t\t\t\t\t<div class=\"e-con-inner\">\n\t\t\t\t<div class=\"elementor-element elementor-element-39a898c elementor-widget elementor-widget-penci-team-member\" data-id=\"39a898c\" data-element_type=\"widget\" data-e-type=\"widget\" data-widget_type=\"penci-team-member.default\">\n\t\t\t\t<div class=\"elementor-widget-container\">\n\t\t\t\t\t        <div class=\"penci-block-vc penci-teammb-bsc penci-teammb-s1 pencisc-grid-1 pencisc-grid-tablet-2 pencisc-grid-mobile-1 pcsc-shape-default pcsc-st-default\">\n\t\t\t    <div class=\"penci-border-arrow penci-homepage-title penci-home-latest-posts style-1 pcalign-center pciconp-right pcicon-right block-title-icon-left\">\n        <h3 class=\"inner-arrow\">\n        <span>\n                    <span>Ge\u00e7mi\u015f Ba\u015fkanlar\u0131m\u0131z<\/a>                <\/span>\n        <\/h3>\n\t\t        <\/div>\n\t\t            <div class=\"penci-block_content pencisc-grid\">\n\t\t\t\t                    <div class=\"penci-teammb-item pencisc-grid-item\">\n                        <div class=\"penci-teammb-inner\">\n\t\t\t\t\t\t\t<span  data-bgset=\"https:\/\/tatd.org.tr\/wp-content\/uploads\/2026\/04\/Bulent-Erbil-1-585x585.jpg\" class=\"penci-image-holder penci-teammb-img penci-lazy\"><\/span>                            <div class=\"penci-team_item__info\">\n\t\t\t\t\t\t\t\t\t\t\t\t\t\t\t\t                                    <h5 class=\"penci-team_member_name\">Prof. Dr. B\u00fclent Erbil<\/h5>\n\t\t\t\t\t\t\t\t\t\t\t\t\t\t\t\t                                    <div class=\"penci-team_member_pos\">16. Y\u00f6netim Kurulu Ba\u015fkan\u0131 (2023 - 2025)<\/div>\n\t\t\t\t\t\t\t\t\t\t\t\t\t\t\t\t                                    <div class=\"penci-team_member_desc\">Hacettepe \u00dcniversitesi T\u0131p Fak\u00fcltesi Acil T\u0131p Anabilim Dal\u0131<\/div>\n\t\t\t\t\t\t\t\t                                <div class=\"penci-team_member_socails penci-social-wrap\">\n\t\t\t\t\t\t\t\t\t\t\t\t\t\t\t\t\t\t\t\t\t\t\t\t\t\t\t\n\t\t\t\t\t\t\t\t\t\t\t\t\t\t\t\t\t\t\t\t\t\t\t\t\t\t\t\t\t\t\t\t\t\t\t\t\t\t\t\t\t\t\t\t\t\t\t\t\t\t\t\t\t\t                                <\/div>\n                            <\/div>\n                        <\/div>\n                    <\/div>\n\t\t\t\t\t                    <div class=\"penci-teammb-item pencisc-grid-item\">\n                        <div class=\"penci-teammb-inner\">\n\t\t\t\t\t\t\t<span  data-bgset=\"https:\/\/tatd.org.tr\/wp-content\/uploads\/2022\/03\/269290d40cf40f106fa704f05060fa03.png\" class=\"penci-image-holder penci-teammb-img penci-lazy\"><\/span>                            <div class=\"penci-team_item__info\">\n\t\t\t\t\t\t\t\t\t\t\t\t\t\t\t\t                                    <h5 class=\"penci-team_member_name\">Prof. Dr. Serkan Y\u0131lmaz<\/h5>\n\t\t\t\t\t\t\t\t\t\t\t\t\t\t\t\t                                    <div class=\"penci-team_member_pos\">15. Y\u00f6netim Kurulu Ba\u015fkan\u0131 (2021-2023)<\/div>\n\t\t\t\t\t\t\t\t\t\t\t\t\t\t\t\t                                    <div class=\"penci-team_member_desc\">Kocaeli \u00dcniversitesi T\u0131p Fak\u00fcltesi Acil T\u0131p Anabilim Dal\u0131<\/div>\n\t\t\t\t\t\t\t\t                                <div class=\"penci-team_member_socails penci-social-wrap\">\n\t\t\t\t\t\t\t\t\t                                        <a target=\"_blank\" rel=\"noopener\"class=\"penci-social-item penci-social-item website\"\n                                           href=\"#\"><i class=\"penci-faicon fa fa-globe\" ><\/i><\/a>\n\t\t\t\t\t\t\t\t\t\t\t\t\t\t\t\t\t\t                                        <a target=\"_blank\" rel=\"noopener\"                                                class=\"penci-social-item penci-social-item facebook-f\"\n                                                href=\"#\"><i class=\"penci-faicon fa fa-facebook\" ><\/i><\/a>\n\t\t\t\t\t\t\t\t\t\t\t\t\t\t\t\t\t\t                                        <a target=\"_blank\" rel=\"noopener\"class=\"penci-social-item penci-social-item twitter\"\n                                           href=\"#\"><i class=\"penci-faicon penciicon-x-twitter\" ><\/i><\/a>\n\t\t\t\t\t\t\t\t\t\n\t\t\t\t\t\t\t\t\t\t\t\t\t\t\t\t\t\t\t\t\t\t\t\t\t\t\t\t\t\t\t\t\t\t\t\t\t\t\t\t\t\t\t\t\t\t\t\t\t\t\t\t\t\t                                <\/div>\n                            <\/div>\n                        <\/div>\n                    <\/div>\n\t\t\t\t\t                    <div class=\"penci-teammb-item pencisc-grid-item\">\n                        <div class=\"penci-teammb-inner\">\n\t\t\t\t\t\t\t<span  data-bgset=\"https:\/\/tatd.org.tr\/wp-content\/uploads\/2021\/10\/suleyman-turedi-4.jpg\" class=\"penci-image-holder penci-teammb-img penci-lazy\"><\/span>                            <div class=\"penci-team_item__info\">\n\t\t\t\t\t\t\t\t\t\t\t\t\t\t\t\t                                    <h5 class=\"penci-team_member_name\">Prof. Dr. S\u00fcleyman T\u00fcredi<\/h5>\n\t\t\t\t\t\t\t\t\t\t\t\t\t\t\t\t                                    <div class=\"penci-team_member_pos\">14. Y\u00f6netim Kurulu Ba\u015fkan\u0131 (2019-2021)<\/div>\n\t\t\t\t\t\t\t\t\t\t\t\t\t\t\t\t                                    <div class=\"penci-team_member_desc\">Kanuni E\u011fitim ve Ara\u015ft\u0131rma Hastanesi Acil T\u0131p Klini\u011fi\n\n<\/div>\n\t\t\t\t\t\t\t\t                                <div class=\"penci-team_member_socails penci-social-wrap\">\n\t\t\t\t\t\t\t\t\t                                        <a target=\"_blank\" rel=\"noopener\"class=\"penci-social-item penci-social-item website\"\n                                           href=\"#\"><i class=\"penci-faicon fa fa-globe\" ><\/i><\/a>\n\t\t\t\t\t\t\t\t\t\t\t\t\t\t\t\t\t\t                                        <a target=\"_blank\" rel=\"noopener\"                                                class=\"penci-social-item penci-social-item facebook-f\"\n                                                href=\"#\"><i class=\"penci-faicon fa fa-facebook\" ><\/i><\/a>\n\t\t\t\t\t\t\t\t\t\t\t\t\t\t\t\t\t\t                                        <a target=\"_blank\" rel=\"noopener\"class=\"penci-social-item penci-social-item twitter\"\n                                           href=\"#\"><i class=\"penci-faicon penciicon-x-twitter\" ><\/i><\/a>\n\t\t\t\t\t\t\t\t\t\n\t\t\t\t\t\t\t\t\t\t\t\t\t\t\t\t\t\t\t\t\t\t\t\t\t\t\t\t\t\t\t\t\t\t\t\t\t\t\t\t\t\t\t\t\t\t\t\t\t\t\t\t\t\t                                <\/div>\n                            <\/div>\n                        <\/div>\n                    <\/div>\n\t\t\t\t\t                    <div class=\"penci-teammb-item pencisc-grid-item\">\n                        <div class=\"penci-teammb-inner\">\n\t\t\t\t\t\t\t<span  data-bgset=\"https:\/\/tatd.org.tr\/wp-content\/uploads\/2021\/10\/ersinaksay-1-4.jpg\" class=\"penci-image-holder penci-teammb-img penci-lazy\"><\/span>                            <div class=\"penci-team_item__info\">\n\t\t\t\t\t\t\t\t\t\t\t\t\t\t\t\t                                    <h5 class=\"penci-team_member_name\">Prof. Dr. Ersin Aksay<\/h5>\n\t\t\t\t\t\t\t\t\t\t\t\t\t\t\t\t                                    <div class=\"penci-team_member_pos\">13. Y\u00f6netim Kurulu Ba\u015fkan\u0131 (2017-2019)<\/div>\n\t\t\t\t\t\t\t\t\t\t\t\t\t\t\t\t                                    <div class=\"penci-team_member_desc\">Dokuz Eyl\u00fcl \u00dcniversitesi T\u0131p Fak\u00fcltesi Acil T\u0131p Anabilim Dal\u0131\n\n<\/div>\n\t\t\t\t\t\t\t\t                                <div class=\"penci-team_member_socails penci-social-wrap\">\n\t\t\t\t\t\t\t\t\t                                        <a target=\"_blank\" rel=\"noopener\"class=\"penci-social-item penci-social-item website\"\n                                           href=\"#\"><i class=\"penci-faicon fa fa-globe\" ><\/i><\/a>\n\t\t\t\t\t\t\t\t\t\t\t\t\t\t\t\t\t\t                                        <a target=\"_blank\" rel=\"noopener\"                                                class=\"penci-social-item penci-social-item facebook-f\"\n                                                href=\"#\"><i class=\"penci-faicon fa fa-facebook\" ><\/i><\/a>\n\t\t\t\t\t\t\t\t\t\t\t\t\t\t\t\t\t\t                                        <a target=\"_blank\" rel=\"noopener\"class=\"penci-social-item penci-social-item twitter\"\n                                           href=\"#\"><i class=\"penci-faicon penciicon-x-twitter\" ><\/i><\/a>\n\t\t\t\t\t\t\t\t\t\n\t\t\t\t\t\t\t\t\t\t\t\t\t\t\t\t\t\t\t\t\t\t\t\t\t\t\t\t\t\t\t\t\t\t\t\t\t\t\t\t\t\t\t\t\t\t\t\t\t\t\t\t\t\t                                <\/div>\n                            <\/div>\n                        <\/div>\n                    <\/div>\n\t\t\t\t\t                    <div class=\"penci-teammb-item pencisc-grid-item\">\n                        <div class=\"penci-teammb-inner\">\n\t\t\t\t\t\t\t<span  data-bgset=\"https:\/\/tatd.org.tr\/wp-content\/uploads\/2021\/11\/201930095459-4.png\" class=\"penci-image-holder penci-teammb-img penci-lazy\"><\/span>                            <div class=\"penci-team_item__info\">\n\t\t\t\t\t\t\t\t\t\t\t\t\t\t\t\t                                    <h5 class=\"penci-team_member_name\">Prof. Dr. Y\u0131ld\u0131ray \u00c7ete<\/h5>\n\t\t\t\t\t\t\t\t\t\t\t\t\t\t\t\t                                    <div class=\"penci-team_member_pos\">12. Y\u00f6netim Kurulu Ba\u015fkan\u0131 (2015-2017)<\/div>\n\t\t\t\t\t\t\t\t\t\t\t\t\t\t\t\t                                    <div class=\"penci-team_member_desc\">Akdeniz \u00dcniversitesi T\u0131p Fak\u00fcltesi Acil T\u0131p Anabilim Dal\u0131<\/div>\n\t\t\t\t\t\t\t\t                                <div class=\"penci-team_member_socails penci-social-wrap\">\n\t\t\t\t\t\t\t\t\t\t\t\t\t\t\t\t\t\t\t\t\t\t\t\t\t\t\t\n\t\t\t\t\t\t\t\t\t\t\t\t\t\t\t\t\t\t\t\t\t\t\t\t\t\t\t\t\t\t\t\t\t\t\t\t\t\t\t\t\t\t\t\t\t\t\t\t\t\t\t\t\t\t                                <\/div>\n                            <\/div>\n                        <\/div>\n                    <\/div>\n\t\t\t\t\t                    <div class=\"penci-teammb-item pencisc-grid-item\">\n                        <div class=\"penci-teammb-inner\">\n\t\t\t\t\t\t\t<span  data-bgset=\"https:\/\/tatd.org.tr\/wp-content\/uploads\/2021\/11\/201930095459-4.png\" class=\"penci-image-holder penci-teammb-img penci-lazy\"><\/span>                            <div class=\"penci-team_item__info\">\n\t\t\t\t\t\t\t\t\t\t\t\t\t\t\t\t                                    <h5 class=\"penci-team_member_name\">Prof. Dr. Y\u0131ld\u0131ray \u00c7ete<\/h5>\n\t\t\t\t\t\t\t\t\t\t\t\t\t\t\t\t                                    <div class=\"penci-team_member_pos\">11. Y\u00f6netim Kurulu Ba\u015fkan\u0131 (2013-2017)<\/div>\n\t\t\t\t\t\t\t\t\t\t\t\t\t\t\t\t                                    <div class=\"penci-team_member_desc\">Akdeniz \u00dcniversitesi T\u0131p Fak\u00fcltesi Acil T\u0131p Anabilim Dal\u0131<\/div>\n\t\t\t\t\t\t\t\t                                <div class=\"penci-team_member_socails penci-social-wrap\">\n\t\t\t\t\t\t\t\t\t\t\t\t\t\t\t\t\t\t\t\t\t\t\t\t\t\t\t\n\t\t\t\t\t\t\t\t\t\t\t\t\t\t\t\t\t\t\t\t\t\t\t\t\t\t\t\t\t\t\t\t\t\t\t\t\t\t\t\t\t\t\t\t\t\t\t\t\t\t\t\t\t\t                                <\/div>\n                            <\/div>\n                        <\/div>\n                    <\/div>\n\t\t\t\t\t                    <div class=\"penci-teammb-item pencisc-grid-item\">\n                        <div class=\"penci-teammb-inner\">\n\t\t\t\t\t\t\t<span  data-bgset=\"https:\/\/tatd.org.tr\/wp-content\/uploads\/2021\/11\/levent-avsarogullari.jpg\" class=\"penci-image-holder penci-teammb-img penci-lazy\"><\/span>                            <div class=\"penci-team_item__info\">\n\t\t\t\t\t\t\t\t\t\t\t\t\t\t\t\t                                    <h5 class=\"penci-team_member_name\">Prof. Dr. Levent Av\u015faro\u011fullar\u0131<\/h5>\n\t\t\t\t\t\t\t\t\t\t\t\t\t\t\t\t                                    <div class=\"penci-team_member_pos\">10. Y\u00f6netim Kurulu Ba\u015fkan\u0131 (2011-2013)<\/div>\n\t\t\t\t\t\t\t\t\t\t\t\t\t\t\t\t                                    <div class=\"penci-team_member_desc\">Erciyes \u00dcniversitesi T\u0131p Fak\u00fcltesi Acil T\u0131p Anabilim Dal\u0131<\/div>\n\t\t\t\t\t\t\t\t                                <div class=\"penci-team_member_socails penci-social-wrap\">\n\t\t\t\t\t\t\t\t\t\t\t\t\t\t\t\t\t\t\t\t\t\t\t\t\t\t\t\n\t\t\t\t\t\t\t\t\t\t\t\t\t\t\t\t\t\t\t\t\t\t\t\t\t\t\t\t\t\t\t\t\t\t\t\t\t\t\t\t\t\t\t\t\t\t\t\t\t\t\t\t\t\t                                <\/div>\n                            <\/div>\n                        <\/div>\n                    <\/div>\n\t\t\t\t\t                    <div class=\"penci-teammb-item pencisc-grid-item\">\n                        <div class=\"penci-teammb-inner\">\n\t\t\t\t\t\t\t<span  data-bgset=\"https:\/\/tatd.org.tr\/wp-content\/uploads\/2021\/11\/levent-avsarogullari.jpg\" class=\"penci-image-holder penci-teammb-img penci-lazy\"><\/span>                            <div class=\"penci-team_item__info\">\n\t\t\t\t\t\t\t\t\t\t\t\t\t\t\t\t                                    <h5 class=\"penci-team_member_name\">Prof. Dr. Levent Av\u015faro\u011fullar\u0131<\/h5>\n\t\t\t\t\t\t\t\t\t\t\t\t\t\t\t\t                                    <div class=\"penci-team_member_pos\">9. Y\u00f6netim Kurulu Ba\u015fkan\u0131 (2009-2011)<\/div>\n\t\t\t\t\t\t\t\t\t\t\t\t\t\t\t\t                                    <div class=\"penci-team_member_desc\">Erciyes \u00dcniversitesi T\u0131p Fak\u00fcltesi Acil T\u0131p Anabilim Dal\u0131<\/div>\n\t\t\t\t\t\t\t\t                                <div class=\"penci-team_member_socails penci-social-wrap\">\n\t\t\t\t\t\t\t\t\t\t\t\t\t\t\t\t\t\t\t\t\t\t\t\t\t\t\t\n\t\t\t\t\t\t\t\t\t\t\t\t\t\t\t\t\t\t\t\t\t\t\t\t\t\t\t\t\t\t\t\t\t\t\t\t\t\t\t\t\t\t\t\t\t\t\t\t\t\t\t\t\t\t                                <\/div>\n                            <\/div>\n                        <\/div>\n                    <\/div>\n\t\t\t\t\t                    <div class=\"penci-teammb-item pencisc-grid-item\">\n                        <div class=\"penci-teammb-inner\">\n\t\t\t\t\t\t\t<span  data-bgset=\"https:\/\/tatd.org.tr\/wp-content\/uploads\/2021\/10\/ridvan_atilla-4.jpg\" class=\"penci-image-holder penci-teammb-img penci-lazy\"><\/span>                            <div class=\"penci-team_item__info\">\n\t\t\t\t\t\t\t\t\t\t\t\t\t\t\t\t                                    <h5 class=\"penci-team_member_name\">Do\u00e7. Dr. R\u0131dvan Atilla<\/h5>\n\t\t\t\t\t\t\t\t\t\t\t\t\t\t\t\t                                    <div class=\"penci-team_member_pos\">8. Y\u00f6netim Kurulu Ba\u015fkan\u0131 (2007-2009)<\/div>\n\t\t\t\t\t\t\t\t\t\t\t\t\t\t\t\t                                    <div class=\"penci-team_member_desc\">Dokuz Eyl\u00fcl \u00dcniversitesi T\u0131p Fak\u00fcltesi Acil T\u0131p Anabilim Dal\u0131<\/div>\n\t\t\t\t\t\t\t\t                                <div class=\"penci-team_member_socails penci-social-wrap\">\n\t\t\t\t\t\t\t\t\t\t\t\t\t\t\t\t\t\t\t\t\t\t\t\t\t\t\t\n\t\t\t\t\t\t\t\t\t\t\t\t\t\t\t\t\t\t\t\t\t\t\t\t\t\t\t\t\t\t\t\t\t\t\t\t\t\t\t\t\t\t\t\t\t\t\t\t\t\t\t\t\t\t                                <\/div>\n                            <\/div>\n                        <\/div>\n                    <\/div>\n\t\t\t\t\t                    <div class=\"penci-teammb-item pencisc-grid-item\">\n                        <div class=\"penci-teammb-inner\">\n\t\t\t\t\t\t\t<span  data-bgset=\"https:\/\/tatd.org.tr\/wp-content\/uploads\/2022\/01\/cd6c4113d7df4534e567abba75f2cbcb.jpg\" class=\"penci-image-holder penci-teammb-img penci-lazy\"><\/span>                            <div class=\"penci-team_item__info\">\n\t\t\t\t\t\t\t\t\t\t\t\t\t\t\t\t                                    <h5 class=\"penci-team_member_name\">Prof. Dr. Cem Oktay<\/h5>\n\t\t\t\t\t\t\t\t\t\t\t\t\t\t\t\t                                    <div class=\"penci-team_member_pos\">7. Y\u00f6netim Kurulu Ba\u015fkan\u0131 (2005-2007)<\/div>\n\t\t\t\t\t\t\t\t\t\t\t\t\t\t\t\t                                    <div class=\"penci-team_member_desc\">Akdeniz \u00dcniversitesi T\u0131p Fak\u00fcltesi Acil T\u0131p Anabilim Dal\u0131<\/div>\n\t\t\t\t\t\t\t\t                                <div class=\"penci-team_member_socails penci-social-wrap\">\n\t\t\t\t\t\t\t\t\t\t\t\t\t\t\t\t\t\t\t\t\t\t\t\t\t\t\t\n\t\t\t\t\t\t\t\t\t\t\t\t\t\t\t\t\t\t\t\t\t\t\t\t\t\t\t\t\t\t\t\t\t\t\t\t\t\t\t\t\t\t\t\t\t\t\t\t\t\t\t\t\t\t                                <\/div>\n                            <\/div>\n                        <\/div>\n                    <\/div>\n\t\t\t\t\t                    <div class=\"penci-teammb-item pencisc-grid-item\">\n                        <div class=\"penci-teammb-inner\">\n\t\t\t\t\t\t\t<span  data-bgset=\"https:\/\/tatd.org.tr\/wp-content\/uploads\/2022\/01\/cd6c4113d7df4534e567abba75f2cbcb.jpg\" class=\"penci-image-holder penci-teammb-img penci-lazy\"><\/span>                            <div class=\"penci-team_item__info\">\n\t\t\t\t\t\t\t\t\t\t\t\t\t\t\t\t                                    <h5 class=\"penci-team_member_name\">Prof. Dr. Cem Oktay<\/h5>\n\t\t\t\t\t\t\t\t\t\t\t\t\t\t\t\t                                    <div class=\"penci-team_member_pos\">6. Y\u00f6netim Kurulu Ba\u015fkan\u0131 (2005-2007)<\/div>\n\t\t\t\t\t\t\t\t\t\t\t\t\t\t\t\t                                    <div class=\"penci-team_member_desc\">Akdeniz \u00dcniversitesi T\u0131p Fak\u00fcltesi Acil T\u0131p Anabilim Dal\u0131<\/div>\n\t\t\t\t\t\t\t\t                                <div class=\"penci-team_member_socails penci-social-wrap\">\n\t\t\t\t\t\t\t\t\t\t\t\t\t\t\t\t\t\t\t\t\t\t\t\t\t\t\t\n\t\t\t\t\t\t\t\t\t\t\t\t\t\t\t\t\t\t\t\t\t\t\t\t\t\t\t\t\t\t\t\t\t\t\t\t\t\t\t\t\t\t\t\t\t\t\t\t\t\t\t\t\t\t                                <\/div>\n                            <\/div>\n                        <\/div>\n                    <\/div>\n\t\t\t\t\t                    <div class=\"penci-teammb-item pencisc-grid-item\">\n                        <div class=\"penci-teammb-inner\">\n\t\t\t\t\t\t\t<span  data-bgset=\"https:\/\/tatd.org.tr\/wp-content\/uploads\/2021\/11\/4_ulkumen-rodoplu-1.jpg\" class=\"penci-image-holder penci-teammb-img penci-lazy\"><\/span>                            <div class=\"penci-team_item__info\">\n\t\t\t\t\t\t\t\t\t\t\t\t\t\t\t\t                                    <h5 class=\"penci-team_member_name\">Uzm. Dr. \u00dclk\u00fcmen Rodoplu<\/h5>\n\t\t\t\t\t\t\t\t\t\t\t\t\t\t\t\t                                    <div class=\"penci-team_member_pos\">5. Y\u00f6netim Kurulu Ba\u015fkan\u0131 (2003)<\/div>\n\t\t\t\t\t\t\t\t\t\t\t\t\t\t\t\t                                    <div class=\"penci-team_member_desc\">Alsancak Devlet Hastanesi Acil T\u0131p Klini\u011fi<\/div>\n\t\t\t\t\t\t\t\t                                <div class=\"penci-team_member_socails penci-social-wrap\">\n\t\t\t\t\t\t\t\t\t\t\t\t\t\t\t\t\t\t\t\t\t\t\t\t\t\t\t\n\t\t\t\t\t\t\t\t\t\t\t\t\t\t\t\t\t\t\t\t\t\t\t\t\t\t\t\t\t\t\t\t\t\t\t\t\t\t\t\t\t\t\t\t\t\t\t\t\t\t\t\t\t\t                                <\/div>\n                            <\/div>\n                        <\/div>\n                    <\/div>\n\t\t\t\t\t                    <div class=\"penci-teammb-item pencisc-grid-item\">\n                        <div class=\"penci-teammb-inner\">\n\t\t\t\t\t\t\t<span  data-bgset=\"https:\/\/tatd.org.tr\/wp-content\/uploads\/2021\/11\/4_ulkumen-rodoplu-1.jpg\" class=\"penci-image-holder penci-teammb-img penci-lazy\"><\/span>                            <div class=\"penci-team_item__info\">\n\t\t\t\t\t\t\t\t\t\t\t\t\t\t\t\t                                    <h5 class=\"penci-team_member_name\">Uzm. Dr. \u00dclk\u00fcmen Rodoplu<\/h5>\n\t\t\t\t\t\t\t\t\t\t\t\t\t\t\t\t                                    <div class=\"penci-team_member_pos\">4. Y\u00f6netim Kurulu Ba\u015fkan\u0131 (2003)<\/div>\n\t\t\t\t\t\t\t\t\t\t\t\t\t\t\t\t                                    <div class=\"penci-team_member_desc\">Alsancak Devlet Hastanesi Acil T\u0131p Klini\u011fi<\/div>\n\t\t\t\t\t\t\t\t                                <div class=\"penci-team_member_socails penci-social-wrap\">\n\t\t\t\t\t\t\t\t\t\t\t\t\t\t\t\t\t\t\t\t\t\t\t\t\t\t\t\n\t\t\t\t\t\t\t\t\t\t\t\t\t\t\t\t\t\t\t\t\t\t\t\t\t\t\t\t\t\t\t\t\t\t\t\t\t\t\t\t\t\t\t\t\t\t\t\t\t\t\t\t\t\t                                <\/div>\n                            <\/div>\n                        <\/div>\n                    <\/div>\n\t\t\t\t\t                    <div class=\"penci-teammb-item pencisc-grid-item\">\n                        <div class=\"penci-teammb-inner\">\n\t\t\t\t\t\t\t<span  data-bgset=\"https:\/\/tatd.org.tr\/wp-content\/uploads\/2021\/11\/4_ulkumen-rodoplu-1.jpg\" class=\"penci-image-holder penci-teammb-img penci-lazy\"><\/span>                            <div class=\"penci-team_item__info\">\n\t\t\t\t\t\t\t\t\t\t\t\t\t\t\t\t                                    <h5 class=\"penci-team_member_name\">Uzm. Dr. \u00dclk\u00fcmen Rodoplu<\/h5>\n\t\t\t\t\t\t\t\t\t\t\t\t\t\t\t\t                                    <div class=\"penci-team_member_pos\">3. Y\u00f6netim Kurulu Ba\u015fkan\u0131 (2003)<\/div>\n\t\t\t\t\t\t\t\t\t\t\t\t\t\t\t\t                                    <div class=\"penci-team_member_desc\">Alsancak Devlet Hastanesi Acil T\u0131p Klini\u011fi<\/div>\n\t\t\t\t\t\t\t\t                                <div class=\"penci-team_member_socails penci-social-wrap\">\n\t\t\t\t\t\t\t\t\t\t\t\t\t\t\t\t\t\t\t\t\t\t\t\t\t\t\t\n\t\t\t\t\t\t\t\t\t\t\t\t\t\t\t\t\t\t\t\t\t\t\t\t\t\t\t\t\t\t\t\t\t\t\t\t\t\t\t\t\t\t\t\t\t\t\t\t\t\t\t\t\t\t                                <\/div>\n                            <\/div>\n                        <\/div>\n                    <\/div>\n\t\t\t\t\t                    <div class=\"penci-teammb-item pencisc-grid-item\">\n                        <div class=\"penci-teammb-inner\">\n\t\t\t\t\t\t\t<span  data-bgset=\"https:\/\/tatd.org.tr\/wp-content\/uploads\/2021\/11\/4_ulkumen-rodoplu-1.jpg\" class=\"penci-image-holder penci-teammb-img penci-lazy\"><\/span>                            <div class=\"penci-team_item__info\">\n\t\t\t\t\t\t\t\t\t\t\t\t\t\t\t\t                                    <h5 class=\"penci-team_member_name\">Uzm. Dr. \u00dclk\u00fcmen Rodoplu<\/h5>\n\t\t\t\t\t\t\t\t\t\t\t\t\t\t\t\t                                    <div class=\"penci-team_member_pos\">2. Y\u00f6netim Kurulu Ba\u015fkan\u0131 (2003)<\/div>\n\t\t\t\t\t\t\t\t\t\t\t\t\t\t\t\t                                    <div class=\"penci-team_member_desc\">Alsancak Devlet Hastanesi Acil T\u0131p Klini\u011fi<\/div>\n\t\t\t\t\t\t\t\t                                <div class=\"penci-team_member_socails penci-social-wrap\">\n\t\t\t\t\t\t\t\t\t\t\t\t\t\t\t\t\t\t\t\t\t\t\t\t\t\t\t\n\t\t\t\t\t\t\t\t\t\t\t\t\t\t\t\t\t\t\t\t\t\t\t\t\t\t\t\t\t\t\t\t\t\t\t\t\t\t\t\t\t\t\t\t\t\t\t\t\t\t\t\t\t\t                                <\/div>\n                            <\/div>\n                        <\/div>\n                    <\/div>\n\t\t\t\t\t                    <div class=\"penci-teammb-item pencisc-grid-item\">\n                        <div class=\"penci-teammb-inner\">\n\t\t\t\t\t\t\t<span  data-bgset=\"https:\/\/tatd.org.tr\/wp-content\/uploads\/2021\/11\/john-fowler-e1637236029270.jpg\" class=\"penci-image-holder penci-teammb-img penci-lazy\"><\/span>                            <div class=\"penci-team_item__info\">\n\t\t\t\t\t\t\t\t\t\t\t\t\t\t\t\t                                    <h5 class=\"penci-team_member_name\">Prof. Dr. John Fowler<\/h5>\n\t\t\t\t\t\t\t\t\t\t\t\t\t\t\t\t                                    <div class=\"penci-team_member_pos\">1. Y\u00f6netim Kurulu Ba\u015fkan\u0131 (1995-1996)<\/div>\n\t\t\t\t\t\t\t\t\t\t\t\t\t\t\t\t                                <div class=\"penci-team_member_socails penci-social-wrap\">\n\t\t\t\t\t\t\t\t\t\t\t\t\t\t\t\t\t\t\t\t\t\t\t\t\t\t\t\n\t\t\t\t\t\t\t\t\t\t\t\t\t\t\t\t\t\t\t\t\t\t\t\t\t\t\t\t\t\t\t\t\t\t\t\t\t\t\t\t\t\t\t\t\t\t\t\t\t\t\t\t\t\t                                <\/div>\n                            <\/div>\n                        <\/div>\n                    <\/div>\n\t\t\t\t\t                    <div class=\"penci-teammb-item pencisc-grid-item\">\n                        <div class=\"penci-teammb-inner\">\n\t\t\t\t\t\t\t<span  data-bgset=\"https:\/\/tatd.org.tr\/wp-content\/uploads\/2021\/11\/john-fowler-e1637236029270.jpg\" class=\"penci-image-holder penci-teammb-img penci-lazy\"><\/span>                            <div class=\"penci-team_item__info\">\n\t\t\t\t\t\t\t\t\t\t\t\t\t\t\t\t                                    <h5 class=\"penci-team_member_name\">Prof. Dr. John Fowler<\/h5>\n\t\t\t\t\t\t\t\t\t\t\t\t\t\t\t\t                                    <div class=\"penci-team_member_pos\">Kurulu\u015f D\u00f6nemi<\/div>\n\t\t\t\t\t\t\t\t\t\t\t\t\t\t\t\t                                <div class=\"penci-team_member_socails penci-social-wrap\">\n\t\t\t\t\t\t\t\t\t\t\t\t\t\t\t\t\t\t\t\t\t\t\t\t\t\t\t\n\t\t\t\t\t\t\t\t\t\t\t\t\t\t\t\t\t\t\t\t\t\t\t\t\t\t\t\t\t\t\t\t\t\t\t\t\t\t\t\t\t\t\t\t\t\t\t\t\t\t\t\t\t\t                                <\/div>\n                            <\/div>\n                        <\/div>\n                    <\/div>\n\t\t\t\t\t            <\/div>\n        <\/div>\n\t\t\t\t\t\t<\/div>\n\t\t\t\t<\/div>\n\t\t\t\t\t<\/div>\n\t\t\t\t<\/div>\n\t\t\t\t<\/div>\n\t\t","protected":false},"excerpt":{"rendered":"<p>Ge\u00e7mi\u015f Ba\u015fkanlar\u0131m\u0131z Prof. Dr. B\u00fclent Erbil 16. Y\u00f6netim Kurulu Ba\u015fkan\u0131 (2023 &#8211; 2025) Hacettepe \u00dcniversitesi T\u0131p Fak\u00fcltesi Acil T\u0131p Anabilim Dal\u0131 Prof. Dr. Serkan Y\u0131lmaz 15. Y\u00f6netim Kurulu Ba\u015fkan\u0131 (2021-2023)&hellip;<\/p>\n","protected":false},"author":4153,"featured_media":0,"parent":222,"menu_order":11,"comment_status":"closed","ping_status":"closed","template":"","meta":{"_acf_changed":false,"inline_featured_image":false,"_lmt_disableupdate":"","_lmt_disable":"","footnotes":""},"class_list":["post-18296","page","type-page","status-publish","hentry"],"acf":[],"_links":{"self":[{"href":"https:\/\/tatd.org.tr\/en\/wp-json\/wp\/v2\/pages\/18296","targetHints":{"allow":["GET"]}}],"collection":[{"href":"https:\/\/tatd.org.tr\/en\/wp-json\/wp\/v2\/pages"}],"about":[{"href":"https:\/\/tatd.org.tr\/en\/wp-json\/wp\/v2\/types\/page"}],"author":[{"embeddable":true,"href":"https:\/\/tatd.org.tr\/en\/wp-json\/wp\/v2\/users\/4153"}],"replies":[{"embeddable":true,"href":"https:\/\/tatd.org.tr\/en\/wp-json\/wp\/v2\/comments?post=18296"}],"version-history":[{"count":0,"href":"https:\/\/tatd.org.tr\/en\/wp-json\/wp\/v2\/pages\/18296\/revisions"}],"up":[{"embeddable":true,"href":"https:\/\/tatd.org.tr\/en\/wp-json\/wp\/v2\/pages\/222"}],"wp:attachment":[{"href":"https:\/\/tatd.org.tr\/en\/wp-json\/wp\/v2\/media?parent=18296"}],"curies":[{"name":"wp","href":"https:\/\/api.w.org\/{rel}","templated":true}]}}