{"id":105,"date":"2021-04-08T10:08:20","date_gmt":"2021-04-08T07:08:20","guid":{"rendered":"https:\/\/tatd.org.tr\/?page_id=105"},"modified":"2024-02-12T10:58:44","modified_gmt":"2024-02-12T07:58:44","slug":"tatd-emek-odulu","status":"publish","type":"page","link":"https:\/\/tatd.org.tr\/en\/anasayfa\/tatd-odulleri\/tatd-emek-odulu\/","title":{"rendered":"EMAT Outstanding Service Award"},"content":{"rendered":"<div class=\"pcrstb-wrap\"><table style=\"border-collapse: collapse; width: 100%;\" border=\"1\">\r\n<tbody>\r\n<tr style=\"height: 24px;\">\r\n<td style=\"width: 9.65608%; height: 24px;\"><strong>Year<\/strong><\/td>\r\n<td style=\"width: 28.4391%; height: 24px;\"><strong>EMAT Outstanding Service Award<\/strong><\/td>\r\n<\/tr>\r\n<tr style=\"height: 24px;\">\r\n<td style=\"width: 9.65608%; height: 24px;\">2016<\/td>\r\n<td style=\"width: 28.4391%; height: 24px;\">Do\u00e7. Dr.\u00a0Ba\u015fak Bayram<\/td>\r\n<\/tr>\r\n<tr style=\"height: 24px;\">\r\n<td style=\"width: 9.65608%; height: 24px;\">2017<\/td>\r\n<td style=\"width: 28.4391%; height: 24px;\">Uzm. Dr. \u00d6zg\u00fcr \u00c7evrim<\/td>\r\n<\/tr>\r\n<tr style=\"height: 24px;\">\r\n<td style=\"width: 9.65608%; height: 24px;\">2018<\/td>\r\n<td style=\"width: 28.4391%; height: 24px;\">Do\u00e7. Dr.\u00a0Ba\u015fak Bayram<\/td>\r\n<\/tr>\r\n<tr>\r\n<td style=\"width: 9.65608%;\">2019<\/td>\r\n<td style=\"width: 28.4391%;\">Prof. Dr. Murat Pekdemir<\/td>\r\n<\/tr>\r\n<tr>\r\n<td style=\"width: 9.65608%;\">2020<\/td>\r\n<td style=\"width: 28.4391%;\">Uzm. Dr. Burcu Azapo\u011flu Kaymak<\/td>\r\n<\/tr>\r\n<tr>\r\n<td style=\"width: 9.65608%;\">2021<\/td>\r\n<td style=\"width: 28.4391%;\">\u00a0<\/td>\r\n<\/tr>\r\n<\/tbody>\r\n<\/table><\/div>","protected":false},"excerpt":{"rendered":"<p>Year EMAT Outstanding Service Award 2016 Do\u00e7. Dr.\u00a0Ba\u015fak Bayram 2017 Uzm. Dr. \u00d6zg\u00fcr \u00c7evrim 2018 Do\u00e7. Dr.\u00a0Ba\u015fak Bayram 2019 Prof. Dr. Murat Pekdemir 2020 Uzm. Dr. Burcu Azapo\u011flu Kaymak 2021&hellip;<\/p>\n","protected":false},"author":1599,"featured_media":0,"parent":236,"menu_order":3,"comment_status":"closed","ping_status":"closed","template":"","meta":{"_acf_changed":false,"inline_featured_image":false,"_lmt_disableupdate":"","_lmt_disable":"","footnotes":""},"class_list":["post-105","page","type-page","status-publish","hentry"],"acf":[],"_links":{"self":[{"href":"https:\/\/tatd.org.tr\/en\/wp-json\/wp\/v2\/pages\/105","targetHints":{"allow":["GET"]}}],"collection":[{"href":"https:\/\/tatd.org.tr\/en\/wp-json\/wp\/v2\/pages"}],"about":[{"href":"https:\/\/tatd.org.tr\/en\/wp-json\/wp\/v2\/types\/page"}],"author":[{"embeddable":true,"href":"https:\/\/tatd.org.tr\/en\/wp-json\/wp\/v2\/users\/1599"}],"replies":[{"embeddable":true,"href":"https:\/\/tatd.org.tr\/en\/wp-json\/wp\/v2\/comments?post=105"}],"version-history":[{"count":0,"href":"https:\/\/tatd.org.tr\/en\/wp-json\/wp\/v2\/pages\/105\/revisions"}],"up":[{"embeddable":true,"href":"https:\/\/tatd.org.tr\/en\/wp-json\/wp\/v2\/pages\/236"}],"wp:attachment":[{"href":"https:\/\/tatd.org.tr\/en\/wp-json\/wp\/v2\/media?parent=105"}],"curies":[{"name":"wp","href":"https:\/\/api.w.org\/{rel}","templated":true}]}}