{"id":331,"date":"2021-11-22T00:08:40","date_gmt":"2021-11-21T21:08:40","guid":{"rendered":"https:\/\/tatd.org.tr\/empact\/?page_id=331"},"modified":"2021-11-22T00:08:40","modified_gmt":"2021-11-21T21:08:40","slug":"kilavuz-ve-rehberler","status":"publish","type":"page","link":"https:\/\/tatd.org.tr\/empact\/hakkimizda\/belgeler\/kilavuz-ve-rehberler\/","title":{"rendered":"K\u0131lavuz ve Rehberler"},"content":{"rendered":"<p>\u00c7al\u0131\u015fma Grubu taraf\u0131ndan haz\u0131rlan\u0131p yay\u0131nlanan k\u0131lavuz, rehber ve yay\u0131nlara bu sayfada yer verilmektedir.<\/p>\n<div class=\"pcrstb-wrap\"><table style=\"border-collapse: collapse; width: 100%;\" border=\"1\">\n<tbody>\n<tr>\n<td style=\"width: 33.3333%;\"><strong>K\u0131lavuz<\/strong><\/td>\n<td style=\"width: 33.3333%;\"><strong>Edit\u00f6r ve Yazarlar<\/strong><\/td>\n<td style=\"width: 33.3333%;\"><strong>Yay\u0131n Y\u0131l\u0131<\/strong><\/td>\n<\/tr>\n<tr>\n<td style=\"width: 33.3333%;\"><\/td>\n<td style=\"width: 33.3333%;\"><\/td>\n<td style=\"width: 33.3333%;\"><\/td>\n<\/tr>\n<\/tbody>\n<\/table><\/div>\n","protected":false},"excerpt":{"rendered":"<p>\u00c7al\u0131\u015fma Grubu taraf\u0131ndan haz\u0131rlan\u0131p yay\u0131nlanan k\u0131lavuz, rehber ve yay\u0131nlara bu sayfada yer verilmektedir. K\u0131lavuz Edit\u00f6r ve Yazarlar Yay\u0131n Y\u0131l\u0131<\/p>\n","protected":false},"author":1561,"featured_media":0,"parent":232,"menu_order":2,"comment_status":"closed","ping_status":"closed","template":"","meta":{"_acf_changed":false,"inline_featured_image":false,"_lmt_disableupdate":"","_lmt_disable":"","footnotes":""},"class_list":["post-331","page","type-page","status-publish","hentry"],"acf":[],"_links":{"self":[{"href":"https:\/\/tatd.org.tr\/empact\/wp-json\/wp\/v2\/pages\/331","targetHints":{"allow":["GET"]}}],"collection":[{"href":"https:\/\/tatd.org.tr\/empact\/wp-json\/wp\/v2\/pages"}],"about":[{"href":"https:\/\/tatd.org.tr\/empact\/wp-json\/wp\/v2\/types\/page"}],"author":[{"embeddable":true,"href":"https:\/\/tatd.org.tr\/empact\/wp-json\/wp\/v2\/users\/1561"}],"replies":[{"embeddable":true,"href":"https:\/\/tatd.org.tr\/empact\/wp-json\/wp\/v2\/comments?post=331"}],"version-history":[{"count":0,"href":"https:\/\/tatd.org.tr\/empact\/wp-json\/wp\/v2\/pages\/331\/revisions"}],"up":[{"embeddable":true,"href":"https:\/\/tatd.org.tr\/empact\/wp-json\/wp\/v2\/pages\/232"}],"wp:attachment":[{"href":"https:\/\/tatd.org.tr\/empact\/wp-json\/wp\/v2\/media?parent=331"}],"curies":[{"name":"wp","href":"https:\/\/api.w.org\/{rel}","templated":true}]}}