{"id":320,"date":"2021-11-22T00:03:38","date_gmt":"2021-11-21T21:03:38","guid":{"rendered":"https:\/\/tatd.org.tr\/empact\/?page_id=320"},"modified":"2021-11-22T00:05:03","modified_gmt":"2021-11-21T21:05:03","slug":"faaliyet-raporlari","status":"publish","type":"page","link":"https:\/\/tatd.org.tr\/empact\/hakkimizda\/belgeler\/faaliyet-raporlari\/","title":{"rendered":"Faaliyet Raporlar\u0131"},"content":{"rendered":"<p>&nbsp;<\/p>\n<div class=\"pcrstb-wrap\"><table style=\"border-collapse: collapse; width: 100%;\" border=\"1\">\n<tbody>\n<tr style=\"height: 24px;\">\n<td style=\"width: 5.51181%; height: 24px;\"><strong>Y\u0131l<\/strong><\/td>\n<td style=\"width: 38.517%; height: 24px;\"><strong>Y\u00fcr\u00fctme Kurulu<\/strong><\/td>\n<td style=\"width: 55.9711%; height: 24px;\"><strong>Faaliyet Raporu<\/strong><\/td>\n<\/tr>\n<tr style=\"height: 24px;\">\n<td style=\"width: 5.51181%; height: 24px;\">2021<\/td>\n<td style=\"width: 38.517%; height: 24px;\">Ba\u015fkan: G\u00fcltekin Kad\u0131, Sekreter: Melih \u0130mamo\u011flu<\/td>\n<td style=\"width: 55.9711%; height: 24px;\"><em>Faaliyet Raporu haz\u0131rlanmaktad\u0131r.<\/em><\/td>\n<\/tr>\n<tr style=\"height: 24px;\">\n<td style=\"width: 5.51181%; height: 24px;\">2020<\/td>\n<td style=\"width: 38.517%; height: 24px;\">Ba\u015fkan: G\u00fcltekin Kad\u0131, Sekreter: Melih \u0130mamo\u011flu<\/td>\n<td style=\"width: 55.9711%; height: 24px;\"><a class=\"btn btn-outline-primary fw-bold text-start\" href=\"https:\/\/tatd.org.tr\/empact\/wp-content\/uploads\/sites\/10\/2021\/11\/EMPACT-Yillik-Faaliyet-Raporu-2020.pdf\" target=\"_blank\" rel=\"noopener\"><i class=\"fas fa-file-pdf me-2\"><\/i>EMPACT Y\u0131ll\u0131k Faaliyet Raporu 2020 (26,53 KB)<\/a><\/td>\n<\/tr>\n<tr style=\"height: 24px;\">\n<td style=\"width: 5.51181%; height: 24px;\">2019<\/td>\n<td style=\"width: 38.517%; height: 24px;\"><\/td>\n<td style=\"width: 55.9711%; height: 24px;\"><em>\u00a0<\/em><\/td>\n<\/tr>\n<tr style=\"height: 24px;\">\n<td style=\"width: 5.51181%; height: 24px;\">2018<\/td>\n<td style=\"width: 38.517%; height: 24px;\"><\/td>\n<td style=\"width: 55.9711%; height: 24px;\"><em>\u00a0<\/em><\/td>\n<\/tr>\n<tr style=\"height: 24px;\">\n<td style=\"width: 5.51181%; height: 24px;\">2017<\/td>\n<td style=\"width: 38.517%; height: 24px;\"><\/td>\n<td style=\"width: 55.9711%; height: 24px;\"><em>\u00a0<\/em><\/td>\n<\/tr>\n<tr style=\"height: 24px;\">\n<td style=\"width: 5.51181%; height: 24px;\">2016<\/td>\n<td style=\"width: 38.517%; height: 24px;\"><\/td>\n<td style=\"width: 55.9711%; height: 24px;\"><em>\u00a0<\/em><\/td>\n<\/tr>\n<tr style=\"height: 24px;\">\n<td style=\"width: 5.51181%; height: 24px;\"><\/td>\n<td style=\"width: 38.517%; height: 24px;\"><\/td>\n<td style=\"width: 55.9711%; height: 24px;\"><em>\u00a0<\/em><\/td>\n<\/tr>\n<tr style=\"height: 24px;\">\n<td style=\"width: 5.51181%; height: 24px;\"><\/td>\n<td style=\"width: 38.517%; height: 24px;\"><\/td>\n<td style=\"width: 55.9711%; height: 24px;\"><em>\u00a0<\/em><\/td>\n<\/tr>\n<\/tbody>\n<\/table><\/div>\n<p>\u00c7al\u0131\u015fma Grubunun y\u0131ll\u0131k faaliyet raporlar\u0131 buraya y\u00fcklenecektir.\u00a0Faaliyet raporlar\u0131 sadece TATD \u00fcyelerine a\u00e7\u0131kt\u0131r.<\/p>\n","protected":false},"excerpt":{"rendered":"<p>&nbsp; Y\u0131l Y\u00fcr\u00fctme Kurulu Faaliyet Raporu 2021 Ba\u015fkan: G\u00fcltekin Kad\u0131, Sekreter: Melih \u0130mamo\u011flu Faaliyet Raporu haz\u0131rlanmaktad\u0131r. 2020 Ba\u015fkan: G\u00fcltekin Kad\u0131, Sekreter: Melih&hellip;<\/p>\n","protected":false},"author":1561,"featured_media":0,"parent":232,"menu_order":2,"comment_status":"closed","ping_status":"closed","template":"","meta":{"_acf_changed":false,"inline_featured_image":false,"_lmt_disableupdate":"","_lmt_disable":"","footnotes":""},"class_list":["post-320","page","type-page","status-publish","hentry"],"acf":[],"_links":{"self":[{"href":"https:\/\/tatd.org.tr\/empact\/wp-json\/wp\/v2\/pages\/320","targetHints":{"allow":["GET"]}}],"collection":[{"href":"https:\/\/tatd.org.tr\/empact\/wp-json\/wp\/v2\/pages"}],"about":[{"href":"https:\/\/tatd.org.tr\/empact\/wp-json\/wp\/v2\/types\/page"}],"author":[{"embeddable":true,"href":"https:\/\/tatd.org.tr\/empact\/wp-json\/wp\/v2\/users\/1561"}],"replies":[{"embeddable":true,"href":"https:\/\/tatd.org.tr\/empact\/wp-json\/wp\/v2\/comments?post=320"}],"version-history":[{"count":0,"href":"https:\/\/tatd.org.tr\/empact\/wp-json\/wp\/v2\/pages\/320\/revisions"}],"up":[{"embeddable":true,"href":"https:\/\/tatd.org.tr\/empact\/wp-json\/wp\/v2\/pages\/232"}],"wp:attachment":[{"href":"https:\/\/tatd.org.tr\/empact\/wp-json\/wp\/v2\/media?parent=320"}],"curies":[{"name":"wp","href":"https:\/\/api.w.org\/{rel}","templated":true}]}}