{"id":227,"date":"2021-10-17T23:08:36","date_gmt":"2021-10-17T20:08:36","guid":{"rendered":"https:\/\/tatd.org.tr\/template\/?page_id=12"},"modified":"2021-11-21T15:43:12","modified_gmt":"2021-11-21T12:43:12","slug":"amac-ve-hedefler","status":"publish","type":"page","link":"https:\/\/tatd.org.tr\/empact\/hakkimizda\/amac-ve-hedefler\/","title":{"rendered":"Ama\u00e7 ve Hedefler"},"content":{"rendered":"<p>Acil t\u0131p uzmanl\u0131\u011f\u0131, acil servisler, hastane \u00f6ncesi acil yard\u0131m, ilkyard\u0131m, afet organizasyonu konular\u0131nda projeler \u00fcretmek ve bu sistemin geli\u015fmesine destek olmak olan T\u00fcrkiye Acil T\u0131p Derne\u011fi\u2019ne (TATD) bu projeleri uygulama a\u015famas\u0131nda dinamik ve organize bir destek sa\u011flamay\u0131 hedeflemekteyiz.<\/p>\n","protected":false},"excerpt":{"rendered":"<p>Acil t\u0131p uzmanl\u0131\u011f\u0131, acil servisler, hastane \u00f6ncesi acil yard\u0131m, ilkyard\u0131m, afet organizasyonu konular\u0131nda projeler \u00fcretmek ve bu sistemin geli\u015fmesine destek olmak olan&hellip;<\/p>\n","protected":false},"author":1561,"featured_media":0,"parent":224,"menu_order":2,"comment_status":"closed","ping_status":"closed","template":"","meta":{"_acf_changed":false,"inline_featured_image":false,"_lmt_disableupdate":"","_lmt_disable":"","footnotes":""},"class_list":["post-227","page","type-page","status-publish","hentry"],"acf":[],"_links":{"self":[{"href":"https:\/\/tatd.org.tr\/empact\/wp-json\/wp\/v2\/pages\/227","targetHints":{"allow":["GET"]}}],"collection":[{"href":"https:\/\/tatd.org.tr\/empact\/wp-json\/wp\/v2\/pages"}],"about":[{"href":"https:\/\/tatd.org.tr\/empact\/wp-json\/wp\/v2\/types\/page"}],"author":[{"embeddable":true,"href":"https:\/\/tatd.org.tr\/empact\/wp-json\/wp\/v2\/users\/1561"}],"replies":[{"embeddable":true,"href":"https:\/\/tatd.org.tr\/empact\/wp-json\/wp\/v2\/comments?post=227"}],"version-history":[{"count":0,"href":"https:\/\/tatd.org.tr\/empact\/wp-json\/wp\/v2\/pages\/227\/revisions"}],"up":[{"embeddable":true,"href":"https:\/\/tatd.org.tr\/empact\/wp-json\/wp\/v2\/pages\/224"}],"wp:attachment":[{"href":"https:\/\/tatd.org.tr\/empact\/wp-json\/wp\/v2\/media?parent=227"}],"curies":[{"name":"wp","href":"https:\/\/api.w.org\/{rel}","templated":true}]}}