{"id":226,"date":"2021-10-17T23:07:10","date_gmt":"2021-10-17T20:07:10","guid":{"rendered":"https:\/\/tatd.org.tr\/template\/?page_id=10"},"modified":"2021-11-21T15:42:50","modified_gmt":"2021-11-21T12:42:50","slug":"vizyon-misyon-ve-tanimlar","status":"publish","type":"page","link":"https:\/\/tatd.org.tr\/empact\/hakkimizda\/vizyon-misyon-ve-tanimlar\/","title":{"rendered":"Vizyon, Misyon ve Tan\u0131mlar"},"content":{"rendered":"<h3>Vizyon<\/h3>\n<p>T\u00fcrkiye\u2019deki gen\u00e7 Acil T\u0131p doktorlar\u0131n\u0131n mesleki bilgi ve becerileri, akademik yeterlilikleri a\u00e7\u0131s\u0131ndan geli\u015fimlerini sa\u011flamaya yard\u0131mc\u0131 olarak, T\u00fcrkiye\u2019de ve d\u00fcnyada \u00f6nder ve \u00f6rnek bir Acil T\u0131p uzmanl\u0131\u011f\u0131 duru\u015fu sergilemektir.<\/p>\n<h3>Misyon<\/h3>\n<p>T\u00fcrkiye\u2019deki gen\u00e7 Acil T\u0131p doktorlar\u0131n\u0131n aras\u0131ndaki ileti\u015fimi artt\u0131rmak i\u00e7in, mesleki ve akademik e\u011fitim ve geli\u015fimlerinin d\u00fcnya standartlar\u0131nda olmas\u0131n\u0131 sa\u011flamak i\u00e7in ve gen\u00e7 Acil T\u0131p doktorlar\u0131n\u0131n \u00e7al\u0131\u015fma ko\u015fullar\u0131n\u0131n iyile\u015ftirilmesi i\u00e7in proje \u00fcretmek ve y\u00fcr\u00fctmektir.<\/p>\n<p>&nbsp;<\/p>\n<p>&nbsp;<\/p>\n","protected":false},"excerpt":{"rendered":"<p>Vizyon T\u00fcrkiye\u2019deki gen\u00e7 Acil T\u0131p doktorlar\u0131n\u0131n mesleki bilgi ve becerileri, akademik yeterlilikleri a\u00e7\u0131s\u0131ndan geli\u015fimlerini sa\u011flamaya yard\u0131mc\u0131 olarak, T\u00fcrkiye\u2019de ve d\u00fcnyada \u00f6nder ve&hellip;<\/p>\n","protected":false},"author":1561,"featured_media":0,"parent":224,"menu_order":1,"comment_status":"closed","ping_status":"closed","template":"","meta":{"_acf_changed":false,"inline_featured_image":false,"_lmt_disableupdate":"","_lmt_disable":"","footnotes":""},"class_list":["post-226","page","type-page","status-publish","hentry"],"acf":[],"_links":{"self":[{"href":"https:\/\/tatd.org.tr\/empact\/wp-json\/wp\/v2\/pages\/226","targetHints":{"allow":["GET"]}}],"collection":[{"href":"https:\/\/tatd.org.tr\/empact\/wp-json\/wp\/v2\/pages"}],"about":[{"href":"https:\/\/tatd.org.tr\/empact\/wp-json\/wp\/v2\/types\/page"}],"author":[{"embeddable":true,"href":"https:\/\/tatd.org.tr\/empact\/wp-json\/wp\/v2\/users\/1561"}],"replies":[{"embeddable":true,"href":"https:\/\/tatd.org.tr\/empact\/wp-json\/wp\/v2\/comments?post=226"}],"version-history":[{"count":0,"href":"https:\/\/tatd.org.tr\/empact\/wp-json\/wp\/v2\/pages\/226\/revisions"}],"up":[{"embeddable":true,"href":"https:\/\/tatd.org.tr\/empact\/wp-json\/wp\/v2\/pages\/224"}],"wp:attachment":[{"href":"https:\/\/tatd.org.tr\/empact\/wp-json\/wp\/v2\/media?parent=226"}],"curies":[{"name":"wp","href":"https:\/\/api.w.org\/{rel}","templated":true}]}}