{"id":225,"date":"2021-10-17T23:06:18","date_gmt":"2021-10-17T20:06:18","guid":{"rendered":"https:\/\/tatd.org.tr\/template\/?page_id=8"},"modified":"2021-11-21T15:33:08","modified_gmt":"2021-11-21T12:33:08","slug":"tarihce","status":"publish","type":"page","link":"https:\/\/tatd.org.tr\/dogatibbi\/hakkimizda\/tarihce\/","title":{"rendered":"Tarih\u00e7e"},"content":{"rendered":"<p>Do\u011fadaki enerji dolu etkinliklerin olas\u0131 yaralanma ve hastal\u0131klar\u0131yla u\u011fra\u015fan acil t\u0131p dal\u0131na \u00fclkemizde \u00e7ok da yerle\u015fmemi\u015f terminolojisiyle yaban ya da do\u011fa t\u0131bb\u0131 (orjinal ad\u0131yla <em>Wilderness Medicine)<\/em> denir. Akademik olmayan bir yan olarak yurtd\u0131\u015f\u0131nda kabul g\u00f6ren Do\u011fa T\u0131bb\u0131n\u0131 \u00fclkemize tan\u0131tmak, bu konuda fark\u0131ndal\u0131\u011f\u0131 artt\u0131rmak, ilgilenen TATD \u00fcyeleri ile bu alanda faaliyetler y\u00fcr\u00fctmek ama\u00e7lar\u0131yla 2020 y\u0131l\u0131nda<strong> TATD Do\u011fa T\u0131bb\u0131 \u00c7al\u0131\u015fma Grubu<\/strong> kurulmu\u015ftur.<\/p>\n<div class=\"pcrstb-wrap\"><table style=\"border-collapse: collapse; width: 100%;\" border=\"1\">\n<tbody>\n<tr>\n<td style=\"width: 10.1706%;\"><strong>Kurulu\u015f Tarihi<\/strong><\/td>\n<td style=\"width: 22.3097%;\">2020<\/td>\n<\/tr>\n<tr>\n<td style=\"width: 10.1706%;\"><strong>Kurucu Ba\u015fkan<\/strong><\/td>\n<td style=\"width: 22.3097%;\">M. Feridun \u00c7elikmen<\/td>\n<\/tr>\n<\/tbody>\n<\/table><\/div>\n<p>&nbsp;<\/p>\n<div class=\"pcrstb-wrap\"><table style=\"border-collapse: collapse; width: 100%;\" border=\"1\">\n<tbody>\n<tr>\n<td style=\"width: 25%;\"><strong>Ba\u015fkan<\/strong><\/td>\n<td style=\"width: 25%;\"><strong>G\u00f6rev S\u00fcresi<\/strong><\/td>\n<td style=\"width: 25%;\"><strong>Skreter<\/strong><\/td>\n<td style=\"width: 25%;\"><strong>G\u00f6rev S\u00fcresi<\/strong><\/td>\n<\/tr>\n<tr>\n<td style=\"width: 25%;\">M. Feridun \u00c7elikmen<\/td>\n<td style=\"width: 25%;\">2020-2021<\/td>\n<td style=\"width: 25%;\">Mustafa \u00c7i\u00e7ek<\/td>\n<td style=\"width: 25%;\">2020-2021<\/td>\n<\/tr>\n<\/tbody>\n<\/table><\/div>\n","protected":false},"excerpt":{"rendered":"<p>Do\u011fadaki enerji dolu etkinliklerin olas\u0131 yaralanma ve hastal\u0131klar\u0131yla u\u011fra\u015fan acil t\u0131p dal\u0131na \u00fclkemizde \u00e7ok da yerle\u015fmemi\u015f terminolojisiyle yaban ya da do\u011fa t\u0131bb\u0131&hellip;<\/p>\n","protected":false},"author":1561,"featured_media":0,"parent":224,"menu_order":0,"comment_status":"closed","ping_status":"closed","template":"","meta":{"_acf_changed":false,"inline_featured_image":false,"_lmt_disableupdate":"","_lmt_disable":"","footnotes":""},"class_list":["post-225","page","type-page","status-publish","hentry"],"acf":[],"_links":{"self":[{"href":"https:\/\/tatd.org.tr\/dogatibbi\/wp-json\/wp\/v2\/pages\/225","targetHints":{"allow":["GET"]}}],"collection":[{"href":"https:\/\/tatd.org.tr\/dogatibbi\/wp-json\/wp\/v2\/pages"}],"about":[{"href":"https:\/\/tatd.org.tr\/dogatibbi\/wp-json\/wp\/v2\/types\/page"}],"author":[{"embeddable":true,"href":"https:\/\/tatd.org.tr\/dogatibbi\/wp-json\/wp\/v2\/users\/1561"}],"replies":[{"embeddable":true,"href":"https:\/\/tatd.org.tr\/dogatibbi\/wp-json\/wp\/v2\/comments?post=225"}],"version-history":[{"count":0,"href":"https:\/\/tatd.org.tr\/dogatibbi\/wp-json\/wp\/v2\/pages\/225\/revisions"}],"up":[{"embeddable":true,"href":"https:\/\/tatd.org.tr\/dogatibbi\/wp-json\/wp\/v2\/pages\/224"}],"wp:attachment":[{"href":"https:\/\/tatd.org.tr\/dogatibbi\/wp-json\/wp\/v2\/media?parent=225"}],"curies":[{"name":"wp","href":"https:\/\/api.w.org\/{rel}","templated":true}]}}