{"id":231,"date":"2021-10-17T23:18:55","date_gmt":"2021-10-17T20:18:55","guid":{"rendered":"https:\/\/tatd.org.tr\/template\/?page_id=20"},"modified":"2026-03-18T07:07:48","modified_gmt":"2026-03-18T04:07:48","slug":"iletisim","status":"publish","type":"page","link":"https:\/\/tatd.org.tr\/cocuk\/hakkimizda\/iletisim\/","title":{"rendered":"\u0130leti\u015fim"},"content":{"rendered":"\n<p class=\"has-text-align-center\"><strong>Uzm. Dr. Bahad\u0131r Arslan<\/strong><\/p>\n\n\n\n<p class=\"has-text-align-center\"><em>TATD \u00c7ocuk Acil T\u0131p \u00c7al\u0131\u015fma Grubu Sekreteri<\/em><\/p>\n\n\n\n<p class=\"has-text-align-center\"><em>E-Posta: bahadir.arslan@tatd.org.tr<\/em><\/p>\n\n\n\n<p><strong>Sosyal Medya Hesaplar\u0131m\u0131z:<\/strong><\/p>\n\n\n\n<p class=\"has-text-align-center\"><strong>X: <a href=\"https:\/\/x.com\/TatdCocukAcil\">https:\/\/x.com\/TatdCocukAcil<\/a><\/strong><\/p>\n\n\n\n<p class=\"has-text-align-center\"><strong>\u0130nstagram: <a href=\"https:\/\/www.instagram.com\/cocukaciltipcalismagrubu\">https:\/\/www.instagram.com\/cocukaciltipcalismagrubu<\/a><\/strong><\/p>\n\n\n\n<p><\/p>\n","protected":false},"excerpt":{"rendered":"<p>Uzm. Dr. Bahad\u0131r Arslan TATD \u00c7ocuk Acil T\u0131p \u00c7al\u0131\u015fma Grubu Sekreteri E-Posta: bahadir.arslan@tatd.org.tr Sosyal Medya Hesaplar\u0131m\u0131z: X: https:\/\/x.com\/TatdCocukAcil \u0130nstagram: https:\/\/www.instagram.com\/cocukaciltipcalismagrubu<\/p>\n","protected":false},"author":1561,"featured_media":0,"parent":224,"menu_order":99,"comment_status":"closed","ping_status":"closed","template":"","meta":{"_acf_changed":false,"inline_featured_image":false,"_lmt_disableupdate":"","_lmt_disable":"","footnotes":""},"class_list":["post-231","page","type-page","status-publish","hentry"],"acf":[],"_links":{"self":[{"href":"https:\/\/tatd.org.tr\/cocuk\/wp-json\/wp\/v2\/pages\/231","targetHints":{"allow":["GET"]}}],"collection":[{"href":"https:\/\/tatd.org.tr\/cocuk\/wp-json\/wp\/v2\/pages"}],"about":[{"href":"https:\/\/tatd.org.tr\/cocuk\/wp-json\/wp\/v2\/types\/page"}],"author":[{"embeddable":true,"href":"https:\/\/tatd.org.tr\/cocuk\/wp-json\/wp\/v2\/users\/1561"}],"replies":[{"embeddable":true,"href":"https:\/\/tatd.org.tr\/cocuk\/wp-json\/wp\/v2\/comments?post=231"}],"version-history":[{"count":0,"href":"https:\/\/tatd.org.tr\/cocuk\/wp-json\/wp\/v2\/pages\/231\/revisions"}],"up":[{"embeddable":true,"href":"https:\/\/tatd.org.tr\/cocuk\/wp-json\/wp\/v2\/pages\/224"}],"wp:attachment":[{"href":"https:\/\/tatd.org.tr\/cocuk\/wp-json\/wp\/v2\/media?parent=231"}],"curies":[{"name":"wp","href":"https:\/\/api.w.org\/{rel}","templated":true}]}}