{"id":230,"date":"2021-10-17T23:18:15","date_gmt":"2021-10-17T20:18:15","guid":{"rendered":"https:\/\/tatd.org.tr\/template\/?page_id=18"},"modified":"2026-04-26T13:27:05","modified_gmt":"2026-04-26T10:27:05","slug":"uyeler","status":"publish","type":"page","link":"https:\/\/tatd.org.tr\/cocuk\/hakkimizda\/uyeler\/","title":{"rendered":"\u00dcyeler"},"content":{"rendered":"\n<figure class=\"wp-block-table\"><div class=\"pcrstb-wrap\"><table class=\"has-fixed-layout\"><tbody><tr><td><strong>Say\u0131<\/strong><\/td><td><strong>Ad\u0131 Soyad\u0131<\/strong><\/td><td><strong>\u00dcnvan\u0131<\/strong><\/td><td><strong>\u00dcyelik Tarihi<\/strong><\/td><td><strong>\u00dcyelik Durumu<\/strong><\/td><\/tr><tr><td>1<\/td><td>Cem Oktay<\/td><td>Prof. Dr.<\/td><td>06.01.2020<\/td><td>Aktif<\/td><\/tr><tr><td>2<\/td><td>Murat \u00c7etin<\/td><td>Uzm. Dr.<\/td><td>06.01.2020<\/td><td>Aktif<\/td><\/tr><tr><td>3<\/td><td>Fatma Selman<\/td><td>Uzm. Dr.<\/td><td>23.01.2020<\/td><td>Aktif<\/td><\/tr><tr><td>4<\/td><td>Vehbi \u00d6zayd\u0131n<\/td><td>Uzm. Dr.<\/td><td>28.02.2020<\/td><td>Aktif<\/td><\/tr><tr><td>5<\/td><td>Ali Selman Bilg\u00fc<\/td><td>Uzm. Dr.<\/td><td>25.02.2020<\/td><td>Aktif<\/td><\/tr><tr><td>6<\/td><td>Mustafa Emin \u00c7anak\u00e7\u0131<\/td><td>Do\u00e7. Dr.<\/td><td>2020<\/td><td>Aktif<\/td><\/tr><tr><td>7<\/td><td>Canan Akman<\/td><td>Do\u00e7. Dr.<\/td><td>2020<\/td><td>Aktif<\/td><\/tr><tr><td>8<\/td><td>H\u00fcseyin \u00c7etin Arslan<\/td><td>Dr. \u00d6\u011fr. \u00dcyesi<\/td><td>2020<\/td><td>Aktif<\/td><\/tr><tr><td>9<\/td><td>G\u00fcrkan Altunta\u015f<\/td><td>Dr. \u00d6\u011fr. \u00dcyesi<\/td><td>2020<\/td><td>Aktif<\/td><\/tr><tr><td>10<\/td><td>Umut Payza<\/td><td>Do\u00e7. Dr.<\/td><td>2020<\/td><td>Aktif<\/td><\/tr><tr><td>11<\/td><td>B\u00fclent Erbil<\/td><td>Prof. Dr.<\/td><td>2020<\/td><td>Aktif<\/td><\/tr><tr><td>12<\/td><td>G\u00fcl Pamuk\u00e7u G\u00fcnayd\u0131n<\/td><td>Dr. \u00d6\u011fr. \u00dcyesi<\/td><td>25.01.2021<\/td><td>Aktif<\/td><\/tr><tr><td>13<\/td><td>\u00c7a\u011flar Kuas<\/td><td>Dr. \u00d6\u011fr. \u00dcyesi<\/td><td>15.02.2021<\/td><td>Aktif<\/td><\/tr><tr><td>14<\/td><td>Sena Baykara Say\u0131l\u0131<\/td><td>Uzm. Dr.<\/td><td>04.03.2021<\/td><td>Aktif<\/td><\/tr><tr><td>15<\/td><td>Selin Tezel<\/td><td>Uzm. Dr.<\/td><td>06.04.2021<\/td><td>Aktif<\/td><\/tr><tr><td>16<\/td><td>G\u00fcltekin Akyol<\/td><td>Uzm. Dr.<\/td><td>08.04.2021<\/td><td>Aktif<\/td><\/tr><tr><td>17<\/td><td>G\u00fcl\u015fen \u00d6zt\u00fcrk \u00d6rmeci<\/td><td>Dr. \u00d6\u011fr. \u00dcyesi<\/td><td>12.05.2021<\/td><td>Aktif<\/td><\/tr><tr><td>18<\/td><td>\u00c7eral Efe Arac\u0131<\/td><td>Uzm. Dr.<\/td><td>26.11.2021<\/td><td>Aktif<\/td><\/tr><tr><td>19<\/td><td>Faruk Dan\u0131\u015f<\/td><td>Dr. \u00d6\u011fr. \u00dcyesi<\/td><td>26.11.2021<\/td><td>Aktif<\/td><\/tr><tr><td>20<\/td><td>Eda Ar\u015f Kencebay<\/td><td>Uzm. Dr.<\/td><td>28.11.2021<\/td><td>Aktif<\/td><\/tr><tr><td>21<\/td><td>Sema Ye\u015filkaya<\/td><td>Uzm. Dr.<\/td><td>29.11.2021<\/td><td>Aktif<\/td><\/tr><tr><td>22<\/td><td>Fulya Ko\u00e7<\/td><td>Dr. (Acil T\u0131p TU\u00d6)<\/td><td>20.12.2021<\/td><td>Aktif<\/td><\/tr><tr><td>23<\/td><td>\u00d6mer Jaradat<\/td><td>Dr. \u00d6\u011fr. \u00dcyesi<\/td><td>02.02.2022<\/td><td>Aktif<\/td><\/tr><tr><td>24<\/td><td>Nurseli Bayram<\/td><td>Dr. (Acil T\u0131p TU\u00d6)<\/td><td>16.02.2022<\/td><td>Aktif<\/td><\/tr><tr><td>25<\/td><td>Zafer Be\u015fer<\/td><td>Uzm. Dr.<\/td><td>16.02.2022<\/td><td>Aktif<\/td><\/tr><tr><td>26<\/td><td>\u015eeyda Kaptan<\/td><td>Uzm. Dr.<\/td><td>24.02.2022<\/td><td>Aktif<\/td><\/tr><tr><td>27<\/td><td>Manolya Y\u0131ld\u0131z \u00dcnal<\/td><td>Uzm. Dr.<\/td><td>06.09.2022<\/td><td>Aktif<\/td><\/tr><tr><td>28<\/td><td>Huriye Y\u00fcr\u00fck M\u0131s\u0131rl\u0131o\u011flu<\/td><td>Uzm. Dr.<\/td><td>06.12.2022<\/td><td>Aktif<\/td><\/tr><tr><td>29<\/td><td>Emine Sarcan<\/td><td>Uzm. Dr.<\/td><td>28.04.2023<\/td><td>Aktif<\/td><\/tr><tr><td>30<\/td><td>\u00dcmm\u00fchan Karaka\u015fo\u011flu<\/td><td>Uzm. Dr.<\/td><td>29.04.2023<\/td><td>Aktif<\/td><\/tr><tr><td>31<\/td><td>Eylem Ersan<\/td><td>Dr. \u00d6\u011fr. \u00dcyesi<\/td><td>23.08.2023<\/td><td>Aktif<\/td><\/tr><tr><td>32<\/td><td>Emel Alt\u0131nta\u015f<\/td><td>Uzm. Dr.<\/td><td>23.11.2023<\/td><td>Aktif<\/td><\/tr><tr><td>33<\/td><td>\u00d6zlem K\u00f6ksal<\/td><td>Prof. Dr.<\/td><td>09.02.2024<\/td><td>Aktif<\/td><\/tr><tr><td>34<\/td><td>Mehmet Mahir Kunt<\/td><td>\u00d6\u011fr. G\u00f6r. Dr.<\/td><td>09.02.2024<\/td><td>Aktif<\/td><\/tr><tr><td>35<\/td><td>Bahad\u0131r Arslan<\/td><td>Uzm. Dr.<\/td><td>09.02.2024<\/td><td>Aktif<\/td><\/tr><tr><td>36<\/td><td>Muhammet \u00c7akas<\/td><td>Dr. (Acil T\u0131p TU\u00d6)<\/td><td>11.02.2024<\/td><td>Aktif<\/td><\/tr><tr><td>37<\/td><td>\u00c7i\u011fdem Orhan<\/td><td>Uzm. Dr.<\/td><td>11.02.2024<\/td><td>Aktif<\/td><\/tr><tr><td>38<\/td><td>Eray \u00c7elikt\u00fcrk<\/td><td>Dr. \u00d6\u011fr. \u00dcyesi<\/td><td>11.02.2024<\/td><td>Aktif<\/td><\/tr><tr><td>39<\/td><td>Kenan Y\u0131lmaz<\/td><td>Uzm. Dr.<\/td><td>11.02.2024<\/td><td>Aktif<\/td><\/tr><tr><td>40<\/td><td>Kudret Selki<\/td><td>Dr. (Acil T\u0131p TU\u00d6)<\/td><td>11.02.2024<\/td><td>Aktif<\/td><\/tr><tr><td>41<\/td><td>Hasan Can G\u00fcven<\/td><td>Uzm. Dr.<\/td><td>11.02.2024<\/td><td>Aktif<\/td><\/tr><tr><td>42<\/td><td>G\u00f6zde Canan Yava\u015f<\/td><td>Uzm. Dr.<\/td><td>11.02.2024<\/td><td>Aktif<\/td><\/tr><tr><td>43<\/td><td>Medine \u00dcnal<\/td><td>Uzm. Dr.<\/td><td>11.02.2024<\/td><td>Aktif<\/td><\/tr><tr><td>44<\/td><td>Furkan Yak\u0131n<\/td><td>Dr. (Acil T\u0131p TU\u00d6)<\/td><td>11.02.2024<\/td><td>Aktif<\/td><\/tr><tr><td>45<\/td><td>Nagehan Deliboyraz<\/td><td>Dr. (Acil T\u0131p TU\u00d6)<\/td><td>11.02.2024<\/td><td>Aktif<\/td><\/tr><tr><td>46<\/td><td>Onur G\u00fcng\u00f6r<\/td><td>Uzm. Dr.<\/td><td>02.07.2024<\/td><td>Aktif<\/td><\/tr><tr><td>47<\/td><td>Sultan \u00d6zsel\u00e7uk<\/td><td>Uzm. Dr.<\/td><td>30.07.2024<\/td><td>Aktif<\/td><\/tr><tr><td>48<\/td><td>Sema Belek<\/td><td>Dr. (Acil T\u0131p TU\u00d6)<\/td><td>12.09.2024<\/td><td>Aktif<\/td><\/tr><tr><td>49<\/td><td>Vahide Aslanko\u00e7<\/td><td>Uzm. Dr.<\/td><td>23.10.2024<\/td><td>Aktif<\/td><\/tr><tr><td>50<\/td><td>Mustafa Polat<\/td><td>Dr. \u00d6\u011fr. \u00dcyesi<\/td><td>09.12.2024<\/td><td>Aktif<\/td><\/tr><tr><td>51<\/td><td>Mehmet Sefkan Acemo\u011flu<\/td><td>Dr. (Acil T\u0131p TU\u00d6)<\/td><td>18.12.2024<\/td><td>Aktif<\/td><\/tr><tr><td>52<\/td><td>Azize \u00d6rensoy \u00c7ilingiro\u011flu<\/td><td>Dr. (Acil T\u0131p TU\u00d6)<\/td><td>07.01.2025<\/td><td>Aktif<\/td><\/tr><tr><td>53<\/td><td>Maral Yaz\u0131c\u0131<\/td><td>Uzm. Dr.<\/td><td>02.07.2025<\/td><td>Aktif<\/td><\/tr><tr><td>54<\/td><td>B\u00fc\u015fra Alt\u0131nk\u00f6k \u015eent\u00fcrk<\/td><td>\u00d6\u011fr. G\u00f6r. Dr.<\/td><td>04.08.2025<\/td><td>Aktif<\/td><\/tr><tr><td>55<\/td><td>Bora Baltac\u0131o\u011flu<\/td><td>Uzm. Dr.<\/td><td>21.11.2025<\/td><td>Aktif<\/td><\/tr><tr><td>56<\/td><td>\u00d6zlem Dikme<\/td><td>Do\u00e7. Dr.<\/td><td>25.11.2025<\/td><td>Aktif<\/td><\/tr><tr><td>57<\/td><td>Beyza Nur Bak\u0131r<\/td><td>Dr. (Acil T\u0131p TU\u00d6)<\/td><td>18.12.2025<\/td><td>Aktif<\/td><\/tr><tr><td>58<\/td><td>Yusuf E. Aslan<\/td><td>Dr. \u00d6\u011fr. \u00dcyesi<\/td><td>19.01.2026<\/td><td>Aktif<\/td><\/tr><tr><td>59<\/td><td>K\u00fcbra Yurter<\/td><td>Dr. (Acil T\u0131p TU\u00d6)<\/td><td>25.04.2026<\/td><td>Aktif<\/td><\/tr><tr><td>60<\/td><td>P\u0131nar T\u00fcrkmen<\/td><td>Uzm. Dr.<\/td><td>25.04.2026<\/td><td>Aktif<\/td><\/tr><\/tbody><\/table><\/div><figcaption class=\"wp-element-caption\"><strong>26.04.2026<\/strong><\/figcaption><\/figure>\n\n\n\n<p><\/p>\n","protected":false},"excerpt":{"rendered":"<p>Say\u0131 Ad\u0131 Soyad\u0131 \u00dcnvan\u0131 \u00dcyelik Tarihi \u00dcyelik Durumu 1 Cem Oktay Prof. Dr. 06.01.2020 Aktif 2 Murat \u00c7etin Uzm. Dr. 06.01.2020 Aktif&hellip;<\/p>\n","protected":false},"author":1561,"featured_media":0,"parent":224,"menu_order":15,"comment_status":"closed","ping_status":"closed","template":"","meta":{"_acf_changed":false,"inline_featured_image":false,"_lmt_disableupdate":"","_lmt_disable":"","footnotes":""},"class_list":["post-230","page","type-page","status-publish","hentry"],"acf":[],"_links":{"self":[{"href":"https:\/\/tatd.org.tr\/cocuk\/wp-json\/wp\/v2\/pages\/230","targetHints":{"allow":["GET"]}}],"collection":[{"href":"https:\/\/tatd.org.tr\/cocuk\/wp-json\/wp\/v2\/pages"}],"about":[{"href":"https:\/\/tatd.org.tr\/cocuk\/wp-json\/wp\/v2\/types\/page"}],"author":[{"embeddable":true,"href":"https:\/\/tatd.org.tr\/cocuk\/wp-json\/wp\/v2\/users\/1561"}],"replies":[{"embeddable":true,"href":"https:\/\/tatd.org.tr\/cocuk\/wp-json\/wp\/v2\/comments?post=230"}],"version-history":[{"count":0,"href":"https:\/\/tatd.org.tr\/cocuk\/wp-json\/wp\/v2\/pages\/230\/revisions"}],"up":[{"embeddable":true,"href":"https:\/\/tatd.org.tr\/cocuk\/wp-json\/wp\/v2\/pages\/224"}],"wp:attachment":[{"href":"https:\/\/tatd.org.tr\/cocuk\/wp-json\/wp\/v2\/media?parent=230"}],"curies":[{"name":"wp","href":"https:\/\/api.w.org\/{rel}","templated":true}]}}