{"id":225,"date":"2021-10-17T23:06:18","date_gmt":"2021-10-17T20:06:18","guid":{"rendered":"https:\/\/tatd.org.tr\/template\/?page_id=8"},"modified":"2026-02-20T09:48:46","modified_gmt":"2026-02-20T06:48:46","slug":"yonetim","status":"publish","type":"page","link":"https:\/\/tatd.org.tr\/cocuk\/hakkimizda\/yonetim\/","title":{"rendered":"Y\u00f6netim"},"content":{"rendered":"<p>&nbsp;<\/p>\n<div class=\"pcrstb-wrap\"><table style=\"border-collapse: collapse;width: 100%\" border=\"1\">\n<tbody>\n<tr>\n<td style=\"width: 10.1706%\"><strong>Kurulu\u015f Tarihi<\/strong><\/td>\n<td style=\"width: 22.3097%\">2020<\/td>\n<\/tr>\n<tr>\n<td style=\"width: 10.1706%\"><strong>Kurucu Ba\u015fkan<\/strong><\/td>\n<td style=\"width: 22.3097%\">Prof. Dr. Cem Oktay<\/td>\n<\/tr>\n<\/tbody>\n<\/table><\/div>\n<p>&nbsp;<\/p>\n<div class=\"pcrstb-wrap\"><table style=\"border-collapse: collapse;width: 100%\" border=\"1\">\n<tbody>\n<tr>\n<td style=\"width: 25%\"><strong>Ba\u015fkan<\/strong><\/td>\n<td style=\"width: 25%\"><strong>G\u00f6rev S\u00fcresi<\/strong><\/td>\n<td style=\"width: 25%\"><strong>Sekreter<\/strong><\/td>\n<td style=\"width: 25%\"><strong>G\u00f6rev S\u00fcresi<\/strong><\/td>\n<\/tr>\n<tr>\n<td style=\"width: 25%\">Prof. Dr. \u00d6zlem K\u00f6ksal<\/td>\n<td style=\"width: 25%\">12\/2025-Halen<\/td>\n<td style=\"width: 25%\">Uzm. Dr. Bahad\u0131r Arslan<\/td>\n<td style=\"width: 25%\">12\/2025-Halen<\/td>\n<\/tr>\n<\/tbody>\n<\/table><\/div>\n","protected":false},"excerpt":{"rendered":"<p>&nbsp; Kurulu\u015f Tarihi 2020 Kurucu Ba\u015fkan Prof. Dr. Cem Oktay &nbsp; Ba\u015fkan G\u00f6rev S\u00fcresi Sekreter G\u00f6rev S\u00fcresi Prof. Dr. \u00d6zlem K\u00f6ksal 12\/2025-Halen&hellip;<\/p>\n","protected":false},"author":1561,"featured_media":0,"parent":224,"menu_order":0,"comment_status":"closed","ping_status":"closed","template":"","meta":{"_acf_changed":false,"inline_featured_image":false,"_lmt_disableupdate":"","_lmt_disable":"","footnotes":""},"class_list":["post-225","page","type-page","status-publish","hentry"],"acf":[],"_links":{"self":[{"href":"https:\/\/tatd.org.tr\/cocuk\/wp-json\/wp\/v2\/pages\/225","targetHints":{"allow":["GET"]}}],"collection":[{"href":"https:\/\/tatd.org.tr\/cocuk\/wp-json\/wp\/v2\/pages"}],"about":[{"href":"https:\/\/tatd.org.tr\/cocuk\/wp-json\/wp\/v2\/types\/page"}],"author":[{"embeddable":true,"href":"https:\/\/tatd.org.tr\/cocuk\/wp-json\/wp\/v2\/users\/1561"}],"replies":[{"embeddable":true,"href":"https:\/\/tatd.org.tr\/cocuk\/wp-json\/wp\/v2\/comments?post=225"}],"version-history":[{"count":0,"href":"https:\/\/tatd.org.tr\/cocuk\/wp-json\/wp\/v2\/pages\/225\/revisions"}],"up":[{"embeddable":true,"href":"https:\/\/tatd.org.tr\/cocuk\/wp-json\/wp\/v2\/pages\/224"}],"wp:attachment":[{"href":"https:\/\/tatd.org.tr\/cocuk\/wp-json\/wp\/v2\/media?parent=225"}],"curies":[{"name":"wp","href":"https:\/\/api.w.org\/{rel}","templated":true}]}}