{"id":1628,"date":"2026-03-18T06:02:52","date_gmt":"2026-03-18T03:02:52","guid":{"rendered":"https:\/\/tatd.org.tr\/cocuk\/?page_id=1628"},"modified":"2026-04-14T09:37:44","modified_gmt":"2026-04-14T06:37:44","slug":"politik-beyanlar","status":"publish","type":"page","link":"https:\/\/tatd.org.tr\/cocuk\/politik-beyanlar\/","title":{"rendered":"Politik Beyanlar"},"content":{"rendered":"\n<p>\u00c7al\u0131\u015fma grubumuz taraf\u0131ndan d\u00fczenlenmi\u015f ve kabul edilmi\u015f politik beyanlara sitemizden ula\u015fabilirsiniz. <\/p>\n","protected":false},"excerpt":{"rendered":"<p>\u00c7al\u0131\u015fma grubumuz taraf\u0131ndan d\u00fczenlenmi\u015f ve kabul edilmi\u015f politik beyanlara sitemizden ula\u015fabilirsiniz.<\/p>\n","protected":false},"author":162,"featured_media":0,"parent":0,"menu_order":0,"comment_status":"closed","ping_status":"closed","template":"","meta":{"_acf_changed":false,"inline_featured_image":false,"_lmt_disableupdate":"","_lmt_disable":"","footnotes":""},"class_list":["post-1628","page","type-page","status-publish","hentry"],"acf":[],"_links":{"self":[{"href":"https:\/\/tatd.org.tr\/cocuk\/wp-json\/wp\/v2\/pages\/1628","targetHints":{"allow":["GET"]}}],"collection":[{"href":"https:\/\/tatd.org.tr\/cocuk\/wp-json\/wp\/v2\/pages"}],"about":[{"href":"https:\/\/tatd.org.tr\/cocuk\/wp-json\/wp\/v2\/types\/page"}],"author":[{"embeddable":true,"href":"https:\/\/tatd.org.tr\/cocuk\/wp-json\/wp\/v2\/users\/162"}],"replies":[{"embeddable":true,"href":"https:\/\/tatd.org.tr\/cocuk\/wp-json\/wp\/v2\/comments?post=1628"}],"version-history":[{"count":0,"href":"https:\/\/tatd.org.tr\/cocuk\/wp-json\/wp\/v2\/pages\/1628\/revisions"}],"wp:attachment":[{"href":"https:\/\/tatd.org.tr\/cocuk\/wp-json\/wp\/v2\/media?parent=1628"}],"curies":[{"name":"wp","href":"https:\/\/api.w.org\/{rel}","templated":true}]}}