{"id":227,"date":"2021-10-17T23:08:36","date_gmt":"2021-10-17T20:08:36","guid":{"rendered":"https:\/\/tatd.org.tr\/template\/?page_id=12"},"modified":"2021-12-22T12:33:58","modified_gmt":"2021-12-22T09:33:58","slug":"amac-ve-hedefler","status":"publish","type":"page","link":"https:\/\/tatd.org.tr\/bilisim\/hakkimizda\/amac-ve-hedefler\/","title":{"rendered":"Ama\u00e7 ve Hedefler"},"content":{"rendered":"<p><\/p>\n<ul>\n<li>Acil T\u0131pta Sa\u011fl\u0131k Bili\u015fimi ve Teknolojileri uygulamalar\u0131 konusunda standartlar\u0131n belirlenmesinde ulusal temsiliyet sa\u011flamak<\/li>\n<li>Acil t\u0131pta ulusal ve uluslararas\u0131 alanda sa\u011fl\u0131k bili\u015fimi ve teknolojileri konusunda i\u015fbirli\u011fi yapmak<\/li>\n<li>Acil T\u0131p alan\u0131nda \u00e7al\u0131\u015fanlar\u0131n ve sa\u011fl\u0131k bili\u015fimi ve teknolojileri ile ilgili payda\u015flar\u0131n biraraya gelerek acil t\u0131p teknolojileri ile ilgili projeler \u00fcretmek<\/li>\n<li>Acil t\u0131pta bili\u015fim konular\u0131 ile ilgili fark\u0131ndal\u0131k sa\u011flamak ve hasta bak\u0131m kalitesini artt\u0131ran ve acil t\u0131p \u00e7al\u0131\u015fanlar\u0131na yard\u0131mc\u0131 olabilecek bili\u015fim teknolojileri konusunda \u00e7al\u0131\u015fmalar yapmak<\/li>\n<li>Telet\u0131p teknolojilerinin acil servislerde kullan\u0131m\u0131na ait saha \u00e7al\u0131\u015fmalar\u0131 d\u00fczenlemek<\/li>\n<li>Telet\u0131p, telesa\u011fl\u0131k ve t\u0131p bili\u015fimi ile ilgili e\u011fitim materyalleri haz\u0131rlamak<\/li>\n<\/ul>\n<p><\/p>","protected":false},"excerpt":{"rendered":"<p>Acil T\u0131pta Sa\u011fl\u0131k Bili\u015fimi ve Teknolojileri uygulamalar\u0131 konusunda standartlar\u0131n belirlenmesinde ulusal temsiliyet sa\u011flamak Acil t\u0131pta ulusal ve uluslararas\u0131 alanda sa\u011fl\u0131k bili\u015fimi ve&hellip;<\/p>\n","protected":false},"author":1561,"featured_media":0,"parent":224,"menu_order":2,"comment_status":"closed","ping_status":"closed","template":"","meta":{"_acf_changed":false,"inline_featured_image":false,"_lmt_disableupdate":"","_lmt_disable":"","footnotes":""},"class_list":["post-227","page","type-page","status-publish","hentry"],"acf":[],"_links":{"self":[{"href":"https:\/\/tatd.org.tr\/bilisim\/wp-json\/wp\/v2\/pages\/227","targetHints":{"allow":["GET"]}}],"collection":[{"href":"https:\/\/tatd.org.tr\/bilisim\/wp-json\/wp\/v2\/pages"}],"about":[{"href":"https:\/\/tatd.org.tr\/bilisim\/wp-json\/wp\/v2\/types\/page"}],"author":[{"embeddable":true,"href":"https:\/\/tatd.org.tr\/bilisim\/wp-json\/wp\/v2\/users\/1561"}],"replies":[{"embeddable":true,"href":"https:\/\/tatd.org.tr\/bilisim\/wp-json\/wp\/v2\/comments?post=227"}],"version-history":[{"count":0,"href":"https:\/\/tatd.org.tr\/bilisim\/wp-json\/wp\/v2\/pages\/227\/revisions"}],"up":[{"embeddable":true,"href":"https:\/\/tatd.org.tr\/bilisim\/wp-json\/wp\/v2\/pages\/224"}],"wp:attachment":[{"href":"https:\/\/tatd.org.tr\/bilisim\/wp-json\/wp\/v2\/media?parent=227"}],"curies":[{"name":"wp","href":"https:\/\/api.w.org\/{rel}","templated":true}]}}