{"id":226,"date":"2021-10-17T23:07:10","date_gmt":"2021-10-17T20:07:10","guid":{"rendered":"https:\/\/tatd.org.tr\/template\/?page_id=10"},"modified":"2021-12-22T12:29:06","modified_gmt":"2021-12-22T09:29:06","slug":"vizyon-misyon-ve-tanimlar","status":"publish","type":"page","link":"https:\/\/tatd.org.tr\/bilisim\/hakkimizda\/vizyon-misyon-ve-tanimlar\/","title":{"rendered":"Vizyon, Misyon ve Tan\u0131mlar"},"content":{"rendered":"<p><\/p>\n<h3>V\u0130ZYON<\/h3>\n<p>Acil t\u0131pta Sa\u011fl\u0131k Bili\u015fimi ve Teknolojilerinin standartlar\u0131n\u0131 olu\u015fturan, ulusal ve uluslararas\u0131 temsiliyet sa\u011flayan, ve acil t\u0131p bili\u015fimi ve teknolojilerinin yayg\u0131nla\u015fmas\u0131 i\u00e7in \u00f6nc\u00fc bir tak\u0131m olmak.<\/p>\n<h3>M\u0130SYON<\/h3>\n<p>Acil t\u0131pta; sa\u011fl\u0131k bili\u015fimi ve teknolojileri konular\u0131na ait yenilik\u00e7i projeler ger\u00e7ekle\u015ftirmek, k\u0131lavuzlar olu\u015fturarak standartlar\u0131 sa\u011flamak, teknolojiyi \u00fcretenler ile acil t\u0131pta aktif rol alanlar\u0131 bir araya getirerek hasta bak\u0131m kalitesini ve acil t\u0131p e\u011fitiminin geli\u015fimini sa\u011flamak.<\/p>\n<h3><strong>TANIM<\/strong><\/h3>\n<p>Telet\u0131p:\u00a0M\u00fcdahalelerin, te\u015fhislerin, tedavi kararlar\u0131n\u0131n ve sonraki tedavi \u00f6nerilerinin hasta verilerine, belgelerine ve telekom\u00fcnikasyon sistemleri arac\u0131l\u0131\u011f\u0131yla iletilen uzaktan t\u0131p uygulamas\u0131d\u0131r.<\/p>\n<p>Bili\u015fim:\u00a0Verinin i\u015flenmesi, depolanmas\u0131, al\u0131nmas\u0131 i\u00e7in kullan\u0131lan hesaplamal\u0131 sistem bilimi.<\/p>","protected":false},"excerpt":{"rendered":"<p>V\u0130ZYON Acil t\u0131pta Sa\u011fl\u0131k Bili\u015fimi ve Teknolojilerinin standartlar\u0131n\u0131 olu\u015fturan, ulusal ve uluslararas\u0131 temsiliyet sa\u011flayan, ve acil t\u0131p bili\u015fimi ve teknolojilerinin yayg\u0131nla\u015fmas\u0131 i\u00e7in&hellip;<\/p>\n","protected":false},"author":1561,"featured_media":0,"parent":224,"menu_order":1,"comment_status":"closed","ping_status":"closed","template":"","meta":{"_acf_changed":false,"inline_featured_image":false,"_lmt_disableupdate":"","_lmt_disable":"","footnotes":""},"class_list":["post-226","page","type-page","status-publish","hentry"],"acf":[],"_links":{"self":[{"href":"https:\/\/tatd.org.tr\/bilisim\/wp-json\/wp\/v2\/pages\/226","targetHints":{"allow":["GET"]}}],"collection":[{"href":"https:\/\/tatd.org.tr\/bilisim\/wp-json\/wp\/v2\/pages"}],"about":[{"href":"https:\/\/tatd.org.tr\/bilisim\/wp-json\/wp\/v2\/types\/page"}],"author":[{"embeddable":true,"href":"https:\/\/tatd.org.tr\/bilisim\/wp-json\/wp\/v2\/users\/1561"}],"replies":[{"embeddable":true,"href":"https:\/\/tatd.org.tr\/bilisim\/wp-json\/wp\/v2\/comments?post=226"}],"version-history":[{"count":0,"href":"https:\/\/tatd.org.tr\/bilisim\/wp-json\/wp\/v2\/pages\/226\/revisions"}],"up":[{"embeddable":true,"href":"https:\/\/tatd.org.tr\/bilisim\/wp-json\/wp\/v2\/pages\/224"}],"wp:attachment":[{"href":"https:\/\/tatd.org.tr\/bilisim\/wp-json\/wp\/v2\/media?parent=226"}],"curies":[{"name":"wp","href":"https:\/\/api.w.org\/{rel}","templated":true}]}}