{"id":8,"date":"2026-01-02T21:13:25","date_gmt":"2026-01-02T18:13:25","guid":{"rendered":"https:\/\/soledaddemo.pencidesign.net\/soledad-modern-news-magazine\/?page_id=8"},"modified":"2026-03-15T01:34:16","modified_gmt":"2026-03-14T22:34:16","slug":"atas2026-antalyada","status":"publish","type":"page","link":"https:\/\/tatd.org.tr\/atas2026\/","title":{"rendered":"ATAS 2026 Antalya&#8217;da"},"content":{"rendered":"\t\t<div data-elementor-type=\"wp-page\" data-elementor-id=\"8\" class=\"elementor elementor-8\" data-elementor-post-type=\"page\">\n\t\t\t\t<div class=\"elementor-element elementor-element-acccf2b e-flex e-con-boxed e-con e-parent\" data-id=\"acccf2b\" data-element_type=\"container\" data-e-type=\"container\">\n\t\t\t\t\t<div class=\"e-con-inner\">\n\t\t\t\t<div class=\"elementor-element elementor-element-7a63cd2 elementor-widget elementor-widget-penci-fancy_heading\" data-id=\"7a63cd2\" data-element_type=\"widget\" data-e-type=\"widget\" data-widget_type=\"penci-fancy_heading.default\">\n\t\t\t\t<div class=\"elementor-widget-container\">\n\t\t\t\t\t\t\t<div class=\"penci-fancy-heading penci-heading-text-center\">\n\t\t\t<div class=\"penci-fancy-heading-inner\">\n\t\t\t\t<h2 class=\"penci-heading-title\"><span class=\"inner-tit\">19. Acil T\u0131p Asistan Sempozyumu (ATAS 2026)<\/span><\/h2><div class=\"penci-heading-subtitle\">14-17 May\u0131s 2026 Kemer\/ANTALYA<\/div>\t\t\t<\/div>\n\t\t<\/div>\n\t\t\t\t\t\t<\/div>\n\t\t\t\t<\/div>\n\t\t\t\t\t<\/div>\n\t\t\t\t<\/div>\n\t\t\t\t<section class=\"penci-section penci-dmcheck penci-elbg-activate penci-enSticky penci-repons-elsection penci-con_sb2_sb1 penci-structure-20 elementor-section elementor-top-section elementor-element elementor-element-35af948 elementor-section-content-middle elementor-section-boxed elementor-section-height-default elementor-section-height-default\" data-id=\"35af948\" data-element_type=\"section\" data-e-type=\"section\" data-settings=\"{&quot;background_background&quot;:&quot;classic&quot;}\">\n\t\t\t\t\t\t<div class=\"elementor-container elementor-column-gap-extended\">\n\t\t\t\t\t<div class=\"penci-ercol-50 penci-ercol-order-1 penci-sticky-ct  penci-dmcheck penci-elbg-activate  elementor-column elementor-col-50 elementor-top-column elementor-element elementor-element-88238a7\" data-id=\"88238a7\" data-element_type=\"column\" data-e-type=\"column\" data-settings=\"{&quot;background_background&quot;:&quot;classic&quot;}\">\n\t\t\t<div class=\"elementor-widget-wrap elementor-element-populated\">\n\t\t\t\t\t\t<div class=\"elementor-element elementor-element-debccb8 elementor-widget elementor-widget-image\" data-id=\"debccb8\" data-element_type=\"widget\" data-e-type=\"widget\" data-widget_type=\"image.default\">\n\t\t\t\t<div class=\"elementor-widget-container\">\n\t\t\t\t\t\t\t\t\t\t\t\t\t\t\t<img fetchpriority=\"high\" decoding=\"async\" width=\"682\" height=\"1024\" src=\"https:\/\/tatd.org.tr\/atas2026\/wp-content\/uploads\/sites\/44\/2025\/12\/afis2-01-1-682x1024.jpg\" class=\"attachment-large size-large wp-image-1768\" alt=\"\" srcset=\"https:\/\/tatd.org.tr\/atas2026\/wp-content\/uploads\/sites\/44\/2025\/12\/afis2-01-1-682x1024.jpg 682w, https:\/\/tatd.org.tr\/atas2026\/wp-content\/uploads\/sites\/44\/2025\/12\/afis2-01-1-200x300.jpg 200w, https:\/\/tatd.org.tr\/atas2026\/wp-content\/uploads\/sites\/44\/2025\/12\/afis2-01-1-768x1154.jpg 768w, https:\/\/tatd.org.tr\/atas2026\/wp-content\/uploads\/sites\/44\/2025\/12\/afis2-01-1-1023x1536.jpg 1023w, https:\/\/tatd.org.tr\/atas2026\/wp-content\/uploads\/sites\/44\/2025\/12\/afis2-01-1-1920x2884.jpg 1920w, https:\/\/tatd.org.tr\/atas2026\/wp-content\/uploads\/sites\/44\/2025\/12\/afis2-01-1-585x879.jpg 585w\" sizes=\"(max-width: 682px) 100vw, 682px\" \/>\t\t\t\t\t\t\t\t\t\t\t\t\t\t\t<\/div>\n\t\t\t\t<\/div>\n\t\t\t\t\t<\/div>\n\t\t<\/div>\n\t\t\t\t<div class=\"penci-ercol-50 penci-ercol-order-2 penci-sticky-ct  penci-dmcheck penci-elbg-activate  elementor-column elementor-col-50 elementor-top-column elementor-element elementor-element-29b88e4\" data-id=\"29b88e4\" data-element_type=\"column\" data-e-type=\"column\" data-settings=\"{&quot;background_background&quot;:&quot;classic&quot;}\">\n\t\t\t<div class=\"elementor-widget-wrap elementor-element-populated\">\n\t\t\t\t\t\t<div class=\"elementor-element elementor-element-b361748 elementor-widget__width-initial elementor-widget elementor-widget-penci-text-block\" data-id=\"b361748\" data-element_type=\"widget\" data-e-type=\"widget\" data-widget_type=\"penci-text-block.default\">\n\t\t\t\t<div class=\"elementor-widget-container\">\n\t\t\t\t\t\t\t<div class=\"penci-block-vc penci-text-editor\">\n\t\t\t\t\t\t<div class=\"penci-block_content\">\n\t\t\t\t<div class=\"elementor-text-editor elementor-clearfix\"><p>De\u011ferli Meslekta\u015flar\u0131m, Acil T\u0131bb\u0131n Gelece\u011fi Asistan Arkada\u015flar\u0131m,<\/p><p><span style=\"font-family: var(--pcbody-font)\">Acil servislerin o hi\u00e7 durmayan temposunda, siren sesleri ve monit\u00f6r alarmlar\u0131 aras\u0131nda, bir hayat\u0131 daha tutabilmek i\u00e7in saniyelerle yar\u0131\u015f\u0131yoruz. Bizler, sa\u011fl\u0131k sisteminin en sa\u011flam ama en \u00e7ok yorulan g\u00fcvenlik a\u011f\u0131n\u0131 olu\u015fturuyoruz. Kritik bir m\u00fcdahale sonras\u0131 ald\u0131\u011f\u0131m\u0131z o derin nefes, nitelikli bak\u0131m sundu\u011fumuz her hastan\u0131n te\u015fekk\u00fcr\u00fc bizleri ayakta tutsa da; her ge\u00e7en g\u00fcn omuzlar\u0131m\u0131zdaki y\u00fck\u00fcn biraz daha a\u011f\u0131rla\u015ft\u0131\u011f\u0131n\u0131 hissediyoruz.<\/span><br><\/p><p>Umudumuzu ve enerjimizi koruyoruz, ancak biliyoruz ki; iyile\u015ftirmek i\u00e7in \u00f6nce iyi olmak gerekir.<\/p><p>Bu y\u0131l, Acil T\u0131p Asistan Sempozyumu (ATAS 2026) kapsam\u0131nda rotam\u0131z\u0131 biraz da kendi i\u00e7imize \u00e7eviriyoruz. Akademik geli\u015fimin ve bilimsel g\u00fcncelli\u011fin yan\u0131 s\u0131ra, bu y\u0131l\u0131n ana oda\u011f\u0131n\u0131 &#8220;kendimize bakmak&#8221; olarak belirliyoruz. Yoruldu\u011fumuz yerden yeniden ba\u015flamak, t\u00fckenmi\u015fli\u011fe kar\u015f\u0131 dayan\u0131kl\u0131l\u0131\u011f\u0131m\u0131z\u0131 art\u0131rmak ve bu zorlu mesle\u011fi s\u00fcrd\u00fcr\u00fclebilir bir tutkuyla icra edebilmek i\u00e7in bir araya geliyoruz.<\/p><p>Neden ATAS 2026&#8217;da Olmal\u0131s\u0131n\u0131z?<\/p><p>G\u00fcncel ve ilgi \u00e7ekici bilimsel oturumlar, acil t\u0131p asistanlar\u0131n\u0131n ger\u00e7eklerine ve ihtiya\u00e7lar\u0131na dokunan interaktif ve ilham verici konu\u015fmalar, payla\u015f\u0131m, kahkaha ve nefes alma alan\u0131 sunan sosyal etkinlikler ve e\u011flenceli aktiviteler bir arada olacak.<\/p><p>Ustalar\u0131ndan Acil T\u0131bb\u0131 dinleyece\u011fiz. Yo\u011fun tempo alt\u0131nda ruhsal ve fiziksel sa\u011fl\u0131\u011f\u0131m\u0131z\u0131 nas\u0131l koruyaca\u011f\u0131m\u0131z\u0131, &#8220;g\u00fcvenlik a\u011f\u0131n\u0131n&#8221; iplerini nas\u0131l sa\u011flam tutaca\u011f\u0131m\u0131z\u0131 konu\u015faca\u011f\u0131z. T\u00fcrkiye&#8217;nin d\u00f6rt bir yan\u0131ndan gelen meslekta\u015flar\u0131m\u0131zla sadece sorunlar\u0131 de\u011fil, ortak hislerimizi ve \u00e7\u00f6z\u00fcm yollar\u0131m\u0131z\u0131 payla\u015faca\u011f\u0131z.<\/p><p>Antalya\u2019da Akdeniz\u2019in mavisi ve Toroslar\u2019\u0131n ye\u015fili bize yeniden enerji verecek. G\u00fcnd\u00fcz bilimle, ak\u015fam dostluklarla; dengeyi birlikte kuraca\u011f\u0131z.<\/p><p>Mesleki becerilerimizi art\u0131r\u0131rken, ruhumuzu da dinlendirece\u011fimiz bu \u00f6zel bulu\u015fmada sizi de aram\u0131zda g\u00f6rmeyi \u00e7ok istiyoruz. Kritik anlar\u0131n kahramanlar\u0131 olarak, bu kez kendimiz i\u00e7in bir ad\u0131m at\u0131yoruz.<\/p><p>\u0130yi ol ki iyile\u015ftir.<\/p><p>14\u201317 May\u0131s\u2019ta, Antalya\u2019da, ATAS 2026&#8217;da G\u00f6r\u00fc\u015fmek dile\u011fiyle<\/p>\n<p><strong>Dr Berna KARA<\/strong><\/p>\n<p> Sempozyum D\u00fczenleme Kurulu Ba\u015fkan\u0131<\/p>\n<p><strong>&nbsp; &nbsp; &nbsp; &nbsp; &nbsp; &nbsp; &nbsp; &nbsp; &nbsp; &nbsp; &nbsp; &nbsp; &nbsp; &nbsp; &nbsp; &nbsp;<\/strong><\/p><\/div>\n\t\t\t<\/div>\n\t\t<\/div>\n\t\t\t\t\t\t<\/div>\n\t\t\t\t<\/div>\n\t\t\t\t<div class=\"elementor-element elementor-element-2cd36fb elementor-widget elementor-widget-penci-button\" data-id=\"2cd36fb\" data-element_type=\"widget\" data-e-type=\"widget\" data-widget_type=\"penci-button.default\">\n\t\t\t\t<div class=\"elementor-widget-container\">\n\t\t\t\t\t\t\t<div class=\"pcbtn-wrapper pcbtn-align-center\">\n\t\t\t<a class=\"pcbtn pcbtn-icon-left pcbtn-bordered pcbtn-bstyle-solid elementor-animation-grow\" \n\t\t\t\t\t\t\t\t\t\t\t\thref=\"https:\/\/tatd.org.tr\/store\/urun\/acil-tip-asistan-sempozyumu-2026\/\">\n\t\t\t\t<span class=\"pcbtn-wrapperin\">\n\t\t\t\t\t<span class=\"pcbtn-content\">\n\t\t\t\t\t<i class=\"fas fa-mouse-pointer\"><\/i>\t\t\t\t\tKAYIT\t\t\t<\/span>\n\t\t\t\t\t\t\t\t\t<\/span>\n\t\t\t<\/a>\n\t\t<\/div>\n\t\t\t\t\t\t<\/div>\n\t\t\t\t<\/div>\n\t\t\t\t<div class=\"elementor-element elementor-element-ddf2d35 elementor-widget elementor-widget-penci-button\" data-id=\"ddf2d35\" data-element_type=\"widget\" data-e-type=\"widget\" data-widget_type=\"penci-button.default\">\n\t\t\t\t<div class=\"elementor-widget-container\">\n\t\t\t\t\t\t\t<div class=\"pcbtn-wrapper pcbtn-align-center\">\n\t\t\t<a class=\"pcbtn pcbtn-icon-left pcbtn-bordered pcbtn-bstyle-solid\" \n\t\t\t\t\t\t\t\t\t\t\t\thref=\"https:\/\/tatd.org.tr\/atas2026\/bilimsel-program\/\">\n\t\t\t\t<span class=\"pcbtn-wrapperin\">\n\t\t\t\t\t<span class=\"pcbtn-content\">\n\t\t\t\t\t<i class=\"fas fa-book-open\"><\/i>\t\t\t\t\tbilimsel program\t\t\t<\/span>\n\t\t\t\t\t\t\t\t\t<\/span>\n\t\t\t<\/a>\n\t\t<\/div>\n\t\t\t\t\t\t<\/div>\n\t\t\t\t<\/div>\n\t\t\t\t<div class=\"elementor-element elementor-element-5fde8c7 elementor-widget elementor-widget-penci-button\" data-id=\"5fde8c7\" data-element_type=\"widget\" data-e-type=\"widget\" data-widget_type=\"penci-button.default\">\n\t\t\t\t<div class=\"elementor-widget-container\">\n\t\t\t\t\t\t\t<div class=\"pcbtn-wrapper pcbtn-align-center\">\n\t\t\t<a class=\"pcbtn pcbtn-icon-left pcbtn-bordered pcbtn-bstyle-solid\" \n\t\t\t\t\t\t\t\t\t\t\t\thref=\"https:\/\/tatd.org.tr\/atas2026\/ulasim\/\">\n\t\t\t\t<span class=\"pcbtn-wrapperin\">\n\t\t\t\t\t<span class=\"pcbtn-content\">\n\t\t\t\t\t<i class=\"far fa-paper-plane\"><\/i>\t\t\t\t\ttransfer Kay\u0131t\t\t\t<\/span>\n\t\t\t\t\t\t\t\t\t<\/span>\n\t\t\t<\/a>\n\t\t<\/div>\n\t\t\t\t\t\t<\/div>\n\t\t\t\t<\/div>\n\t\t\t\t\t<\/div>\n\t\t<\/div>\n\t\t\t\t\t<\/div>\n\t\t<\/section>\n\t\t\t\t<\/div>\n\t\t","protected":false},"excerpt":{"rendered":"<p>[:tr]Array[:]<\/p>\n","protected":false},"author":3933,"featured_media":0,"parent":0,"menu_order":0,"comment_status":"closed","ping_status":"closed","template":"","meta":{"_acf_changed":false,"inline_featured_image":false,"_lmt_disableupdate":"","_lmt_disable":"","footnotes":""},"class_list":["post-8","page","type-page","status-publish","hentry"],"acf":[],"_links":{"self":[{"href":"https:\/\/tatd.org.tr\/atas2026\/wp-json\/wp\/v2\/pages\/8","targetHints":{"allow":["GET"]}}],"collection":[{"href":"https:\/\/tatd.org.tr\/atas2026\/wp-json\/wp\/v2\/pages"}],"about":[{"href":"https:\/\/tatd.org.tr\/atas2026\/wp-json\/wp\/v2\/types\/page"}],"author":[{"embeddable":true,"href":"https:\/\/tatd.org.tr\/atas2026\/wp-json\/wp\/v2\/users\/3933"}],"replies":[{"embeddable":true,"href":"https:\/\/tatd.org.tr\/atas2026\/wp-json\/wp\/v2\/comments?post=8"}],"version-history":[{"count":0,"href":"https:\/\/tatd.org.tr\/atas2026\/wp-json\/wp\/v2\/pages\/8\/revisions"}],"wp:attachment":[{"href":"https:\/\/tatd.org.tr\/atas2026\/wp-json\/wp\/v2\/media?parent=8"}],"curies":[{"name":"wp","href":"https:\/\/api.w.org\/{rel}","templated":true}]}}