{"id":1859,"date":"2026-01-16T22:55:37","date_gmt":"2026-01-16T19:55:37","guid":{"rendered":"https:\/\/tatd.org.tr\/atas2026\/?page_id=1859"},"modified":"2026-04-13T00:31:46","modified_gmt":"2026-04-12T21:31:46","slug":"kayit-2","status":"publish","type":"page","link":"https:\/\/tatd.org.tr\/atas2026\/kayit-2\/","title":{"rendered":"Kay\u0131t"},"content":{"rendered":"\t\t<div data-elementor-type=\"wp-page\" data-elementor-id=\"1859\" class=\"elementor elementor-1859\" data-elementor-post-type=\"page\">\n\t\t\t\t<div class=\"elementor-element elementor-element-6ae9bb2f e-flex e-con-boxed e-con e-parent\" data-id=\"6ae9bb2f\" data-element_type=\"container\" data-e-type=\"container\">\n\t\t\t\t\t<div class=\"e-con-inner\">\n\t\t\t\t<div class=\"elementor-element elementor-element-6f7ffda4 elementor-widget elementor-widget-text-editor\" data-id=\"6f7ffda4\" data-element_type=\"widget\" data-e-type=\"widget\" data-widget_type=\"text-editor.default\">\n\t\t\t\t<div class=\"elementor-widget-container\">\n\t\t\t\t\t\t\t\t\t<p><strong style=\"color: inherit;font-family: inherit;font-size: inherit;text-align: inherit\">Kay\u0131t \u00dccretleri<\/strong><\/p>\n<p><!-- \/wp:paragraph --><!-- wp:table --><\/p>\n<figure>\n<div class=\"pcrstb-wrap\"><table>\n<thead>\n<tr>\n<td>&nbsp;<\/td>\n<td><strong>17 Nisan 2026 \u00d6ncesi<\/strong><\/td>\n<td><strong>17 Nisan 2026 Sonras\u0131<\/strong><\/td>\n<\/tr>\n<\/thead>\n<tbody>\n<tr>\n<td>Kay\u0131t<\/td>\n<td>15.000,00 TL<\/td>\n<td>17.400,00 TL<\/td>\n<\/tr>\n<\/tbody>\n<\/table><\/div>\n<\/figure>\n<p><!-- \/wp:table --><!-- wp:list --><\/p>\n<ul>\n<li style=\"list-style-type: none\">\n<ul><!-- wp:list-item --><\/ul>\n<\/li>\n<\/ul>\n<ul>\n<li style=\"list-style-type: none\">\n<ul>\n<li><strong>Kay\u0131t \u00fccreti \u201csempozyuma kat\u0131l\u0131m bedeli\u201dni kapsamaktad\u0131r<\/strong><\/li>\n<\/ul>\n<\/li>\n<\/ul>\n<p><!-- \/wp:list-item --><!-- wp:list-item --><\/p>\n<ul>\n<li style=\"list-style-type: none\">\n<ul>\n<li>Do\u011fmas\u0131 muhtemel har\u00e7 ve vergiler fiyata yans\u0131t\u0131lacakt\u0131r.<\/li>\n<\/ul>\n<\/li>\n<\/ul>\n<p><!-- \/wp:list-item --><\/p>\n<p><!-- \/wp:list --><!-- wp:paragraph --><\/p>\n<p><strong>Konaklama \u00dccretleri<\/strong><\/p>\n<p><!-- \/wp:paragraph --><!-- wp:table --><\/p>\n<figure>\n<div class=\"pcrstb-wrap\"><table>\n<thead>\n<tr>\n<td><strong>&nbsp;<\/strong><\/td>\n<td>&nbsp;<\/td>\n<td><strong>Ju ju Premier Palace<\/strong><\/td>\n<td><strong>17 Nisan 2026 \u00d6ncesi<\/strong><\/td>\n<td><strong>17 Nisan 2026 Sonras\u0131<\/strong><\/td>\n<\/tr>\n<\/thead>\n<tbody>\n<tr>\n<td>&nbsp;<\/td>\n<td rowspan=\"3\">Acil T\u0131p Asistan\u0131<\/td>\n<td>Tek ki\u015filik Oda<\/td>\n<td>25.850 TL<\/td>\n<td>29.150 TL<\/td>\n<\/tr>\n<tr>\n<td>&nbsp;<\/td>\n<td>\u0130ki ki\u015filik odada ki\u015fi ba\u015f\u0131<\/td>\n<td>19.250 TL<\/td>\n<td>22.000 TL<\/td>\n<\/tr>\n<tr>\n<td>&nbsp;<\/td>\n<td>\u00dc\u00e7 ki\u015filik odada ki\u015fi ba\u015f\u0131<\/td>\n<td>16.500 TL<\/td>\n<td>19.800 TL<\/td>\n<\/tr>\n<tr>\n<td>&nbsp;<\/td>\n<td rowspan=\"3\">Acil T\u0131p Uzman\u0131<\/td>\n<td>Tek ki\u015filik Oda<\/td>\n<td>29.150 TL<\/td>\n<td>32.450 TL<\/td>\n<\/tr>\n<tr>\n<td>&nbsp;<\/td>\n<td>\u0130ki ki\u015filik odada ki\u015fi ba\u015f\u0131<\/td>\n<td>22.000 TL<\/td>\n<td>25.300 TL<\/td>\n<\/tr>\n<tr>\n<td>&nbsp;<\/td>\n<td>\u00dc\u00e7 ki\u015filik odada ki\u015fi ba\u015f\u0131<\/td>\n<td>19.800 TL<\/td>\n<td>23.100 TL<\/td>\n<\/tr>\n<tr>\n<td>&nbsp;<\/td>\n<td colspan=\"4\"><strong>Refakat\u00e7i Konaklama<\/strong><\/td>\n<\/tr>\n<tr>\n<td>&nbsp;<\/td>\n<td colspan=\"2\">&nbsp;<\/td>\n<td>21.450 TL<\/td>\n<td>24.750 TL<\/td>\n<\/tr>\n<tr>\n<td>&nbsp;<\/td>\n<td colspan=\"4\"><strong>Konaklamas\u0131z D\u0131\u015f Kat\u0131l\u0131m (Sempozyum Boyunca)<\/strong><\/td>\n<\/tr>\n<tr>\n<td>&nbsp;<\/td>\n<td colspan=\"2\">Acil T\u0131p Asistan\u0131<\/td>\n<td>16.800 TL<\/td>\n<td>20.400 TL<\/td>\n<\/tr>\n<tr>\n<td>&nbsp;<\/td>\n<td colspan=\"2\">Acil T\u0131p Uzman\u0131<\/td>\n<td>20.400 TL<\/td>\n<td>24.000 TL<\/td>\n<\/tr>\n<tr>\n<td>&nbsp;<\/td>\n<td colspan=\"4\"><strong>Konaklamas\u0131z D\u0131\u015f Kat\u0131l\u0131m (Tek G\u00fcnl\u00fck)<\/strong><\/td>\n<\/tr>\n<tr>\n<td>&nbsp;<\/td>\n<td colspan=\"2\">Acil T\u0131p Asistan\u0131<\/td>\n<td>4.800 TL<\/td>\n<td>7.200 TL<\/td>\n<\/tr>\n<tr>\n<td>&nbsp;<\/td>\n<td colspan=\"2\">Acil T\u0131p Uzman\u0131<\/td>\n<td>7.200 TL<\/td>\n<td>9.600 TL<\/td>\n<\/tr>\n<\/tbody>\n<\/table><\/div>\n<\/figure>\n<p><!-- \/wp:table --><!-- wp:paragraph {\"align\":\"center\"} --><\/p>\n<p>Sempozyum kat\u0131l\u0131mc\u0131lar\u0131 ile birlikte gelecek olan \u00e7ocuklar i\u00e7in \u00e7ocuk indirimleri (iki yeti\u015fkin yan\u0131nda olan konaklamada) ge\u00e7erlidir. 1. \u00e7ocuk 0-11,99 \u00fccretsiz, 2. \u00e7ocuk 0-2,99 \u00fccretsiz \/ 3 -11,99 %50 indirim \u015feklinde uygulanacakt\u0131r.<\/p>\n<p><!-- \/wp:paragraph --><!-- wp:paragraph --><\/p>\n<p>Konaklama \u00fccretleri&nbsp;<strong>14 May\u0131s 2026 giri\u015f, 17 May\u0131s 2026<\/strong>&nbsp;\u00e7\u0131k\u0131\u015f olacak \u015fekilde her \u015fey dahil sisteminde 3 gece \u2013 4 g\u00fcnd\u00fcz paket konaklamay\u0131 kapsamaktad\u0131r. Yukarda belirtilen fiyatlar ki\u015fi ba\u015f\u0131 fiyatlard\u0131r. Konaklama taleplerinde paket konaklama b\u00f6l\u00fcnmeyecektir.<\/p>\n<p><!-- \/wp:paragraph --><!-- wp:paragraph --><\/p>\n<p>Fiyatlara KDV dahildir.<\/p>\n<p><!-- \/wp:paragraph --><!-- wp:paragraph --><\/p>\n<p>Do\u011fmas\u0131 muhtemel har\u00e7 ve vergiler fiyata yans\u0131t\u0131lacakt\u0131r.<\/p>\n<p><!-- \/wp:paragraph --><!-- wp:paragraph --><\/p>\n<p><strong>Sempozyum otelinde konaklama rezervasyonunu yapt\u0131rmayan t\u00fcm kat\u0131l\u0131mc\u0131lar\u0131n, kay\u0131t \u00fccretine ek olarak, sempozyum oteline eri\u015fim sa\u011flamak i\u00e7in d\u0131\u015f kat\u0131l\u0131m \u00fccreti \u00f6demesi gerekmektedir. Bu \u00fccret 08:00-21:00 saatleri aras\u0131ndaki tesis kullan\u0131m bedelidir. Bu saatler d\u0131\u015f\u0131nda misafirden ek \u00fccret talep edilebilecektir.<\/strong><\/p>\n<p><!-- \/wp:paragraph --><!-- wp:paragraph --><\/p>\n<p><strong>Konaklama almayacak kat\u0131l\u0131mc\u0131lar\u0131n<\/strong>&nbsp;\u201cd\u0131\u015f kat\u0131l\u0131m + kay\u0131t bedeli\u201d \u00f6demesi gerekecektir. Tek g\u00fcnl\u00fck konaklamas\u0131z kat\u0131l\u0131m durumunda kay\u0131t \u00fccreti ve tek g\u00fcnl\u00fck tesis kullan\u0131m bedeli \u00f6denmesi gereklidir.<\/p>\n<p><!-- \/wp:paragraph --><!-- wp:paragraph --><\/p>\n<p><strong>Refakat\u00e7i konaklama se\u00e7ene\u011fi<\/strong> kat\u0131l\u0131mc\u0131lar\u0131n sempozyum bilimsel program\u0131na kat\u0131lmayacak ancak kat\u0131l\u0131mc\u0131n\u0131n yan\u0131nda gelecek ikinci bir ki\u015fi (e\u015fi vb.) i\u00e7in ge\u00e7erlidir. Acil t\u0131p asistan ve uzmanlar\u0131 sempozyum kat\u0131l\u0131m\u0131 almadan refakat\u00e7i kat\u0131l\u0131m\u0131 yapamazlar. Refakat\u00e7i konaklamada fiyat\u0131, 3 gece 4 g\u00fcn her \u015fey dahil KDV dahil konaklama fiyatlard\u0131r.<\/p>\t\t\t\t\t\t\t\t<\/div>\n\t\t\t\t<\/div>\n\t\t\t\t<div class=\"elementor-element elementor-element-4e8364d elementor-widget elementor-widget-penci-button\" data-id=\"4e8364d\" data-element_type=\"widget\" data-e-type=\"widget\" data-widget_type=\"penci-button.default\">\n\t\t\t\t<div class=\"elementor-widget-container\">\n\t\t\t\t\t\t\t<div class=\"pcbtn-wrapper pcbtn-align-center\">\n\t\t\t<a class=\"pcbtn pcbtn-icon-left pcbtn-bordered pcbtn-bstyle-solid\" \n\t\t\t\t\t\t\t\t\t\t\t\thref=\"https:\/\/tatd.org.tr\/store\/urun\/acil-tip-asistan-sempozyumu-2026\/\">\n\t\t\t\t<span class=\"pcbtn-wrapperin\">\n\t\t\t\t\t<span class=\"pcbtn-content\">\n\t\t\t\t\t<i class=\"fas fa-mouse-pointer\"><\/i>\t\t\t\t\tKAYIT\t\t\t<\/span>\n\t\t\t\t\t\t\t\t\t<\/span>\n\t\t\t<\/a>\n\t\t<\/div>\n\t\t\t\t\t\t<\/div>\n\t\t\t\t<\/div>\n\t\t\t\t\t<\/div>\n\t\t\t\t<\/div>\n\t\t\t\t<\/div>\n\t\t","protected":false},"excerpt":{"rendered":"<p>Kay\u0131t \u00dccretleri &nbsp; 17 Nisan 2026 \u00d6ncesi 17 Nisan 2026 Sonras\u0131 Kay\u0131t 15.000,00 TL 17.400,00 TL Kay\u0131t \u00fccreti \u201csempozyuma kat\u0131l\u0131m bedeli\u201dni kapsamaktad\u0131r&hellip;<\/p>\n","protected":false},"author":3933,"featured_media":0,"parent":0,"menu_order":0,"comment_status":"closed","ping_status":"closed","template":"","meta":{"_acf_changed":false,"inline_featured_image":false,"_lmt_disableupdate":"","_lmt_disable":"","footnotes":""},"class_list":["post-1859","page","type-page","status-publish","hentry"],"acf":[],"_links":{"self":[{"href":"https:\/\/tatd.org.tr\/atas2026\/wp-json\/wp\/v2\/pages\/1859","targetHints":{"allow":["GET"]}}],"collection":[{"href":"https:\/\/tatd.org.tr\/atas2026\/wp-json\/wp\/v2\/pages"}],"about":[{"href":"https:\/\/tatd.org.tr\/atas2026\/wp-json\/wp\/v2\/types\/page"}],"author":[{"embeddable":true,"href":"https:\/\/tatd.org.tr\/atas2026\/wp-json\/wp\/v2\/users\/3933"}],"replies":[{"embeddable":true,"href":"https:\/\/tatd.org.tr\/atas2026\/wp-json\/wp\/v2\/comments?post=1859"}],"version-history":[{"count":0,"href":"https:\/\/tatd.org.tr\/atas2026\/wp-json\/wp\/v2\/pages\/1859\/revisions"}],"wp:attachment":[{"href":"https:\/\/tatd.org.tr\/atas2026\/wp-json\/wp\/v2\/media?parent=1859"}],"curies":[{"name":"wp","href":"https:\/\/api.w.org\/{rel}","templated":true}]}}