{"id":1848,"date":"2026-01-10T20:14:58","date_gmt":"2026-01-10T17:14:58","guid":{"rendered":"https:\/\/tatd.org.tr\/atas2026\/?page_id=1848"},"modified":"2026-05-13T12:55:28","modified_gmt":"2026-05-13T09:55:28","slug":"bilimsel-program","status":"publish","type":"page","link":"https:\/\/tatd.org.tr\/atas2026\/bilimsel-program\/","title":{"rendered":"Bilimsel Program"},"content":{"rendered":"\t\t<div data-elementor-type=\"wp-page\" data-elementor-id=\"1848\" class=\"elementor elementor-1848\" data-elementor-post-type=\"page\">\n\t\t\t\t<div class=\"elementor-element elementor-element-da5dcf6 e-flex e-con-boxed e-con e-parent\" data-id=\"da5dcf6\" data-element_type=\"container\" data-e-type=\"container\">\n\t\t\t\t\t<div class=\"e-con-inner\">\n\t\t\t\t<div class=\"elementor-element elementor-element-208196d elementor-widget elementor-widget-image\" data-id=\"208196d\" data-element_type=\"widget\" data-e-type=\"widget\" data-widget_type=\"image.default\">\n\t\t\t\t<div class=\"elementor-widget-container\">\n\t\t\t\t\t\t\t\t\t\t\t\t\t\t\t<img fetchpriority=\"high\" decoding=\"async\" width=\"1448\" height=\"2048\" src=\"https:\/\/tatd.org.tr\/atas2026\/wp-content\/uploads\/sites\/44\/2026\/05\/2-1448x2048.png\" class=\"attachment-2048x2048 size-2048x2048 wp-image-1893\" alt=\"\" srcset=\"https:\/\/tatd.org.tr\/atas2026\/wp-content\/uploads\/sites\/44\/2026\/05\/2-1448x2048.png 1448w, https:\/\/tatd.org.tr\/atas2026\/wp-content\/uploads\/sites\/44\/2026\/05\/2-212x300.png 212w, https:\/\/tatd.org.tr\/atas2026\/wp-content\/uploads\/sites\/44\/2026\/05\/2-724x1024.png 724w, https:\/\/tatd.org.tr\/atas2026\/wp-content\/uploads\/sites\/44\/2026\/05\/2-768x1086.png 768w, https:\/\/tatd.org.tr\/atas2026\/wp-content\/uploads\/sites\/44\/2026\/05\/2-1086x1536.png 1086w, https:\/\/tatd.org.tr\/atas2026\/wp-content\/uploads\/sites\/44\/2026\/05\/2-1170x1655.png 1170w, https:\/\/tatd.org.tr\/atas2026\/wp-content\/uploads\/sites\/44\/2026\/05\/2-585x828.png 585w, https:\/\/tatd.org.tr\/atas2026\/wp-content\/uploads\/sites\/44\/2026\/05\/2.png 1587w\" sizes=\"(max-width: 1448px) 100vw, 1448px\" \/>\t\t\t\t\t\t\t\t\t\t\t\t\t\t\t<\/div>\n\t\t\t\t<\/div>\n\t\t\t\t\t<\/div>\n\t\t\t\t<\/div>\n\t\t<div class=\"elementor-element elementor-element-4febb85 e-flex e-con-boxed e-con e-parent\" data-id=\"4febb85\" data-element_type=\"container\" data-e-type=\"container\">\n\t\t\t\t\t<div class=\"e-con-inner\">\n\t\t\t\t<div class=\"elementor-element elementor-element-78d23f0 elementor-widget elementor-widget-image\" data-id=\"78d23f0\" data-element_type=\"widget\" data-e-type=\"widget\" data-widget_type=\"image.default\">\n\t\t\t\t<div class=\"elementor-widget-container\">\n\t\t\t\t\t\t\t\t\t\t\t\t\t\t\t<img decoding=\"async\" width=\"1448\" height=\"2048\" src=\"https:\/\/tatd.org.tr\/atas2026\/wp-content\/uploads\/sites\/44\/2026\/05\/3-1448x2048.png\" class=\"attachment-2048x2048 size-2048x2048 wp-image-1894\" alt=\"\" srcset=\"https:\/\/tatd.org.tr\/atas2026\/wp-content\/uploads\/sites\/44\/2026\/05\/3-1448x2048.png 1448w, https:\/\/tatd.org.tr\/atas2026\/wp-content\/uploads\/sites\/44\/2026\/05\/3-212x300.png 212w, https:\/\/tatd.org.tr\/atas2026\/wp-content\/uploads\/sites\/44\/2026\/05\/3-724x1024.png 724w, https:\/\/tatd.org.tr\/atas2026\/wp-content\/uploads\/sites\/44\/2026\/05\/3-768x1086.png 768w, https:\/\/tatd.org.tr\/atas2026\/wp-content\/uploads\/sites\/44\/2026\/05\/3-1086x1536.png 1086w, https:\/\/tatd.org.tr\/atas2026\/wp-content\/uploads\/sites\/44\/2026\/05\/3-1170x1655.png 1170w, https:\/\/tatd.org.tr\/atas2026\/wp-content\/uploads\/sites\/44\/2026\/05\/3-585x828.png 585w, https:\/\/tatd.org.tr\/atas2026\/wp-content\/uploads\/sites\/44\/2026\/05\/3.png 1587w\" sizes=\"(max-width: 1448px) 100vw, 1448px\" \/>\t\t\t\t\t\t\t\t\t\t\t\t\t\t\t<\/div>\n\t\t\t\t<\/div>\n\t\t\t\t\t<\/div>\n\t\t\t\t<\/div>\n\t\t<div class=\"elementor-element elementor-element-a80cdfc e-flex e-con-boxed e-con e-parent\" data-id=\"a80cdfc\" data-element_type=\"container\" data-e-type=\"container\">\n\t\t\t\t\t<div class=\"e-con-inner\">\n\t\t\t\t<div class=\"elementor-element elementor-element-1a744b8 elementor-widget elementor-widget-image\" data-id=\"1a744b8\" data-element_type=\"widget\" data-e-type=\"widget\" data-widget_type=\"image.default\">\n\t\t\t\t<div class=\"elementor-widget-container\">\n\t\t\t\t\t\t\t\t\t\t\t\t\t\t\t<img decoding=\"async\" width=\"1448\" height=\"2048\" src=\"https:\/\/tatd.org.tr\/atas2026\/wp-content\/uploads\/sites\/44\/2026\/05\/ATAS-2026-bilimsel-program--1448x2048.png\" class=\"attachment-2048x2048 size-2048x2048 wp-image-1902\" alt=\"\" srcset=\"https:\/\/tatd.org.tr\/atas2026\/wp-content\/uploads\/sites\/44\/2026\/05\/ATAS-2026-bilimsel-program--1448x2048.png 1448w, https:\/\/tatd.org.tr\/atas2026\/wp-content\/uploads\/sites\/44\/2026\/05\/ATAS-2026-bilimsel-program--212x300.png 212w, https:\/\/tatd.org.tr\/atas2026\/wp-content\/uploads\/sites\/44\/2026\/05\/ATAS-2026-bilimsel-program--724x1024.png 724w, https:\/\/tatd.org.tr\/atas2026\/wp-content\/uploads\/sites\/44\/2026\/05\/ATAS-2026-bilimsel-program--768x1086.png 768w, https:\/\/tatd.org.tr\/atas2026\/wp-content\/uploads\/sites\/44\/2026\/05\/ATAS-2026-bilimsel-program--1086x1536.png 1086w, https:\/\/tatd.org.tr\/atas2026\/wp-content\/uploads\/sites\/44\/2026\/05\/ATAS-2026-bilimsel-program--1170x1655.png 1170w, https:\/\/tatd.org.tr\/atas2026\/wp-content\/uploads\/sites\/44\/2026\/05\/ATAS-2026-bilimsel-program--585x828.png 585w, https:\/\/tatd.org.tr\/atas2026\/wp-content\/uploads\/sites\/44\/2026\/05\/ATAS-2026-bilimsel-program-.png 1587w\" sizes=\"(max-width: 1448px) 100vw, 1448px\" \/>\t\t\t\t\t\t\t\t\t\t\t\t\t\t\t<\/div>\n\t\t\t\t<\/div>\n\t\t\t\t\t<\/div>\n\t\t\t\t<\/div>\n\t\t<div class=\"elementor-element elementor-element-9b3e464 e-flex e-con-boxed e-con e-parent\" data-id=\"9b3e464\" data-element_type=\"container\" data-e-type=\"container\">\n\t\t\t\t\t<div class=\"e-con-inner\">\n\t\t\t\t<div class=\"elementor-element elementor-element-8ed8306 elementor-widget elementor-widget-penci-button\" data-id=\"8ed8306\" data-element_type=\"widget\" data-e-type=\"widget\" data-widget_type=\"penci-button.default\">\n\t\t\t\t<div class=\"elementor-widget-container\">\n\t\t\t\t\t\t\t<div class=\"pcbtn-wrapper pcbtn-align-center\">\n\t\t\t<a class=\"pcbtn pcbtn-icon-left pcbtn-bordered pcbtn-bstyle-solid\" \n\t\t\t\t\t\t\t\t\t\t\t\thref=\"https:\/\/tatd.org.tr\/atas2026\/wp-content\/uploads\/sites\/44\/2026\/05\/ATAS-2026-bilimsel-program.pdf\">\n\t\t\t\t<span class=\"pcbtn-wrapperin\">\n\t\t\t\t\t<span class=\"pcbtn-content\">\n\t\t\t\t\t\t\t\t\t\tPDF indirmek i\u00e7in t\u0131klay\u0131n\t\t\t<\/span>\n\t\t\t\t\t\t\t\t\t<\/span>\n\t\t\t<\/a>\n\t\t<\/div>\n\t\t\t\t\t\t<\/div>\n\t\t\t\t<\/div>\n\t\t\t\t\t<\/div>\n\t\t\t\t<\/div>\n\t\t\t\t<\/div>\n\t\t","protected":false},"excerpt":{"rendered":"<p>PDF indirmek i\u00e7in t\u0131klay\u0131n<\/p>\n","protected":false},"author":3933,"featured_media":0,"parent":0,"menu_order":0,"comment_status":"closed","ping_status":"closed","template":"","meta":{"_acf_changed":false,"inline_featured_image":false,"_lmt_disableupdate":"","_lmt_disable":"","footnotes":""},"class_list":["post-1848","page","type-page","status-publish","hentry"],"acf":[],"_links":{"self":[{"href":"https:\/\/tatd.org.tr\/atas2026\/wp-json\/wp\/v2\/pages\/1848","targetHints":{"allow":["GET"]}}],"collection":[{"href":"https:\/\/tatd.org.tr\/atas2026\/wp-json\/wp\/v2\/pages"}],"about":[{"href":"https:\/\/tatd.org.tr\/atas2026\/wp-json\/wp\/v2\/types\/page"}],"author":[{"embeddable":true,"href":"https:\/\/tatd.org.tr\/atas2026\/wp-json\/wp\/v2\/users\/3933"}],"replies":[{"embeddable":true,"href":"https:\/\/tatd.org.tr\/atas2026\/wp-json\/wp\/v2\/comments?post=1848"}],"version-history":[{"count":0,"href":"https:\/\/tatd.org.tr\/atas2026\/wp-json\/wp\/v2\/pages\/1848\/revisions"}],"wp:attachment":[{"href":"https:\/\/tatd.org.tr\/atas2026\/wp-json\/wp\/v2\/media?parent=1848"}],"curies":[{"name":"wp","href":"https:\/\/api.w.org\/{rel}","templated":true}]}}