{"id":1819,"date":"2025-12-31T20:10:33","date_gmt":"2025-12-31T17:10:33","guid":{"rendered":"https:\/\/tatd.org.tr\/atas2026\/?page_id=1819"},"modified":"2026-04-13T00:34:52","modified_gmt":"2026-04-12T21:34:52","slug":"atas-2026-antalya-duzenleme-kurulu","status":"publish","type":"page","link":"https:\/\/tatd.org.tr\/atas2026\/atas-2026-antalya-duzenleme-kurulu\/","title":{"rendered":"ATAS 2026 Antalya D\u00fczenleme Kurulu"},"content":{"rendered":"\t\t<div data-elementor-type=\"wp-page\" data-elementor-id=\"1819\" class=\"elementor elementor-1819\" data-elementor-post-type=\"page\">\n\t\t\t\t<div class=\"elementor-element elementor-element-4b1d026 e-flex e-con-boxed e-con e-parent\" data-id=\"4b1d026\" data-element_type=\"container\" data-e-type=\"container\">\n\t\t\t\t\t<div class=\"e-con-inner\">\n\t\t\t\t<div class=\"elementor-element elementor-element-7179c05 elementor-widget elementor-widget-penci-team-member\" data-id=\"7179c05\" data-element_type=\"widget\" data-e-type=\"widget\" data-widget_type=\"penci-team-member.default\">\n\t\t\t\t<div class=\"elementor-widget-container\">\n\t\t\t\t\t        <div class=\"penci-block-vc penci-teammb-bsc penci-teammb-s1 pencisc-grid-3 pencisc-grid-tablet-2 pencisc-grid-mobile-1 pcsc-shape-default pcsc-st-default\">\n\t\t\t    <div class=\"penci-border-arrow penci-homepage-title penci-home-latest-posts style-6 pcalign-left pciconp-right pcicon-right block-title-icon-left\">\n        <h3 class=\"inner-arrow\">\n        <span>\n                    <span>ATAS 2026 D\u00fczenleme Kurulu<\/a>                <\/span>\n        <\/h3>\n\t\t        <\/div>\n\t\t            <div class=\"penci-block_content pencisc-grid\">\n\t\t\t\t                    <div class=\"penci-teammb-item pencisc-grid-item\">\n                        <div class=\"penci-teammb-inner\">\n\t\t\t\t\t\t\t<span  data-bgset=\"https:\/\/tatd.org.tr\/atas2026\/wp-content\/plugins\/elementor\/assets\/images\/placeholder.png\" class=\"penci-image-holder penci-teammb-img penci-lazy\"><\/span>                            <div class=\"penci-team_item__info\">\n\t\t\t\t\t\t\t\t\t\t\t\t\t\t\t\t                                    <h5 class=\"penci-team_member_name\">Berna KARA<\/h5>\n\t\t\t\t\t\t\t\t\t\t\t\t\t\t\t\t                                    <div class=\"penci-team_member_pos\">ATAS D\u00fczenleme Kurulu Ba\u015fkan\u0131<\/div>\n\t\t\t\t\t\t\t\t\t\t\t\t\t\t\t\t                                    <div class=\"penci-team_member_desc\">Akdeniz \u00dcniversitesi T\u0131p Fak\u00fcltesi Acil T\u0131p Anabilim Dal\u0131<\/div>\n\t\t\t\t\t\t\t\t                                <div class=\"penci-team_member_socails penci-social-wrap\">\n\t\t\t\t\t\t\t\t\t\t\t\t\t\t\t\t\t\t\t\t\t\t\t\t\t\t\t\n\t\t\t\t\t\t\t\t\t\t\t\t\t\t\t\t\t\t\t\t\t\t\t\t\t\t\t\t\t\t\t\t\t\t\t\t\t\t\t\t\t\t\t\t\t\t\t\t\t\t\t\t\t\t                                <\/div>\n                            <\/div>\n                        <\/div>\n                    <\/div>\n\t\t\t\t\t                    <div class=\"penci-teammb-item pencisc-grid-item\">\n                        <div class=\"penci-teammb-inner\">\n\t\t\t\t\t\t\t<span  data-bgset=\"https:\/\/tatd.org.tr\/atas2026\/wp-content\/plugins\/elementor\/assets\/images\/placeholder.png\" class=\"penci-image-holder penci-teammb-img penci-lazy\"><\/span>                            <div class=\"penci-team_item__info\">\n\t\t\t\t\t\t\t\t\t\t\t\t\t\t\t\t                                    <h5 class=\"penci-team_member_name\">Emine \u00c7AKIR<\/h5>\n\t\t\t\t\t\t\t\t\t\t\t\t\t\t\t\t                                    <div class=\"penci-team_member_pos\">ATAS Sekreteri<\/div>\n\t\t\t\t\t\t\t\t\t\t\t\t\t\t\t\t                                    <div class=\"penci-team_member_desc\">Akdeniz \u00dcniversitesi T\u0131p Fak\u00fcltesi Acil T\u0131p Anabilim Dal\u0131<\/div>\n\t\t\t\t\t\t\t\t                                <div class=\"penci-team_member_socails penci-social-wrap\">\n\t\t\t\t\t\t\t\t\t\t\t\t\t\t\t\t\t\t\t\t\t\t\t\t\t\t\t\n\t\t\t\t\t\t\t\t\t\t\t\t\t\t\t\t\t\t\t\t\t\t\t\t\t\t\t\t\t\t\t\t\t\t\t\t\t\t\t\t\t\t\t\t\t\t\t\t\t\t\t\t\t\t                                <\/div>\n                            <\/div>\n                        <\/div>\n                    <\/div>\n\t\t\t\t\t                    <div class=\"penci-teammb-item pencisc-grid-item\">\n                        <div class=\"penci-teammb-inner\">\n\t\t\t\t\t\t\t<span  data-bgset=\"https:\/\/tatd.org.tr\/atas2026\/wp-content\/plugins\/elementor\/assets\/images\/placeholder.png\" class=\"penci-image-holder penci-teammb-img penci-lazy\"><\/span>                            <div class=\"penci-team_item__info\">\n\t\t\t\t\t\t\t\t\t\t\t\t\t\t\t\t                                    <h5 class=\"penci-team_member_name\">Ali ERDO\u011eAN<\/h5>\n\t\t\t\t\t\t\t\t\t\t\t\t\t\t\t\t                                    <div class=\"penci-team_member_pos\">ATAS sekreteri<\/div>\n\t\t\t\t\t\t\t\t\t\t\t\t\t\t\t\t                                    <div class=\"penci-team_member_desc\">Akdeniz \u00dcniversitesi T\u0131p Fak\u00fcltesi Acil T\u0131p Anabilim Dal\u0131<\/div>\n\t\t\t\t\t\t\t\t                                <div class=\"penci-team_member_socails penci-social-wrap\">\n\t\t\t\t\t\t\t\t\t\t\t\t\t\t\t\t\t\t\t\t\t\t\t\t\t\t\t\n\t\t\t\t\t\t\t\t\t\t\t\t\t\t\t\t\t\t\t\t\t\t\t\t\t\t\t\t\t\t\t\t\t\t\t\t\t\t\t\t\t\t\t\t\t\t\t\t\t\t\t\t\t\t                                <\/div>\n                            <\/div>\n                        <\/div>\n                    <\/div>\n\t\t\t\t\t                    <div class=\"penci-teammb-item pencisc-grid-item\">\n                        <div class=\"penci-teammb-inner\">\n\t\t\t\t\t\t\t<span  data-bgset=\"https:\/\/tatd.org.tr\/atas2026\/wp-content\/plugins\/elementor\/assets\/images\/placeholder.png\" class=\"penci-image-holder penci-teammb-img penci-lazy\"><\/span>                            <div class=\"penci-team_item__info\">\n\t\t\t\t\t\t\t\t\t\t\t\t\t\t\t\t                                    <h5 class=\"penci-team_member_name\">Remziye Asl\u0131 BATMAZ<\/h5>\n\t\t\t\t\t\t\t\t\t\t\t\t\t\t\t\t                                    <div class=\"penci-team_member_pos\">ATAS Sekreteri<\/div>\n\t\t\t\t\t\t\t\t\t\t\t\t\t\t\t\t                                    <div class=\"penci-team_member_desc\">Akdeniz \u00dcniversitesi T\u0131p Fak\u00fcltesi Acil T\u0131p Anabilim Dal\u0131<\/div>\n\t\t\t\t\t\t\t\t                                <div class=\"penci-team_member_socails penci-social-wrap\">\n\t\t\t\t\t\t\t\t\t\t\t\t\t\t\t\t\t\t\t\t\t\t\t\t\t\t\t\n\t\t\t\t\t\t\t\t\t\t\t\t\t\t\t\t\t\t\t\t\t\t\t\t\t\t\t\t\t\t\t\t\t\t\t\t\t\t\t\t\t\t\t\t\t\t\t\t\t\t\t\t\t\t                                <\/div>\n                            <\/div>\n                        <\/div>\n                    <\/div>\n\t\t\t\t\t                    <div class=\"penci-teammb-item pencisc-grid-item\">\n                        <div class=\"penci-teammb-inner\">\n\t\t\t\t\t\t\t<span  data-bgset=\"https:\/\/tatd.org.tr\/atas2026\/wp-content\/plugins\/elementor\/assets\/images\/placeholder.png\" class=\"penci-image-holder penci-teammb-img penci-lazy\"><\/span>                            <div class=\"penci-team_item__info\">\n\t\t\t\t\t\t\t\t\t\t\t\t\t\t\t\t                                    <h5 class=\"penci-team_member_name\">Talha Selman YILDIRIM<\/h5>\n\t\t\t\t\t\t\t\t\t\t\t\t\t\t\t\t                                    <div class=\"penci-team_member_pos\">ATAS Sekreteri<\/div>\n\t\t\t\t\t\t\t\t\t\t\t\t\t\t\t\t                                    <div class=\"penci-team_member_desc\">Akdeniz \u00dcniversitesi T\u0131p Fak\u00fcltesi Acil T\u0131p Anabilim Dal\u0131<\/div>\n\t\t\t\t\t\t\t\t                                <div class=\"penci-team_member_socails penci-social-wrap\">\n\t\t\t\t\t\t\t\t\t\t\t\t\t\t\t\t\t\t\t\t\t\t\t\t\t\t\t\n\t\t\t\t\t\t\t\t\t\t\t\t\t\t\t\t\t\t\t\t\t\t\t\t\t\t\t\t\t\t\t\t\t\t\t\t\t\t\t\t\t\t\t\t\t\t\t\t\t\t\t\t\t\t                                <\/div>\n                            <\/div>\n                        <\/div>\n                    <\/div>\n\t\t\t\t\t            <\/div>\n        <\/div>\n\t\t\t\t\t\t<\/div>\n\t\t\t\t<\/div>\n\t\t\t\t\t<\/div>\n\t\t\t\t<\/div>\n\t\t\t\t<\/div>\n\t\t","protected":false},"excerpt":{"rendered":"<p>ATAS 2026 D\u00fczenleme Kurulu Berna KARA ATAS D\u00fczenleme Kurulu Ba\u015fkan\u0131 Akdeniz \u00dcniversitesi T\u0131p Fak\u00fcltesi Acil T\u0131p Anabilim Dal\u0131 Emine \u00c7AKIR ATAS Sekreteri&hellip;<\/p>\n","protected":false},"author":3933,"featured_media":0,"parent":0,"menu_order":0,"comment_status":"closed","ping_status":"closed","template":"","meta":{"_acf_changed":false,"inline_featured_image":false,"_lmt_disableupdate":"","_lmt_disable":"","footnotes":""},"class_list":["post-1819","page","type-page","status-publish","hentry"],"acf":[],"_links":{"self":[{"href":"https:\/\/tatd.org.tr\/atas2026\/wp-json\/wp\/v2\/pages\/1819","targetHints":{"allow":["GET"]}}],"collection":[{"href":"https:\/\/tatd.org.tr\/atas2026\/wp-json\/wp\/v2\/pages"}],"about":[{"href":"https:\/\/tatd.org.tr\/atas2026\/wp-json\/wp\/v2\/types\/page"}],"author":[{"embeddable":true,"href":"https:\/\/tatd.org.tr\/atas2026\/wp-json\/wp\/v2\/users\/3933"}],"replies":[{"embeddable":true,"href":"https:\/\/tatd.org.tr\/atas2026\/wp-json\/wp\/v2\/comments?post=1819"}],"version-history":[{"count":0,"href":"https:\/\/tatd.org.tr\/atas2026\/wp-json\/wp\/v2\/pages\/1819\/revisions"}],"wp:attachment":[{"href":"https:\/\/tatd.org.tr\/atas2026\/wp-json\/wp\/v2\/media?parent=1819"}],"curies":[{"name":"wp","href":"https:\/\/api.w.org\/{rel}","templated":true}]}}