{"id":1780,"date":"2025-12-30T17:05:43","date_gmt":"2025-12-30T14:05:43","guid":{"rendered":"https:\/\/tatd.org.tr\/atas2026\/?page_id=1780"},"modified":"2026-01-12T19:30:24","modified_gmt":"2026-01-12T16:30:24","slug":"sozlu-bildiri","status":"publish","type":"page","link":"https:\/\/tatd.org.tr\/atas2026\/sozlu-bildiri\/","title":{"rendered":"S\u00f6zl\u00fc Bildiri"},"content":{"rendered":"\t\t<div data-elementor-type=\"wp-page\" data-elementor-id=\"1780\" class=\"elementor elementor-1780\" data-elementor-post-type=\"page\">\n\t\t\t\t<div class=\"elementor-element elementor-element-1c1f962 e-flex e-con-boxed e-con e-parent\" data-id=\"1c1f962\" data-element_type=\"container\" data-e-type=\"container\">\n\t\t\t\t\t<div class=\"e-con-inner\">\n\t\t\t\t<div class=\"elementor-element elementor-element-81f4506 elementor-widget elementor-widget-text-editor\" data-id=\"81f4506\" data-element_type=\"widget\" data-e-type=\"widget\" data-widget_type=\"text-editor.default\">\n\t\t\t\t<div class=\"elementor-widget-container\">\n\t\t\t\t\t\t\t\t\t<p>Bilimsel program sonras\u0131 detaylar yay\u0131nlanacakt\u0131r.<\/p>\t\t\t\t\t\t\t\t<\/div>\n\t\t\t\t<\/div>\n\t\t\t\t\t<\/div>\n\t\t\t\t<\/div>\n\t\t\t\t<\/div>\n\t\t","protected":false},"excerpt":{"rendered":"<p>Bilimsel program sonras\u0131 detaylar yay\u0131nlanacakt\u0131r.<\/p>\n","protected":false},"author":3933,"featured_media":0,"parent":0,"menu_order":0,"comment_status":"closed","ping_status":"closed","template":"","meta":{"_acf_changed":false,"inline_featured_image":false,"_lmt_disableupdate":"","_lmt_disable":"","footnotes":""},"class_list":["post-1780","page","type-page","status-publish","hentry"],"acf":[],"_links":{"self":[{"href":"https:\/\/tatd.org.tr\/atas2026\/wp-json\/wp\/v2\/pages\/1780","targetHints":{"allow":["GET"]}}],"collection":[{"href":"https:\/\/tatd.org.tr\/atas2026\/wp-json\/wp\/v2\/pages"}],"about":[{"href":"https:\/\/tatd.org.tr\/atas2026\/wp-json\/wp\/v2\/types\/page"}],"author":[{"embeddable":true,"href":"https:\/\/tatd.org.tr\/atas2026\/wp-json\/wp\/v2\/users\/3933"}],"replies":[{"embeddable":true,"href":"https:\/\/tatd.org.tr\/atas2026\/wp-json\/wp\/v2\/comments?post=1780"}],"version-history":[{"count":0,"href":"https:\/\/tatd.org.tr\/atas2026\/wp-json\/wp\/v2\/pages\/1780\/revisions"}],"wp:attachment":[{"href":"https:\/\/tatd.org.tr\/atas2026\/wp-json\/wp\/v2\/media?parent=1780"}],"curies":[{"name":"wp","href":"https:\/\/api.w.org\/{rel}","templated":true}]}}