{"id":1675,"date":"2025-05-03T22:43:30","date_gmt":"2025-05-03T19:43:30","guid":{"rendered":"https:\/\/tatd.org.tr\/atas2025\/?page_id=1675"},"modified":"2025-05-03T22:56:11","modified_gmt":"2025-05-03T19:56:11","slug":"dogaclama-acil-tip-atolyesi-macgyver","status":"publish","type":"page","link":"https:\/\/tatd.org.tr\/atas2025\/dogaclama-acil-tip-atolyesi-macgyver\/","title":{"rendered":"Do\u011fa\u00e7lama Acil T\u0131p At\u00f6lyesi: MacGyver"},"content":{"rendered":"\t\t<div data-elementor-type=\"wp-page\" data-elementor-id=\"1675\" class=\"elementor elementor-1675\" data-elementor-post-type=\"page\">\n\t\t\t\t<div class=\"elementor-element elementor-element-040430f e-flex e-con-boxed e-con e-parent\" data-id=\"040430f\" data-element_type=\"container\" data-e-type=\"container\">\n\t\t\t\t\t<div class=\"e-con-inner\">\n\t\t<div class=\"elementor-element elementor-element-54c49a1 e-con-full e-flex e-con e-child\" data-id=\"54c49a1\" data-element_type=\"container\" data-e-type=\"container\">\n\t\t\t\t<div class=\"elementor-element elementor-element-2ff22e4 elementor-widget elementor-widget-image\" data-id=\"2ff22e4\" data-element_type=\"widget\" data-e-type=\"widget\" data-widget_type=\"image.default\">\n\t\t\t\t<div class=\"elementor-widget-container\">\n\t\t\t\t\t\t\t\t\t\t\t\t\t\t\t<img fetchpriority=\"high\" decoding=\"async\" width=\"819\" height=\"1024\" src=\"https:\/\/tatd.org.tr\/atas2025\/wp-content\/uploads\/sites\/42\/2025\/05\/WhatsApp-Image-2025-05-03-at-09.28.44-819x1024.jpeg\" class=\"attachment-large size-large wp-image-1678\" alt=\"\" srcset=\"https:\/\/tatd.org.tr\/atas2025\/wp-content\/uploads\/sites\/42\/2025\/05\/WhatsApp-Image-2025-05-03-at-09.28.44-819x1024.jpeg 819w, https:\/\/tatd.org.tr\/atas2025\/wp-content\/uploads\/sites\/42\/2025\/05\/WhatsApp-Image-2025-05-03-at-09.28.44-240x300.jpeg 240w, https:\/\/tatd.org.tr\/atas2025\/wp-content\/uploads\/sites\/42\/2025\/05\/WhatsApp-Image-2025-05-03-at-09.28.44-768x960.jpeg 768w, https:\/\/tatd.org.tr\/atas2025\/wp-content\/uploads\/sites\/42\/2025\/05\/WhatsApp-Image-2025-05-03-at-09.28.44-80x100.jpeg 80w, https:\/\/tatd.org.tr\/atas2025\/wp-content\/uploads\/sites\/42\/2025\/05\/WhatsApp-Image-2025-05-03-at-09.28.44-585x731.jpeg 585w, https:\/\/tatd.org.tr\/atas2025\/wp-content\/uploads\/sites\/42\/2025\/05\/WhatsApp-Image-2025-05-03-at-09.28.44.jpeg 1080w\" sizes=\"(max-width: 819px) 100vw, 819px\" \/>\t\t\t\t\t\t\t\t\t\t\t\t\t\t\t<\/div>\n\t\t\t\t<\/div>\n\t\t\t\t<\/div>\n\t\t<div class=\"elementor-element elementor-element-b825e3d e-con-full e-flex e-con e-child\" data-id=\"b825e3d\" data-element_type=\"container\" data-e-type=\"container\">\n\t\t\t\t<div class=\"elementor-element elementor-element-b9c7ee7 elementor-widget elementor-widget-text-editor\" data-id=\"b9c7ee7\" data-element_type=\"widget\" data-e-type=\"widget\" data-widget_type=\"text-editor.default\">\n\t\t\t\t<div class=\"elementor-widget-container\">\n\t\t\t\t\t\t\t\t\t<p>\ud83e\udea2Do\u011fa\u00e7lama Acil T\u0131p At\u00f6lyesi: MacGyver Gibi D\u00fc\u015f\u00fcn!<\/p><p>\ud83c\udf00Her Yerde,Her Ko\u015fulda Doktor Var m\u0131?<br \/>\u2708\ufe0f 28,000 Feet&#8217;te:U\u00e7akta Doktor Var m\u0131?<br \/>\ud83e\uddca -40 \u00b0C&#8217;de:Gemide Doktor Var m\u0131?<br \/>\ud83d\ude80 Yer \u00c7ekimsiz Alanda:Uzay Meki\u011finde Doktor Var m\u0131?<br \/>\ud83d\udea8Peki En Yo\u011fun ve En Kaotik Acil Servis\u2019te Hi\u00e7 Ekipmans\u0131z Kald\u0131n\u0131z m\u0131?<\/p><p>\ud83d\udc49\ud83c\udffb\u0130lkini Samsun\u2019da ba\u015flatt\u0131\u011f\u0131n\u0131z Do\u011fa\u00e7lama Acil T\u0131p At\u00f6lyesinin ikincisi Ayd\u0131n #ATAS2025\u2019te<br \/>Sen de kayd\u0131n\u0131 yapt\u0131r.<br \/>Herkesi \u015fa\u015f\u0131rt!<\/p><p>\ud83d\udc49\ud83c\udffbKay\u0131t i\u00e7in <span style=\"text-decoration: underline\"><strong>bilgi@tatd.org.tr<\/strong><\/span> mail adresine \u0130sim, Soyisim, Klini\u011fin Ad\u0131, Projenizin Ad\u0131 ve Amac\u0131na y\u00f6nelik k\u0131sa bilgi notunu g\u00f6nder!<\/p>\t\t\t\t\t\t\t\t<\/div>\n\t\t\t\t<\/div>\n\t\t\t\t<\/div>\n\t\t\t\t\t<\/div>\n\t\t\t\t<\/div>\n\t\t\t\t<\/div>\n\t\t","protected":false},"excerpt":{"rendered":"<p>\ud83e\udea2Do\u011fa\u00e7lama Acil T\u0131p At\u00f6lyesi: MacGyver Gibi D\u00fc\u015f\u00fcn! \ud83c\udf00Her Yerde,Her Ko\u015fulda Doktor Var m\u0131?\u2708\ufe0f 28,000 Feet&#8217;te:U\u00e7akta Doktor Var m\u0131?\ud83e\uddca -40 \u00b0C&#8217;de:Gemide Doktor Var&hellip;<\/p>\n","protected":false},"author":5251,"featured_media":0,"parent":0,"menu_order":0,"comment_status":"closed","ping_status":"closed","template":"","meta":{"_acf_changed":false,"inline_featured_image":false,"_lmt_disableupdate":"","_lmt_disable":"","footnotes":""},"class_list":["post-1675","page","type-page","status-publish","hentry"],"acf":[],"_links":{"self":[{"href":"https:\/\/tatd.org.tr\/atas2025\/wp-json\/wp\/v2\/pages\/1675","targetHints":{"allow":["GET"]}}],"collection":[{"href":"https:\/\/tatd.org.tr\/atas2025\/wp-json\/wp\/v2\/pages"}],"about":[{"href":"https:\/\/tatd.org.tr\/atas2025\/wp-json\/wp\/v2\/types\/page"}],"author":[{"embeddable":true,"href":"https:\/\/tatd.org.tr\/atas2025\/wp-json\/wp\/v2\/users\/5251"}],"replies":[{"embeddable":true,"href":"https:\/\/tatd.org.tr\/atas2025\/wp-json\/wp\/v2\/comments?post=1675"}],"version-history":[{"count":0,"href":"https:\/\/tatd.org.tr\/atas2025\/wp-json\/wp\/v2\/pages\/1675\/revisions"}],"wp:attachment":[{"href":"https:\/\/tatd.org.tr\/atas2025\/wp-json\/wp\/v2\/media?parent=1675"}],"curies":[{"name":"wp","href":"https:\/\/api.w.org\/{rel}","templated":true}]}}