{"id":1642,"date":"2025-03-21T19:51:49","date_gmt":"2025-03-21T16:51:49","guid":{"rendered":"https:\/\/tatd.org.tr\/atas2025\/?page_id=1642"},"modified":"2025-05-20T13:47:40","modified_gmt":"2025-05-20T10:47:40","slug":"sosyal-program","status":"publish","type":"page","link":"https:\/\/tatd.org.tr\/atas2025\/sosyal-program\/","title":{"rendered":"Sosyal Program"},"content":{"rendered":"\t\t<div data-elementor-type=\"wp-page\" data-elementor-id=\"1642\" class=\"elementor elementor-1642\" data-elementor-post-type=\"page\">\n\t\t\t\t<div class=\"elementor-element elementor-element-65cf47d e-flex e-con-boxed e-con e-parent\" data-id=\"65cf47d\" data-element_type=\"container\" data-e-type=\"container\">\n\t\t\t\t\t<div class=\"e-con-inner\">\n\t\t<div class=\"elementor-element elementor-element-6cb526a e-con-full e-flex e-con e-child\" data-id=\"6cb526a\" data-element_type=\"container\" data-e-type=\"container\">\n\t\t\t\t<div class=\"elementor-element elementor-element-1f5eefb elementor-widget elementor-widget-image\" data-id=\"1f5eefb\" data-element_type=\"widget\" data-e-type=\"widget\" data-widget_type=\"image.default\">\n\t\t\t\t<div class=\"elementor-widget-container\">\n\t\t\t\t\t\t\t\t\t\t\t\t\t\t\t<img fetchpriority=\"high\" decoding=\"async\" width=\"819\" height=\"1024\" src=\"https:\/\/tatd.org.tr\/atas2025\/wp-content\/uploads\/sites\/42\/2025\/05\/WhatsApp-Image-2025-05-08-at-15.00.10-819x1024.jpeg\" class=\"attachment-large size-large wp-image-1695\" alt=\"\" srcset=\"https:\/\/tatd.org.tr\/atas2025\/wp-content\/uploads\/sites\/42\/2025\/05\/WhatsApp-Image-2025-05-08-at-15.00.10-819x1024.jpeg 819w, https:\/\/tatd.org.tr\/atas2025\/wp-content\/uploads\/sites\/42\/2025\/05\/WhatsApp-Image-2025-05-08-at-15.00.10-240x300.jpeg 240w, https:\/\/tatd.org.tr\/atas2025\/wp-content\/uploads\/sites\/42\/2025\/05\/WhatsApp-Image-2025-05-08-at-15.00.10-768x960.jpeg 768w, https:\/\/tatd.org.tr\/atas2025\/wp-content\/uploads\/sites\/42\/2025\/05\/WhatsApp-Image-2025-05-08-at-15.00.10-80x100.jpeg 80w, https:\/\/tatd.org.tr\/atas2025\/wp-content\/uploads\/sites\/42\/2025\/05\/WhatsApp-Image-2025-05-08-at-15.00.10-585x731.jpeg 585w, https:\/\/tatd.org.tr\/atas2025\/wp-content\/uploads\/sites\/42\/2025\/05\/WhatsApp-Image-2025-05-08-at-15.00.10.jpeg 1080w\" sizes=\"(max-width: 819px) 100vw, 819px\" \/>\t\t\t\t\t\t\t\t\t\t\t\t\t\t\t<\/div>\n\t\t\t\t<\/div>\n\t\t\t\t<\/div>\n\t\t<div class=\"elementor-element elementor-element-88f4f90 e-con-full e-flex e-con e-child\" data-id=\"88f4f90\" data-element_type=\"container\" data-e-type=\"container\">\n\t\t\t\t<div class=\"elementor-element elementor-element-46fa0f3 elementor-widget elementor-widget-text-editor\" data-id=\"46fa0f3\" data-element_type=\"widget\" data-e-type=\"widget\" data-widget_type=\"text-editor.default\">\n\t\t\t\t<div class=\"elementor-widget-container\">\n\t\t\t\t\t\t\t\t\t<p style=\"text-align: center\"><strong>ATAS 2025\u2019te Ba\u015fl\u0131yor!<\/strong><br \/>\ud83c\udfc6<strong>Acil Tak\u0131m Oyunlar\u0131 Kar\u015f\u0131n\u0131zda! \ud83c\udfc6<\/strong><\/p><p style=\"text-align: center\">\ud83e\udde0<b>Zeka<br \/>\ud83c\udfc3\ud83c\udffb\u200d\u2642\ufe0f\u200d\u27a1\ufe0fH\u0131z<br \/>\ud83e\uddd7\ud83c\udffb\u200d\u2640\ufe0fDayan\u0131kl\u0131l\u0131k<br \/>\ud83e\udd38\ud83c\udffb\u200d\u2642\ufe0fTak\u0131m Ruhu<br \/>Hepsi Sen de Var!<br \/>Bir Acilci Gibi!<\/b><\/p><h4 style=\"text-align: center\">Tak\u0131m\u0131n\u0131 kur, meydan okumaya kat\u0131l!<br \/>Kay\u0131t ve ayr\u0131nt\u0131 i\u00e7in; https:\/\/tatd.org.tr\/atas2025\/<\/h4>\t\t\t\t\t\t\t\t<\/div>\n\t\t\t\t<\/div>\n\t\t\t\t<\/div>\n\t\t\t\t\t<\/div>\n\t\t\t\t<\/div>\n\t\t<div class=\"elementor-element elementor-element-15300f7 e-flex e-con-boxed e-con e-parent\" data-id=\"15300f7\" data-element_type=\"container\" data-e-type=\"container\">\n\t\t\t\t\t<div class=\"e-con-inner\">\n\t\t<div class=\"elementor-element elementor-element-2cc6e75 e-con-full e-flex e-con e-child\" data-id=\"2cc6e75\" data-element_type=\"container\" data-e-type=\"container\">\n\t\t\t\t<div class=\"elementor-element elementor-element-9c301f0 elementor-widget elementor-widget-image\" data-id=\"9c301f0\" data-element_type=\"widget\" data-e-type=\"widget\" data-widget_type=\"image.default\">\n\t\t\t\t<div class=\"elementor-widget-container\">\n\t\t\t\t\t\t\t\t\t\t\t\t\t\t\t<img decoding=\"async\" width=\"819\" height=\"1024\" src=\"https:\/\/tatd.org.tr\/atas2025\/wp-content\/uploads\/sites\/42\/2025\/05\/ACIL-TABUUU-819x1024.png\" class=\"attachment-large size-large wp-image-1749\" alt=\"\" srcset=\"https:\/\/tatd.org.tr\/atas2025\/wp-content\/uploads\/sites\/42\/2025\/05\/ACIL-TABUUU-819x1024.png 819w, https:\/\/tatd.org.tr\/atas2025\/wp-content\/uploads\/sites\/42\/2025\/05\/ACIL-TABUUU-240x300.png 240w, https:\/\/tatd.org.tr\/atas2025\/wp-content\/uploads\/sites\/42\/2025\/05\/ACIL-TABUUU-768x960.png 768w, https:\/\/tatd.org.tr\/atas2025\/wp-content\/uploads\/sites\/42\/2025\/05\/ACIL-TABUUU-80x100.png 80w, https:\/\/tatd.org.tr\/atas2025\/wp-content\/uploads\/sites\/42\/2025\/05\/ACIL-TABUUU-585x731.png 585w, https:\/\/tatd.org.tr\/atas2025\/wp-content\/uploads\/sites\/42\/2025\/05\/ACIL-TABUUU.png 1080w\" sizes=\"(max-width: 819px) 100vw, 819px\" \/>\t\t\t\t\t\t\t\t\t\t\t\t\t\t\t<\/div>\n\t\t\t\t<\/div>\n\t\t\t\t<\/div>\n\t\t<div class=\"elementor-element elementor-element-b4b03f1 e-con-full e-flex e-con e-child\" data-id=\"b4b03f1\" data-element_type=\"container\" data-e-type=\"container\">\n\t\t\t\t<div class=\"elementor-element elementor-element-5164e45 elementor-widget elementor-widget-text-editor\" data-id=\"5164e45\" data-element_type=\"widget\" data-e-type=\"widget\" data-widget_type=\"text-editor.default\">\n\t\t\t\t<div class=\"elementor-widget-container\">\n\t\t\t\t\t\t\t\t\t<p style=\"text-align: center\"><span style=\"color: #000000\">Kelimeler Kadar H\u0131zl\u0131, Yasaklar Kadar Zor!<\/span><br \/><span style=\"color: #000000\">\ud83c\udfc6 Acil Tabuuu Turnuvas\u0131 Ba\u015fl\u0131yor! \ud83c\udfc6<\/span><\/p><p style=\"text-align: center\"><span style=\"color: #000000\">Tak\u0131m\u0131n\u0131 kur, kelimelerle dans etmeye gel!<\/span><br \/><span style=\"color: #000000\">4 ki\u015filik tak\u0131mlar, 90 saniyelik heyecan dolu anlat\u0131mlar ve bol kahkahayla dolu unutulmaz anlar seni bekliyor!<\/span><\/p><p style=\"text-align: center\"><span style=\"color: #000000\">Ama dikkat! Yasakl\u0131 kelimeler diline dolan\u0131rsa, puanlar u\u00e7ar gider!<\/span><br \/><span style=\"color: #000000\">Anlat bakal\u0131m, hem de ipucu vermeden!\ud83e\uddcf\ud83c\udffd\u200d\u2642\ufe0f<\/span><br \/><span style=\"color: #000000\">Finale kal, \u015fampiyon ol,\ud83c\udfc6<\/span><br \/><span style=\"color: #000000\">T\u00fcrkiye Acil T\u0131p Derne\u011fi\u2019nin efsane kurslar\u0131na \u00fccretsiz kat\u0131lma \u015fans\u0131n\u0131 yakala!<\/span><\/p><p style=\"text-align: center\"><span style=\"color: #000000\">Haz\u0131rsan, sahne senin:<\/span><br \/><strong><span style=\"color: #000000\">\ud83c\udf89 &#8220;<\/span><span style=\"color: #000000\">Acil Tabuuu ba\u015flas\u0131n<\/span><span style=\"color: #000000\">!&#8221;\ud83c\udf89<\/span><\/strong><\/p>\t\t\t\t\t\t\t\t<\/div>\n\t\t\t\t<\/div>\n\t\t\t\t<\/div>\n\t\t\t\t\t<\/div>\n\t\t\t\t<\/div>\n\t\t\t\t<\/div>\n\t\t","protected":false},"excerpt":{"rendered":"<p>ATAS 2025\u2019te Ba\u015fl\u0131yor!\ud83c\udfc6Acil Tak\u0131m Oyunlar\u0131 Kar\u015f\u0131n\u0131zda! \ud83c\udfc6 \ud83e\udde0Zeka\ud83c\udfc3\ud83c\udffb\u200d\u2642\ufe0f\u200d\u27a1\ufe0fH\u0131z\ud83e\uddd7\ud83c\udffb\u200d\u2640\ufe0fDayan\u0131kl\u0131l\u0131k\ud83e\udd38\ud83c\udffb\u200d\u2642\ufe0fTak\u0131m RuhuHepsi Sen de Var!Bir Acilci Gibi! Tak\u0131m\u0131n\u0131 kur, meydan okumaya kat\u0131l!Kay\u0131t ve ayr\u0131nt\u0131 i\u00e7in;&hellip;<\/p>\n","protected":false},"author":5251,"featured_media":0,"parent":0,"menu_order":0,"comment_status":"closed","ping_status":"closed","template":"","meta":{"_acf_changed":false,"inline_featured_image":false,"_lmt_disableupdate":"","_lmt_disable":"","footnotes":""},"class_list":["post-1642","page","type-page","status-publish","hentry"],"acf":[],"_links":{"self":[{"href":"https:\/\/tatd.org.tr\/atas2025\/wp-json\/wp\/v2\/pages\/1642","targetHints":{"allow":["GET"]}}],"collection":[{"href":"https:\/\/tatd.org.tr\/atas2025\/wp-json\/wp\/v2\/pages"}],"about":[{"href":"https:\/\/tatd.org.tr\/atas2025\/wp-json\/wp\/v2\/types\/page"}],"author":[{"embeddable":true,"href":"https:\/\/tatd.org.tr\/atas2025\/wp-json\/wp\/v2\/users\/5251"}],"replies":[{"embeddable":true,"href":"https:\/\/tatd.org.tr\/atas2025\/wp-json\/wp\/v2\/comments?post=1642"}],"version-history":[{"count":0,"href":"https:\/\/tatd.org.tr\/atas2025\/wp-json\/wp\/v2\/pages\/1642\/revisions"}],"wp:attachment":[{"href":"https:\/\/tatd.org.tr\/atas2025\/wp-json\/wp\/v2\/media?parent=1642"}],"curies":[{"name":"wp","href":"https:\/\/api.w.org\/{rel}","templated":true}]}}