{"id":1507,"date":"2024-12-25T11:46:54","date_gmt":"2024-12-25T08:46:54","guid":{"rendered":"https:\/\/tatd.org.tr\/turkiye-acil-saglik-hizmetleri-kongresi\/?page_id=1507"},"modified":"2025-05-03T23:19:38","modified_gmt":"2025-05-03T20:19:38","slug":"bildiri-kurallari","status":"publish","type":"page","link":"https:\/\/tatd.org.tr\/atas2025\/bildiri-kurallari\/","title":{"rendered":"Y\u00f6netim Kurulu Se\u00e7imi"},"content":{"rendered":"\t\t<div data-elementor-type=\"wp-page\" data-elementor-id=\"1507\" class=\"elementor elementor-1507\" data-elementor-post-type=\"page\">\n\t\t\t\t<div class=\"elementor-element elementor-element-3471793 e-flex e-con-boxed e-con e-parent\" data-id=\"3471793\" data-element_type=\"container\" data-e-type=\"container\">\n\t\t\t\t\t<div class=\"e-con-inner\">\n\t\t<div class=\"elementor-element elementor-element-a9aaefa e-con-full e-flex e-con e-child\" data-id=\"a9aaefa\" data-element_type=\"container\" data-e-type=\"container\">\n\t\t\t\t<div class=\"elementor-element elementor-element-99dd226 elementor-widget elementor-widget-image\" data-id=\"99dd226\" data-element_type=\"widget\" data-e-type=\"widget\" data-widget_type=\"image.default\">\n\t\t\t\t<div class=\"elementor-widget-container\">\n\t\t\t\t\t\t\t\t\t\t\t\t\t\t\t<img fetchpriority=\"high\" decoding=\"async\" width=\"819\" height=\"1024\" src=\"https:\/\/tatd.org.tr\/atas2025\/wp-content\/uploads\/sites\/42\/2025\/05\/WhatsApp-Image-2025-05-03-at-23.12.27-819x1024.jpeg\" class=\"attachment-large size-large wp-image-1680\" alt=\"\" srcset=\"https:\/\/tatd.org.tr\/atas2025\/wp-content\/uploads\/sites\/42\/2025\/05\/WhatsApp-Image-2025-05-03-at-23.12.27-819x1024.jpeg 819w, https:\/\/tatd.org.tr\/atas2025\/wp-content\/uploads\/sites\/42\/2025\/05\/WhatsApp-Image-2025-05-03-at-23.12.27-240x300.jpeg 240w, https:\/\/tatd.org.tr\/atas2025\/wp-content\/uploads\/sites\/42\/2025\/05\/WhatsApp-Image-2025-05-03-at-23.12.27-768x960.jpeg 768w, https:\/\/tatd.org.tr\/atas2025\/wp-content\/uploads\/sites\/42\/2025\/05\/WhatsApp-Image-2025-05-03-at-23.12.27-80x100.jpeg 80w, https:\/\/tatd.org.tr\/atas2025\/wp-content\/uploads\/sites\/42\/2025\/05\/WhatsApp-Image-2025-05-03-at-23.12.27-585x731.jpeg 585w, https:\/\/tatd.org.tr\/atas2025\/wp-content\/uploads\/sites\/42\/2025\/05\/WhatsApp-Image-2025-05-03-at-23.12.27.jpeg 1080w\" sizes=\"(max-width: 819px) 100vw, 819px\" \/>\t\t\t\t\t\t\t\t\t\t\t\t\t\t\t<\/div>\n\t\t\t\t<\/div>\n\t\t\t\t<\/div>\n\t\t<div class=\"elementor-element elementor-element-7085a1d e-con-full e-flex e-con e-child\" data-id=\"7085a1d\" data-element_type=\"container\" data-e-type=\"container\">\n\t\t\t\t<div class=\"elementor-element elementor-element-07999c2 elementor-widget elementor-widget-text-editor\" data-id=\"07999c2\" data-element_type=\"widget\" data-e-type=\"widget\" data-widget_type=\"text-editor.default\">\n\t\t\t\t<div class=\"elementor-widget-container\">\n\t\t\t\t\t\t\t\t\t<p style=\"text-align: center\"><span style=\"color: #000000\">Sevgili Acil T\u0131p Asistanlar\u0131,<\/span><\/p><p style=\"text-align: left\"><span style=\"color: #000000\">18. Acil T\u0131p Asistan Sempozyumu\u2019na ve 10. Acil T\u0131p Asistan Birli\u011fi Y\u00f6netim kurulu se\u00e7imine say\u0131l\u0131 g\u00fcnler kald\u0131.<\/span><\/p><p style=\"text-align: left\"><span style=\"color: #000000\">Se\u00e7im heyecan\u0131 t\u00fcm h\u0131z\u0131yla ba\u015flad\u0131!<\/span><\/p><p style=\"text-align: left\"><span style=\"color: #000000\">Sen de Acil T\u0131p Asistan Birli\u011fi Y\u00f6netim Kurulu \u00fcyesi olarak \u00fclkemizdeki t\u00fcm acil t\u0131p asistanlar\u0131n\u0131n sesi olmak, onlar\u0131 bir araya getirerek birbirleriyle ileti\u015fimlerinin s\u00fcreklili\u011fini sa\u011flamak, \u00f6zl\u00fck haklar\u0131m\u0131z\u0131 savunmak, T\u00fcrkiye Acil T\u0131p Derne\u011fi\u2019nin ger\u00e7ekle\u015ftirece\u011fi organizasyonlarda aktif g\u00f6rev almak istiyorsan aday olmak i\u00e7in bizimle ileti\u015fime ge\u00e7meyi unutma.<\/span><\/p><p style=\"text-align: left\"><span style=\"color: #000000\">Asistan temsilcisi olmaya aday olacak acil t\u0131p asistan\u0131nda a\u015fa\u011f\u0131daki \u015fartlar aran\u0131r;<\/span><\/p><p style=\"text-align: left\"><span style=\"text-decoration: underline\"><span style=\"color: #000000;text-decoration: underline\">a) Acil t\u0131p asistan\u0131 olmak<\/span><\/span><br \/><span style=\"text-decoration: underline\"><span style=\"color: #000000;text-decoration: underline\">b) T\u00fcrkiye Acil T\u0131p Derne\u011fi (TATD)\u2019ne \u00fcye olmak<\/span><\/span><br \/><span style=\"text-decoration: underline\"><span style=\"color: #000000;text-decoration: underline\">c) Acil T\u0131p Asistanl\u0131\u011f\u0131n\u0131n alt\u0131nc\u0131 ay\u0131n\u0131 tamamlam\u0131\u015f ve otuzuncu ay\u0131n\u0131 doldurmam\u0131\u015f olmak.<\/span><\/span><br \/><span style=\"text-decoration: underline\"><span style=\"color: #000000;text-decoration: underline\">d) Herhangi bir y\u00fcz k\u0131zart\u0131c\u0131 su\u00e7 i\u015flememi\u015f olmak<\/span><\/span><br \/><span style=\"text-decoration: underline\"><span style=\"color: #000000;text-decoration: underline\">e) Verilecek g\u00f6revleri d\u00fczenli bir \u015fekilde yerine getirip, projeleri takip edebilecek yeterlilikte olmak<\/span><\/span><br \/><span style=\"text-decoration: underline\"><span style=\"color: #000000;text-decoration: underline\">f) Daha \u00f6nce ATAB Y\u00f6netim Kurulu\u2019nda g\u00f6rev almam\u0131\u015f olmak<\/span><\/span><\/p><p style=\"text-align: left\"><span style=\"color: #000000\">Ba\u015fvuru i\u00e7in <strong>ulasim.atab@gmail.com<\/strong> adresine isim soyisim, g\u00f6rev yapmakta oldu\u011funuz klinik bilgisi, 1 adet foto\u011fraf ve kendinizi tan\u0131tan k\u0131sa bir mail atman\u0131z gerekmektedir.<\/span><\/p>\t\t\t\t\t\t\t\t<\/div>\n\t\t\t\t<\/div>\n\t\t\t\t<\/div>\n\t\t\t\t\t<\/div>\n\t\t\t\t<\/div>\n\t\t\t\t<\/div>\n\t\t","protected":false},"excerpt":{"rendered":"<p>Sevgili Acil T\u0131p Asistanlar\u0131, 18. Acil T\u0131p Asistan Sempozyumu\u2019na ve 10. Acil T\u0131p Asistan Birli\u011fi Y\u00f6netim kurulu se\u00e7imine say\u0131l\u0131 g\u00fcnler kald\u0131. Se\u00e7im&hellip;<\/p>\n","protected":false},"author":6041,"featured_media":0,"parent":0,"menu_order":0,"comment_status":"closed","ping_status":"closed","template":"","meta":{"_acf_changed":false,"inline_featured_image":false,"_lmt_disableupdate":"","_lmt_disable":"","footnotes":""},"class_list":["post-1507","page","type-page","status-publish","hentry"],"acf":[],"_links":{"self":[{"href":"https:\/\/tatd.org.tr\/atas2025\/wp-json\/wp\/v2\/pages\/1507","targetHints":{"allow":["GET"]}}],"collection":[{"href":"https:\/\/tatd.org.tr\/atas2025\/wp-json\/wp\/v2\/pages"}],"about":[{"href":"https:\/\/tatd.org.tr\/atas2025\/wp-json\/wp\/v2\/types\/page"}],"author":[{"embeddable":true,"href":"https:\/\/tatd.org.tr\/atas2025\/wp-json\/wp\/v2\/users\/6041"}],"replies":[{"embeddable":true,"href":"https:\/\/tatd.org.tr\/atas2025\/wp-json\/wp\/v2\/comments?post=1507"}],"version-history":[{"count":0,"href":"https:\/\/tatd.org.tr\/atas2025\/wp-json\/wp\/v2\/pages\/1507\/revisions"}],"wp:attachment":[{"href":"https:\/\/tatd.org.tr\/atas2025\/wp-json\/wp\/v2\/media?parent=1507"}],"curies":[{"name":"wp","href":"https:\/\/api.w.org\/{rel}","templated":true}]}}