{"id":1506,"date":"2024-12-25T11:46:11","date_gmt":"2024-12-25T08:46:11","guid":{"rendered":"https:\/\/tatd.org.tr\/turkiye-acil-saglik-hizmetleri-kongresi\/?page_id=1506"},"modified":"2025-02-19T09:20:54","modified_gmt":"2025-02-19T06:20:54","slug":"kurullar","status":"publish","type":"page","link":"https:\/\/tatd.org.tr\/atas2025\/kurullar\/","title":{"rendered":"Kurullar"},"content":{"rendered":"<p><strong>AC\u0130L TIP AS\u0130STAN B\u0130RL\u0130\u011e\u0130 (ATAB) Y\u00d6NET\u0130M KURULU<\/strong><\/p>\n\n\n\n<p>Dr. Mustafa Kemal KARASU <\/p>\n\n\n\n<p>Dr. Aybeniz \u015eENAY<\/p>\n\n\n\n<p>Dr. Yaylanur Hande TEM\u0130ZER<\/p>\n\n\n\n<p>Dr. Hamdi UYAR<\/p>\n\n\n\n<p>Dr. Cankut PER\u00c7\u0130N<\/p>\n\n\n\n<p>Dr. Hilal K\u00d6REL\u00c7\u0130NER<\/p>\n\n\n\n<p>Dr. Hasret Can ASLAN<\/p>\n\n\n\n<p>Dr. Helin \u015eE\u015eEO\u011eULLARI<\/p>\n\n\n\n<p>Dr. Kadir YENAL<\/p>\n\n\n\n<p>Dr. Arda \u00c7ET\u0130NDERE<\/p>\n\n\n\n<p>Dr. Muhammet Ra\u015fit KILI\u00c7<\/p>\n\n\n\n<p><\/p>\n\n\n\n<p><\/p>","protected":false},"excerpt":{"rendered":"<p>AC\u0130L TIP AS\u0130STAN B\u0130RL\u0130\u011e\u0130 (ATAB) Y\u00d6NET\u0130M KURULU Dr. Mustafa Kemal KARASU Dr. Aybeniz \u015eENAY Dr. Yaylanur Hande TEM\u0130ZER Dr. Hamdi UYAR Dr.&hellip;<\/p>\n","protected":false},"author":6041,"featured_media":0,"parent":0,"menu_order":0,"comment_status":"closed","ping_status":"closed","template":"","meta":{"_acf_changed":false,"inline_featured_image":false,"_lmt_disableupdate":"","_lmt_disable":"","footnotes":""},"class_list":["post-1506","page","type-page","status-publish","hentry"],"acf":[],"_links":{"self":[{"href":"https:\/\/tatd.org.tr\/atas2025\/wp-json\/wp\/v2\/pages\/1506","targetHints":{"allow":["GET"]}}],"collection":[{"href":"https:\/\/tatd.org.tr\/atas2025\/wp-json\/wp\/v2\/pages"}],"about":[{"href":"https:\/\/tatd.org.tr\/atas2025\/wp-json\/wp\/v2\/types\/page"}],"author":[{"embeddable":true,"href":"https:\/\/tatd.org.tr\/atas2025\/wp-json\/wp\/v2\/users\/6041"}],"replies":[{"embeddable":true,"href":"https:\/\/tatd.org.tr\/atas2025\/wp-json\/wp\/v2\/comments?post=1506"}],"version-history":[{"count":0,"href":"https:\/\/tatd.org.tr\/atas2025\/wp-json\/wp\/v2\/pages\/1506\/revisions"}],"wp:attachment":[{"href":"https:\/\/tatd.org.tr\/atas2025\/wp-json\/wp\/v2\/media?parent=1506"}],"curies":[{"name":"wp","href":"https:\/\/api.w.org\/{rel}","templated":true}]}}