{"id":8,"date":"2021-11-02T08:16:09","date_gmt":"2021-11-02T08:16:09","guid":{"rendered":"https:\/\/soledaddemo.pencidesign.net\/soledad-modern-news-magazine\/?page_id=8"},"modified":"2025-03-21T19:49:07","modified_gmt":"2025-03-21T16:49:07","slug":"soledad_home","status":"publish","type":"page","link":"https:\/\/tatd.org.tr\/atas2025\/en\/","title":{"rendered":"Soledad_Home"},"content":{"rendered":"\t\t<div data-elementor-type=\"wp-page\" data-elementor-id=\"8\" class=\"elementor elementor-8\" data-elementor-post-type=\"page\">\n\t\t\t\t\t\t<section class=\"penci-section penci-dmcheck penci-elbg-activate penci-enSticky penci-repons-elsection penci-con_sb2_sb1 penci-structure-20 elementor-section elementor-top-section elementor-element elementor-element-35af948 elementor-section-content-middle elementor-section-boxed elementor-section-height-default elementor-section-height-default\" data-id=\"35af948\" data-element_type=\"section\" data-e-type=\"section\" data-settings=\"{&quot;background_background&quot;:&quot;classic&quot;}\">\n\t\t\t\t\t\t<div class=\"elementor-container elementor-column-gap-extended\">\n\t\t\t\t\t<div class=\"penci-ercol-50 penci-ercol-order-1 penci-sticky-ct  penci-dmcheck penci-elbg-activate  elementor-column elementor-col-50 elementor-top-column elementor-element elementor-element-29b88e4\" data-id=\"29b88e4\" data-element_type=\"column\" data-e-type=\"column\" data-settings=\"{&quot;background_background&quot;:&quot;classic&quot;}\">\n\t\t\t<div class=\"elementor-widget-wrap elementor-element-populated\">\n\t\t\t\t\t\t<div class=\"elementor-element elementor-element-b361748 elementor-widget elementor-widget-penci-text-block\" data-id=\"b361748\" data-element_type=\"widget\" data-e-type=\"widget\" data-widget_type=\"penci-text-block.default\">\n\t\t\t\t<div class=\"elementor-widget-container\">\n\t\t\t\t\t\t\t<div class=\"penci-block-vc penci-text-editor\">\n\t\t\t    <div class=\"penci-border-arrow penci-homepage-title penci-home-latest-posts style-6 pcalign-left pciconp-right pcicon-right block-title-icon-left\">\n        <h3 class=\"inner-arrow\">\n        <span>\n                    <span>ATAS 2025<\/a>                <\/span>\n        <\/h3>\n\t\t        <\/div>\n\t\t\t\t\t<div class=\"penci-block_content\">\n\t\t\t\t<div class=\"elementor-text-editor elementor-clearfix\"><p>De\u011ferli Acil T\u0131p Camias\u0131,<\/p><p>\u00a0<\/p><p>T\u00fcrkiye Acil T\u0131p Derne\u011fi\u2019nin alt kolu olan Acil T\u0131p Asistanlar\u0131 Birli\u011fi taraf\u0131ndan her y\u0131l geleneksel olarak d\u00fczenlenen Acil T\u0131p Asistanlar\u0131 Sempozyumu (ATAS), bu y\u0131l g\u00fczel \u015fehrimiz Ayd\u0131n\u2019\u0131n ev sahipli\u011finde ger\u00e7ekle\u015fecek. B\u00fcy\u00fck bir mutluluk ve gururla sizleri, 22-25 May\u0131s 2025 tarihlerinde Ku\u015fadas\u0131\u2019nda a\u011f\u0131rlamaktan onur duyaca\u011f\u0131m\u0131z\u0131 belirtmek isterim.<\/p><p>\u00a0<\/p><p>ATAS 2025, \u201cRes\u00fcsitatif ve Giri\u015fimsel Aciller\u201d temas\u0131yla, acil t\u0131p alan\u0131nda yenilik\u00e7i yakla\u015f\u0131mlar\u0131n, g\u00fcncel bilgilerin ve uygulamal\u0131 e\u011fitimlerin bulu\u015fma noktas\u0131 olacak. Alan\u0131nda uzman konu\u015fmac\u0131lar ve interaktif oturumlarla dolu bilimsel bir program\u0131n yan\u0131 s\u0131ra, sempozyumumuzda e\u011fitici oldu\u011fu kadar keyifli bir atmosfer olu\u015fturmay\u0131 da hedefliyoruz.<\/p><p>\u00a0<\/p><p>Ayd\u0131n, tarihi dokusu, k\u00fclt\u00fcrel miras\u0131 ve do\u011fal g\u00fczellikleriyle benzersiz bir \u015fehirdir. Ege\u2019nin incisi Ku\u015fadas\u0131, mavi bayrakl\u0131 plajlar\u0131, e\u015fsiz g\u00fcnbat\u0131mlar\u0131 ve do\u011fal g\u00fczellikleriyle sempozyuma ev sahipli\u011fi yapacak. Tarih merakl\u0131lar\u0131 i\u00e7in antik kentlerimiz Efes, Milet ve Priene, do\u011fa severler i\u00e7in ise Dilek Yar\u0131madas\u0131 Milli Park\u0131 unutulmaz birer deneyim sunacak. Ayr\u0131ca, b\u00f6lgenin lezzetli Ege mutfa\u011f\u0131 ile damaklar\u0131n\u0131z\u0131 da \u015fenlendirece\u011fiz.<\/p><p>\u00a0<\/p><p>Bu y\u0131lki sempozyumu \u00f6nceki ATAS\u2019lardan farkl\u0131 k\u0131lmak i\u00e7in sizler i\u00e7in daha dinamik, daha etkile\u015fimli ve daha e\u011flenceli bir program haz\u0131rl\u0131yoruz. Sosyal etkinliklerimizle hem meslekta\u015flar\u0131m\u0131zla kayna\u015fma hem de yo\u011fun i\u015f temposundan uzakla\u015farak yenilenme f\u0131rsat\u0131 bulacaks\u0131n\u0131z. Unutulmaz bir bilimsel ve sosyal deneyim i\u00e7in \u015fimdiden takvimlerinize not d\u00fc\u015fmenizi \u00f6neriyoruz!<\/p><p>\u00a0<\/p><p>Sizleri bu e\u015fsiz organizasyonun bir par\u00e7as\u0131 olmaya davet ediyor, Ku\u015fadas\u0131\u2019n\u0131n g\u00fczellikleri ve ATAS 2025\u2019in benzersiz atmosferinde bulu\u015fmay\u0131 sab\u0131rs\u0131zl\u0131kla bekliyoruz.<\/p><p>\u00a0<\/p><p>Sayg\u0131lar\u0131mla,<\/p><p>Dr. M.Hamdi Uyar<\/p><p>ATAS 2025 Ba\u015fkan\u0131<\/p><\/div>\n\t\t\t<\/div>\n\t\t<\/div>\n\t\t\t\t\t\t<\/div>\n\t\t\t\t<\/div>\n\t\t\t\t<div class=\"elementor-element elementor-element-2cd36fb elementor-widget elementor-widget-penci-button\" data-id=\"2cd36fb\" data-element_type=\"widget\" data-e-type=\"widget\" data-widget_type=\"penci-button.default\">\n\t\t\t\t<div class=\"elementor-widget-container\">\n\t\t\t\t\t\t\t<div class=\"pcbtn-wrapper pcbtn-align-center\">\n\t\t\t<a class=\"pcbtn pcbtn-icon-left pcbtn-bordered pcbtn-bstyle-solid elementor-animation-grow\" \n\t\t\t\t\t\t\t\t\t\t\t\thref=\"https:\/\/tatd.org.tr\/tatdem-arsiv\/urun\/acil-tip-asistan-sempozyumu-2025\/\">\n\t\t\t\t<span class=\"pcbtn-wrapperin\">\n\t\t\t\t\t<span class=\"pcbtn-content\">\n\t\t\t\t\t<i class=\"fas fa-mouse-pointer\"><\/i>\t\t\t\t\tATAS KAYIT\t\t\t<\/span>\n\t\t\t\t\t\t\t\t\t<\/span>\n\t\t\t<\/a>\n\t\t<\/div>\n\t\t\t\t\t\t<\/div>\n\t\t\t\t<\/div>\n\t\t\t\t\t<\/div>\n\t\t<\/div>\n\t\t\t\t<div class=\"penci-ercol-50 penci-ercol-order-2 penci-sticky-ct  penci-dmcheck penci-elbg-activate  elementor-column elementor-col-50 elementor-top-column elementor-element elementor-element-88238a7\" data-id=\"88238a7\" data-element_type=\"column\" data-e-type=\"column\" data-settings=\"{&quot;background_background&quot;:&quot;classic&quot;}\">\n\t\t\t<div class=\"elementor-widget-wrap elementor-element-populated\">\n\t\t\t\t\t\t<div class=\"elementor-element elementor-element-44189f1 elementor-widget elementor-widget-image\" data-id=\"44189f1\" data-element_type=\"widget\" data-e-type=\"widget\" data-widget_type=\"image.default\">\n\t\t\t\t<div class=\"elementor-widget-container\">\n\t\t\t\t\t\t\t\t\t\t\t\t\t\t\t<img fetchpriority=\"high\" decoding=\"async\" width=\"2048\" height=\"2560\" src=\"https:\/\/tatd.org.tr\/atas2025\/wp-content\/uploads\/sites\/42\/2025\/03\/instagram_post-01-scaled.jpg\" class=\"attachment-full size-full wp-image-1634\" alt=\"\" srcset=\"https:\/\/tatd.org.tr\/atas2025\/wp-content\/uploads\/sites\/42\/2025\/03\/instagram_post-01-scaled.jpg 2048w, https:\/\/tatd.org.tr\/atas2025\/wp-content\/uploads\/sites\/42\/2025\/03\/instagram_post-01-240x300.jpg 240w, https:\/\/tatd.org.tr\/atas2025\/wp-content\/uploads\/sites\/42\/2025\/03\/instagram_post-01-819x1024.jpg 819w, https:\/\/tatd.org.tr\/atas2025\/wp-content\/uploads\/sites\/42\/2025\/03\/instagram_post-01-768x960.jpg 768w, https:\/\/tatd.org.tr\/atas2025\/wp-content\/uploads\/sites\/42\/2025\/03\/instagram_post-01-1229x1536.jpg 1229w, https:\/\/tatd.org.tr\/atas2025\/wp-content\/uploads\/sites\/42\/2025\/03\/instagram_post-01-1638x2048.jpg 1638w, https:\/\/tatd.org.tr\/atas2025\/wp-content\/uploads\/sites\/42\/2025\/03\/instagram_post-01-80x100.jpg 80w, https:\/\/tatd.org.tr\/atas2025\/wp-content\/uploads\/sites\/42\/2025\/03\/instagram_post-01-1920x2400.jpg 1920w, https:\/\/tatd.org.tr\/atas2025\/wp-content\/uploads\/sites\/42\/2025\/03\/instagram_post-01-1170x1463.jpg 1170w, https:\/\/tatd.org.tr\/atas2025\/wp-content\/uploads\/sites\/42\/2025\/03\/instagram_post-01-585x731.jpg 585w\" sizes=\"(max-width: 2048px) 100vw, 2048px\" \/>\t\t\t\t\t\t\t\t\t\t\t\t\t\t\t<\/div>\n\t\t\t\t<\/div>\n\t\t\t\t\t<\/div>\n\t\t<\/div>\n\t\t\t\t\t<\/div>\n\t\t<\/section>\n\t\t\t\t<\/div>\n\t\t","protected":false},"excerpt":{"rendered":"<p>ATAS 2025 De\u011ferli Acil T\u0131p Camias\u0131, \u00a0 T\u00fcrkiye Acil T\u0131p Derne\u011fi\u2019nin alt kolu olan Acil T\u0131p Asistanlar\u0131 Birli\u011fi taraf\u0131ndan her y\u0131l geleneksel&hellip;<\/p>\n","protected":false},"author":6041,"featured_media":0,"parent":0,"menu_order":0,"comment_status":"closed","ping_status":"closed","template":"page-fullwidth.php","meta":{"_acf_changed":false,"inline_featured_image":false,"_lmt_disableupdate":"","_lmt_disable":"","footnotes":""},"class_list":["post-8","page","type-page","status-publish","hentry"],"acf":[],"_links":{"self":[{"href":"https:\/\/tatd.org.tr\/atas2025\/en\/wp-json\/wp\/v2\/pages\/8","targetHints":{"allow":["GET"]}}],"collection":[{"href":"https:\/\/tatd.org.tr\/atas2025\/en\/wp-json\/wp\/v2\/pages"}],"about":[{"href":"https:\/\/tatd.org.tr\/atas2025\/en\/wp-json\/wp\/v2\/types\/page"}],"author":[{"embeddable":true,"href":"https:\/\/tatd.org.tr\/atas2025\/en\/wp-json\/wp\/v2\/users\/6041"}],"replies":[{"embeddable":true,"href":"https:\/\/tatd.org.tr\/atas2025\/en\/wp-json\/wp\/v2\/comments?post=8"}],"version-history":[{"count":0,"href":"https:\/\/tatd.org.tr\/atas2025\/en\/wp-json\/wp\/v2\/pages\/8\/revisions"}],"wp:attachment":[{"href":"https:\/\/tatd.org.tr\/atas2025\/en\/wp-json\/wp\/v2\/media?parent=8"}],"curies":[{"name":"wp","href":"https:\/\/api.w.org\/{rel}","templated":true}]}}