{"id":1533,"date":"2025-01-07T20:56:18","date_gmt":"2025-01-07T17:56:18","guid":{"rendered":"https:\/\/tatd.org.tr\/atas2025\/?page_id=1533"},"modified":"2025-05-20T18:32:44","modified_gmt":"2025-05-20T15:32:44","slug":"kongre-programi","status":"publish","type":"page","link":"https:\/\/tatd.org.tr\/atas2025\/en\/kongre-programi\/","title":{"rendered":"(Turkish) Bilimsel Program"},"content":{"rendered":"\t\t<div data-elementor-type=\"wp-page\" data-elementor-id=\"1533\" class=\"elementor elementor-1533\" data-elementor-post-type=\"page\">\n\t\t\t\t<div class=\"elementor-element elementor-element-0a5a986 e-flex e-con-boxed e-con e-parent\" data-id=\"0a5a986\" data-element_type=\"container\" data-e-type=\"container\">\n\t\t\t\t\t<div class=\"e-con-inner\">\n\t\t\t\t<div class=\"elementor-element elementor-element-b88ec9b elementor-widget elementor-widget-image\" data-id=\"b88ec9b\" data-element_type=\"widget\" data-e-type=\"widget\" data-widget_type=\"image.default\">\n\t\t\t\t<div class=\"elementor-widget-container\">\n\t\t\t\t\t\t\t\t\t\t\t\t\t\t\t<img fetchpriority=\"high\" decoding=\"async\" width=\"819\" height=\"1024\" src=\"https:\/\/tatd.org.tr\/atas2025\/wp-content\/uploads\/sites\/42\/2025\/05\/1-819x1024.png\" class=\"attachment-large size-large wp-image-1706\" alt=\"\" srcset=\"https:\/\/tatd.org.tr\/atas2025\/wp-content\/uploads\/sites\/42\/2025\/05\/1-819x1024.png 819w, https:\/\/tatd.org.tr\/atas2025\/wp-content\/uploads\/sites\/42\/2025\/05\/1-240x300.png 240w, https:\/\/tatd.org.tr\/atas2025\/wp-content\/uploads\/sites\/42\/2025\/05\/1-768x960.png 768w, https:\/\/tatd.org.tr\/atas2025\/wp-content\/uploads\/sites\/42\/2025\/05\/1-1229x1536.png 1229w, https:\/\/tatd.org.tr\/atas2025\/wp-content\/uploads\/sites\/42\/2025\/05\/1-80x100.png 80w, https:\/\/tatd.org.tr\/atas2025\/wp-content\/uploads\/sites\/42\/2025\/05\/1-1170x1463.png 1170w, https:\/\/tatd.org.tr\/atas2025\/wp-content\/uploads\/sites\/42\/2025\/05\/1-585x731.png 585w, https:\/\/tatd.org.tr\/atas2025\/wp-content\/uploads\/sites\/42\/2025\/05\/1.png 1620w\" sizes=\"(max-width: 819px) 100vw, 819px\" \/>\t\t\t\t\t\t\t\t\t\t\t\t\t\t\t<\/div>\n\t\t\t\t<\/div>\n\t\t\t\t\t<\/div>\n\t\t\t\t<\/div>\n\t\t<div class=\"elementor-element elementor-element-76580a8 e-grid e-con-boxed e-con e-parent\" data-id=\"76580a8\" data-element_type=\"container\" data-e-type=\"container\">\n\t\t\t\t\t<div class=\"e-con-inner\">\n\t\t\t\t<div class=\"elementor-element elementor-element-ab3fbab elementor-widget elementor-widget-image\" data-id=\"ab3fbab\" data-element_type=\"widget\" data-e-type=\"widget\" data-widget_type=\"image.default\">\n\t\t\t\t<div class=\"elementor-widget-container\">\n\t\t\t\t\t\t\t\t\t\t\t\t\t\t\t<img decoding=\"async\" width=\"819\" height=\"1024\" src=\"https:\/\/tatd.org.tr\/atas2025\/wp-content\/uploads\/sites\/42\/2025\/05\/1-4-819x1024.png\" class=\"attachment-large size-large wp-image-1745\" alt=\"\" srcset=\"https:\/\/tatd.org.tr\/atas2025\/wp-content\/uploads\/sites\/42\/2025\/05\/1-4-819x1024.png 819w, https:\/\/tatd.org.tr\/atas2025\/wp-content\/uploads\/sites\/42\/2025\/05\/1-4-240x300.png 240w, https:\/\/tatd.org.tr\/atas2025\/wp-content\/uploads\/sites\/42\/2025\/05\/1-4-768x960.png 768w, https:\/\/tatd.org.tr\/atas2025\/wp-content\/uploads\/sites\/42\/2025\/05\/1-4-1229x1536.png 1229w, https:\/\/tatd.org.tr\/atas2025\/wp-content\/uploads\/sites\/42\/2025\/05\/1-4-1638x2048.png 1638w, https:\/\/tatd.org.tr\/atas2025\/wp-content\/uploads\/sites\/42\/2025\/05\/1-4-80x100.png 80w, https:\/\/tatd.org.tr\/atas2025\/wp-content\/uploads\/sites\/42\/2025\/05\/1-4-1920x2400.png 1920w, https:\/\/tatd.org.tr\/atas2025\/wp-content\/uploads\/sites\/42\/2025\/05\/1-4-1170x1463.png 1170w, https:\/\/tatd.org.tr\/atas2025\/wp-content\/uploads\/sites\/42\/2025\/05\/1-4-585x731.png 585w, https:\/\/tatd.org.tr\/atas2025\/wp-content\/uploads\/sites\/42\/2025\/05\/1-4-scaled.png 2048w\" sizes=\"(max-width: 819px) 100vw, 819px\" \/>\t\t\t\t\t\t\t\t\t\t\t\t\t\t\t<\/div>\n\t\t\t\t<\/div>\n\t\t\t\t<div class=\"elementor-element elementor-element-2e617b7 elementor-widget elementor-widget-image\" data-id=\"2e617b7\" data-element_type=\"widget\" data-e-type=\"widget\" data-widget_type=\"image.default\">\n\t\t\t\t<div class=\"elementor-widget-container\">\n\t\t\t\t\t\t\t\t\t\t\t\t\t\t\t<img decoding=\"async\" width=\"819\" height=\"1024\" src=\"https:\/\/tatd.org.tr\/atas2025\/wp-content\/uploads\/sites\/42\/2025\/05\/2-7-819x1024.png\" class=\"attachment-large size-large wp-image-1746\" alt=\"\" srcset=\"https:\/\/tatd.org.tr\/atas2025\/wp-content\/uploads\/sites\/42\/2025\/05\/2-7-819x1024.png 819w, https:\/\/tatd.org.tr\/atas2025\/wp-content\/uploads\/sites\/42\/2025\/05\/2-7-240x300.png 240w, https:\/\/tatd.org.tr\/atas2025\/wp-content\/uploads\/sites\/42\/2025\/05\/2-7-768x960.png 768w, https:\/\/tatd.org.tr\/atas2025\/wp-content\/uploads\/sites\/42\/2025\/05\/2-7-1229x1536.png 1229w, https:\/\/tatd.org.tr\/atas2025\/wp-content\/uploads\/sites\/42\/2025\/05\/2-7-1638x2048.png 1638w, https:\/\/tatd.org.tr\/atas2025\/wp-content\/uploads\/sites\/42\/2025\/05\/2-7-80x100.png 80w, https:\/\/tatd.org.tr\/atas2025\/wp-content\/uploads\/sites\/42\/2025\/05\/2-7-1920x2400.png 1920w, https:\/\/tatd.org.tr\/atas2025\/wp-content\/uploads\/sites\/42\/2025\/05\/2-7-1170x1463.png 1170w, https:\/\/tatd.org.tr\/atas2025\/wp-content\/uploads\/sites\/42\/2025\/05\/2-7-585x731.png 585w, https:\/\/tatd.org.tr\/atas2025\/wp-content\/uploads\/sites\/42\/2025\/05\/2-7-scaled.png 2048w\" sizes=\"(max-width: 819px) 100vw, 819px\" \/>\t\t\t\t\t\t\t\t\t\t\t\t\t\t\t<\/div>\n\t\t\t\t<\/div>\n\t\t\t\t<div class=\"elementor-element elementor-element-78861b4 elementor-widget elementor-widget-image\" data-id=\"78861b4\" data-element_type=\"widget\" data-e-type=\"widget\" data-widget_type=\"image.default\">\n\t\t\t\t<div class=\"elementor-widget-container\">\n\t\t\t\t\t\t\t\t\t\t\t\t\t\t\t<img loading=\"lazy\" decoding=\"async\" width=\"819\" height=\"1024\" src=\"https:\/\/tatd.org.tr\/atas2025\/wp-content\/uploads\/sites\/42\/2025\/05\/3.gun_-819x1024.png\" class=\"attachment-large size-large wp-image-1751\" alt=\"\" srcset=\"https:\/\/tatd.org.tr\/atas2025\/wp-content\/uploads\/sites\/42\/2025\/05\/3.gun_-819x1024.png 819w, https:\/\/tatd.org.tr\/atas2025\/wp-content\/uploads\/sites\/42\/2025\/05\/3.gun_-240x300.png 240w, https:\/\/tatd.org.tr\/atas2025\/wp-content\/uploads\/sites\/42\/2025\/05\/3.gun_-768x960.png 768w, https:\/\/tatd.org.tr\/atas2025\/wp-content\/uploads\/sites\/42\/2025\/05\/3.gun_-1229x1536.png 1229w, https:\/\/tatd.org.tr\/atas2025\/wp-content\/uploads\/sites\/42\/2025\/05\/3.gun_-1638x2048.png 1638w, https:\/\/tatd.org.tr\/atas2025\/wp-content\/uploads\/sites\/42\/2025\/05\/3.gun_-80x100.png 80w, https:\/\/tatd.org.tr\/atas2025\/wp-content\/uploads\/sites\/42\/2025\/05\/3.gun_-1920x2400.png 1920w, https:\/\/tatd.org.tr\/atas2025\/wp-content\/uploads\/sites\/42\/2025\/05\/3.gun_-1170x1463.png 1170w, https:\/\/tatd.org.tr\/atas2025\/wp-content\/uploads\/sites\/42\/2025\/05\/3.gun_-585x731.png 585w, https:\/\/tatd.org.tr\/atas2025\/wp-content\/uploads\/sites\/42\/2025\/05\/3.gun_-scaled.png 2048w\" sizes=\"(max-width: 819px) 100vw, 819px\" \/>\t\t\t\t\t\t\t\t\t\t\t\t\t\t\t<\/div>\n\t\t\t\t<\/div>\n\t\t\t\t<div class=\"elementor-element elementor-element-b22b598 elementor-widget elementor-widget-image\" data-id=\"b22b598\" data-element_type=\"widget\" data-e-type=\"widget\" data-widget_type=\"image.default\">\n\t\t\t\t<div class=\"elementor-widget-container\">\n\t\t\t\t\t\t\t\t\t\t\t\t\t\t\t<img loading=\"lazy\" decoding=\"async\" width=\"819\" height=\"1024\" src=\"https:\/\/tatd.org.tr\/atas2025\/wp-content\/uploads\/sites\/42\/2025\/05\/4-3-819x1024.png\" class=\"attachment-large size-large wp-image-1748\" alt=\"\" srcset=\"https:\/\/tatd.org.tr\/atas2025\/wp-content\/uploads\/sites\/42\/2025\/05\/4-3-819x1024.png 819w, https:\/\/tatd.org.tr\/atas2025\/wp-content\/uploads\/sites\/42\/2025\/05\/4-3-240x300.png 240w, https:\/\/tatd.org.tr\/atas2025\/wp-content\/uploads\/sites\/42\/2025\/05\/4-3-768x960.png 768w, https:\/\/tatd.org.tr\/atas2025\/wp-content\/uploads\/sites\/42\/2025\/05\/4-3-1229x1536.png 1229w, https:\/\/tatd.org.tr\/atas2025\/wp-content\/uploads\/sites\/42\/2025\/05\/4-3-1638x2048.png 1638w, https:\/\/tatd.org.tr\/atas2025\/wp-content\/uploads\/sites\/42\/2025\/05\/4-3-80x100.png 80w, https:\/\/tatd.org.tr\/atas2025\/wp-content\/uploads\/sites\/42\/2025\/05\/4-3-1920x2400.png 1920w, https:\/\/tatd.org.tr\/atas2025\/wp-content\/uploads\/sites\/42\/2025\/05\/4-3-1170x1463.png 1170w, https:\/\/tatd.org.tr\/atas2025\/wp-content\/uploads\/sites\/42\/2025\/05\/4-3-585x731.png 585w, https:\/\/tatd.org.tr\/atas2025\/wp-content\/uploads\/sites\/42\/2025\/05\/4-3-scaled.png 2048w\" sizes=\"(max-width: 819px) 100vw, 819px\" \/>\t\t\t\t\t\t\t\t\t\t\t\t\t\t\t<\/div>\n\t\t\t\t<\/div>\n\t\t\t\t\t<\/div>\n\t\t\t\t<\/div>\n\t\t<div class=\"elementor-element elementor-element-e5025ee e-grid e-con-boxed e-con e-parent\" data-id=\"e5025ee\" data-element_type=\"container\" data-e-type=\"container\">\n\t\t\t\t\t<div class=\"e-con-inner\">\n\t\t\t\t<div class=\"elementor-element elementor-element-c2b2d5c elementor-widget elementor-widget-penci-button\" data-id=\"c2b2d5c\" data-element_type=\"widget\" data-e-type=\"widget\" data-widget_type=\"penci-button.default\">\n\t\t\t\t<div class=\"elementor-widget-container\">\n\t\t\t\t\t\t\t<div class=\"pcbtn-wrapper pcbtn-align-center\">\n\t\t\t<a class=\"pcbtn pcbtn-icon-left pcbtn-bordered pcbtn-bstyle-gradient\" \n\t\t\t\t\t\t\t\t\t\t\t\thref=\"https:\/\/www.canva.com\/design\/DAGnhrofmeA\/rMZ0_epMCwvrSlrfcbOfMA\/edit?utm_content=DAGnhrofmeA&#038;utm_campaign=designshare&#038;utm_medium=link2&#038;utm_source=sharebutton\" target=\"_blank\">\n\t\t\t\t<span class=\"pcbtn-wrapperin\">\n\t\t\t\t\t<span class=\"pcbtn-content\">\n\t\t\t\t\t<i class=\"fas fa-link\"><\/i>\t\t\t\t\tSUNUM \u015eABLONU -CANVA-\t\t\t<\/span>\n\t\t\t\t\t\t\t\t\t<\/span>\n\t\t\t<\/a>\n\t\t<\/div>\n\t\t\t\t\t\t<\/div>\n\t\t\t\t<\/div>\n\t\t\t\t<div class=\"elementor-element elementor-element-640a9f5 elementor-widget elementor-widget-penci-button\" data-id=\"640a9f5\" data-element_type=\"widget\" data-e-type=\"widget\" data-widget_type=\"penci-button.default\">\n\t\t\t\t<div class=\"elementor-widget-container\">\n\t\t\t\t\t\t\t<div class=\"pcbtn-wrapper pcbtn-align-center\">\n\t\t\t<a class=\"pcbtn pcbtn-icon-left pcbtn-bordered pcbtn-bstyle-gradient\" \n\t\t\t\t\t\t\t\t\t\t\t\thref=\"https:\/\/drive.google.com\/drive\/folders\/12YE38hEJyNBIo3uVBPRfaZb8AP_sC_rC?usp=sharing\">\n\t\t\t\t<span class=\"pcbtn-wrapperin\">\n\t\t\t\t\t<span class=\"pcbtn-content\">\n\t\t\t\t\t<i class=\"far fa-file-powerpoint\"><\/i>\t\t\t\t\tSUNUM \u015eABLONU -POWERPO\u0130NT-\t\t\t<\/span>\n\t\t\t\t\t\t\t\t\t<\/span>\n\t\t\t<\/a>\n\t\t<\/div>\n\t\t\t\t\t\t<\/div>\n\t\t\t\t<\/div>\n\t\t\t\t\t<\/div>\n\t\t\t\t<\/div>\n\t\t<div class=\"elementor-element elementor-element-0b93853 e-flex e-con-boxed e-con e-parent\" data-id=\"0b93853\" data-element_type=\"container\" data-e-type=\"container\">\n\t\t\t\t\t<div class=\"e-con-inner\">\n\t\t\t\t\t<\/div>\n\t\t\t\t<\/div>\n\t\t<div class=\"elementor-element elementor-element-386330a e-flex e-con-boxed e-con e-parent\" data-id=\"386330a\" data-element_type=\"container\" data-e-type=\"container\">\n\t\t\t\t\t<div class=\"e-con-inner\">\n\t\t\t\t<div class=\"elementor-element elementor-element-79bcb82 elementor-widget elementor-widget-image\" data-id=\"79bcb82\" data-element_type=\"widget\" data-e-type=\"widget\" data-widget_type=\"image.default\">\n\t\t\t\t<div class=\"elementor-widget-container\">\n\t\t\t\t\t\t\t\t\t\t\t\t\t\t\t<img loading=\"lazy\" decoding=\"async\" width=\"819\" height=\"1024\" src=\"https:\/\/tatd.org.tr\/atas2025\/wp-content\/uploads\/sites\/42\/2025\/05\/HAVAALANI-PERSONELI1-819x1024.png\" class=\"attachment-large size-large wp-image-1752\" alt=\"\" srcset=\"https:\/\/tatd.org.tr\/atas2025\/wp-content\/uploads\/sites\/42\/2025\/05\/HAVAALANI-PERSONELI1-819x1024.png 819w, https:\/\/tatd.org.tr\/atas2025\/wp-content\/uploads\/sites\/42\/2025\/05\/HAVAALANI-PERSONELI1-240x300.png 240w, https:\/\/tatd.org.tr\/atas2025\/wp-content\/uploads\/sites\/42\/2025\/05\/HAVAALANI-PERSONELI1-768x960.png 768w, https:\/\/tatd.org.tr\/atas2025\/wp-content\/uploads\/sites\/42\/2025\/05\/HAVAALANI-PERSONELI1-1229x1536.png 1229w, https:\/\/tatd.org.tr\/atas2025\/wp-content\/uploads\/sites\/42\/2025\/05\/HAVAALANI-PERSONELI1-1638x2048.png 1638w, https:\/\/tatd.org.tr\/atas2025\/wp-content\/uploads\/sites\/42\/2025\/05\/HAVAALANI-PERSONELI1-80x100.png 80w, https:\/\/tatd.org.tr\/atas2025\/wp-content\/uploads\/sites\/42\/2025\/05\/HAVAALANI-PERSONELI1-1920x2400.png 1920w, https:\/\/tatd.org.tr\/atas2025\/wp-content\/uploads\/sites\/42\/2025\/05\/HAVAALANI-PERSONELI1-1170x1463.png 1170w, https:\/\/tatd.org.tr\/atas2025\/wp-content\/uploads\/sites\/42\/2025\/05\/HAVAALANI-PERSONELI1-585x731.png 585w, https:\/\/tatd.org.tr\/atas2025\/wp-content\/uploads\/sites\/42\/2025\/05\/HAVAALANI-PERSONELI1-scaled.png 2048w\" sizes=\"(max-width: 819px) 100vw, 819px\" \/>\t\t\t\t\t\t\t\t\t\t\t\t\t\t\t<\/div>\n\t\t\t\t<\/div>\n\t\t\t\t\t<\/div>\n\t\t\t\t<\/div>\n\t\t\t\t<\/div>\n\t\t","protected":false},"excerpt":{"rendered":"<p>SUNUM \u015eABLONU -CANVA- SUNUM \u015eABLONU -POWERPO\u0130NT-<\/p>\n","protected":false},"author":53,"featured_media":0,"parent":0,"menu_order":0,"comment_status":"closed","ping_status":"closed","template":"","meta":{"_acf_changed":false,"inline_featured_image":false,"_lmt_disableupdate":"","_lmt_disable":"","footnotes":""},"class_list":["post-1533","page","type-page","status-publish","hentry"],"acf":[],"_links":{"self":[{"href":"https:\/\/tatd.org.tr\/atas2025\/en\/wp-json\/wp\/v2\/pages\/1533","targetHints":{"allow":["GET"]}}],"collection":[{"href":"https:\/\/tatd.org.tr\/atas2025\/en\/wp-json\/wp\/v2\/pages"}],"about":[{"href":"https:\/\/tatd.org.tr\/atas2025\/en\/wp-json\/wp\/v2\/types\/page"}],"author":[{"embeddable":true,"href":"https:\/\/tatd.org.tr\/atas2025\/en\/wp-json\/wp\/v2\/users\/53"}],"replies":[{"embeddable":true,"href":"https:\/\/tatd.org.tr\/atas2025\/en\/wp-json\/wp\/v2\/comments?post=1533"}],"version-history":[{"count":0,"href":"https:\/\/tatd.org.tr\/atas2025\/en\/wp-json\/wp\/v2\/pages\/1533\/revisions"}],"wp:attachment":[{"href":"https:\/\/tatd.org.tr\/atas2025\/en\/wp-json\/wp\/v2\/media?parent=1533"}],"curies":[{"name":"wp","href":"https:\/\/api.w.org\/{rel}","templated":true}]}}