{"id":40,"date":"2021-09-21T14:14:45","date_gmt":"2021-09-21T11:14:45","guid":{"rendered":"https:\/\/tatd.org.tr\/atak\/?page_id=40"},"modified":"2021-11-21T19:38:56","modified_gmt":"2021-11-21T16:38:56","slug":"amac-ve-hedefler","status":"publish","type":"page","link":"https:\/\/tatd.org.tr\/atak\/hakkimizda-2\/amac-ve-hedefler\/","title":{"rendered":"Ama\u00e7 ve Hedefler"},"content":{"rendered":"<p><strong>AC\u0130L TIP AKADEM\u0130S\u0130 (ATAK)<\/strong> acil t\u0131p uzmanlar\u0131n\u0131n akademik bilgi \u00fcretme konusundaki yetkinliklerini artt\u0131rma konusunda \u00e7al\u0131\u015fmalar yapmaktad\u0131r.<\/p>\n<p><span style=\"font-weight: 400;\">ATAK\u2019\u0131n faaliyet alan\u0131 7 Ocak 2013 tarihli kurulu\u015f y\u00f6nergesinde a\u015fa\u011f\u0131daki \u015fekilde belirlenmi\u015f ve TATD&#8217;nin 11. Y\u00f6netim Kurulu taraf\u0131ndan onaylanm\u0131\u015ft\u0131r<\/span><span style=\"font-weight: 400;\">:<\/span><\/p>\n<p><span style=\"font-weight: 400;\">Acil T\u0131p Uzmanlar\u0131n\u0131n <\/span><b>(De\u011fi\u015fik: 04.01.2020)<sup>1<\/sup><\/b><span style=\"font-weight: 400;\">,<\/span><\/p>\n<ul>\n<li style=\"font-weight: 400;\"><span style=\"font-weight: 400;\">mezuniyet sonras\u0131 e\u011fitimlerine katk\u0131da bulunmak,\u00a0<\/span><\/li>\n<li style=\"font-weight: 400;\"><span style=\"font-weight: 400;\">mesleksel geli\u015fimlerini desteklemek,\u00a0<\/span><\/li>\n<li style=\"font-weight: 400;\"><span style=\"font-weight: 400;\">profesyonelliklerine katk\u0131da bulunmak,\u00a0<\/span><\/li>\n<li style=\"font-weight: 400;\"><span style=\"font-weight: 400;\">bu do\u011frultuda e\u011fitimler ve kurslar d\u00fczenlemek. <\/span><b>(De\u011fi\u015fik: 04.01.2020)<sup>2<\/sup><\/b><\/li>\n<\/ul>\n<p><strong>ATAK<\/strong> bu ama\u00e7lara ula\u015fmak i\u00e7in sitemizde ayr\u0131nt\u0131lar\u0131na ula\u015faca\u011f\u0131n\u0131z kurslar\u0131 d\u00fczenlemektedir.<\/p>\n<p>&#8212;<\/p>\n<p>1 <span style=\"font-weight: 400;\">\u00a0\u201cGen\u00e7 akademisyenler ba\u015fta olmak \u00fczere t\u00fcm\u201d ibaresi gerekli g\u00f6r\u00fclmeyerek \u00e7\u0131kar\u0131lm\u0131\u015ft\u0131r (04.01.2020)<\/span><\/p>\n<p>2 <span style=\"font-weight: 400;\">\u00a0\u201cbilimsel \u00e7al\u0131\u015fmalara destek sa\u011flamak,\u201d ve \u201cg\u00fcncel acil t\u0131p prati\u011fine yard\u0131mc\u0131 olabilecek bilimsel rehber kitaplar\u0131n olu\u015fturulmas\u0131n\u0131 sa\u011flamak veya \u00e7evirilerini yapmak\u201d maddeleri Ara\u015ft\u0131rma Komisyon g\u00f6revleri i\u00e7inde yer ald\u0131\u011f\u0131ndan \u00e7\u0131kar\u0131lm\u0131\u015ft\u0131r. (04.01.2020)<\/span><\/p>\n","protected":false},"excerpt":{"rendered":"<p>AC\u0130L TIP AKADEM\u0130S\u0130 (ATAK) acil t\u0131p uzmanlar\u0131n\u0131n akademik bilgi \u00fcretme konusundaki yetkinliklerini artt\u0131rma konusunda \u00e7al\u0131\u015fmalar yapmaktad\u0131r. ATAK\u2019\u0131n faaliyet alan\u0131 7 Ocak 2013&hellip;<\/p>\n","protected":false},"author":1599,"featured_media":0,"parent":1237,"menu_order":3,"comment_status":"closed","ping_status":"closed","template":"","meta":{"_acf_changed":false,"inline_featured_image":false,"_lmt_disableupdate":"","_lmt_disable":"","footnotes":""},"class_list":["post-40","page","type-page","status-publish","hentry"],"acf":[],"_links":{"self":[{"href":"https:\/\/tatd.org.tr\/atak\/wp-json\/wp\/v2\/pages\/40","targetHints":{"allow":["GET"]}}],"collection":[{"href":"https:\/\/tatd.org.tr\/atak\/wp-json\/wp\/v2\/pages"}],"about":[{"href":"https:\/\/tatd.org.tr\/atak\/wp-json\/wp\/v2\/types\/page"}],"author":[{"embeddable":true,"href":"https:\/\/tatd.org.tr\/atak\/wp-json\/wp\/v2\/users\/1599"}],"replies":[{"embeddable":true,"href":"https:\/\/tatd.org.tr\/atak\/wp-json\/wp\/v2\/comments?post=40"}],"version-history":[{"count":0,"href":"https:\/\/tatd.org.tr\/atak\/wp-json\/wp\/v2\/pages\/40\/revisions"}],"up":[{"embeddable":true,"href":"https:\/\/tatd.org.tr\/atak\/wp-json\/wp\/v2\/pages\/1237"}],"wp:attachment":[{"href":"https:\/\/tatd.org.tr\/atak\/wp-json\/wp\/v2\/media?parent=40"}],"curies":[{"name":"wp","href":"https:\/\/api.w.org\/{rel}","templated":true}]}}